{"id":53708,"date":"2026-03-19T01:57:13","date_gmt":"2026-03-19T01:57:13","guid":{"rendered":"https:\/\/soydeaqui.ddns.net\/pachuca\/index.php\/producto\/gancho-en-t-con-placa-trasera-adaptadora-para-etiqueta-de-tinta-electronica-accesspro-diametro-5-9-mm-compatible-con-2-13-2-66-2-9\/"},"modified":"2026-03-19T01:57:14","modified_gmt":"2026-03-19T01:57:14","slug":"gancho-en-t-con-placa-trasera-adaptadora-para-etiqueta-de-tinta-electronica-accesspro-diametro-5-9-mm-compatible-con-2-13-2-66-2-9","status":"publish","type":"product","link":"https:\/\/soydeaqui.ddns.net\/pachuca\/index.php\/producto\/gancho-en-t-con-placa-trasera-adaptadora-para-etiqueta-de-tinta-electronica-accesspro-diametro-5-9-mm-compatible-con-2-13-2-66-2-9\/","title":{"rendered":"Gancho en T con Placa Trasera Adaptadora para Etiqueta de Tinta Electr\u00f3nica \/ AccessPRO \/ Diametro 5-9 mm \/ Compatible con 2.13&#8243; &#8211; 2.66&#8243; &#8211; 2.9&#8243;"},"content":{"rendered":"<div style='width: 100%; max-width: 1200px; margin: 0 auto; font-family: sans-serif; line-height: 1.6; color: inherit; background-color: transparent;'>\n<div style='display: flex; flex-wrap: wrap; gap: 30px; margin-bottom: 30px;'>\n<div style='flex: 1 1 300px; min-width: 280px;'> <img style='width: 100%; height: auto; border: 1px solid rgba(150&comma;150&comma;150&comma;0.3); border-radius: 8px;' src='https:\/\/ftp3.syscom.mx\/usuarios\/xguereque\/accesspro\/esl\/productos\/TSHAPEHOOK3124.png' alt=''> <\/div>\n<div style='flex: 1 1 300px; min-width: 280px;'>\n<h3 style='font-size: 22px; border-bottom: 2px solid currentColor; padding-bottom: 5px; margin-top: 0; color: inherit; opacity: 0.8;'>T-SHAPE-HOOK-3124<\/h3>\n<p style='font-size: 15px; color: inherit; margin-top: 0;'>El \u00e1ngulo de visualizaci\u00f3n de la etiqueta se puede ajustar desde m\u00faltiples \u00e1ngulos&comma; y la barra de visualizaci\u00f3n en forma de L con un di\u00e1metro de 6 mm u 8 mm.<\/p>\n<\/p><\/div>\n<\/p><\/div>\n<div style='display: flex; flex-wrap: wrap; gap: 20px; margin-bottom: 30px;'>\n<div style='flex: 1 1 250px; border: 1px solid rgba(150&comma; 150&comma; 150&comma; 0.4); border-radius: 8px; overflow: hidden; display: flex; flex-direction: column;'>\n<div style='padding: 15px; border-bottom: 1px solid rgba(150&comma; 150&comma; 150&comma; 0.2); font-weight: bold; font-size: 18px; color: inherit;'>Especificaciones<\/div>\n<div style='padding: 15px; color: inherit;'>\n<ul style='padding-left: 20px; margin: 0; font-size: 14px; list-style-type: disc;'>\n<li style='margin-bottom: 5px;'>Material: Policabornato<\/li>\n<li style='margin-bottom: 5px;'>Color: Transparente<\/li>\n<li style='margin-bottom: 5px;'>Incluye adaptador de poste (diametro 6 &#8211; 8 mm)<\/li>\n<\/ul><\/div>\n<\/p><\/div>\n<div style='flex: 1 1 250px; border: 1px solid rgba(150&comma; 150&comma; 150&comma; 0.4); border-radius: 8px; overflow: hidden; display: flex; flex-direction: column;'>\n<div style='padding: 15px; border-bottom: 1px solid rgba(150&comma; 150&comma; 150&comma; 0.2); font-weight: bold; font-size: 18px; color: inherit;'>Compatibilidad de tama\u00f1os<\/div>\n<div style='padding: 15px; color: inherit;'>\n<ul style='padding-left: 20px; margin: 0; font-size: 14px; list-style-type: disc;'>\n<li style='margin-bottom: 5px;'>Etiquetas de 2.13&#8242;: (APTAG21\/B\/R)<\/li>\n<li style='margin-bottom: 5px;'>Etiquetas de 2.66&#8242;<\/li>\n<li style='margin-bottom: 5px;'>Etiquetas de 2.9&#8242;<\/li>\n<\/ul><\/div>\n<\/p><\/div>\n<\/p><\/div>\n<div style='display: flex; flex-wrap: wrap; gap: 30px; margin-bottom: 30px;'>\n<div style='flex: 1 1 300px; min-width: 280px;'> <img style='width: 100%; height: auto; border: 1px solid rgba(150&comma;150&comma;150&comma;0.3); border-radius: 8px;' src='https:\/\/ftp3.syscom.mx\/usuarios\/xguereque\/accesspro\/esl\/productos\/TSHAPEHOOK3124\/ejemplo1.png' alt=''> <\/div>\n<div style='flex: 1 1 300px; min-width: 280px;'> <img style='width: 100%; height: auto; border: 1px solid rgba(150&comma;150&comma;150&comma;0.3); border-radius: 8px;' src='https:\/\/ftp3.syscom.mx\/usuarios\/xguereque\/accesspro\/esl\/productos\/TSHAPEHOOK3124\/ejemplo2.png' alt=''> <\/div>\n<\/p><\/div>\n<\/p><\/div>\n","protected":false},"excerpt":{"rendered":"<p>Gancho en T con Placa Trasera Adaptadora para Etiqueta de Tinta Electr\u00f3nica \/ AccessPRO \/ Diametro 5-9 mm \/ Compatible con 2.13&#8243; &#8211; 2.66&#8243; &#8211; 2.9&#8243;<\/p>\n","protected":false},"featured_media":53707,"comment_status":"open","ping_status":"closed","template":"","meta":[],"product_brand":[],"product_cat":[1348,1346],"product_tag":[93,234,1350,1349],"class_list":{"0":"post-53708","1":"product","2":"type-product","3":"status-publish","4":"has-post-thumbnail","6":"product_cat-accesorios-gps-y-telematica","7":"product_cat-iot","8":"product_tag-accesorios","9":"product_tag-accesspro","10":"product_tag-gps-y-telematica","11":"product_tag-iot","13":"first","14":"instock","15":"sale","16":"shipping-taxable","17":"purchasable","18":"product-type-simple"},"_links":{"self":[{"href":"https:\/\/soydeaqui.ddns.net\/pachuca\/index.php\/wp-json\/wp\/v2\/product\/53708","targetHints":{"allow":["GET"]}}],"collection":[{"href":"https:\/\/soydeaqui.ddns.net\/pachuca\/index.php\/wp-json\/wp\/v2\/product"}],"about":[{"href":"https:\/\/soydeaqui.ddns.net\/pachuca\/index.php\/wp-json\/wp\/v2\/types\/product"}],"replies":[{"embeddable":true,"href":"https:\/\/soydeaqui.ddns.net\/pachuca\/index.php\/wp-json\/wp\/v2\/comments?post=53708"}],"wp:featuredmedia":[{"embeddable":true,"href":"https:\/\/soydeaqui.ddns.net\/pachuca\/index.php\/wp-json\/wp\/v2\/media\/53707"}],"wp:attachment":[{"href":"https:\/\/soydeaqui.ddns.net\/pachuca\/index.php\/wp-json\/wp\/v2\/media?parent=53708"}],"wp:term":[{"taxonomy":"product_brand","embeddable":true,"href":"https:\/\/soydeaqui.ddns.net\/pachuca\/index.php\/wp-json\/wp\/v2\/product_brand?post=53708"},{"taxonomy":"product_cat","embeddable":true,"href":"https:\/\/soydeaqui.ddns.net\/pachuca\/index.php\/wp-json\/wp\/v2\/product_cat?post=53708"},{"taxonomy":"product_tag","embeddable":true,"href":"https:\/\/soydeaqui.ddns.net\/pachuca\/index.php\/wp-json\/wp\/v2\/product_tag?post=53708"}],"curies":[{"name":"wp","href":"https:\/\/api.w.org\/{rel}","templated":true}]}}