{"id":53680,"date":"2026-03-19T01:56:23","date_gmt":"2026-03-19T01:56:23","guid":{"rendered":"https:\/\/soydeaqui.ddns.net\/pachuca\/index.php\/producto\/estacion-meteorologica-para-monitoreo-ambiental-con-lorawan\/"},"modified":"2026-03-19T01:56:28","modified_gmt":"2026-03-19T01:56:28","slug":"estacion-meteorologica-para-monitoreo-ambiental-con-lorawan","status":"publish","type":"product","link":"https:\/\/soydeaqui.ddns.net\/pachuca\/index.php\/producto\/estacion-meteorologica-para-monitoreo-ambiental-con-lorawan\/","title":{"rendered":"Estacion meteorologica para Monitoreo Ambiental con LoRaWAN"},"content":{"rendered":"<div style='width: 100%; max-width: 1200px; margin: 0 auto; font-family: sans-serif; line-height: 1.6; color: inherit; background-color: transparent;'> <!-- Imagen principal --> <\/p>\n<div style='width: 100%; margin-bottom: 30px;'> <img style='width: 100%; height: auto; border: 1px solid rgba(150&comma;150&comma;150&comma;0.3); border-radius: 8px;' src='https:\/\/ftp3.syscom.mx\/usuarios\/fotos\/WTS506915M\/217822-principal.png' alt=''> <\/div>\n<p> <!-- Video de YouTube --> <\/p>\n<div style='position: relative; padding-bottom: 56.25%; height: 0; overflow: hidden; margin-bottom: 30px;'>   <\/div>\n<p> <!-- Secci\u00f3n 1 --> <\/p>\n<div style='display: flex; flex-wrap: wrap; gap: 30px; margin-bottom: 30px;'>\n<div style='flex: 1 1 300px; min-width: 280px;'>\n<h3 style='font-size: 22px; border-bottom: 2px solid currentColor; padding-bottom: 5px; margin-top: 0; color: inherit; opacity: 0.8;'>Estaci\u00f3n meteorol\u00f3gica todo en uno<\/h3>\n<p style='font-size: 15px; color: inherit; margin-bottom: 15px;'>Especialmente dise\u00f1ada para el monitoreo meteorol\u00f3gico continuo&comma; la estaci\u00f3n meteorol\u00f3gica Milesight IoT es un sistema de monitoreo meteorol\u00f3gico todo en uno definitivo con sensores WTS&comma; concentrador WTS y panel solar para diversas condiciones atmosf\u00e9ricas.<\/p>\n<\/p><\/div>\n<div style='flex: 1 1 300px; min-width: 280px;'> <img style='width: 100%; height: auto; border: 1px solid rgba(150&comma;150&comma;150&comma;0.3); border-radius: 8px;' src='https:\/\/ftp3.syscom.mx\/usuarios\/fotos\/WTS506915M\/217822-estacion.png' alt=''> <\/div>\n<\/p><\/div>\n<p> <!-- Secci\u00f3n 2 --> <\/p>\n<div style='display: flex; flex-wrap: wrap; gap: 30px; margin-bottom: 30px;'>\n<div style='flex: 1 1 300px; min-width: 280px;'> <img style='width: 100%; height: auto; border: 1px solid rgba(150&comma;150&comma;150&comma;0.3); border-radius: 8px;' src='https:\/\/ftp3.syscom.mx\/usuarios\/fotos\/WTS506915M\/217822-agricultura.png' alt=''> <\/div>\n<div style='flex: 1 1 300px; min-width: 280px;'>\n<h3 style='font-size: 22px; border-bottom: 2px solid currentColor; padding-bottom: 5px; margin-top: 0; color: inherit; opacity: 0.8;'>Agricultura inteligente<\/h3>\n<p style='font-size: 15px; color: inherit; margin-bottom: 15px;'>Obtenga datos confiables m\u00e1s r\u00e1pido para poder planificar&comma; reaccionar y crecer mejor. La producci\u00f3n agr\u00edcola depende principalmente de las condiciones ambientales&comma; mientras que Milesight Smart Agriculture Solution ayudar\u00e1 a recopilar y analizar autom\u00e1ticamente datos sobre diversas condiciones atmosf\u00e9ricas&comma; incluida la temperatura&comma; la humedad&comma; la luz&comma; la humedad del suelo&comma; la conductividad el\u00e9ctrica y muchas m\u00e1s de forma remota y oportuna.<\/p>\n<ul style='padding-left: 20px; font-size: 15px; color: inherit;'>\n<li style='margin-bottom: 5px;'>Monitoreo y an\u00e1lisis ambientales precisos&comma; confiables y automatizados<\/li>\n<li style='margin-bottom: 5px;'>Ahorra tiempo&comma; dinero y recursos<\/li>\n<li style='margin-bottom: 5px;'>Mejorar el rendimiento y la calidad de las plantas<\/li>\n<\/ul><\/div>\n<\/p><\/div>\n<p> <!-- Secci\u00f3n 3 --> <\/p>\n<div style='display: flex; flex-wrap: wrap; gap: 30px; margin-bottom: 30px;'>\n<div style='flex: 1 1 300px; min-width: 280px;'>\n<h3 style='font-size: 22px; border-bottom: 2px solid currentColor; padding-bottom: 5px; margin-top: 0; color: inherit; opacity: 0.8;'>Edificio inteligente<\/h3>\n<p style='font-size: 15px; color: inherit; margin-bottom: 15px;'>Obtenga informaci\u00f3n pr\u00e1ctica sobre las condiciones clim\u00e1ticas cambiantes. La estaci\u00f3n meteorol\u00f3gica Milesight IoT proporciona los datos meteorol\u00f3gicos m\u00e1s importantes en un solo dispositivo para edificios como edificios de oficinas&comma; edificios de apartamentos&comma; hogares inteligentes&comma; etc.&comma; protegiendo sus edificios contra cambios clim\u00e1ticos repentinos e inesperados&comma; adem\u00e1s de mantener a las personas sanas y salvas.<\/p>\n<ul style='padding-left: 20px; font-size: 15px; color: inherit;'>\n<li style='margin-bottom: 5px;'>Monitoreo meteorol\u00f3gico confiable y en tiempo real<\/li>\n<li style='margin-bottom: 5px;'>Ahorre energ\u00eda y recursos mediante la automatizaci\u00f3n<\/li>\n<li style='margin-bottom: 5px;'>Mantente c\u00f3modo y seguro<\/li>\n<\/ul><\/div>\n<div style='flex: 1 1 300px; min-width: 280px;'> <img style='width: 100%; height: auto; border: 1px solid rgba(150&comma;150&comma;150&comma;0.3); border-radius: 8px;' src='https:\/\/ftp3.syscom.mx\/usuarios\/fotos\/WTS506915M\/217822-edificio.png' alt=''> <\/div>\n<\/p><\/div>\n<p> <!-- Secci\u00f3n 4 --> <\/p>\n<div style='display: flex; flex-wrap: wrap; gap: 30px; margin-bottom: 30px;'>\n<div style='flex: 1 1 300px; min-width: 280px;'> <img style='width: 100%; height: auto; border: 1px solid rgba(150&comma;150&comma;150&comma;0.3); border-radius: 8px;' src='https:\/\/ftp3.syscom.mx\/usuarios\/fotos\/WTS506915M\/217822-energia.gif' alt=''> <\/div>\n<div style='flex: 1 1 300px; min-width: 280px;'>\n<h3 style='font-size: 22px; border-bottom: 2px solid currentColor; padding-bottom: 5px; margin-top: 0; color: inherit; opacity: 0.8;'>Respaldo de bater\u00edas recargables y alimentadas por energ\u00eda solar<\/h3>\n<p style='font-size: 15px; color: inherit; margin-bottom: 15px;'>La estaci\u00f3n meteorol\u00f3gica IoT utiliza energ\u00eda solar para lograr su funcionamiento. Con bater\u00edas incorporadas&comma; puede funcionar al menos una semana sin luz solar debido a su capacidad de bajo consumo de energ\u00eda.<\/p>\n<\/p><\/div>\n<\/p><\/div>\n<p> <!-- Secci\u00f3n 5 --> <\/p>\n<div style='display: flex; flex-wrap: wrap; gap: 30px; margin-bottom: 30px;'>\n<div style='flex: 1 1 300px; min-width: 280px;'>\n<h3 style='font-size: 22px; border-bottom: 2px solid currentColor; padding-bottom: 5px; margin-top: 0; color: inherit; opacity: 0.8;'>Robusto y resistente<\/h3>\n<p style='font-size: 15px; color: inherit; margin-bottom: 15px;'>La estaci\u00f3n meteorol\u00f3gica Milesight IoT est\u00e1 calificada para funcionar en entornos hostiles y h\u00famedos con una clasificaci\u00f3n IP65 de sus sensores WTS y una clasificaci\u00f3n IP67 de su WTS Hub para proteger contra potentes chorros de agua.<\/p>\n<\/p><\/div>\n<div style='flex: 1 1 300px; min-width: 280px;'> <img style='width: 100%; height: auto; border: 1px solid rgba(150&comma;150&comma;150&comma;0.3); border-radius: 8px;' src='https:\/\/ftp3.syscom.mx\/usuarios\/fotos\/WTS506915M\/217822-robusto.png' alt=''> <\/div>\n<\/p><\/div>\n<p> <!-- Secci\u00f3n 6 --> <\/p>\n<div style='display: flex; flex-wrap: wrap; gap: 30px; margin-bottom: 30px;'>\n<div style='flex: 1 1 300px; min-width: 280px;'> <img style='width: 100%; height: auto; border: 1px solid rgba(150&comma;150&comma;150&comma;0.3); border-radius: 8px;' src='https:\/\/ftp3.syscom.mx\/usuarios\/fotos\/WTS506915M\/217822-capacidad.png' alt=''> <\/div>\n<div style='flex: 1 1 300px; min-width: 280px;'>\n<h3 style='font-size: 22px; border-bottom: 2px solid currentColor; padding-bottom: 5px; margin-top: 0; color: inherit; opacity: 0.8;'>Capacidad de almacenamiento con 19000 conjuntos de registros de datos hist\u00f3ricos<\/h3>\n<\/p><\/div>\n<\/p><\/div>\n<p> <!-- Secci\u00f3n 7 --> <\/p>\n<div style='display: flex; flex-wrap: wrap; gap: 30px; margin-bottom: 30px;'>\n<div style='flex: 1 1 300px; min-width: 280px;'>\n<h3 style='font-size: 22px; border-bottom: 2px solid currentColor; padding-bottom: 5px; margin-top: 0; color: inherit; opacity: 0.8;'>Basado en LoRaWAN<\/h3>\n<ul style='padding-left: 20px; font-size: 15px; color: inherit;'>\n<li style='margin-bottom: 5px;'>Se\u00f1ales penetrantes: alcance de transmisi\u00f3n de datos de hasta 2 km en zonas urbanas y 15 km en zonas rurales<\/li>\n<li style='margin-bottom: 5px;'>Alta compatibilidad: compatible con puertas de enlace y servidores de red LoRaWAN\u00ae est\u00e1ndar<\/li>\n<\/ul><\/div>\n<div style='flex: 1 1 300px; min-width: 280px;'> <img style='width: 100%; height: auto; border: 1px solid rgba(150&comma;150&comma;150&comma;0.3); border-radius: 8px;' src='https:\/\/ftp3.syscom.mx\/usuarios\/fotos\/WS302915M\/223335-lorawan.png' alt=''> <\/div>\n<\/p><\/div>\n<p> <!-- Secci\u00f3n 8 --> <\/p>\n<div style='display: flex; flex-wrap: wrap; gap: 30px; margin-bottom: 30px;'>\n<div style='flex: 1 1 300px; min-width: 280px;'> <img style='width: 100%; height: auto; border: 1px solid rgba(150&comma;150&comma;150&comma;0.3); border-radius: 8px;' src='https:\/\/ftp3.syscom.mx\/usuarios\/fotos\/WTS506915M\/217822-retransmision.png' alt=''> <\/div>\n<div style='flex: 1 1 300px; min-width: 280px;'>\n<h3 style='font-size: 22px; border-bottom: 2px solid currentColor; padding-bottom: 5px; margin-top: 0; color: inherit; opacity: 0.8;'>Admite retransmisi\u00f3n para una comunicaci\u00f3n confiable<\/h3>\n<p style='font-size: 15px; color: inherit; margin-bottom: 15px;'>Con soporte para retransmisi\u00f3n de datos&comma; el dispositivo garantiza que el servidor web obtenga todos los datos incluso si la red falla ocasionalmente.<\/p>\n<\/p><\/div>\n<\/p><\/div>\n<p> <!-- \u00daltima imagen --> <\/p>\n<div style='width: 100%; margin-bottom: 30px;'> <img style='width: 100%; height: auto; border: 1px solid rgba(150&comma;150&comma;150&comma;0.3); border-radius: 8px;' src='https:\/\/ftp3.syscom.mx\/usuarios\/fotos\/WS302915M\/223335-final.png' alt=''> <\/div>\n<\/p><\/div>\n","protected":false},"excerpt":{"rendered":"<p>Estacion meteorologica para Monitoreo Ambiental con LoRaWAN<\/p>\n","protected":false},"featured_media":53679,"comment_status":"open","ping_status":"closed","template":"","meta":[],"product_brand":[],"product_cat":[1436],"product_tag":[1437,1455,1438],"class_list":{"0":"post-53680","1":"product","2":"type-product","3":"status-publish","4":"has-post-thumbnail","6":"product_cat-sensores-tags","7":"product_tag-lorawan","8":"product_tag-milesight","9":"product_tag-sensores-tags","11":"first","12":"instock","13":"sale","14":"shipping-taxable","15":"purchasable","16":"product-type-simple"},"_links":{"self":[{"href":"https:\/\/soydeaqui.ddns.net\/pachuca\/index.php\/wp-json\/wp\/v2\/product\/53680","targetHints":{"allow":["GET"]}}],"collection":[{"href":"https:\/\/soydeaqui.ddns.net\/pachuca\/index.php\/wp-json\/wp\/v2\/product"}],"about":[{"href":"https:\/\/soydeaqui.ddns.net\/pachuca\/index.php\/wp-json\/wp\/v2\/types\/product"}],"replies":[{"embeddable":true,"href":"https:\/\/soydeaqui.ddns.net\/pachuca\/index.php\/wp-json\/wp\/v2\/comments?post=53680"}],"wp:featuredmedia":[{"embeddable":true,"href":"https:\/\/soydeaqui.ddns.net\/pachuca\/index.php\/wp-json\/wp\/v2\/media\/53679"}],"wp:attachment":[{"href":"https:\/\/soydeaqui.ddns.net\/pachuca\/index.php\/wp-json\/wp\/v2\/media?parent=53680"}],"wp:term":[{"taxonomy":"product_brand","embeddable":true,"href":"https:\/\/soydeaqui.ddns.net\/pachuca\/index.php\/wp-json\/wp\/v2\/product_brand?post=53680"},{"taxonomy":"product_cat","embeddable":true,"href":"https:\/\/soydeaqui.ddns.net\/pachuca\/index.php\/wp-json\/wp\/v2\/product_cat?post=53680"},{"taxonomy":"product_tag","embeddable":true,"href":"https:\/\/soydeaqui.ddns.net\/pachuca\/index.php\/wp-json\/wp\/v2\/product_tag?post=53680"}],"curies":[{"name":"wp","href":"https:\/\/api.w.org\/{rel}","templated":true}]}}