{"id":53676,"date":"2026-03-19T01:56:17","date_gmt":"2026-03-19T01:56:17","guid":{"rendered":"https:\/\/soydeaqui.ddns.net\/pachuca\/index.php\/producto\/mini-barra-de-luces-highlighter-led-color-ambar-montaje-permanente-ideal-para-seguridad-privada-4\/"},"modified":"2026-03-19T01:56:18","modified_gmt":"2026-03-19T01:56:18","slug":"mini-barra-de-luces-highlighter-led-color-ambar-montaje-permanente-ideal-para-seguridad-privada-4","status":"publish","type":"product","link":"https:\/\/soydeaqui.ddns.net\/pachuca\/index.php\/producto\/mini-barra-de-luces-highlighter-led-color-ambar-montaje-permanente-ideal-para-seguridad-privada-4\/","title":{"rendered":"Mini barra de luces Highlighter LED, color \u00c1mbar, Montaje Permanente, Ideal para Seguridad Privada"},"content":{"rendered":"<div style='width: 100%; max-width: 1200px; margin: 0 auto; font-family: sans-serif; line-height: 1.6; color: inherit; background-color: transparent;'>\n<div style='display: flex; flex-wrap: wrap; gap: 30px; margin-bottom: 30px;'>\n<div style='flex: 1 1 300px; min-width: 280px;'>\n<h3 style='font-size: 22px; border-bottom: 2px solid currentColor; padding-bottom: 5px; margin-top: 0; color: inherit; opacity: 0.8;'>Caracter\u00edsticas<\/h3>\n<p style='font-size: 15px; color: inherit; margin-top: 0; margin-bottom: 15px;'>Mini Barra de luces HIGHLIGHTER LED cuenta con dise\u00f1o de bajo perfil modular \u00fanico l\u00edder en la Industria. Combina el alto desempe\u00f1o de la tecnolog\u00eda ROC (circuiteria de tablilla) con la eficiencia del m\u00f3dulo reflector Solaris.<\/p>\n<ul style='padding-left: 20px; font-size: 15px; color: inherit;'>\n<li style='margin-bottom: 5px;'>Brinda una iluminaci\u00f3n uniforme de 360\u00ba&comma; lo que evita puntos ciegos.<\/li>\n<li style='margin-bottom: 5px;'>Selecci\u00f3n de hasta 19 patrones de destello con s\u00f3lo aproximar un im\u00e1n al interruptor colocado en la parte superior.<\/li>\n<li style='margin-bottom: 5px;'>Voltaje de Alimentaci\u00f3n: 12Vcc<\/li>\n<li style='margin-bottom: 5px;'>Consumo: 4 A<\/li>\n<li style='margin-bottom: 5px;'>Cantidad de LED: 26 LED<\/li>\n<li style='margin-bottom: 5px;'><strong>Color de LED:<\/strong> \u00c1mbar<\/li>\n<li style='margin-bottom: 5px;'><strong>Color del domo:<\/strong> \u00c1mbar<\/li>\n<li style='margin-bottom: 5px;'><strong>Montaje:<\/strong> Permanente<\/li>\n<li style='margin-bottom: 5px;'>Cumplimiento de SAE J845 Clase 1<\/li>\n<li style='margin-bottom: 5px;'>5 A\u00f1os de garant\u00eda en tecnolog\u00eda LED<\/li>\n<\/ul>\n<p style='font-size: 14px; color: inherit; margin-top: 15px; margin-bottom: 0;'><strong>Nota:<\/strong> No incluye im\u00e1n para cambio de patrones de destello<\/p>\n<\/p><\/div>\n<\/p><\/div>\n<div style='display: flex; flex-wrap: wrap; gap: 30px; margin-bottom: 30px;'>\n<div style='flex: 1 1 300px; min-width: 280px;'>\n<h3 style='font-size: 22px; border-bottom: 2px solid currentColor; padding-bottom: 5px; margin-top: 0; color: inherit; opacity: 0.8;'>Especificaciones<\/h3>\n<ul style='padding-left: 20px; font-size: 15px; color: inherit;'>\n<li style='margin-bottom: 5px;'><strong>Tipo:<\/strong> Barra de luces LED<\/li>\n<li style='margin-bottom: 5px;'><strong>Color:<\/strong> \u00c1mbar<\/li>\n<li style='margin-bottom: 5px;'><strong>Montaje:<\/strong> Permanente<\/li>\n<li style='margin-bottom: 5px;'><strong>Aplicaci\u00f3n:<\/strong> Seguridad Privada<\/li>\n<li style='margin-bottom: 5px;'><strong>Marca:<\/strong> FEDERAL SIGNAL<\/li>\n<li style='margin-bottom: 5px;'><strong>Modelo:<\/strong> CALLPOINTSCONFIGURATORCP<\/li>\n<\/ul><\/div>\n<\/p><\/div>\n<div style='position: relative; padding-bottom: 56.25%; height: 0; overflow: hidden; margin-bottom: 30px;'>   <\/div>\n<hr style='border: 0; border-top: 1px solid rgba(150&comma; 150&comma; 150&comma; 0.3); margin: 30px 0;'> <\/div>\n","protected":false},"excerpt":{"rendered":"<p>Mini barra de luces Highlighter LED, color \u00c1mbar, Montaje Permanente, Ideal para Seguridad Privada<\/p>\n","protected":false},"featured_media":32,"comment_status":"open","ping_status":"closed","template":"","meta":[],"product_brand":[],"product_cat":[1362],"product_tag":[950,1360,1363],"class_list":{"0":"post-53676","1":"product","2":"type-product","3":"status-publish","4":"has-post-thumbnail","6":"product_cat-ambar-mini-barras-vehiculares","7":"product_tag-ambar","8":"product_tag-federal-signal","9":"product_tag-mini-barras-vehiculares","11":"first","12":"outofstock","13":"sale","14":"shipping-taxable","15":"purchasable","16":"product-type-simple"},"_links":{"self":[{"href":"https:\/\/soydeaqui.ddns.net\/pachuca\/index.php\/wp-json\/wp\/v2\/product\/53676","targetHints":{"allow":["GET"]}}],"collection":[{"href":"https:\/\/soydeaqui.ddns.net\/pachuca\/index.php\/wp-json\/wp\/v2\/product"}],"about":[{"href":"https:\/\/soydeaqui.ddns.net\/pachuca\/index.php\/wp-json\/wp\/v2\/types\/product"}],"replies":[{"embeddable":true,"href":"https:\/\/soydeaqui.ddns.net\/pachuca\/index.php\/wp-json\/wp\/v2\/comments?post=53676"}],"wp:featuredmedia":[{"embeddable":true,"href":"https:\/\/soydeaqui.ddns.net\/pachuca\/index.php\/wp-json\/wp\/v2\/media\/32"}],"wp:attachment":[{"href":"https:\/\/soydeaqui.ddns.net\/pachuca\/index.php\/wp-json\/wp\/v2\/media?parent=53676"}],"wp:term":[{"taxonomy":"product_brand","embeddable":true,"href":"https:\/\/soydeaqui.ddns.net\/pachuca\/index.php\/wp-json\/wp\/v2\/product_brand?post=53676"},{"taxonomy":"product_cat","embeddable":true,"href":"https:\/\/soydeaqui.ddns.net\/pachuca\/index.php\/wp-json\/wp\/v2\/product_cat?post=53676"},{"taxonomy":"product_tag","embeddable":true,"href":"https:\/\/soydeaqui.ddns.net\/pachuca\/index.php\/wp-json\/wp\/v2\/product_tag?post=53676"}],"curies":[{"name":"wp","href":"https:\/\/api.w.org\/{rel}","templated":true}]}}