{"id":53653,"date":"2026-03-19T01:55:29","date_gmt":"2026-03-19T01:55:29","guid":{"rendered":"https:\/\/soydeaqui.ddns.net\/pachuca\/index.php\/producto\/controlador-iot-multifuncion-para-automatizacion-monitoreo-remoto-y-comunicacion-lorawan\/"},"modified":"2026-03-19T01:55:38","modified_gmt":"2026-03-19T01:55:38","slug":"controlador-iot-multifuncion-para-automatizacion-monitoreo-remoto-y-comunicacion-lorawan","status":"publish","type":"product","link":"https:\/\/soydeaqui.ddns.net\/pachuca\/index.php\/producto\/controlador-iot-multifuncion-para-automatizacion-monitoreo-remoto-y-comunicacion-lorawan\/","title":{"rendered":"Controlador IoT Multifunci\u00f3n para Automatizaci\u00f3n, Monitoreo Remoto y Comunicaci\u00f3n LoRaWAN"},"content":{"rendered":"<div style='width: 100%; max-width: 1200px; margin: 0 auto; font-family: sans-serif; line-height: 1.6; color: inherit; background-color: transparent;'>\n<div style='text-align: center; margin-bottom: 30px;'>\n<h1 style='font-size: 28px; margin-bottom: 15px; color: inherit;'>Reimagine el control y la supervisi\u00f3n remota<\/h1>\n<p style='font-size: 16px; color: inherit; opacity: 0.8; max-width: 800px; margin: 0 auto;'>UC300 IoT controller es la soluci\u00f3n perfecta para el monitoreo y control remoto. Con interfaces enriquecidas&comma; compatibilidad con la nube y un sistema de comandos IF-THEN integrado&comma; es su opci\u00f3n ideal para diversas aplicaciones<\/p>\n<\/p><\/div>\n<p> <!-- Video YouTube --> <\/p>\n<div style='position: relative; padding-bottom: 56.25%; height: 0; overflow: hidden; margin-bottom: 30px;'>   <\/div>\n<p> <!-- Imagen principal --> <\/p>\n<div style='margin-bottom: 30px;'> <img style='width: 100%; height: auto; border: 1px solid rgba(150&comma;150&comma;150&comma;0.3); border-radius: 8px;' src='https:\/\/ftp3.syscom.mx\/usuarios\/fotos\/UC300915M\/217697-1.jpg' alt=''> <\/div>\n<p> <!-- Secci\u00f3n con imagen y texto --> <\/p>\n<div style='display: flex; flex-wrap: wrap; gap: 30px; margin-bottom: 30px;'>\n<div style='flex: 1 1 300px; min-width: 280px;'> <img style='width: 100%; height: auto; border: 1px solid rgba(150&comma;150&comma;150&comma;0.3); border-radius: 8px;' src='https:\/\/ftp3.syscom.mx\/usuarios\/fotos\/UC300915M\/217697-2.jpg' alt=''> <\/div>\n<div style='flex: 1 1 300px; min-width: 280px;'>\n<h3 style='font-size: 22px; border-bottom: 2px solid currentColor; padding-bottom: 5px; margin-top: 0; color: inherit; opacity: 0.8;'>Transmisor de temperatura<\/h3>\n<p style='font-size: 15px; color: inherit; line-height: 1.6;'>Adem\u00e1s de las interfaces anal\u00f3gicas de tipo 4 &#8211; 20 mA y 0 &#8211; 10V&comma; el UC300 adopta en primer lugar 2 entradas RTD para aceptar y convertir la se\u00f1al de resistencia de los sensores PT100 de 2\/3 cable en una se\u00f1al de corriente 4 &#8211; 20 mA con un rango de -200 \u00b0C a 800\u00b0C<\/p>\n<\/p><\/div>\n<\/p><\/div>\n<p> <!-- Secci\u00f3n con texto e imagen invertida --> <\/p>\n<div style='display: flex; flex-wrap: wrap; gap: 30px; margin-bottom: 30px;'>\n<div style='flex: 1 1 300px; min-width: 280px; order: 2;'> <img style='width: 100%; height: auto; border: 1px solid rgba(150&comma;150&comma;150&comma;0.3); border-radius: 8px;' src='https:\/\/ftp3.syscom.mx\/usuarios\/fotos\/UC300915M\/217697-3.jpg' alt=''> <\/div>\n<div style='flex: 1 1 300px; min-width: 280px; order: 1;'>\n<h3 style='font-size: 22px; border-bottom: 2px solid currentColor; padding-bottom: 5px; margin-top: 0; color: inherit; opacity: 0.8;'>Sistema de disparo inteligente<\/h3>\n<p style='font-size: 15px; color: inherit; line-height: 1.6;'>Los usuarios pueden configurar 16 comandos basados en condicones y acciones de activaci\u00f3n personalizadas para realizar tareas inteligentes como la recopilaci\u00f3n de datos de tiempo<\/p>\n<\/p><\/div>\n<\/p><\/div>\n<p> <!-- Secci\u00f3n con imagen y texto --> <\/p>\n<div style='display: flex; flex-wrap: wrap; gap: 30px; margin-bottom: 30px;'>\n<div style='flex: 1 1 300px; min-width: 280px;'> <img style='width: 100%; height: auto; border: 1px solid rgba(150&comma;150&comma;150&comma;0.3); border-radius: 8px;' src='https:\/\/ftp3.syscom.mx\/usuarios\/fotos\/UC300915M\/217697-4.jpg' alt=''> <\/div>\n<div style='flex: 1 1 300px; min-width: 280px;'>\n<h3 style='font-size: 22px; border-bottom: 2px solid currentColor; padding-bottom: 5px; margin-top: 0; color: inherit; opacity: 0.8;'>Operaci\u00f3n Aut\u00f3noma<\/h3>\n<p style='font-size: 15px; color: inherit; line-height: 1.6;'>El controlador Milesight UC300 IoT puede ejecutar los comandos de forma aut\u00f3noma incluso cuando la red no esta disponible<\/p>\n<\/p><\/div>\n<\/p><\/div>\n<p> <!-- \u00daltima imagen --> <\/p>\n<div style='margin-bottom: 30px;'> <img style='width: 100%; height: auto; border: 1px solid rgba(150&comma;150&comma;150&comma;0.3); border-radius: 8px;' src='https:\/\/ftp3.syscom.mx\/usuarios\/fotos\/UC300915M\/217697-5.jpg' alt=''> <\/div>\n<\/p><\/div>\n","protected":false},"excerpt":{"rendered":"<p>Controlador IoT Multifunci\u00f3n para Automatizaci\u00f3n, Monitoreo Remoto y Comunicaci\u00f3n LoRaWAN<\/p>\n","protected":false},"featured_media":53652,"comment_status":"open","ping_status":"closed","template":"","meta":[],"product_brand":[],"product_cat":[1436],"product_tag":[1437,1455,1438],"class_list":{"0":"post-53653","1":"product","2":"type-product","3":"status-publish","4":"has-post-thumbnail","6":"product_cat-sensores-tags","7":"product_tag-lorawan","8":"product_tag-milesight","9":"product_tag-sensores-tags","11":"first","12":"outofstock","13":"sale","14":"shipping-taxable","15":"purchasable","16":"product-type-simple"},"_links":{"self":[{"href":"https:\/\/soydeaqui.ddns.net\/pachuca\/index.php\/wp-json\/wp\/v2\/product\/53653","targetHints":{"allow":["GET"]}}],"collection":[{"href":"https:\/\/soydeaqui.ddns.net\/pachuca\/index.php\/wp-json\/wp\/v2\/product"}],"about":[{"href":"https:\/\/soydeaqui.ddns.net\/pachuca\/index.php\/wp-json\/wp\/v2\/types\/product"}],"replies":[{"embeddable":true,"href":"https:\/\/soydeaqui.ddns.net\/pachuca\/index.php\/wp-json\/wp\/v2\/comments?post=53653"}],"wp:featuredmedia":[{"embeddable":true,"href":"https:\/\/soydeaqui.ddns.net\/pachuca\/index.php\/wp-json\/wp\/v2\/media\/53652"}],"wp:attachment":[{"href":"https:\/\/soydeaqui.ddns.net\/pachuca\/index.php\/wp-json\/wp\/v2\/media?parent=53653"}],"wp:term":[{"taxonomy":"product_brand","embeddable":true,"href":"https:\/\/soydeaqui.ddns.net\/pachuca\/index.php\/wp-json\/wp\/v2\/product_brand?post=53653"},{"taxonomy":"product_cat","embeddable":true,"href":"https:\/\/soydeaqui.ddns.net\/pachuca\/index.php\/wp-json\/wp\/v2\/product_cat?post=53653"},{"taxonomy":"product_tag","embeddable":true,"href":"https:\/\/soydeaqui.ddns.net\/pachuca\/index.php\/wp-json\/wp\/v2\/product_tag?post=53653"}],"curies":[{"name":"wp","href":"https:\/\/api.w.org\/{rel}","templated":true}]}}