{"id":53646,"date":"2026-03-19T01:55:16","date_gmt":"2026-03-19T01:55:16","guid":{"rendered":"https:\/\/soydeaqui.ddns.net\/pachuca\/index.php\/producto\/display-digital-para-comunicacion-iot-con-lorawan\/"},"modified":"2026-03-19T01:55:26","modified_gmt":"2026-03-19T01:55:26","slug":"display-digital-para-comunicacion-iot-con-lorawan","status":"publish","type":"product","link":"https:\/\/soydeaqui.ddns.net\/pachuca\/index.php\/producto\/display-digital-para-comunicacion-iot-con-lorawan\/","title":{"rendered":"Display Digital para Comunicaci\u00f3n IoT con LoRaWAN"},"content":{"rendered":"<div style='width: 100%; max-width: 1200px; margin: 0 auto; font-family: sans-serif; line-height: 1.6; color: inherit; background-color: transparent;'> <!-- Imagen principal --> <\/p>\n<div style='margin-bottom: 30px;'> <img style='width: 100%; height: auto; border: 1px solid rgba(150&comma;150&comma;150&comma;0.3); border-radius: 8px;' src='https:\/\/ftp3.syscom.mx\/usuarios\/fotos\/DS3604915M\/217698-ds3604-1.png' alt=''> <\/div>\n<p> <!-- Introducci\u00f3n --> <\/p>\n<div style='margin-bottom: 40px; text-align: center;'>\n<h2 style='font-size: 24px; margin-bottom: 15px; color: inherit; opacity: 0.9;'>Haga que su negocio sea m\u00e1s inteligente y ecol\u00f3gico con la tecnolog\u00eda de tinta electr\u00f3nica<\/h2>\n<p style='font-size: 15px; color: inherit; opacity: 0.85;'>El DS3604 con pantalla de tinta electr\u00f3nica de alta definici\u00f3n es ideal para la presentaci\u00f3n de contenido flexible en la gesti\u00f3n minorista&comma; de almacenes y log\u00edstica&comma; l\u00edneas de producci\u00f3n inteligentes y m\u00e1s.<\/p>\n<\/p><\/div>\n<p> <!-- Video --> <\/p>\n<div style='margin-bottom: 30px;'>\n<div style='position: relative; padding-bottom: 56.25%; height: 0; overflow: hidden;'>   <\/div>\n<\/p><\/div>\n<p> <!-- Caracter\u00edsticas 1 --> <\/p>\n<div style='display: flex; flex-wrap: wrap; gap: 30px; margin-bottom: 30px;'>\n<div style='flex: 1 1 300px; min-width: 280px;'>\n<h3 style='font-size: 22px; border-bottom: 2px solid currentColor; padding-bottom: 5px; margin-top: 0; color: inherit; opacity: 0.8;'>Excelente legibilidad en pantalla de 4&comma;2 pulgadas con sistema de tinta de tres pigmentos<\/h3>\n<p style='font-size: 15px; margin-bottom: 15px; color: inherit; opacity: 0.85;'>El papel digital E-link es una forma de tinta hecha de microparticulas en una capa de pel\u00edcula delgada.<\/p>\n<ul style='padding-left: 20px; font-size: 15px; color: inherit;'>\n<li style='margin-bottom: 5px;'>Pantalla de 4&comma;2 pulgadas flexible&comma; irrompible y ligera<\/li>\n<li style='margin-bottom: 5px;'>Pantalla de tinta electr\u00f3nica (EPD) biestable en colores negro&comma; blanco y rojo<\/li>\n<li style='margin-bottom: 5px;'>Pantalla de 400 \u00d7 300 p\u00edxeles con un \u00e1ngulo de visi\u00f3n de casi 180\u00b0<\/li>\n<\/ul><\/div>\n<div style='flex: 1 1 300px; min-width: 280px;'> <img style='width: 100%; height: auto; border: 1px solid rgba(150&comma;150&comma;150&comma;0.3); border-radius: 8px;' src='https:\/\/ftp3.syscom.mx\/usuarios\/fotos\/DS3604915M\/217698-ds3604-2.png' alt=''> <\/div>\n<\/p><\/div>\n<p> <!-- Caracter\u00edsticas 2 --> <\/p>\n<div style='display: flex; flex-wrap: wrap; gap: 30px; margin-bottom: 30px;'>\n<div style='flex: 1 1 300px; min-width: 280px;'> <img style='width: 100%; height: auto; border: 1px solid rgba(150&comma;150&comma;150&comma;0.3); border-radius: 8px;' src='https:\/\/ftp3.syscom.mx\/usuarios\/fotos\/DS3604915M\/217698-ds3604-3.png' alt=''> <\/div>\n<div style='flex: 1 1 300px; min-width: 280px;'>\n<h3 style='font-size: 22px; border-bottom: 2px solid currentColor; padding-bottom: 5px; margin-top: 0; color: inherit; opacity: 0.8;'>Consiga operaciones de ahorro energ\u00e9tico sin esfuerzo<\/h3>\n<p style='font-size: 15px; margin-bottom: 15px; color: inherit; opacity: 0.85;'>La pantalla de tinta electr\u00f3nica es biestable&comma; lo que permite conservar la imagen en la pantalla de tinta electr\u00f3nica incluso cuando se corta toda la energ\u00eda.<\/p>\n<ul style='padding-left: 20px; font-size: 15px; color: inherit;'>\n<li style='margin-bottom: 5px;'>Se puede reutilizar sin necesidad de papel<\/li>\n<li style='margin-bottom: 5px;'>No consume bater\u00eda cuando se deja inactivo<\/li>\n<li style='margin-bottom: 5px;'>Evite la contaminaci\u00f3n lum\u00ednica molesta en el medio ambiente<\/li>\n<\/ul><\/div>\n<\/p><\/div>\n<p> <!-- Caracter\u00edsticas 3 --> <\/p>\n<div style='display: flex; flex-wrap: wrap; gap: 30px; margin-bottom: 30px;'>\n<div style='flex: 1 1 300px; min-width: 280px;'>\n<h3 style='font-size: 22px; border-bottom: 2px solid currentColor; padding-bottom: 5px; margin-top: 0; color: inherit; opacity: 0.8;'>Plantillas personalizadas adaptadas a tus necesidades<\/h3>\n<ul style='padding-left: 20px; font-size: 15px; color: inherit;'>\n<li style='margin-bottom: 5px;'>Se ofrecen texto&comma; im\u00e1genes y c\u00f3digos QR personalizables.<\/li>\n<li style='margin-bottom: 5px;'>Bot\u00f3n multifunci\u00f3n con tecnolog\u00eda LoRaWAN\u00ae opcional<\/li>\n<li style='margin-bottom: 5px;'>Las plantillas pre-personalizadas son flexibles para diferentes escenarios&comma; como lugares de trabajo&comma; hoteles&comma; hospitales&comma; tiendas minoristas&comma; etc.<\/li>\n<\/ul><\/div>\n<div style='flex: 1 1 300px; min-width: 280px;'> <img style='width: 100%; height: auto; border: 1px solid rgba(150&comma;150&comma;150&comma;0.3); border-radius: 8px;' src='https:\/\/ftp3.syscom.mx\/usuarios\/fotos\/DS3604915M\/217698-ds3604-4.png' alt=''> <\/div>\n<\/p><\/div>\n<p> <!-- Caracter\u00edsticas 4 --> <\/p>\n<div style='display: flex; flex-wrap: wrap; gap: 30px; margin-bottom: 30px;'>\n<div style='flex: 1 1 300px; min-width: 280px;'> <img style='width: 100%; height: auto; border: 1px solid rgba(150&comma;150&comma;150&comma;0.3); border-radius: 8px;' src='https:\/\/ftp3.syscom.mx\/usuarios\/fotos\/DS3604915M\/217698-ds3604-5.png' alt=''> <\/div>\n<div style='flex: 1 1 300px; min-width: 280px;'>\n<h3 style='font-size: 22px; border-bottom: 2px solid currentColor; padding-bottom: 5px; margin-top: 0; color: inherit; opacity: 0.8;'>Inst\u00e1lelo para crear un lugar de trabajo m\u00e1s ecol\u00f3gico y productivo<\/h3>\n<p style='font-size: 15px; margin-bottom: 15px; color: inherit; opacity: 0.85;'>Milesight ofrece dos plantillas prefabricadas de f\u00e1brica&comma; reserva de escritorios compartidos y se\u00f1alizaci\u00f3n para el lugar de trabajo&comma; que son perfectas para sus soluciones de oficina inteligente llave en mano.<\/p>\n<ul style='padding-left: 20px; font-size: 15px; color: inherit;'>\n<li style='margin-bottom: 5px;'>Un sistema de reservas m\u00e1s claro para los empleados<\/li>\n<li style='margin-bottom: 5px;'>Informaci\u00f3n en tiempo real para administradores de edificios<\/li>\n<li style='margin-bottom: 5px;'>M\u00e9tricas de ocupaci\u00f3n para administradores de instalaciones<\/li>\n<\/ul><\/div>\n<\/p><\/div>\n<p> <!-- Galer\u00eda de im\u00e1genes --> <\/p>\n<div style='display: flex; flex-wrap: wrap; gap: 20px; margin-bottom: 30px;'>\n<div style='flex: 1 1 300px; min-width: 280px;'> <img style='width: 100%; height: auto; border: 1px solid rgba(150&comma;150&comma;150&comma;0.3); border-radius: 8px;' src='https:\/\/ftp3.syscom.mx\/usuarios\/fotos\/DS3604915M\/217698-ds3604-6.png' alt=''> <\/div>\n<div style='flex: 1 1 300px; min-width: 280px;'> <img style='width: 100%; height: auto; border: 1px solid rgba(150&comma;150&comma;150&comma;0.3); border-radius: 8px;' src='https:\/\/ftp3.syscom.mx\/usuarios\/fotos\/DS3604915M\/217698-ds3604-7.png' alt=''> <\/div>\n<div style='flex: 1 1 300px; min-width: 280px;'> <img style='width: 100%; height: auto; border: 1px solid rgba(150&comma;150&comma;150&comma;0.3); border-radius: 8px;' src='https:\/\/ftp3.syscom.mx\/usuarios\/fotos\/DS3604915M\/217698-ds3604-8.png' alt=''> <\/div>\n<div style='flex: 1 1 300px; min-width: 280px;'> <img style='width: 100%; height: auto; border: 1px solid rgba(150&comma;150&comma;150&comma;0.3); border-radius: 8px;' src='https:\/\/ftp3.syscom.mx\/usuarios\/fotos\/DS3604915M\/217698-ds3604-9.png' alt=''> <\/div>\n<\/p><\/div>\n<\/p><\/div>\n","protected":false},"excerpt":{"rendered":"<p>Display Digital para Comunicaci\u00f3n IoT con LoRaWAN<\/p>\n","protected":false},"featured_media":53645,"comment_status":"open","ping_status":"closed","template":"","meta":[],"product_brand":[],"product_cat":[1436],"product_tag":[1437,1455,1438],"class_list":{"0":"post-53646","1":"product","2":"type-product","3":"status-publish","4":"has-post-thumbnail","6":"product_cat-sensores-tags","7":"product_tag-lorawan","8":"product_tag-milesight","9":"product_tag-sensores-tags","11":"first","12":"instock","13":"sale","14":"shipping-taxable","15":"purchasable","16":"product-type-simple"},"_links":{"self":[{"href":"https:\/\/soydeaqui.ddns.net\/pachuca\/index.php\/wp-json\/wp\/v2\/product\/53646","targetHints":{"allow":["GET"]}}],"collection":[{"href":"https:\/\/soydeaqui.ddns.net\/pachuca\/index.php\/wp-json\/wp\/v2\/product"}],"about":[{"href":"https:\/\/soydeaqui.ddns.net\/pachuca\/index.php\/wp-json\/wp\/v2\/types\/product"}],"replies":[{"embeddable":true,"href":"https:\/\/soydeaqui.ddns.net\/pachuca\/index.php\/wp-json\/wp\/v2\/comments?post=53646"}],"wp:featuredmedia":[{"embeddable":true,"href":"https:\/\/soydeaqui.ddns.net\/pachuca\/index.php\/wp-json\/wp\/v2\/media\/53645"}],"wp:attachment":[{"href":"https:\/\/soydeaqui.ddns.net\/pachuca\/index.php\/wp-json\/wp\/v2\/media?parent=53646"}],"wp:term":[{"taxonomy":"product_brand","embeddable":true,"href":"https:\/\/soydeaqui.ddns.net\/pachuca\/index.php\/wp-json\/wp\/v2\/product_brand?post=53646"},{"taxonomy":"product_cat","embeddable":true,"href":"https:\/\/soydeaqui.ddns.net\/pachuca\/index.php\/wp-json\/wp\/v2\/product_cat?post=53646"},{"taxonomy":"product_tag","embeddable":true,"href":"https:\/\/soydeaqui.ddns.net\/pachuca\/index.php\/wp-json\/wp\/v2\/product_tag?post=53646"}],"curies":[{"name":"wp","href":"https:\/\/api.w.org\/{rel}","templated":true}]}}