{"id":53633,"date":"2026-03-19T01:54:53","date_gmt":"2026-03-19T01:54:53","guid":{"rendered":"https:\/\/soydeaqui.ddns.net\/pachuca\/index.php\/producto\/sensor-de-movimiento-y-luz-para-monitoreo-de-ocupacion-con-lorawan\/"},"modified":"2026-03-19T01:54:59","modified_gmt":"2026-03-19T01:54:59","slug":"sensor-de-movimiento-y-luz-para-monitoreo-de-ocupacion-con-lorawan","status":"publish","type":"product","link":"https:\/\/soydeaqui.ddns.net\/pachuca\/index.php\/producto\/sensor-de-movimiento-y-luz-para-monitoreo-de-ocupacion-con-lorawan\/","title":{"rendered":"Sensor de Movimiento y Luz para Monitoreo de Ocupaci\u00f3n con LoRaWAN"},"content":{"rendered":"<div style='width: 100%; max-width: 1200px; margin: 0 auto; font-family: sans-serif; line-height: 1.6; color: inherit; background-color: transparent;'> <img style='width: 100%; height: auto; border: 1px solid rgba(150&comma;150&comma;150&comma;0.3); border-radius: 8px;' src='https:\/\/ftp3.syscom.mx\/usuarios\/fotos\/WS202915M\/217704-1.jpg' alt=''> <\/p>\n<div style='display: flex; flex-wrap: wrap; gap: 30px; margin: 30px 0;'>\n<div style='flex: 1 1 300px; min-width: 280px;'> <img style='width: 100%; height: auto; border: 1px solid rgba(150&comma;150&comma;150&comma;0.3); border-radius: 8px;' src='https:\/\/ftp3.syscom.mx\/usuarios\/fotos\/WS202915M\/217704-2.jpg' alt=''> <\/div>\n<div style='flex: 1 1 300px; min-width: 280px;'>\n<h2 style='font-size: 22px; border-bottom: 2px solid currentColor; padding-bottom: 5px; margin-top: 0; color: inherit; opacity: 0.8;'>Detectar la presencia humana con prescisi\u00f3n<\/h2>\n<p style='color: inherit; font-size: 15px;'>La combinaci\u00f3n de detecci\u00f3n PIR y medici\u00f3n de brillo permite al modelo WS202 identificar f\u00e1cilmente la ocupaci\u00f3n o desocupaci\u00f3n de un espacio interior<\/p>\n<\/p><\/div>\n<\/p><\/div>\n<div style='text-align: center; margin: 30px 0;'>\n<h1 style='font-size: 24px; color: inherit; margin-bottom: 15px;'>Asistencia al control de iluminaci\u00f3n autom\u00e1tico e inteligente<\/h1>\n<p style='font-size: 15px; color: inherit; max-width: 800px; margin: 0 auto;'>Al integrar el modelo WS202 con el modelo smart switch u otros dispositivos de controlador de iluminaci\u00f3n LoRaWAN&comma; las luces se pueden encender\/apagar autom\u00e1ticamente cuando las personas entran o salen del espacio.<\/p>\n<\/p><\/div>\n<p> <img style='width: 100%; height: auto; border: 1px solid rgba(150&comma;150&comma;150&comma;0.3); border-radius: 8px; margin: 30px 0;' src='https:\/\/ftp3.syscom.mx\/usuarios\/fotos\/WS202915M\/217704-3.jpg' alt=''> <\/p>\n<div style='display: flex; flex-wrap: wrap; gap: 30px; margin: 30px 0;'>\n<div style='flex: 1 1 300px; min-width: 280px;'>\n<h1 style='font-size: 22px; border-bottom: 2px solid currentColor; padding-bottom: 5px; margin-top: 0; color: inherit; opacity: 0.8;'>Detecci\u00f3n de rango ultra amplio<\/h1>\n<ul style='padding-left: 20px; font-size: 15px; color: inherit; list-style-type: disc;'>\n<li style='margin-bottom: 5px;'>120\u00b0 Horizontal<\/li>\n<li style='margin-bottom: 5px;'>100\u00b0 vertical<\/li>\n<li style='margin-bottom: 5px;'>Hasta 8 metros de distancia<\/li>\n<\/ul><\/div>\n<div style='flex: 1 1 300px; min-width: 280px;'> <img style='width: 100%; height: auto; border: 1px solid rgba(150&comma;150&comma;150&comma;0.3); border-radius: 8px;' src='https:\/\/ftp3.syscom.mx\/usuarios\/fotos\/WS202915M\/217704-4.jpg' alt=''> <\/div>\n<\/p><\/div>\n<div style='text-align: center; margin: 30px 0;'>\n<h1 style='font-size: 24px; color: inherit; margin-bottom: 15px;'>Medici\u00f3n de brillo inteligente<\/h1>\n<\/p><\/div>\n<div style='display: flex; flex-wrap: wrap; gap: 30px; margin: 30px 0;'>\n<div style='flex: 1 1 300px; min-width: 280px;'> <img style='width: 100%; height: auto; border: 1px solid rgba(150&comma;150&comma;150&comma;0.3); border-radius: 8px;' src='https:\/\/ftp3.syscom.mx\/usuarios\/fotos\/WS202915M\/217704-6.jpg' alt=''> <\/div>\n<div style='flex: 1 1 300px; min-width: 280px;'>\n<ul style='padding-left: 20px; font-size: 15px; color: inherit; list-style-type: disc;'>\n<li style='margin-bottom: 5px;'>Resoluci\u00f3n de 1 lux<\/li>\n<li style='margin-bottom: 5px;'>Medici\u00f3n de 1 a 60000 lux<\/li>\n<li style='margin-bottom: 5px;'>Determine el espacio como brillante u oscuro<\/li>\n<li style='margin-bottom: 5px;'>seg\u00fan el umbral personalizado<\/li>\n<\/ul><\/div>\n<\/p><\/div>\n<div style='display: flex; flex-wrap: wrap; gap: 30px; margin: 30px 0;'>\n<div style='flex: 1 1 300px; min-width: 280px;'>\n<h2 style='font-size: 22px; border-bottom: 2px solid currentColor; padding-bottom: 5px; margin-top: 0; color: inherit; opacity: 0.8;'>Basado en LoRaWAN<\/h2>\n<p style='color: inherit; font-size: 15px;'>El sensor de luz y PIR WS202 es compatible con puertas de enlace LoRaWAN est\u00e1ndar de la industria<\/p>\n<p style='color: inherit; font-size: 15px;'>Con un alcance de hasta 15 km en \u00e1reas rurales y 2 km en \u00e1reas urbanas<\/p>\n<\/p><\/div>\n<div style='flex: 1 1 300px; min-width: 280px;'> <img style='width: 100%; height: auto; border: 1px solid rgba(150&comma;150&comma;150&comma;0.3); border-radius: 8px;' src='https:\/\/ftp3.syscom.mx\/usuarios\/fotos\/WS202915M\/217704-7.jpg' alt=''> <\/div>\n<\/p><\/div>\n<div style='display: flex; flex-wrap: wrap; gap: 20px; margin: 30px 0;'>\n<div style='flex: 1 1 250px; border: 1px solid rgba(150&comma; 150&comma; 150&comma; 0.4); border-radius: 8px; overflow: hidden; display: flex; flex-direction: column; min-width: 220px;'>\n<div style='padding: 15px; border-bottom: 1px solid rgba(150&comma; 150&comma; 150&comma; 0.2); font-weight: bold; font-size: 18px; color: inherit;'>1er paso<\/div>\n<div style='padding: 15px; color: inherit;'>\n<div style='margin-bottom: 15px;'> <img style='width: 100%; height: auto; border: 1px solid rgba(150&comma;150&comma;150&comma;0.3); border-radius: 8px;' src='https:\/\/ftp3.syscom.mx\/usuarios\/fotos\/EM300DI915M\/218615-9.png' alt=''> <\/div>\n<h4 style='color: inherit; opacity: 0.8; font-size: 16px; margin: 15px 0 5px;'>Instalar Milesight ToolBox<\/h4>\n<p style='font-size: 14px; color: inherit; margin: 0;'>Esta aplicaci\u00f3n est\u00e1 disponible para Android y iOS.<\/p>\n<\/p><\/div>\n<\/p><\/div>\n<div style='flex: 1 1 250px; border: 1px solid rgba(150&comma; 150&comma; 150&comma; 0.4); border-radius: 8px; overflow: hidden; display: flex; flex-direction: column; min-width: 220px;'>\n<div style='padding: 15px; border-bottom: 1px solid rgba(150&comma; 150&comma; 150&comma; 0.2); font-weight: bold; font-size: 18px; color: inherit;'>2do paso<\/div>\n<div style='padding: 15px; color: inherit;'>\n<div style='margin-bottom: 15px;'> <img style='width: 100%; height: auto; border: 1px solid rgba(150&comma;150&comma;150&comma;0.3); border-radius: 8px;' src='https:\/\/ftp3.syscom.mx\/usuarios\/fotos\/EM300DI915M\/218615-10.png' alt=''> <\/div>\n<h4 style='color: inherit; opacity: 0.8; font-size: 16px; margin: 15px 0 5px;'>Habilite NFC y ejecute ToolBox. Conecte su tel\u00e9fono al dispositivo<\/h4>\n<p style='font-size: 14px; color: inherit; margin: 0;'>Para poder hacer una correcta configuraci\u00f3n del dispositivo y obtener una correcta medici\u00f3n en la aplicaci\u00f3n.<\/p>\n<\/p><\/div>\n<\/p><\/div>\n<div style='flex: 1 1 250px; border: 1px solid rgba(150&comma; 150&comma; 150&comma; 0.4); border-radius: 8px; overflow: hidden; display: flex; flex-direction: column; min-width: 220px;'>\n<div style='padding: 15px; border-bottom: 1px solid rgba(150&comma; 150&comma; 150&comma; 0.2); font-weight: bold; font-size: 18px; color: inherit;'>3er paso<\/div>\n<div style='padding: 15px; color: inherit;'>\n<div style='margin-bottom: 15px;'> <img style='width: 100%; height: auto; border: 1px solid rgba(150&comma;150&comma;150&comma;0.3); border-radius: 8px;' src='https:\/\/ftp3.syscom.mx\/usuarios\/fotos\/EM300DI915M\/218615-11.png' alt=''> <\/div>\n<h4 style='color: inherit; opacity: 0.8; font-size: 16px; margin: 15px 0 5px;'>Verificar la contrase\u00f1a y comenzar a configurar<\/h4>\n<p style='font-size: 14px; color: inherit; margin: 0;'>Verificar correctamente la contrase\u00f1a para poder hacer una correcta configuraci\u00f3n en la aplicaci\u00f3n de ToolBox<\/p>\n<\/p><\/div>\n<\/p><\/div>\n<\/p><\/div>\n<hr style='border: 0; border-top: 1px solid rgba(150&comma; 150&comma; 150&comma; 0.3); margin: 30px 0;'> <\/div>\n","protected":false},"excerpt":{"rendered":"<p>Sensor de Movimiento y Luz para Monitoreo de Ocupaci\u00f3n con LoRaWAN<\/p>\n","protected":false},"featured_media":53632,"comment_status":"open","ping_status":"closed","template":"","meta":[],"product_brand":[],"product_cat":[1436],"product_tag":[1437,1455,1438],"class_list":{"0":"post-53633","1":"product","2":"type-product","3":"status-publish","4":"has-post-thumbnail","6":"product_cat-sensores-tags","7":"product_tag-lorawan","8":"product_tag-milesight","9":"product_tag-sensores-tags","11":"first","12":"instock","13":"sale","14":"shipping-taxable","15":"purchasable","16":"product-type-simple"},"_links":{"self":[{"href":"https:\/\/soydeaqui.ddns.net\/pachuca\/index.php\/wp-json\/wp\/v2\/product\/53633","targetHints":{"allow":["GET"]}}],"collection":[{"href":"https:\/\/soydeaqui.ddns.net\/pachuca\/index.php\/wp-json\/wp\/v2\/product"}],"about":[{"href":"https:\/\/soydeaqui.ddns.net\/pachuca\/index.php\/wp-json\/wp\/v2\/types\/product"}],"replies":[{"embeddable":true,"href":"https:\/\/soydeaqui.ddns.net\/pachuca\/index.php\/wp-json\/wp\/v2\/comments?post=53633"}],"wp:featuredmedia":[{"embeddable":true,"href":"https:\/\/soydeaqui.ddns.net\/pachuca\/index.php\/wp-json\/wp\/v2\/media\/53632"}],"wp:attachment":[{"href":"https:\/\/soydeaqui.ddns.net\/pachuca\/index.php\/wp-json\/wp\/v2\/media?parent=53633"}],"wp:term":[{"taxonomy":"product_brand","embeddable":true,"href":"https:\/\/soydeaqui.ddns.net\/pachuca\/index.php\/wp-json\/wp\/v2\/product_brand?post=53633"},{"taxonomy":"product_cat","embeddable":true,"href":"https:\/\/soydeaqui.ddns.net\/pachuca\/index.php\/wp-json\/wp\/v2\/product_cat?post=53633"},{"taxonomy":"product_tag","embeddable":true,"href":"https:\/\/soydeaqui.ddns.net\/pachuca\/index.php\/wp-json\/wp\/v2\/product_tag?post=53633"}],"curies":[{"name":"wp","href":"https:\/\/api.w.org\/{rel}","templated":true}]}}