{"id":5363,"date":"2026-03-18T06:30:24","date_gmt":"2026-03-18T06:30:24","guid":{"rendered":"https:\/\/soydeaqui.ddns.net\/pachuca\/index.php\/producto\/botonera-con-6-botones-3-para-switch-on-off-y-3-para-atenuadores-dimmer\/"},"modified":"2026-03-18T06:30:25","modified_gmt":"2026-03-18T06:30:25","slug":"botonera-con-6-botones-3-para-switch-on-off-y-3-para-atenuadores-dimmer","status":"publish","type":"product","link":"https:\/\/soydeaqui.ddns.net\/pachuca\/index.php\/producto\/botonera-con-6-botones-3-para-switch-on-off-y-3-para-atenuadores-dimmer\/","title":{"rendered":"Botonera con 6 botones, 3 para switch on\/off y 3 para atenuadores (dimmer)."},"content":{"rendered":"<div style='width: 100%; max-width: 1200px; margin: 0 auto; font-family: sans-serif; line-height: 1.6; color: inherit;'> <!-- Contenedor principal --> <\/p>\n<div style='display: flex; flex-direction: column; gap: 20px;'> <!-- Enlace Single Page --> <\/p>\n<div style='align-self: flex-start;'> <a class='boton-azul-gral btn btn-primary' href='https:\/\/www.syscom.mx\/singlepage\/lutron_radiora' target='_blank' rel='noopener' style='display: inline-block; padding: 10px 20px; background-color: #007bff; color: #fff; text-decoration: none; border-radius: 4px;'>Ver Single Page<\/a> <\/div>\n<p> <!-- Caracter\u00edsticas --> <\/p>\n<div>\n<ul style='padding-left: 20px; list-style-type: disc; font-size: 15px; color: inherit;'>\n<li style='margin-bottom: 5px;'>Botonera 3 botones switch\/dimmer.<\/li>\n<li style='margin-bottom: 5px;'><span style='color: #7e8c8d;'><strong>No incluye la tapa&comma; contemplar el modelo CW1WH.<\/strong><\/span><\/li>\n<\/ul><\/div>\n<p> <!-- Descripci\u00f3n general --> <\/p>\n<div style='text-align: justify;'>\n<p style='margin-bottom: 15px;'>Las botoneras seeTouch\u00ae montadas en la pared se instalan en una caja de pared est\u00e1ndar para controlar las luces y\/o las cortinas individualmente o en escenas predefinidas. Cuenta con botones retroiluminados y grabado personalizado.<\/p>\n<\/p><\/div>\n<p> <!-- Secci\u00f3n RadioRA\u00ae 2 --> <\/p>\n<div style='text-align: justify;'>\n<h3 style='font-size: 22px; border-bottom: 2px solid currentColor; padding-bottom: 5px; margin-top: 0; margin-bottom: 15px; color: inherit; opacity: 0.8;'>\u00bfQu\u00e9 es RadioRA\u00ae 2?<\/h3>\n<p style='margin-bottom: 15px;'>RadioRA 2 es un sistema inal\u00e1mbrico de control total del hogar que permite el control conveniente e intuitivo de luces&comma; cortinas&comma; electrodom\u00e9sticos y temperatura en una habitaci\u00f3n sencilla o en una casa entera. Se instala con facilidad&comma; se programa con rapidez y se opera de manera confiable gracias a la Tecnolog\u00eda RF Clear Connect\u2122.<\/p>\n<\/p><\/div>\n<p> <!-- Secci\u00f3n Beneficios --> <\/p>\n<div style='text-align: justify;'>\n<h3 style='font-size: 22px; border-bottom: 2px solid currentColor; padding-bottom: 5px; margin-top: 0; margin-bottom: 15px; color: inherit; opacity: 0.8;'>\u00bfCu\u00e1les son algunos de los beneficios?<\/h3>\n<div style='display: flex; flex-direction: column; gap: 15px;'>\n<div>\n<h4 style='font-size: 18px; margin-top: 0; color: inherit;'>Ahorra energ\u00eda<\/h4>\n<p style='margin: 0;'>Los propietarios de hoy quieren reducir los costos&comma; tener seguridad y proteger el planeta. Con RadioRA 2&comma; pueden lograr ambos objetivos.<\/p>\n<\/p><\/div>\n<div>\n<h4 style='font-size: 18px; margin-top: 0; color: inherit;'>Integraci\u00f3n abierta con terceros<\/h4>\n<ul style='padding-left: 20px; list-style-type: disc; margin: 0; font-size: 14px; color: inherit;'>\n<li style='margin-bottom: 5px;'>M\u00e1n\u00e9jelo con controles remotos&comma; sistemas de automatizaci\u00f3n del hogar&comma; dispositivos m\u00f3viles y m\u00e1s; todo desde un repetidor. El protocolo de integraci\u00f3n p\u00fablica con RS232 o IP.<\/li>\n<\/ul><\/div>\n<div>\n<h4 style='font-size: 18px; margin-top: 0; color: inherit;'>F\u00e1cil de instalar y programar<\/h4>\n<ul style='padding-left: 20px; list-style-type: disc; margin: 0; font-size: 14px; color: inherit;'>\n<li style='margin-bottom: 5px;'>La configuraci\u00f3n por computadora ahorra tiempo durante el dise\u00f1o y la programaci\u00f3n.<\/li>\n<li style='margin-bottom: 5px;'>Para aplicaciones sencillas&comma; la configuraci\u00f3n mediante la botonera no requiere de una computadora.<\/li>\n<\/ul><\/div>\n<div>\n<h4 style='font-size: 18px; margin-top: 0; color: inherit;'>Flexible&comma; expandible y confiable<\/h4>\n<ul style='padding-left: 20px; list-style-type: disc; margin: 0; font-size: 14px; color: inherit;'>\n<li style='margin-bottom: 5px;'>Elija entre una variedad de componentes inal\u00e1mbricos para personalizar un sistema que quepa en cualquier espacio soporte de 2 a 200 dispositivos.<\/li>\n<\/ul><\/div>\n<\/p><\/div>\n<\/p><\/div>\n<p> <!-- Enlace final --> <\/p>\n<div style='align-self: flex-start;'> <a class='boton-azul-gral btn btn-primary' href='https:\/\/www.syscom.mx\/singlepage\/lutron_radiora' target='_blank' rel='noopener' style='display: inline-block; padding: 10px 20px; background-color: #007bff; color: #fff; text-decoration: none; border-radius: 4px;'>Ver Single Page<\/a> <\/div>\n<p> <!-- Imagen --> <\/p>\n<div style='width: 100%; max-width: 600px; margin: 0 auto;'> <img style='width: 100%; height: auto; border: 1px solid rgba(150&comma;150&comma;150&comma;0.3); border-radius: 8px;' src='http:\/\/ftp3.syscom.mx\/usuarios\/yhermosillo\/LUTRON\/RadioRa2\/SystemOverview.jpg' alt=''> <\/div>\n<\/p><\/div>\n<\/p><\/div>\n","protected":false},"excerpt":{"rendered":"<p>Botonera con 6 botones, 3 para switch on\/off y 3 para atenuadores (dimmer).<\/p>\n","protected":false},"featured_media":5362,"comment_status":"open","ping_status":"closed","template":"","meta":[],"product_brand":[],"product_cat":[34],"product_tag":[30,35,36],"class_list":{"0":"post-5363","1":"product","2":"type-product","3":"status-publish","4":"has-post-thumbnail","6":"product_cat-lutron","7":"product_tag-automatizacion-casa-inteligente","8":"product_tag-lutron","9":"product_tag-lutron-electronics","11":"first","12":"outofstock","13":"sale","14":"shipping-taxable","15":"purchasable","16":"product-type-simple"},"_links":{"self":[{"href":"https:\/\/soydeaqui.ddns.net\/pachuca\/index.php\/wp-json\/wp\/v2\/product\/5363","targetHints":{"allow":["GET"]}}],"collection":[{"href":"https:\/\/soydeaqui.ddns.net\/pachuca\/index.php\/wp-json\/wp\/v2\/product"}],"about":[{"href":"https:\/\/soydeaqui.ddns.net\/pachuca\/index.php\/wp-json\/wp\/v2\/types\/product"}],"replies":[{"embeddable":true,"href":"https:\/\/soydeaqui.ddns.net\/pachuca\/index.php\/wp-json\/wp\/v2\/comments?post=5363"}],"wp:featuredmedia":[{"embeddable":true,"href":"https:\/\/soydeaqui.ddns.net\/pachuca\/index.php\/wp-json\/wp\/v2\/media\/5362"}],"wp:attachment":[{"href":"https:\/\/soydeaqui.ddns.net\/pachuca\/index.php\/wp-json\/wp\/v2\/media?parent=5363"}],"wp:term":[{"taxonomy":"product_brand","embeddable":true,"href":"https:\/\/soydeaqui.ddns.net\/pachuca\/index.php\/wp-json\/wp\/v2\/product_brand?post=5363"},{"taxonomy":"product_cat","embeddable":true,"href":"https:\/\/soydeaqui.ddns.net\/pachuca\/index.php\/wp-json\/wp\/v2\/product_cat?post=5363"},{"taxonomy":"product_tag","embeddable":true,"href":"https:\/\/soydeaqui.ddns.net\/pachuca\/index.php\/wp-json\/wp\/v2\/product_tag?post=5363"}],"curies":[{"name":"wp","href":"https:\/\/api.w.org\/{rel}","templated":true}]}}