{"id":53622,"date":"2026-03-19T01:54:24","date_gmt":"2026-03-19T01:54:24","guid":{"rendered":"https:\/\/soydeaqui.ddns.net\/pachuca\/index.php\/producto\/boton-inteligente-inalambrico-para-automatizacion-y-alertas-con-lorawan\/"},"modified":"2026-03-19T01:54:33","modified_gmt":"2026-03-19T01:54:33","slug":"boton-inteligente-inalambrico-para-automatizacion-y-alertas-con-lorawan","status":"publish","type":"product","link":"https:\/\/soydeaqui.ddns.net\/pachuca\/index.php\/producto\/boton-inteligente-inalambrico-para-automatizacion-y-alertas-con-lorawan\/","title":{"rendered":"Bot\u00f3n Inteligente Inal\u00e1mbrico para Automatizaci\u00f3n y Alertas con LoRaWAN"},"content":{"rendered":"<div style='width: 100%; max-width: 1200px; margin: 0 auto; font-family: sans-serif; line-height: 1.6; color: inherit; background-color: transparent;'> <!-- Imagen principal --> <\/p>\n<div style='margin-bottom: 30px;'> <img style='width: 100%; height: auto; border: 1px solid rgba(150&comma;150&comma;150&comma;0.3); border-radius: 8px;' src='https:\/\/ftp3.syscom.mx\/usuarios\/fotos\/WS101\/217608-2.jpg' alt=''> <\/div>\n<p> <!-- Secci\u00f3n 1 --> <\/p>\n<div style='display: flex; flex-wrap: wrap; gap: 30px; margin-bottom: 30px;'>\n<div style='flex: 1 1 300px; min-width: 280px;'> <img style='width: 100%; height: auto; border: 1px solid rgba(150&comma;150&comma;150&comma;0.3); border-radius: 8px;' src='https:\/\/ftp3.syscom.mx\/usuarios\/fotos\/WS101\/217608-3.jpg' alt=''> <\/div>\n<div style='flex: 1 1 300px; min-width: 280px;'>\n<h3 style='font-size: 22px; border-bottom: 2px solid currentColor; padding-bottom: 5px; margin-top: 0; color: inherit; opacity: 0.8;'>Un ayudante que siempre est\u00e1 cerca<\/h3>\n<p style='color: inherit;'>El bot\u00f3n inteligente Milesight WS101 se puede fijar en un lugar cercano y mover cuando sea necesario.<\/p>\n<p style='color: inherit;'>Con Milesight IoT cloud&comma; puede utilizarlo pr\u00e1cticamente cuando y donde lo necesite<\/p>\n<\/p><\/div>\n<\/p><\/div>\n<p> <!-- Secci\u00f3n 2 --> <\/p>\n<div style='display: flex; flex-wrap: wrap; gap: 30px; margin-bottom: 30px;'>\n<div style='flex: 1 1 300px; min-width: 280px;'>\n<h3 style='font-size: 22px; border-bottom: 2px solid currentColor; padding-bottom: 5px; margin-top: 0; color: inherit; opacity: 0.8;'>Una garant\u00eda de seguridad<\/h3>\n<p style='color: inherit;'>El bot\u00f3n es una gran comodidad para las personas mayores y los enfermos y los jovenes<\/p>\n<p style='color: inherit;'>Ponerse en contacto con el cuidador o pedir ayuda<\/p>\n<\/p><\/div>\n<div style='flex: 1 1 300px; min-width: 280px;'> <img style='width: 100%; height: auto; border: 1px solid rgba(150&comma;150&comma;150&comma;0.3); border-radius: 8px;' src='https:\/\/ftp3.syscom.mx\/usuarios\/fotos\/WS101915M\/217702-4.jpg' alt=''> <\/div>\n<\/p><\/div>\n<p> <!-- Secci\u00f3n 3 --> <\/p>\n<div style='display: flex; flex-wrap: wrap; gap: 30px; margin-bottom: 30px;'>\n<div style='flex: 1 1 300px; min-width: 280px;'> <img style='width: 100%; height: auto; border: 1px solid rgba(150&comma;150&comma;150&comma;0.3); border-radius: 8px;' src='https:\/\/ftp3.syscom.mx\/usuarios\/fotos\/WS101915M\/217702-5.jpg' alt=''> <\/div>\n<div style='flex: 1 1 300px; min-width: 280px;'>\n<h3 style='font-size: 22px; border-bottom: 2px solid currentColor; padding-bottom: 5px; margin-top: 0; color: inherit; opacity: 0.8;'>Consumo de energ\u00eda ultrabajo<\/h3>\n<\/p><\/div>\n<\/p><\/div>\n<p> <!-- Imagen adicional --> <\/p>\n<div style='margin-bottom: 30px;'> <img style='width: 100%; height: auto; border: 1px solid rgba(150&comma;150&comma;150&comma;0.3); border-radius: 8px;' src='https:\/\/ftp3.syscom.mx\/usuarios\/fotos\/WS101915M\/217702-6.jpg' alt=''> <\/div>\n<p> <!-- Pasos de instalaci\u00f3n --> <\/p>\n<div style='display: flex; flex-wrap: wrap; gap: 20px; margin-bottom: 30px;'>\n<div style='flex: 1 1 300px; min-width: 280px; border: 1px solid rgba(150&comma; 150&comma; 150&comma; 0.4); border-radius: 8px; overflow: hidden;'>\n<div style='background-color: #eee; padding: 0;'> <img style='width: 100%; height: auto; border-radius: 0;' src='https:\/\/ftp3.syscom.mx\/usuarios\/fotos\/EM300DI915M\/218615-9.png' alt=''> <\/div>\n<div style='border-top: 5px solid #DF001D; padding: 15px; color: inherit;'>\n<h3 style='margin-top: 0; margin-bottom: 5px; font-size: 18px; color: inherit;'>1er paso<\/h3>\n<h4 style='margin: 0 0 10px; font-size: 16px; color: gray;'>Instalar Milesight toolBox<\/h4>\n<p style='margin: 0; color: inherit;'>Esta aplicaci\u00f3n esta disponible para Android y iOS.<\/p>\n<\/p><\/div>\n<\/p><\/div>\n<div style='flex: 1 1 300px; min-width: 280px; border: 1px solid rgba(150&comma; 150&comma; 150&comma; 0.4); border-radius: 8px; overflow: hidden;'>\n<div style='background-color: #eee; padding: 0;'> <img style='width: 100%; height: auto; border-radius: 0;' src='https:\/\/ftp3.syscom.mx\/usuarios\/fotos\/EM300DI915M\/218615-10.png' alt=''> <\/div>\n<div style='border-top: 5px solid #DF001D; padding: 15px; color: inherit;'>\n<h3 style='margin-top: 0; margin-bottom: 5px; font-size: 18px; color: inherit;'>2do paso<\/h3>\n<h4 style='margin: 0 0 10px; font-size: 16px; color: gray;'>Habilite NFC y ejecute ToolBox. Conecte su telefono al dispositivo<\/h4>\n<p style='margin: 0; color: inherit;'>Para poder hacer una correcta configuraci\u00f3n del dispositivo y obtener una correcta medici\u00f3n en la aplicaci\u00f3n.<\/p>\n<\/p><\/div>\n<\/p><\/div>\n<div style='flex: 1 1 300px; min-width: 280px; border: 1px solid rgba(150&comma; 150&comma; 150&comma; 0.4); border-radius: 8px; overflow: hidden;'>\n<div style='background-color: #eee; padding: 0;'> <img style='width: 100%; height: auto; border-radius: 0;' src='https:\/\/ftp3.syscom.mx\/usuarios\/fotos\/EM300DI915M\/218615-11.png' alt=''> <\/div>\n<div style='border-top: 5px solid #DF001D; padding: 15px; color: inherit;'>\n<h3 style='margin-top: 0; margin-bottom: 5px; font-size: 18px; color: inherit;'>3er paso<\/h3>\n<h4 style='margin: 0 0 10px; font-size: 16px; color: gray;'>Verificar la contrase\u00f1a y comenzar a configurar<\/h4>\n<p style='margin: 0; color: inherit;'>Verificar correctamente la contrase\u00f1a para poder hacer una correcta configuraci\u00f3n en la aplicaci\u00f3n de ToolBox<\/p>\n<\/p><\/div>\n<\/p><\/div>\n<\/p><\/div>\n<\/p><\/div>\n","protected":false},"excerpt":{"rendered":"<p>Bot\u00f3n Inteligente Inal\u00e1mbrico para Automatizaci\u00f3n y Alertas con LoRaWAN<\/p>\n","protected":false},"featured_media":53621,"comment_status":"open","ping_status":"closed","template":"","meta":[],"product_brand":[],"product_cat":[1436],"product_tag":[1437,1455,1438],"class_list":{"0":"post-53622","1":"product","2":"type-product","3":"status-publish","4":"has-post-thumbnail","6":"product_cat-sensores-tags","7":"product_tag-lorawan","8":"product_tag-milesight","9":"product_tag-sensores-tags","11":"first","12":"instock","13":"sale","14":"shipping-taxable","15":"purchasable","16":"product-type-simple"},"_links":{"self":[{"href":"https:\/\/soydeaqui.ddns.net\/pachuca\/index.php\/wp-json\/wp\/v2\/product\/53622","targetHints":{"allow":["GET"]}}],"collection":[{"href":"https:\/\/soydeaqui.ddns.net\/pachuca\/index.php\/wp-json\/wp\/v2\/product"}],"about":[{"href":"https:\/\/soydeaqui.ddns.net\/pachuca\/index.php\/wp-json\/wp\/v2\/types\/product"}],"replies":[{"embeddable":true,"href":"https:\/\/soydeaqui.ddns.net\/pachuca\/index.php\/wp-json\/wp\/v2\/comments?post=53622"}],"wp:featuredmedia":[{"embeddable":true,"href":"https:\/\/soydeaqui.ddns.net\/pachuca\/index.php\/wp-json\/wp\/v2\/media\/53621"}],"wp:attachment":[{"href":"https:\/\/soydeaqui.ddns.net\/pachuca\/index.php\/wp-json\/wp\/v2\/media?parent=53622"}],"wp:term":[{"taxonomy":"product_brand","embeddable":true,"href":"https:\/\/soydeaqui.ddns.net\/pachuca\/index.php\/wp-json\/wp\/v2\/product_brand?post=53622"},{"taxonomy":"product_cat","embeddable":true,"href":"https:\/\/soydeaqui.ddns.net\/pachuca\/index.php\/wp-json\/wp\/v2\/product_cat?post=53622"},{"taxonomy":"product_tag","embeddable":true,"href":"https:\/\/soydeaqui.ddns.net\/pachuca\/index.php\/wp-json\/wp\/v2\/product_tag?post=53622"}],"curies":[{"name":"wp","href":"https:\/\/api.w.org\/{rel}","templated":true}]}}