{"id":53617,"date":"2026-03-19T01:54:16","date_gmt":"2026-03-19T01:54:16","guid":{"rendered":"https:\/\/soydeaqui.ddns.net\/pachuca\/index.php\/producto\/sensor-ultrasonico-de-distancia-con-lorawan\/"},"modified":"2026-03-19T01:54:22","modified_gmt":"2026-03-19T01:54:22","slug":"sensor-ultrasonico-de-distancia-con-lorawan","status":"publish","type":"product","link":"https:\/\/soydeaqui.ddns.net\/pachuca\/index.php\/producto\/sensor-ultrasonico-de-distancia-con-lorawan\/","title":{"rendered":"Sensor Ultras\u00f3nico de Distancia con LoRaWAN"},"content":{"rendered":"<div style='width: 100%; max-width: 1200px; margin: 0 auto; font-family: sans-serif; line-height: 1.6; color: inherit; background-color: transparent;'> <!-- Imagen principal --> <\/p>\n<div style='margin-bottom: 30px;'> <img style='width: 100%; height: auto; border: 1px solid rgba(150&comma;150&comma;150&comma;0.3); border-radius: 8px;' src='https:\/\/ftp3.syscom.mx\/usuarios\/fotos\/EM310UDL915M\/217701-em310udl-1.png' alt='Sensor Ultras\u00f3nico de Distancia EM310UDL915M'> <\/div>\n<p> <!-- Secci\u00f3n de introducci\u00f3n --> <\/p>\n<div style='margin: 40px 0;'>\n<h2 style='font-size: 24px; margin-bottom: 20px; color: inherit;'>Descubra el potencial de EM310-UDL<\/h2>\n<p style='font-size: 15px; color: inherit; opacity: 0.95;'>Es ideal para monitorear los niveles de llenado de cualquier tipo de desecho de forma remota y precisa en contenedores de basura&comma; luego activa alarmas para los limpiadores cuando los contenedores de basura est\u00e1n casi llenos&comma; lo que reduce costos&comma; energ\u00eda y emisiones de carbono.<\/p>\n<\/p><\/div>\n<p> <!-- Videos --> <\/p>\n<div style='display: flex; flex-wrap: wrap; gap: 30px; margin: 40px 0;'> <!-- Primer video --> <\/p>\n<div style='flex: 1 1 300px; min-width: 280px;'>\n<div style='position: relative; padding-bottom: 56.25%; height: 0; overflow: hidden; margin-bottom: 30px;'>   <\/div>\n<\/p><\/div>\n<p> <!-- Segundo video --> <\/p>\n<div style='flex: 1 1 300px; min-width: 280px;'>\n<div style='position: relative; padding-bottom: 56.25%; height: 0; overflow: hidden; margin-bottom: 30px;'>   <\/div>\n<\/p><\/div>\n<\/p><\/div>\n<p> <!-- Imagen 2 --> <\/p>\n<div style='margin: 40px 0;'> <img style='width: 100%; height: auto; border: 1px solid rgba(150&comma;150&comma;150&comma;0.3); border-radius: 8px;' src='https:\/\/ftp3.syscom.mx\/usuarios\/fotos\/EM310UDL915M\/217701-em310udl-2.png' alt='Sensor Ultras\u00f3nico de Distancia EM310UDL915M'> <\/div>\n<p> <!-- Secci\u00f3n con imagen y texto --> <\/p>\n<div style='display: flex; flex-wrap: wrap; gap: 30px; margin: 40px 0;'>\n<div style='flex: 1 1 300px; min-width: 280px;'> <img style='width: 100%; height: auto; border: 1px solid rgba(150&comma;150&comma;150&comma;0.3); border-radius: 8px;' src='https:\/\/ftp3.syscom.mx\/usuarios\/fotos\/EM310UDL915M\/217701-em310udl-3.png' alt='Sensor Ultras\u00f3nico de Distancia EM310UDL915M'> <\/div>\n<div style='flex: 1 1 300px; min-width: 280px; display: flex; align-items: center;'>\n<div style='text-align: left;'>\n<h2 style='font-size: 24px; margin-bottom: 20px; color: inherit;'>Detecci\u00f3n de movimiento del dispositivo<\/h2>\n<p style='font-size: 15px; color: inherit; opacity: 0.95;'>El aceler\u00f3metro de 3 ejes incorporado le permite reconocer el movimiento de los objetos de manera eficiente y confiable.<\/p>\n<\/p><\/div>\n<\/p><\/div>\n<\/p><\/div>\n<p> <!-- Secci\u00f3n contenedor inteligente --> <\/p>\n<div style='margin: 40px 0;'>\n<h2 style='font-size: 24px; margin-bottom: 20px; color: inherit;'>Contenedor inteligente<\/h2>\n<p style='font-size: 15px; color: inherit; opacity: 0.95;'>Tradicionalmente&comma; los contenedores de basura se vac\u00edan uno a uno siguiendo una ruta fija&comma; lo que resulta engorroso. Ahora&comma; la soluci\u00f3n Milesight ofrece un indicador en tiempo real del nivel de basura en el contenedor en un momento determinado. Los datos ayudar\u00e1n a optimizar las rutas de recogida de residuos y&comma; en \u00faltima instancia&comma; a reducir el consumo de combustible.<\/p>\n<\/p><\/div>\n<p> <!-- Imagen gif 1 --> <\/p>\n<div style='margin: 40px 0;'> <img style='width: 100%; height: auto; border: 1px solid rgba(150&comma;150&comma;150&comma;0.3); border-radius: 8px;' src='https:\/\/ftp3.syscom.mx\/usuarios\/fotos\/EM310UDL915M\/217701-intento3.gif' alt='Sensor Ultras\u00f3nico de Distancia EM310UDL915M'> <\/div>\n<p> <!-- Secci\u00f3n estacionamiento inteligente --> <\/p>\n<div style='margin: 40px 0;'>\n<h2 style='font-size: 24px; margin-bottom: 20px; color: inherit;'>Estacionamiento inteligente<\/h2>\n<p style='font-size: 15px; color: inherit; opacity: 0.95;'>El EM310-UDL desempe\u00f1a un papel fundamental en la gesti\u00f3n de aparcamientos en interiores. Puede capturar informaci\u00f3n sobre la ocupaci\u00f3n del aparcamiento en tiempo real. Agiliza la experiencia de conducci\u00f3n&comma; garantizado que los conductores sean guiados hacia el mejor aparcamiento disponible y ahorrando tiempo&comma; energ\u00eda y dinero.<\/p>\n<\/p><\/div>\n<p> <!-- Imagen gif 2 --> <\/p>\n<div style='margin: 40px 0;'> <img style='width: 100%; height: auto; border: 1px solid rgba(150&comma;150&comma;150&comma;0.3); border-radius: 8px;' src='https:\/\/ftp3.syscom.mx\/usuarios\/fotos\/EM310UDL915M\/217701-intento2.gif' alt='Sensor Ultras\u00f3nico de Distancia EM310UDL915M'> <\/div>\n<p> <!-- Imagenes adicionales --> <\/p>\n<div style='display: flex; flex-wrap: wrap; gap: 30px; margin: 40px 0;'>\n<div style='flex: 1 1 300px; min-width: 280px;'> <img style='width: 100%; height: auto; border: 1px solid rgba(150&comma;150&comma;150&comma;0.3); border-radius: 8px;' src='https:\/\/ftp3.syscom.mx\/usuarios\/fotos\/EM310UDL915M\/217701-em310udl-4.png' alt='Sensor Ultras\u00f3nico de Distancia EM310UDL915M'> <\/div>\n<div style='flex: 1 1 300px; min-width: 280px;'> <img style='width: 100%; height: auto; border: 1px solid rgba(150&comma;150&comma;150&comma;0.3); border-radius: 8px;' src='https:\/\/ftp3.syscom.mx\/usuarios\/fotos\/EM310UDL915M\/217701-em310udl-5.png' alt='Sensor Ultras\u00f3nico de Distancia EM310UDL915M'> <\/div>\n<div style='flex: 1 1 300px; min-width: 280px;'> <img style='width: 100%; height: auto; border: 1px solid rgba(150&comma;150&comma;150&comma;0.3); border-radius: 8px;' src='https:\/\/ftp3.syscom.mx\/usuarios\/fotos\/EM310UDL915M\/217701-em310udl-6.png' alt='Sensor Ultras\u00f3nico de Distancia EM310UDL915M'> <\/div>\n<\/p><\/div>\n<\/p><\/div>\n","protected":false},"excerpt":{"rendered":"<p>Sensor Ultras\u00f3nico de Distancia con LoRaWAN<\/p>\n","protected":false},"featured_media":53616,"comment_status":"open","ping_status":"closed","template":"","meta":[],"product_brand":[],"product_cat":[1436],"product_tag":[1437,1455,1438],"class_list":{"0":"post-53617","1":"product","2":"type-product","3":"status-publish","4":"has-post-thumbnail","6":"product_cat-sensores-tags","7":"product_tag-lorawan","8":"product_tag-milesight","9":"product_tag-sensores-tags","11":"first","12":"instock","13":"sale","14":"shipping-taxable","15":"purchasable","16":"product-type-simple"},"_links":{"self":[{"href":"https:\/\/soydeaqui.ddns.net\/pachuca\/index.php\/wp-json\/wp\/v2\/product\/53617","targetHints":{"allow":["GET"]}}],"collection":[{"href":"https:\/\/soydeaqui.ddns.net\/pachuca\/index.php\/wp-json\/wp\/v2\/product"}],"about":[{"href":"https:\/\/soydeaqui.ddns.net\/pachuca\/index.php\/wp-json\/wp\/v2\/types\/product"}],"replies":[{"embeddable":true,"href":"https:\/\/soydeaqui.ddns.net\/pachuca\/index.php\/wp-json\/wp\/v2\/comments?post=53617"}],"wp:featuredmedia":[{"embeddable":true,"href":"https:\/\/soydeaqui.ddns.net\/pachuca\/index.php\/wp-json\/wp\/v2\/media\/53616"}],"wp:attachment":[{"href":"https:\/\/soydeaqui.ddns.net\/pachuca\/index.php\/wp-json\/wp\/v2\/media?parent=53617"}],"wp:term":[{"taxonomy":"product_brand","embeddable":true,"href":"https:\/\/soydeaqui.ddns.net\/pachuca\/index.php\/wp-json\/wp\/v2\/product_brand?post=53617"},{"taxonomy":"product_cat","embeddable":true,"href":"https:\/\/soydeaqui.ddns.net\/pachuca\/index.php\/wp-json\/wp\/v2\/product_cat?post=53617"},{"taxonomy":"product_tag","embeddable":true,"href":"https:\/\/soydeaqui.ddns.net\/pachuca\/index.php\/wp-json\/wp\/v2\/product_tag?post=53617"}],"curies":[{"name":"wp","href":"https:\/\/api.w.org\/{rel}","templated":true}]}}