{"id":53612,"date":"2026-03-19T01:54:09","date_gmt":"2026-03-19T01:54:09","guid":{"rendered":"https:\/\/soydeaqui.ddns.net\/pachuca\/index.php\/producto\/sensor-industrial-para-monitoreo-de-coa-temperatura-humedad-y-presion-con-lorawan\/"},"modified":"2026-03-19T01:54:09","modified_gmt":"2026-03-19T01:54:09","slug":"sensor-industrial-para-monitoreo-de-coa-temperatura-humedad-y-presion-con-lorawan","status":"publish","type":"product","link":"https:\/\/soydeaqui.ddns.net\/pachuca\/index.php\/producto\/sensor-industrial-para-monitoreo-de-coa-temperatura-humedad-y-presion-con-lorawan\/","title":{"rendered":"Sensor Industrial para Monitoreo de CO\u00e2\u201a\u201a, Temperatura, Humedad y Presi\u00f3n con LoRaWAN"},"content":{"rendered":"<div style='width: 100%; max-width: 1200px; margin: 0 auto; font-family: sans-serif; line-height: 1.6; color: inherit; background-color: transparent;'> <!-- Imagen principal --> <\/p>\n<div style='width: 100%; margin-bottom: 30px;'> <img style='width: 100%; height: auto; border: 1px solid rgba(150&comma;150&comma;150&comma;0.3); border-radius: 8px;' src='https:\/\/ftp3.syscom.mx\/usuarios\/fotos\/EM500CO2\/219025-5.jpg' alt='Sensor Industrial MILESIGHT EM500CO2'> <\/div>\n<p> <!-- Acordion de caracter\u00edsticas --> <\/p>\n<div style='display: flex; flex-direction: column; gap: 15px; margin-bottom: 30px;'>\n<div style='border: 1px solid rgba(150&comma;150&comma;150&comma;0.3); border-radius: 8px;'>\n<div style='background-color: rgba(200&comma;200&comma;200&comma;0.1); padding: 15px; border-bottom: 1px solid rgba(150&comma;150&comma;150&comma;0.2);'>\n<h3 style='margin: 0; font-size: 18px; color: inherit;'>Caracter\u00edstica 1<\/h3>\n<\/p><\/div>\n<div style='padding: 15px; color: inherit;'>\n<p style='margin: 0;'>EM500CO2915M est\u00e1 dise\u00f1ado para medir la concentraci\u00f3n de di\u00f3xido de carbono en entornos hostiles.<\/p>\n<\/p><\/div>\n<\/p><\/div>\n<div style='border: 1px solid rgba(150&comma;150&comma;150&comma;0.3); border-radius: 8px;'>\n<div style='background-color: rgba(200&comma;200&comma;200&comma;0.1); padding: 15px; border-bottom: 1px solid rgba(150&comma;150&comma;150&comma;0.2);'>\n<h3 style='margin: 0; font-size: 18px; color: inherit;'>Caracter\u00edstica 2<\/h3>\n<\/p><\/div>\n<div style='padding: 15px; color: inherit;'>\n<p style='margin: 0;'>Es \u00fatil en aplicaciones en las que es importante conocer el nivel de CO2&comma; como invernaderos&comma; ventilaci\u00f3n de edificios&comma; almacenes de frutas y verduras.<\/p>\n<\/p><\/div>\n<\/p><\/div>\n<div style='border: 1px solid rgba(150&comma;150&comma;150&comma;0.3); border-radius: 8px;'>\n<div style='background-color: rgba(200&comma;200&comma;200&comma;0.1); padding: 15px; border-bottom: 1px solid rgba(150&comma;150&comma;150&comma;0.2);'>\n<h3 style='margin: 0; font-size: 18px; color: inherit;'>Caracter\u00edstica 3<\/h3>\n<\/p><\/div>\n<div style='padding: 15px; color: inherit;'>\n<p style='margin: 0;'>Tambi\u00e9n admite la medici\u00f3n de temperatura&comma; humedad y presi\u00f3n barom\u00e9trica<\/p>\n<\/p><\/div>\n<\/p><\/div>\n<\/p><\/div>\n<p> <!-- Video de YouTube --> <\/p>\n<div style='position: relative; padding-bottom: 56.25%; height: 0; overflow: hidden; margin-bottom: 30px;'>   <\/div>\n<p> <!-- Secci\u00f3n bodega inteligente --> <\/p>\n<div style='display: flex; flex-wrap: wrap; gap: 30px; margin-bottom: 30px;'>\n<div style='flex: 1 1 300px; min-width: 280px;'>\n<h3 style='font-size: 22px; border-bottom: 2px solid currentColor; padding-bottom: 5px; margin-top: 0; color: inherit; opacity: 0.8;'>Bodega inteligente<\/h3>\n<p style='margin-bottom: 10px;'>El di\u00f3xido de carbono es un subproceso producido durante la fermentaci\u00f3n del vino. Debido a que la densidad del di\u00f3xido de carbono es m\u00e1s pesada que la del aire&comma; es f\u00e1cil que se desborde del tanque de fermentaci\u00f3n<\/p>\n<p style='margin-bottom: 0;'>Al caer al suelo de la bodega&comma; formar\u00e1 baches fatales e imperceptibles&comma; lo que traer\u00e1 un gran peligro oculto para la seguridad de los operarios<\/p>\n<\/p><\/div>\n<div style='flex: 1 1 300px; min-width: 280px;'> <img style='width: 100%; height: auto; border: 1px solid rgba(150&comma;150&comma;150&comma;0.3); border-radius: 8px;' src='https:\/\/ftp3.syscom.mx\/usuarios\/fotos\/EM500CO2\/219025-6.jpg' alt='Bodega inteligente'> <\/div>\n<\/p><\/div>\n<p> <!-- Secci\u00f3n detecci\u00f3n de incendios forestales --> <\/p>\n<div style='display: flex; flex-wrap: wrap; gap: 30px; margin-bottom: 30px;'>\n<div style='flex: 1 1 300px; min-width: 280px;'> <img style='width: 100%; height: auto; border: 1px solid rgba(150&comma;150&comma;150&comma;0.3); border-radius: 8px;' src='https:\/\/ftp3.syscom.mx\/usuarios\/fotos\/EM500CO2\/219025-7.jpg' alt='Detecci\u00f3n de incendios forestales'> <\/div>\n<div style='flex: 1 1 300px; min-width: 280px;'>\n<h3 style='font-size: 22px; border-bottom: 2px solid currentColor; padding-bottom: 5px; margin-top: 0; color: inherit; opacity: 0.8;'>Detecci\u00f3n de incendios forestales<\/h3>\n<p style='margin-bottom: 10px;'>Hoy en d\u00eda&comma; los incendios forestales provocan con frecuencia graves amenazas al medio hambiente y producen verdaderas situaciones de emergencia y desastres naturales<\/p>\n<p style='margin-bottom: 0;'>La mayor\u00eda de las veces&comma; cuando alguien se da cuenta del fuego es demasiado tarde porque el fuego ya se ha extendido. Por lo tanto&comma; se puede evaluar las mejoras del sistema de detecci\u00f3n de incendios forestales mediante el control de CO2<\/p>\n<\/p><\/div>\n<\/p><\/div>\n<p> <!-- Secci\u00f3n web en la nube y aplicaci\u00f3n --> <\/p>\n<div style='display: flex; flex-wrap: wrap; gap: 30px; margin-bottom: 30px;'>\n<div style='flex: 1 1 300px; min-width: 280px;'>\n<h3 style='font-size: 22px; border-bottom: 2px solid currentColor; padding-bottom: 5px; margin-top: 0; color: inherit; opacity: 0.8;'>Web en la nube y aplicaci\u00f3n<\/h3>\n<p style='margin-bottom: 10px;'>El sensor de CO2 funciona perfectamente con Milesight IoT Cloud lo que le permite monitorear sus datos en la oficina o mientras viaja<\/p>\n<p style='margin-bottom: 0;'>Con una experiencia de arrastrar y soltar&comma; Milesight IoT Cloud proporciona caracter\u00edsticas ricas como widgets intuitivos&comma; dispensadores&comma; uso compartido y transferencia de propiedad de dispositivos&comma; capas&comma; etc.<\/p>\n<\/p><\/div>\n<div style='flex: 1 1 300px; min-width: 280px;'> <img style='width: 100%; height: auto; border: 1px solid rgba(150&comma;150&comma;150&comma;0.3); border-radius: 8px;' src='https:\/\/ftp3.syscom.mx\/usuarios\/fotos\/EM500CO2\/219025-8.jpg' alt='Web en la nube y aplicaci\u00f3n'> <\/div>\n<\/p><\/div>\n<p> <!-- Secci\u00f3n transmisi\u00f3n inal\u00e1mbrica LoRaWAN --> <\/p>\n<div style='display: flex; flex-wrap: wrap; gap: 30px; margin-bottom: 30px;'>\n<div style='flex: 1 1 300px; min-width: 280px;'>\n<h3 style='font-size: 22px; border-bottom: 2px solid currentColor; padding-bottom: 5px; margin-top: 0; color: inherit; opacity: 0.8;'>Transmisi\u00f3n inal\u00e1mbrica LoRaWAN<\/h3>\n<p style='margin-bottom: 10px;'>Consumo de energ\u00eda ultra bajo y f\u00e1cil implementaci\u00f3n<\/p>\n<p style='margin-bottom: 0;'>La bater\u00eda incorporada de alta capacidad de 19000 mAh se puede utilizar durante 10 a\u00f1os<\/p>\n<\/p><\/div>\n<div style='flex: 1 1 300px; min-width: 280px;'> <img style='width: 100%; height: auto; border: 1px solid rgba(150&comma;150&comma;150&comma;0.3); border-radius: 8px;' src='https:\/\/ftp3.syscom.mx\/usuarios\/fotos\/EM500CO2\/219025-9.jpg' alt='Transmisi\u00f3n inal\u00e1mbrica LoRaWAN'> <\/div>\n<\/p><\/div>\n<p> <!-- Pasos de configuraci\u00f3n --> <\/p>\n<div style='display: flex; flex-wrap: wrap; gap: 20px; margin-bottom: 30px;'>\n<div style='flex: 1 1 250px; min-width: 230px; border: 1px solid rgba(150&comma; 150&comma; 150&comma; 0.4); border-radius: 8px; overflow: hidden;'>\n<div style='background-color: rgba(200&comma;200&comma;200&comma;0.1); padding: 15px; border-bottom: 1px solid rgba(150&comma;150&comma;150&comma;0.2);'>\n<h4 style='margin: 0; font-size: 18px; color: inherit;'>1er paso<\/h4>\n<p style='margin: 5px 0 0; color: rgba(120&comma;120&comma;120&comma;0.8); font-size: 14px;'>Instalar Milesight ToolBox<\/p>\n<\/p><\/div>\n<div style='padding: 15px; color: inherit;'> <img style='width: 100%; height: auto; border: 1px solid rgba(150&comma;150&comma;150&comma;0.3); border-radius: 8px; margin-bottom: 10px;' src='https:\/\/ftp3.syscom.mx\/usuarios\/fotos\/EM300DI915M\/218615-9.png' alt='Instalar Milesight ToolBox'> <\/p>\n<p style='margin: 0;'>Esta aplicaci\u00f3n est\u00e1 disponible para Android y iOS.<\/p>\n<\/p><\/div>\n<\/p><\/div>\n<div style='flex: 1 1 250px; min-width: 230px; border: 1px solid rgba(150&comma; 150&comma; 150&comma; 0.4); border-radius: 8px; overflow: hidden;'>\n<div style='background-color: rgba(200&comma;200&comma;200&comma;0.1); padding: 15px; border-bottom: 1px solid rgba(150&comma;150&comma;150&comma;0.2);'>\n<h4 style='margin: 0; font-size: 18px; color: inherit;'>2do paso<\/h4>\n<p style='margin: 5px 0 0; color: rgba(120&comma;120&comma;120&comma;0.8); font-size: 14px;'>Habilite NFC y ejecute ToolBox. Conecte su tel\u00e9fono al dispositivo<\/p>\n<\/p><\/div>\n<div style='padding: 15px; color: inherit;'> <img style='width: 100%; height: auto; border: 1px solid rgba(150&comma;150&comma;150&comma;0.3); border-radius: 8px; margin-bottom: 10px;' src='https:\/\/ftp3.syscom.mx\/usuarios\/fotos\/EM300DI915M\/218615-10.png' alt='Habilite NFC y ejecute ToolBox'> <\/p>\n<p style='margin: 0;'>Para poder hacer una correcta configuraci\u00f3n del dispositivo y obtener una correcta medici\u00f3n en la aplicaci\u00f3n.<\/p>\n<\/p><\/div>\n<\/p><\/div>\n<div style='flex: 1 1 250px; min-width: 230px; border: 1px solid rgba(150&comma; 150&comma; 150&comma; 0.4); border-radius: 8px; overflow: hidden;'>\n<div style='background-color: rgba(200&comma;200&comma;200&comma;0.1); padding: 15px; border-bottom: 1px solid rgba(150&comma;150&comma;150&comma;0.2);'>\n<h4 style='margin: 0; font-size: 18px; color: inherit;'>3er paso<\/h4>\n<p style='margin: 5px 0 0; color: rgba(120&comma;120&comma;120&comma;0.8); font-size: 14px;'>Verificar la contrase\u00f1a y comenzar a configurar<\/p>\n<\/p><\/div>\n<div style='padding: 15px; color: inherit;'> <img style='width: 100%; height: auto; border: 1px solid rgba(150&comma;150&comma;150&comma;0.3); border-radius: 8px; margin-bottom: 10px;' src='https:\/\/ftp3.syscom.mx\/usuarios\/fotos\/EM300DI915M\/218615-11.png' alt='Verificar la contrase\u00f1a'> <\/p>\n<p style='margin: 0;'>Verificar correctamente la contrase\u00f1a para poder hacer una correcta configuraci\u00f3n en la aplicaci\u00f3n de ToolBox<\/p>\n<\/p><\/div>\n<\/p><\/div>\n<\/p><\/div>\n<\/p><\/div>\n","protected":false},"excerpt":{"rendered":"<p>Sensor Industrial para Monitoreo de CO\u00e2\u201a\u201a, Temperatura, Humedad y Presi\u00f3n con LoRaWAN<\/p>\n","protected":false},"featured_media":53611,"comment_status":"open","ping_status":"closed","template":"","meta":[],"product_brand":[],"product_cat":[1436],"product_tag":[1437,1455,1438],"class_list":{"0":"post-53612","1":"product","2":"type-product","3":"status-publish","4":"has-post-thumbnail","6":"product_cat-sensores-tags","7":"product_tag-lorawan","8":"product_tag-milesight","9":"product_tag-sensores-tags","11":"first","12":"instock","13":"sale","14":"shipping-taxable","15":"purchasable","16":"product-type-simple"},"_links":{"self":[{"href":"https:\/\/soydeaqui.ddns.net\/pachuca\/index.php\/wp-json\/wp\/v2\/product\/53612","targetHints":{"allow":["GET"]}}],"collection":[{"href":"https:\/\/soydeaqui.ddns.net\/pachuca\/index.php\/wp-json\/wp\/v2\/product"}],"about":[{"href":"https:\/\/soydeaqui.ddns.net\/pachuca\/index.php\/wp-json\/wp\/v2\/types\/product"}],"replies":[{"embeddable":true,"href":"https:\/\/soydeaqui.ddns.net\/pachuca\/index.php\/wp-json\/wp\/v2\/comments?post=53612"}],"wp:featuredmedia":[{"embeddable":true,"href":"https:\/\/soydeaqui.ddns.net\/pachuca\/index.php\/wp-json\/wp\/v2\/media\/53611"}],"wp:attachment":[{"href":"https:\/\/soydeaqui.ddns.net\/pachuca\/index.php\/wp-json\/wp\/v2\/media?parent=53612"}],"wp:term":[{"taxonomy":"product_brand","embeddable":true,"href":"https:\/\/soydeaqui.ddns.net\/pachuca\/index.php\/wp-json\/wp\/v2\/product_brand?post=53612"},{"taxonomy":"product_cat","embeddable":true,"href":"https:\/\/soydeaqui.ddns.net\/pachuca\/index.php\/wp-json\/wp\/v2\/product_cat?post=53612"},{"taxonomy":"product_tag","embeddable":true,"href":"https:\/\/soydeaqui.ddns.net\/pachuca\/index.php\/wp-json\/wp\/v2\/product_tag?post=53612"}],"curies":[{"name":"wp","href":"https:\/\/api.w.org\/{rel}","templated":true}]}}