{"id":53604,"date":"2026-03-19T01:53:53","date_gmt":"2026-03-19T01:53:53","guid":{"rendered":"https:\/\/soydeaqui.ddns.net\/pachuca\/index.php\/producto\/sensor-de-monitoreo-iot-de-humedad-temperatura-y-conductividad-del-suelo\/"},"modified":"2026-03-19T01:54:02","modified_gmt":"2026-03-19T01:54:02","slug":"sensor-de-monitoreo-iot-de-humedad-temperatura-y-conductividad-del-suelo","status":"publish","type":"product","link":"https:\/\/soydeaqui.ddns.net\/pachuca\/index.php\/producto\/sensor-de-monitoreo-iot-de-humedad-temperatura-y-conductividad-del-suelo\/","title":{"rendered":"Sensor de Monitoreo IoT de Humedad, Temperatura y Conductividad del Suelo"},"content":{"rendered":"<div style='width: 100%; max-width: 1200px; margin: 0 auto; font-family: sans-serif; line-height: 1.6; color: inherit; background-color: transparent;'>\n<div style='width: 100%; margin-bottom: 30px;'> <img style='width: 100%; height: auto; border: 1px solid rgba(150&comma;150&comma;150&comma;0.3); border-radius: 8px;' src='https:\/\/ftp3.syscom.mx\/usuarios\/fotos\/EM500SMTC\/219029-1.jpg' alt='Sensor de Monitoreo IoT'> <\/div>\n<div style='display: flex; flex-wrap: wrap; gap: 30px; margin-bottom: 30px;'>\n<div style='flex: 1 1 300px; min-width: 280px;'>\n<h3 style='font-size: 22px; border-bottom: 2px solid currentColor; padding-bottom: 5px; margin-top: 0; color: inherit; opacity: 0.8;'>Caracter\u00edstica 1<\/h3>\n<p style='font-size: 15px; color: inherit;'>Proporciona una sonda externa para recibir informaci\u00f3n precisa e instant\u00e1nea sobre el contenido de humedad del suelo&comma; la temperatura y la conductividad el\u00e9ctrica<\/p>\n<\/p><\/div>\n<div style='flex: 1 1 300px; min-width: 280px;'>\n<h3 style='font-size: 22px; border-bottom: 2px solid currentColor; padding-bottom: 5px; margin-top: 0; color: inherit; opacity: 0.8;'>Caracter\u00edstica 2<\/h3>\n<p style='font-size: 15px; color: inherit;'>Es una herramienta importante para cualquier persona involucrada con el suelo<\/p>\n<\/p><\/div>\n<div style='flex: 1 1 300px; min-width: 280px;'>\n<h3 style='font-size: 22px; border-bottom: 2px solid currentColor; padding-bottom: 5px; margin-top: 0; color: inherit; opacity: 0.8;'>Caracter\u00edstica 3<\/h3>\n<p style='font-size: 15px; color: inherit;'>Alta precisi\u00f3n de grado de investigaci\u00f3n en m\u00faltiples medios de suelo<\/p>\n<\/p><\/div>\n<\/p><\/div>\n<div style='position: relative; padding-bottom: 56.25%; height: 0; overflow: hidden; margin-bottom: 30px;'>   <\/div>\n<div style='display: flex; flex-wrap: wrap; gap: 30px; margin-bottom: 30px;'>\n<div style='flex: 1 1 300px; min-width: 280px;'>\n<h3 style='font-size: 22px; border-bottom: 2px solid currentColor; padding-bottom: 5px; margin-top: 0; color: inherit; opacity: 0.8;'>Monitoreo inteligente del suelo<\/h3>\n<p style='font-size: 15px; color: inherit;'>En los \u00faltimos a\u00f1os&comma; las aplicaciones de IoT masiva implementadas en el monitoreo del suelo&comma; por ejemplo&comma; en invernaderos&comma; han acelerado la evoluci\u00f3n de la agricultura digital. La recopilaci\u00f3n de datos de factores ambientales como la temperatura&comma; la humedad&comma; el contenido del suelo&comma; la velocidad del viento&comma; las precipitaciones&comma; el nitr\u00f3geno&comma; el f\u00f3sforo y el potasio han constituido una parte importante en el monitoreo del suelo<\/p>\n<\/p><\/div>\n<div style='flex: 1 1 300px; min-width: 280px;'> <img style='width: 100%; height: auto; border: 1px solid rgba(150&comma;150&comma;150&comma;0.3); border-radius: 8px;' src='https:\/\/ftp3.syscom.mx\/usuarios\/fotos\/EM500SMTC\/219029-2.jpg' alt='Monitoreo del suelo'> <\/div>\n<\/p><\/div>\n<div style='display: flex; flex-wrap: wrap; gap: 30px; margin-bottom: 30px;'>\n<div style='flex: 1 1 300px; min-width: 280px;'>\n<h3 style='font-size: 22px; border-bottom: 2px solid currentColor; padding-bottom: 5px; margin-top: 0; color: inherit; opacity: 0.8;'>Web en la nube y aplicaci\u00f3n<\/h3>\n<p style='font-size: 15px; color: inherit;'>El sensor de CO2 funciona perfectamente con Milesight IoT cloud. Lo que le permite monitorear sus datos en la oficina o mientras viaja<\/p>\n<p style='font-size: 15px; color: inherit;'>Con una experiencia de arrastrar y soltar&comma; Milesight IoT cloud proporciona caracter\u00edsticas ricas como widgets intuitivos&comma; dispensadores&comma; uso compartido y transferencia de propiedad de dispositivos&comma; capas&comma; etc.<\/p>\n<\/p><\/div>\n<div style='flex: 1 1 300px; min-width: 280px;'> <img style='width: 100%; height: auto; border: 1px solid rgba(150&comma;150&comma;150&comma;0.3); border-radius: 8px;' src='https:\/\/ftp3.syscom.mx\/usuarios\/fotos\/EM500CO2\/219025-8.jpg' alt='Web en la nube'> <\/div>\n<\/p><\/div>\n<div style='display: flex; flex-wrap: wrap; gap: 30px; margin-bottom: 30px;'>\n<div style='flex: 1 1 300px; min-width: 280px;'>\n<h3 style='font-size: 22px; border-bottom: 2px solid currentColor; padding-bottom: 5px; margin-top: 0; color: inherit; opacity: 0.8;'>Transmisi\u00f3n inal\u00e1mbrica LoRaWAN<\/h3>\n<p style='font-size: 15px; color: inherit;'>Consumo de energ\u00eda ultra bajo y f\u00e1cil implementaci\u00f3n<\/p>\n<p style='font-size: 15px; color: inherit;'>La bater\u00eda incorporada de alta capacidad de 19000 mAh se puede utilizar durante 10 a\u00f1os<\/p>\n<\/p><\/div>\n<div style='flex: 1 1 300px; min-width: 280px;'> <img style='width: 100%; height: auto; border: 1px solid rgba(150&comma;150&comma;150&comma;0.3); border-radius: 8px;' src='https:\/\/ftp3.syscom.mx\/usuarios\/fotos\/EM500CO2\/219025-9.jpg' alt='Transmisi\u00f3n LoRaWAN'> <\/div>\n<\/p><\/div>\n<hr style='border: 0; border-top: 1px solid rgba(150&comma;150&comma;150&comma;0.3); margin: 30px 0;'>\n<div style='display: grid; grid-template-columns: repeat(auto-fill&comma; minmax(280px&comma; 1fr)); gap: 30px; margin-bottom: 30px;'>\n<div style='border: 1px solid rgba(150&comma; 150&comma; 150&comma; 0.4); border-radius: 8px; overflow: hidden;'>\n<div style='padding: 15px; border-bottom: 1px solid rgba(150&comma; 150&comma; 150&comma; 0.2); font-weight: bold; font-size: 18px; color: inherit;'>1er paso<\/div>\n<div style='padding: 15px; color: inherit;'> <img style='width: 100%; height: auto; border: 1px solid rgba(150&comma;150&comma;150&comma;0.3); border-radius: 8px;' src='https:\/\/ftp3.syscom.mx\/usuarios\/fotos\/EM300DI915M\/218615-9.png' alt='Instalar Milesight ToolBox'> <\/p>\n<h4 style='font-size: 16px; margin-top: 15px; color: inherit; opacity: 0.8;'>Instalar Milesight ToolBox<\/h4>\n<p style='font-size: 14px; color: inherit;'>Esta aplicaci\u00f3n est\u00e1 disponible para Android y iOS.<\/p>\n<\/p><\/div>\n<\/p><\/div>\n<div style='border: 1px solid rgba(150&comma; 150&comma; 150&comma; 0.4); border-radius: 8px; overflow: hidden;'>\n<div style='padding: 15px; border-bottom: 1px solid rgba(150&comma; 150&comma; 150&comma; 0.2); font-weight: bold; font-size: 18px; color: inherit;'>2do paso<\/div>\n<div style='padding: 15px; color: inherit;'> <img style='width: 100%; height: auto; border: 1px solid rgba(150&comma;150&comma;150&comma;0.3); border-radius: 8px;' src='https:\/\/ftp3.syscom.mx\/usuarios\/fotos\/EM300DI915M\/218615-10.png' alt='Habilite NFC y ejecute ToolBox'> <\/p>\n<h4 style='font-size: 16px; margin-top: 15px; color: inherit; opacity: 0.8;'>Habilite NFC y ejecute ToolBox. Conecte su tel\u00e9fono al dispositivo<\/h4>\n<p style='font-size: 14px; color: inherit;'>Para poder hacer una correcta configuraci\u00f3n del dispositivo y obtener una correcta medici\u00f3n en la aplicaci\u00f3n.<\/p>\n<\/p><\/div>\n<\/p><\/div>\n<div style='border: 1px solid rgba(150&comma; 150&comma; 150&comma; 0.4); border-radius: 8px; overflow: hidden;'>\n<div style='padding: 15px; border-bottom: 1px solid rgba(150&comma; 150&comma; 150&comma; 0.2); font-weight: bold; font-size: 18px; color: inherit;'>3er paso<\/div>\n<div style='padding: 15px; color: inherit;'> <img style='width: 100%; height: auto; border: 1px solid rgba(150&comma;150&comma;150&comma;0.3); border-radius: 8px;' src='https:\/\/ftp3.syscom.mx\/usuarios\/fotos\/EM300DI915M\/218615-11.png' alt='Verificar la contrase\u00f1a'> <\/p>\n<h4 style='font-size: 16px; margin-top: 15px; color: inherit; opacity: 0.8;'>Verificar la contrase\u00f1a y comenzar a configurar<\/h4>\n<p style='font-size: 14px; color: inherit;'>Verificar correctamente la contrase\u00f1a para poder hacer una correcta configuraci\u00f3n en la aplicaci\u00f3n de ToolBox<\/p>\n<\/p><\/div>\n<\/p><\/div>\n<\/p><\/div>\n<\/p><\/div>\n","protected":false},"excerpt":{"rendered":"<p>Sensor de Monitoreo IoT de Humedad, Temperatura y Conductividad del Suelo<\/p>\n","protected":false},"featured_media":53603,"comment_status":"open","ping_status":"closed","template":"","meta":[],"product_brand":[],"product_cat":[1436],"product_tag":[1437,1455,1438],"class_list":{"0":"post-53604","1":"product","2":"type-product","3":"status-publish","4":"has-post-thumbnail","6":"product_cat-sensores-tags","7":"product_tag-lorawan","8":"product_tag-milesight","9":"product_tag-sensores-tags","11":"first","12":"instock","13":"sale","14":"shipping-taxable","15":"purchasable","16":"product-type-simple"},"_links":{"self":[{"href":"https:\/\/soydeaqui.ddns.net\/pachuca\/index.php\/wp-json\/wp\/v2\/product\/53604","targetHints":{"allow":["GET"]}}],"collection":[{"href":"https:\/\/soydeaqui.ddns.net\/pachuca\/index.php\/wp-json\/wp\/v2\/product"}],"about":[{"href":"https:\/\/soydeaqui.ddns.net\/pachuca\/index.php\/wp-json\/wp\/v2\/types\/product"}],"replies":[{"embeddable":true,"href":"https:\/\/soydeaqui.ddns.net\/pachuca\/index.php\/wp-json\/wp\/v2\/comments?post=53604"}],"wp:featuredmedia":[{"embeddable":true,"href":"https:\/\/soydeaqui.ddns.net\/pachuca\/index.php\/wp-json\/wp\/v2\/media\/53603"}],"wp:attachment":[{"href":"https:\/\/soydeaqui.ddns.net\/pachuca\/index.php\/wp-json\/wp\/v2\/media?parent=53604"}],"wp:term":[{"taxonomy":"product_brand","embeddable":true,"href":"https:\/\/soydeaqui.ddns.net\/pachuca\/index.php\/wp-json\/wp\/v2\/product_brand?post=53604"},{"taxonomy":"product_cat","embeddable":true,"href":"https:\/\/soydeaqui.ddns.net\/pachuca\/index.php\/wp-json\/wp\/v2\/product_cat?post=53604"},{"taxonomy":"product_tag","embeddable":true,"href":"https:\/\/soydeaqui.ddns.net\/pachuca\/index.php\/wp-json\/wp\/v2\/product_tag?post=53604"}],"curies":[{"name":"wp","href":"https:\/\/api.w.org\/{rel}","templated":true}]}}