{"id":53590,"date":"2026-03-19T01:53:28","date_gmt":"2026-03-19T01:53:28","guid":{"rendered":"https:\/\/soydeaqui.ddns.net\/pachuca\/index.php\/producto\/luz-de-trabajo-700-lm-lumens-iluminacion-para-vehiculos-redonda-led-4-pulgadas-de-altura-iluminacion-para-vehiculos-pedestal\/"},"modified":"2026-03-19T01:53:28","modified_gmt":"2026-03-19T01:53:28","slug":"luz-de-trabajo-700-lm-lumens-iluminacion-para-vehiculos-redonda-led-4-pulgadas-de-altura-iluminacion-para-vehiculos-pedestal","status":"publish","type":"product","link":"https:\/\/soydeaqui.ddns.net\/pachuca\/index.php\/producto\/luz-de-trabajo-700-lm-lumens-iluminacion-para-vehiculos-redonda-led-4-pulgadas-de-altura-iluminacion-para-vehiculos-pedestal\/","title":{"rendered":"Luz de Trabajo: 700 lm Lumens &#8211; Iluminaci\u00f3n para veh\u00edculos, redonda, LED, 4 pulgadas de altura &#8211; Iluminaci\u00f3n para veh\u00edculos, pedestal"},"content":{"rendered":"<div style='width: 100%; max-width: 1200px; margin: 0 auto; font-family: sans-serif; line-height: 1.6; color: inherit; background-color: transparent;'> <!-- Secci\u00f3n de caracter\u00edsticas --> <\/p>\n<div style='display: flex; flex-wrap: wrap; gap: 30px; margin-bottom: 30px;'>\n<div style='flex: 1 1 300px; min-width: 280px;'>\n<h3 style='font-size: 22px; border-bottom: 2px solid currentColor; padding-bottom: 5px; margin-top: 0; color: inherit; opacity: 0.8;'>Iluminaci\u00f3n para veh\u00edculos<\/h3>\n<ul style='padding-left: 20px; font-size: 15px; color: inherit;'>\n<li style='margin-bottom: 5px;'><strong>L\u00famenes:<\/strong> 700 lm<\/li>\n<li style='margin-bottom: 5px;'><strong>Forma del lente:<\/strong> Redonda<\/li>\n<li style='margin-bottom: 5px;'><strong>Tecnolog\u00eda de iluminaci\u00f3n:<\/strong> LED<\/li>\n<li style='margin-bottom: 5px;'><strong>Altura:<\/strong> 4 pulgadas<\/li>\n<li style='margin-bottom: 5px;'><strong>Ancho:<\/strong> 6 pulgadas<\/li>\n<li style='margin-bottom: 5px;'><strong>Longitud:<\/strong> 6 pulgadas<\/li>\n<li style='margin-bottom: 5px;'><strong>Montaje:<\/strong> Pedestal<\/li>\n<li style='margin-bottom: 5px;'><strong>Conexi\u00f3n de cableado:<\/strong> Conector en forma de cable<\/li>\n<\/ul><\/div>\n<\/p><\/div>\n<p> <!-- Secci\u00f3n de cards con especificaciones --> <\/p>\n<div style='display: flex; flex-wrap: wrap; gap: 20px; margin-bottom: 30px;'>\n<div style='flex: 1 1 250px; border: 1px solid rgba(150&comma; 150&comma; 150&comma; 0.4); border-radius: 8px; overflow: hidden; display: flex; flex-direction: column;'>\n<div style='padding: 15px; border-bottom: 1px solid rgba(150&comma; 150&comma; 150&comma; 0.2); font-weight: bold; font-size: 18px; color: inherit;'>Informaci\u00f3n adicional<\/div>\n<div style='padding: 15px; color: inherit;'>\n<ul style='padding-left: 20px; margin: 0; font-size: 14px; list-style-type: disc;'>\n<li style='margin-bottom: 5px;'><strong>Color del lente:<\/strong> Transparente<\/li>\n<li style='margin-bottom: 5px;'><strong>Aplicaci\u00f3n:<\/strong> Utilidad\/ Construcci\u00f3n\/ Miner\u00eda\/ Remolque\/ Agricultura\/ Manipulaci\u00f3n de materiales<\/li>\n<li style='margin-bottom: 5px;'><strong>Dise\u00f1o del lente:<\/strong> Redondo<\/li>\n<li style='margin-bottom: 5px;'><strong>Salida de luz:<\/strong> 700 lm<\/li>\n<li style='margin-bottom: 5px;'><strong>Voltaje:<\/strong> 12 a 24V DC<\/li>\n<li style='margin-bottom: 5px;'><strong>Corriente:<\/strong> 0.6 A<\/li>\n<li style='margin-bottom: 5px;'><strong>Material de la base:<\/strong> Aluminio<\/li>\n<li style='margin-bottom: 5px;'><strong>Material de la carcasa:<\/strong> Aluminio<\/li>\n<li style='margin-bottom: 5px;'><strong>Color de la carcasa:<\/strong> Negro<\/li>\n<li style='margin-bottom: 5px;'><strong>Material del lente:<\/strong> Policarbonato<\/li>\n<li style='margin-bottom: 5px;'><strong>Caracter\u00edsticas:<\/strong> (6) LED de 3 vatios<\/li>\n<li style='margin-bottom: 5px;'><strong>Incluye:<\/strong> Soporte de montaje<\/li>\n<li style='margin-bottom: 5px;'><strong>Peso:<\/strong> 1.6 lb<\/li>\n<li style='margin-bottom: 5px;'><strong>Dimensiones L x A x H (pulg.):<\/strong> 5.2 x 4.2 x 1.7<\/li>\n<\/ul><\/div>\n<\/p><\/div>\n<\/p><\/div>\n<p> <!-- Separador --> <\/p>\n<hr style='border: 0; border-top: 1px solid rgba(150&comma; 150&comma; 150&comma; 0.3); margin: 30px 0;'> <\/div>\n","protected":false},"excerpt":{"rendered":"<p>Luz de Trabajo: 700 lm Lumens &#8211; Iluminaci\u00f3n para veh\u00edculos, redonda, LED, 4 pulgadas de altura &#8211; Iluminaci\u00f3n para veh\u00edculos, pedestal<\/p>\n","protected":false},"featured_media":53589,"comment_status":"open","ping_status":"closed","template":"","meta":[],"product_brand":[],"product_cat":[1355],"product_tag":[1357,1356,502],"class_list":{"0":"post-53590","1":"product","2":"type-product","3":"status-publish","4":"has-post-thumbnail","6":"product_cat-accesorios-refacciones","7":"product_tag-accesorios-refacciones","8":"product_tag-barras-de-luz-torretas-vehiculares","9":"product_tag-ecco","11":"first","12":"instock","13":"sale","14":"shipping-taxable","15":"purchasable","16":"product-type-simple"},"_links":{"self":[{"href":"https:\/\/soydeaqui.ddns.net\/pachuca\/index.php\/wp-json\/wp\/v2\/product\/53590","targetHints":{"allow":["GET"]}}],"collection":[{"href":"https:\/\/soydeaqui.ddns.net\/pachuca\/index.php\/wp-json\/wp\/v2\/product"}],"about":[{"href":"https:\/\/soydeaqui.ddns.net\/pachuca\/index.php\/wp-json\/wp\/v2\/types\/product"}],"replies":[{"embeddable":true,"href":"https:\/\/soydeaqui.ddns.net\/pachuca\/index.php\/wp-json\/wp\/v2\/comments?post=53590"}],"wp:featuredmedia":[{"embeddable":true,"href":"https:\/\/soydeaqui.ddns.net\/pachuca\/index.php\/wp-json\/wp\/v2\/media\/53589"}],"wp:attachment":[{"href":"https:\/\/soydeaqui.ddns.net\/pachuca\/index.php\/wp-json\/wp\/v2\/media?parent=53590"}],"wp:term":[{"taxonomy":"product_brand","embeddable":true,"href":"https:\/\/soydeaqui.ddns.net\/pachuca\/index.php\/wp-json\/wp\/v2\/product_brand?post=53590"},{"taxonomy":"product_cat","embeddable":true,"href":"https:\/\/soydeaqui.ddns.net\/pachuca\/index.php\/wp-json\/wp\/v2\/product_cat?post=53590"},{"taxonomy":"product_tag","embeddable":true,"href":"https:\/\/soydeaqui.ddns.net\/pachuca\/index.php\/wp-json\/wp\/v2\/product_tag?post=53590"}],"curies":[{"name":"wp","href":"https:\/\/api.w.org\/{rel}","templated":true}]}}