{"id":5359,"date":"2026-03-18T06:30:22","date_gmt":"2026-03-18T06:30:22","guid":{"rendered":"https:\/\/soydeaqui.ddns.net\/pachuca\/index.php\/producto\/antena-hub-principal-vive-capacidad-75-puede-crecer-a-700-senal-inalambrica-clearconnect-para-dispositivos-lutron-y-wifi-para-su-programacion\/"},"modified":"2026-03-18T06:30:22","modified_gmt":"2026-03-18T06:30:22","slug":"antena-hub-principal-vive-capacidad-75-puede-crecer-a-700-senal-inalambrica-clearconnect-para-dispositivos-lutron-y-wifi-para-su-programacion","status":"publish","type":"product","link":"https:\/\/soydeaqui.ddns.net\/pachuca\/index.php\/producto\/antena-hub-principal-vive-capacidad-75-puede-crecer-a-700-senal-inalambrica-clearconnect-para-dispositivos-lutron-y-wifi-para-su-programacion\/","title":{"rendered":"Antena  HUB principal VIVE, capacidad 75, puede crecer a 700. Se\u00f1al inal\u00e1mbrica ClearConnect para dispositivos LUTRON y Wifi para su programacion."},"content":{"rendered":"<div style='width: 100%; max-width: 1200px; margin: 0 auto; font-family: sans-serif; line-height: 1.6; color: inherit; background-color: transparent;'> <!-- Secci\u00f3n intro y beneficios --> <\/p>\n<div style='display: flex; flex-wrap: wrap; gap: 30px; margin-bottom: 30px;'>\n<div style='flex: 1 1 300px; min-width: 280px;'>\n<h3 style='font-size: 22px; border-bottom: 2px solid currentColor; padding-bottom: 5px; margin-top: 0; color: inherit; opacity: 0.8;'>Transforme edificios existentes<\/h3>\n<p style='font-size: 15px; color: inherit; margin-top: 15px; margin-bottom: 15px;'>Transforme edificios existentes usando controles de iluminaci\u00f3n inal\u00e1mbricos.<\/p>\n<h3 style='font-size: 22px; border-bottom: 2px solid currentColor; padding-bottom: 5px; margin-top: 25px; color: inherit; opacity: 0.8;'>Funciones y beneficios<\/h3>\n<ul style='padding-left: 20px; font-size: 15px; color: inherit; margin-top: 15px;'>\n<li style='margin-bottom: 5px;'>Se comunica con los controles de un piso mediante la tecnolog\u00eda inal\u00e1mbrica Clear Connect de Lutron (radio de rango 22 m [71 pies])<\/li>\n<li style='margin-bottom: 5px;'>Arquitectura de sistema distribuido<\/li>\n<li style='margin-bottom: 5px;'>Los controles remotos y los sensores Pico se comunican directamente con los dispositivos de carga que controlan y deben ubicarse dentro de una distancia de 9 m (30 pies) del dispositivo con el que est\u00e1n asociados<\/li>\n<li style='margin-bottom: 5px;'>Admite eventos de programador basados en el amanecer y el atardecer&comma; o una hora determinada del d\u00eda<\/li>\n<li style='margin-bottom: 5px;'>La luz de LED de varios colores integrada permite saber en qu\u00e9 modo est\u00e1 el hub<\/li>\n<li style='margin-bottom: 5px;'>Tiene dos entradas de contacto seco para la integraci\u00f3n con dispositivos de terceros&comma; incluidos dispositivos para la respuesta autom\u00e1tica a la demanda de acuerdo con el T\u00edtulo 24<\/li>\n<li style='margin-bottom: 5px;'>Para integracion con BACnet es necesario la antena HJS2FM<\/li>\n<li style='margin-bottom: 5px;'>Para mas de 75 dispositivos es necesario la antena HJS1FM<\/li>\n<\/ul><\/div>\n<\/p><\/div>\n<p> <!-- Secci\u00f3n de especificaciones --> <\/p>\n<div style='display: flex; flex-wrap: wrap; gap: 20px; margin-bottom: 30px;'>\n<div style='flex: 1 1 250px; border: 1px solid rgba(150&comma; 150&comma; 150&comma; 0.4); border-radius: 8px; overflow: hidden; display: flex; flex-direction: column;'>\n<div style='padding: 15px; border-bottom: 1px solid rgba(150&comma; 150&comma; 150&comma; 0.2); font-weight: bold; font-size: 18px; color: inherit;'>Dimensiones<\/div>\n<div style='padding: 15px; color: inherit;'>\n<ul style='padding-left: 20px; margin: 0; font-size: 14px; list-style-type: disc;'>\n<li style='margin-bottom: 5px;'>Ancho: 165 mm (6&comma;5 in)<\/li>\n<li style='margin-bottom: 5px;'>Alto: 38 mm (1&comma;5 in)<\/li>\n<li style='margin-bottom: 5px;'>Profundidad: 71 mm (2&comma;8 in)<\/li>\n<\/ul><\/div>\n<\/p><\/div>\n<div style='flex: 1 1 250px; border: 1px solid rgba(150&comma; 150&comma; 150&comma; 0.4); border-radius: 8px; overflow: hidden; display: flex; flex-direction: column;'>\n<div style='padding: 15px; border-bottom: 1px solid rgba(150&comma; 150&comma; 150&comma; 0.2); font-weight: bold; font-size: 18px; color: inherit;'>Funcionamiento<\/div>\n<div style='padding: 15px; color: inherit;'>\n<ul style='padding-left: 20px; margin: 0; font-size: 14px; list-style-type: disc;'>\n<li style='margin-bottom: 5px;'>Todos los dispositivos inal\u00e1mbricos que se asociar\u00e1n al hub inal\u00e1mbrico Vive deben estar dentro de una distancia de 22 m (71 pies) del hub inal\u00e1mbrico Vive y deben estar en el mismo piso que el hub<\/li>\n<\/ul><\/div>\n<\/p><\/div>\n<\/p><\/div>\n<p> <!-- Secci\u00f3n de videos --> <\/p>\n<div style='margin-bottom: 30px;'>\n<h3 style='font-size: 22px; border-bottom: 2px solid currentColor; padding-bottom: 5px; margin-top: 0; color: inherit; opacity: 0.8;'>Videos de configuraci\u00f3n<\/h3>\n<div style='position: relative; padding-bottom: 56.25%; height: 0; overflow: hidden; margin-top: 20px;'>   <\/div>\n<\/p><\/div>\n<p> <!-- Secci\u00f3n de im\u00e1genes --> <\/p>\n<div style='display: grid; grid-template-columns: repeat(auto-fill&comma; minmax(300px&comma; 1fr)); gap: 20px; margin-bottom: 30px;'> <img style='width: 100%; height: auto; border: 1px solid rgba(150&comma;150&comma;150&comma;0.3); border-radius: 8px;' src='https:\/\/ftp3.syscom.mx\/usuarios\/fotos\/HJS0FM\/156007-vvvv.png' alt=''> <img style='width: 100%; height: auto; border: 1px solid rgba(150&comma;150&comma;150&comma;0.3); border-radius: 8px;' src='https:\/\/ftp3.syscom.mx\/usuarios\/fotos\/HJS0FM\/156007-vvv1.png' alt=''> <\/div>\n<p> <!-- Separador final --> <\/p>\n<hr style='border: 0; border-top: 1px solid rgba(150&comma; 150&comma; 150&comma; 0.3); margin: 30px 0;'> <\/div>\n","protected":false},"excerpt":{"rendered":"<p>Antena  HUB principal VIVE, capacidad 75, puede crecer a 700. Se\u00f1al inal\u00e1mbrica ClearConnect para dispositivos LUTRON y Wifi para su programacion.<\/p>\n","protected":false},"featured_media":5358,"comment_status":"open","ping_status":"closed","template":"","meta":[],"product_brand":[],"product_cat":[192],"product_tag":[30,36,193],"class_list":{"0":"post-5359","1":"product","2":"type-product","3":"status-publish","4":"has-post-thumbnail","6":"product_cat-lutron-vive","7":"product_tag-automatizacion-casa-inteligente","8":"product_tag-lutron-electronics","9":"product_tag-lutron-vive","11":"first","12":"instock","13":"sale","14":"shipping-taxable","15":"purchasable","16":"product-type-simple"},"_links":{"self":[{"href":"https:\/\/soydeaqui.ddns.net\/pachuca\/index.php\/wp-json\/wp\/v2\/product\/5359","targetHints":{"allow":["GET"]}}],"collection":[{"href":"https:\/\/soydeaqui.ddns.net\/pachuca\/index.php\/wp-json\/wp\/v2\/product"}],"about":[{"href":"https:\/\/soydeaqui.ddns.net\/pachuca\/index.php\/wp-json\/wp\/v2\/types\/product"}],"replies":[{"embeddable":true,"href":"https:\/\/soydeaqui.ddns.net\/pachuca\/index.php\/wp-json\/wp\/v2\/comments?post=5359"}],"wp:featuredmedia":[{"embeddable":true,"href":"https:\/\/soydeaqui.ddns.net\/pachuca\/index.php\/wp-json\/wp\/v2\/media\/5358"}],"wp:attachment":[{"href":"https:\/\/soydeaqui.ddns.net\/pachuca\/index.php\/wp-json\/wp\/v2\/media?parent=5359"}],"wp:term":[{"taxonomy":"product_brand","embeddable":true,"href":"https:\/\/soydeaqui.ddns.net\/pachuca\/index.php\/wp-json\/wp\/v2\/product_brand?post=5359"},{"taxonomy":"product_cat","embeddable":true,"href":"https:\/\/soydeaqui.ddns.net\/pachuca\/index.php\/wp-json\/wp\/v2\/product_cat?post=5359"},{"taxonomy":"product_tag","embeddable":true,"href":"https:\/\/soydeaqui.ddns.net\/pachuca\/index.php\/wp-json\/wp\/v2\/product_tag?post=5359"}],"curies":[{"name":"wp","href":"https:\/\/api.w.org\/{rel}","templated":true}]}}