{"id":53586,"date":"2026-03-19T01:53:21","date_gmt":"2026-03-19T01:53:21","guid":{"rendered":"https:\/\/soydeaqui.ddns.net\/pachuca\/index.php\/producto\/probador-de-cobertura-de-red-lora-con-estuche-rigido\/"},"modified":"2026-03-19T01:53:26","modified_gmt":"2026-03-19T01:53:26","slug":"probador-de-cobertura-de-red-lora-con-estuche-rigido","status":"publish","type":"product","link":"https:\/\/soydeaqui.ddns.net\/pachuca\/index.php\/producto\/probador-de-cobertura-de-red-lora-con-estuche-rigido\/","title":{"rendered":"Probador de cobertura de red Lora con estuche rigido"},"content":{"rendered":"<div style='width: 100%; max-width: 1200px; margin: 0 auto; font-family: sans-serif; line-height: 1.6; color: inherit; background-color: transparent;'> <!-- Descripci\u00f3n principal --> <\/p>\n<div style='margin-bottom: 30px;'>\n<p style='font-size: 15px; margin: 0 0 20px; color: inherit;'>El probador de campo RAK10701-P para LoRaWAN es un WisNode listo para usar para evaluar la red LoRaWAN implementada&comma; que viene en un estuche r\u00edgido y dos tipos de antena diferentes. Tiene un GNSS y una pantalla t\u00e1ctil LCD para la interfaz de usuario&comma; que muestra la cantidad de puertas de enlace que el dispositivo puede alcanzar y otros par\u00e1metros como la distancia aproximada&comma; RSSI y SNR. Est\u00e1 alimentado por una bater\u00eda recargable y se puede cargar a trav\u00e9s de la interfaz USB tipo C.<\/p>\n<\/p><\/div>\n<p> <!-- Caracter\u00edsticas --> <\/p>\n<div style='display: flex; flex-wrap: wrap; gap: 30px; margin-bottom: 30px;'>\n<div style='flex: 1 1 300px; min-width: 280px;'>\n<h3 style='font-size: 22px; border-bottom: 2px solid currentColor; padding-bottom: 5px; margin-top: 0; color: inherit; opacity: 0.8;'>Caracter\u00edsticas<\/h3>\n<ul style='padding-left: 20px; font-size: 15px; color: inherit;'>\n<li style='margin-bottom: 5px;'>Admite regiones LoRaWAN: RU864&comma; IN865&comma; EU868&comma; US915&comma; AU915&comma; KR920 y AS923-1\/2\/3\/4<\/li>\n<li style='margin-bottom: 5px;'>Compatible con LoRaWAN 1.0.3<\/li>\n<li style='margin-bottom: 5px;'>Funciona con Helium Network&comma; TheThingsNetwork y con puntos finales personalizados con otras redes LoRaWAN<\/li>\n<li style='margin-bottom: 5px;'>Protegido por un estuche r\u00edgido que es ideal para el trabajo de campo<\/li>\n<li style='margin-bottom: 5px;'>Incluye dos tipos de antena diferentes<\/li>\n<li style='margin-bottom: 5px;'>Muestra el n\u00famero de puertas de enlace\/puntos de acceso en el rango<\/li>\n<li style='margin-bottom: 5px;'>Muestra los niveles m\u00ednimos y m\u00e1ximos de RSSI<\/li>\n<li style='margin-bottom: 5px;'>Muestra la distancia m\u00ednima y m\u00e1xima a las puertas de enlace\/puntos de acceso dentro del rango<\/li>\n<li style='margin-bottom: 5px;'>Compatible con WisToolBox y permite configuraci\u00f3n inal\u00e1mbrica v\u00eda BLE<\/li>\n<li style='margin-bottom: 5px;'>Alimentado por bater\u00eda de 3200 mAh<\/li>\n<li style='margin-bottom: 5px;'>Recargable a trav\u00e9s de un conector USB tipo C<\/li>\n<li style='margin-bottom: 5px;'>Pantalla t\u00e1ctil TFT de 320&#215;240<\/li>\n<li style='margin-bottom: 5px;'>Antena externa de 2&comma;3 dBi mediante conector RP-SMA<\/li>\n<li style='margin-bottom: 5px;'>Temperatura de funcionamiento: -10 \u00b0C ~ 60 \u00b0C<\/li>\n<li style='margin-bottom: 5px;'>Temperatura de almacenamiento: -40\u00b0C ~ 80\u00b0C<\/li>\n<\/ul><\/div>\n<\/p><\/div>\n<p> <!-- Secciones adicionales --> <\/p>\n<div style='display: flex; flex-wrap: wrap; gap: 30px; margin-bottom: 30px;'>\n<div style='flex: 1 1 300px; min-width: 280px;'>\n<h3 style='font-size: 22px; border-bottom: 2px solid currentColor; padding-bottom: 5px; margin-top: 0; color: inherit; opacity: 0.8;'>Descripci\u00f3n general<\/h3>\n<p style='font-size: 15px; margin: 0 0 20px; color: inherit;'>Probador de campo RAK10701-P para LoRaWAN con antena externa.<\/p>\n<\/p><\/div>\n<div style='flex: 1 1 300px; min-width: 280px;'>\n<h3 style='font-size: 22px; border-bottom: 2px solid currentColor; padding-bottom: 5px; margin-top: 0; color: inherit; opacity: 0.8;'>Hardware<\/h3>\n<p style='font-size: 15px; margin: 0 0 20px; color: inherit;'>La especificaci\u00f3n de hardware se clasifica en cinco (5) partes. Muestra la interfaz del rastreador. Tambi\u00e9n cubre los par\u00e1metros de rf&comma; antenas&comma; el\u00e9ctricos&comma; ambientales y mec\u00e1nicos que incluyen los datos tabulares de las funcionalidades y valores est\u00e1ndar del probador de campo RAK10701-P para LoRaWAN.<\/p>\n<\/p><\/div>\n<div style='flex: 1 1 300px; min-width: 280px;'>\n<h3 style='font-size: 22px; border-bottom: 2px solid currentColor; padding-bottom: 5px; margin-top: 0; color: inherit; opacity: 0.8;'>Interfaces<\/h3>\n<p style='font-size: 15px; margin: 0 0 20px; color: inherit;'>El probador de campo RAK10701-P para LoRaWAN tiene cuatro interfaces que son la pantalla t\u00e1ctil LCD&comma; el bot\u00f3n externo&comma; el puerto de antena y el conector USB.<\/p>\n<\/p><\/div>\n<div style='flex: 1 1 300px; min-width: 280px;'>\n<h3 style='font-size: 22px; border-bottom: 2px solid currentColor; padding-bottom: 5px; margin-top: 0; color: inherit; opacity: 0.8;'>Pantalla t\u00e1ctil LCD TFT<\/h3>\n<p style='font-size: 15px; margin: 0 0 20px; color: inherit;'>La pantalla t\u00e1ctil LCD es la interfaz principal del dispositivo. La mayor parte de la interacci\u00f3n del usuario se realiza a trav\u00e9s de la pantalla t\u00e1ctil LCD.<\/p>\n<\/p><\/div>\n<div style='flex: 1 1 300px; min-width: 280px;'>\n<h3 style='font-size: 22px; border-bottom: 2px solid currentColor; padding-bottom: 5px; margin-top: 0; color: inherit; opacity: 0.8;'>Pantalla LCD<\/h3>\n<p style='font-size: 15px; margin: 0 0 20px; color: inherit;'>Puede interactuar con el dispositivo y verificar los datos necesarios en la prueba de campo de su red LoRaWAN. Los iconos resaltados en el cuadro rojo son las \u00e1reas sensibles al tacto. Otras partes de la pantalla no responder\u00e1n a ninguna entrada t\u00e1ctil.<\/p>\n<\/p><\/div>\n<div style='flex: 1 1 300px; min-width: 280px;'>\n<h3 style='font-size: 22px; border-bottom: 2px solid currentColor; padding-bottom: 5px; margin-top: 0; color: inherit; opacity: 0.8;'>Bot\u00f3n Externo<\/h3>\n<p style='font-size: 15px; margin: 0 0 20px; color: inherit;'>Hay un bot\u00f3n externo en RAK10701 que se puede usar en varios escenarios:<\/p>\n<ul style='padding-left: 20px; font-size: 15px; color: inherit;'>\n<li style='margin-bottom: 5px;'>Encendido y apagado (manteniendo durante cinco segundos)<\/li>\n<li style='margin-bottom: 5px;'>Enlace ascendente forzado (doble clic)<\/li>\n<li style='margin-bottom: 5px;'>Dormir y despertar (un solo clic)<\/li>\n<\/ul><\/div>\n<div style='flex: 1 1 300px; min-width: 280px;'>\n<h3 style='font-size: 22px; border-bottom: 2px solid currentColor; padding-bottom: 5px; margin-top: 0; color: inherit; opacity: 0.8;'>Antena Conector RP-SMA<\/h3>\n<p style='font-size: 15px; margin: 0 0 20px; color: inherit;'>En la parte superior del probador de campo RAK10701-P para LoRaWAN hay un puerto RP-SMA para la antena externa.<\/p>\n<\/p><\/div>\n<div style='flex: 1 1 300px; min-width: 280px;'>\n<h3 style='font-size: 22px; border-bottom: 2px solid currentColor; padding-bottom: 5px; margin-top: 0; color: inherit; opacity: 0.8;'>Puerto de antena RAK10701-P RP-SMA<\/h3>\n<p style='font-size: 15px; margin: 0 0 20px; color: inherit;'>Hay dos antenas incluidas en el RAK10701-P&comma; una con ganancia de 2.0 y 2.3dBi<\/p>\n<\/p><\/div>\n<div style='flex: 1 1 300px; min-width: 280px;'>\n<h3 style='font-size: 22px; border-bottom: 2px solid currentColor; padding-bottom: 5px; margin-top: 0; color: inherit; opacity: 0.8;'>USB tipo C para carga y configuraci\u00f3n de WisToolBox<\/h3>\n<p style='font-size: 15px; margin: 0 0 20px; color: inherit;'>Tambi\u00e9n hay una interfaz USB en RAK10701. Puedes usar WisToolBox software para configurar los dispositivos mediante conexi\u00f3n USB. Tambi\u00e9n tiene la opci\u00f3n de configurar el dispositivo de forma inal\u00e1mbrica a trav\u00e9s de una conexi\u00f3n BLE utilizando la aplicaci\u00f3n m\u00f3vil WisToolBox compatible con iOS y Android.<\/p>\n<\/p><\/div>\n<div style='flex: 1 1 300px; min-width: 280px;'>\n<h3 style='font-size: 22px; border-bottom: 2px solid currentColor; padding-bottom: 5px; margin-top: 0; color: inherit; opacity: 0.8;'>Frecuencias de funcionamiento de LoRaWAN<\/h3>\n<p style='font-size: 15px; margin: 0 0 20px; color: inherit;'>El probador de campo RAK10701-L para LoRaWAN es compatible con la banda de Am\u00e9rica del Norte.<\/p>\n<\/p><\/div>\n<div style='flex: 1 1 300px; min-width: 280px;'>\n<h3 style='font-size: 22px; border-bottom: 2px solid currentColor; padding-bottom: 5px; margin-top: 0; color: inherit; opacity: 0.8;'>Suministro de bater\u00eda<\/h3>\n<p style='font-size: 15px; margin: 0 0 20px; color: inherit;'>El probador de campo RAK10701-P para LoRaWAN est\u00e1 equipado con una bater\u00eda recargable de iones de litio de 3&comma;7 V incorporada con una capacidad de 3200 mAh. Esto se puede cargar a trav\u00e9s de una interfaz de conector USB tipo C.<\/p>\n<\/p><\/div>\n<div style='flex: 1 1 300px; min-width: 280px;'>\n<h3 style='font-size: 22px; border-bottom: 2px solid currentColor; padding-bottom: 5px; margin-top: 0; color: inherit; opacity: 0.8;'>Caracter\u00edsticas Ambientales<\/h3>\n<p style='font-size: 15px; margin: 0 0 20px; color: inherit;'>La siguiente tabla enumera los requisitos de temperatura de funcionamiento y almacenamiento.<\/p>\n<\/p><\/div>\n<div style='flex: 1 1 300px; min-width: 280px;'>\n<h3 style='font-size: 22px; border-bottom: 2px solid currentColor; padding-bottom: 5px; margin-top: 0; color: inherit; opacity: 0.8;'>Caracter\u00edsticas mec\u00e1nicas<\/h3>\n<ul style='padding-left: 20px; font-size: 15px; color: inherit;'>\n<li style='margin-bottom: 5px;'>Dimensiones: 100 mm x 75 mm x 38 mm<\/li>\n<li style='margin-bottom: 5px;'>Peso: aproximadamente 8&comma;6 oz (243&comma;8 g) sin bater\u00eda<\/li>\n<\/ul><\/div>\n<\/p><\/div>\n<p> <!-- Separador --> <\/p>\n<hr style='border: 0; border-top: 1px solid rgba(150&comma; 150&comma; 150&comma; 0.3); margin: 30px 0;'> <\/div>\n","protected":false},"excerpt":{"rendered":"<p>Probador de cobertura de red Lora con estuche rigido<\/p>\n","protected":false},"featured_media":53585,"comment_status":"open","ping_status":"closed","template":"","meta":[],"product_brand":[],"product_cat":[1452],"product_tag":[1453,1437,1454],"class_list":{"0":"post-53586","1":"product","2":"type-product","3":"status-publish","4":"has-post-thumbnail","6":"product_cat-equipos-de-medicion","7":"product_tag-equipos-de-medicion","8":"product_tag-lorawan","9":"product_tag-rakwireless","11":"first","12":"outofstock","13":"sale","14":"shipping-taxable","15":"purchasable","16":"product-type-simple"},"_links":{"self":[{"href":"https:\/\/soydeaqui.ddns.net\/pachuca\/index.php\/wp-json\/wp\/v2\/product\/53586","targetHints":{"allow":["GET"]}}],"collection":[{"href":"https:\/\/soydeaqui.ddns.net\/pachuca\/index.php\/wp-json\/wp\/v2\/product"}],"about":[{"href":"https:\/\/soydeaqui.ddns.net\/pachuca\/index.php\/wp-json\/wp\/v2\/types\/product"}],"replies":[{"embeddable":true,"href":"https:\/\/soydeaqui.ddns.net\/pachuca\/index.php\/wp-json\/wp\/v2\/comments?post=53586"}],"wp:featuredmedia":[{"embeddable":true,"href":"https:\/\/soydeaqui.ddns.net\/pachuca\/index.php\/wp-json\/wp\/v2\/media\/53585"}],"wp:attachment":[{"href":"https:\/\/soydeaqui.ddns.net\/pachuca\/index.php\/wp-json\/wp\/v2\/media?parent=53586"}],"wp:term":[{"taxonomy":"product_brand","embeddable":true,"href":"https:\/\/soydeaqui.ddns.net\/pachuca\/index.php\/wp-json\/wp\/v2\/product_brand?post=53586"},{"taxonomy":"product_cat","embeddable":true,"href":"https:\/\/soydeaqui.ddns.net\/pachuca\/index.php\/wp-json\/wp\/v2\/product_cat?post=53586"},{"taxonomy":"product_tag","embeddable":true,"href":"https:\/\/soydeaqui.ddns.net\/pachuca\/index.php\/wp-json\/wp\/v2\/product_tag?post=53586"}],"curies":[{"name":"wp","href":"https:\/\/api.w.org\/{rel}","templated":true}]}}