{"id":53584,"date":"2026-03-19T01:53:18","date_gmt":"2026-03-19T01:53:18","guid":{"rendered":"https:\/\/soydeaqui.ddns.net\/pachuca\/index.php\/producto\/modulo-de-luz-led-litestak-24vcc-verde\/"},"modified":"2026-03-19T01:53:19","modified_gmt":"2026-03-19T01:53:19","slug":"modulo-de-luz-led-litestak-24vcc-verde","status":"publish","type":"product","link":"https:\/\/soydeaqui.ddns.net\/pachuca\/index.php\/producto\/modulo-de-luz-led-litestak-24vcc-verde\/","title":{"rendered":"M\u00f3dulo de luz LED litestak, 24Vcc, verde"},"content":{"rendered":"<div style='width: 100%; max-width: 1200px; margin: 0 auto; font-family: sans-serif; line-height: 1.6; color: inherit; background-color: transparent;'> <!-- Secci\u00f3n de caracter\u00edsticas --> <\/p>\n<div style='margin-bottom: 30px;'>\n<h3 style='font-size: 22px; border-bottom: 2px solid currentColor; padding-bottom: 5px; margin-top: 0; color: inherit; opacity: 0.8;'>Caracter\u00edsticas<\/h3>\n<div style='font-size: 15px; margin-top: 15px; color: inherit;'> El sistema de indicaci\u00f3n modular Litestak\u00ae Modelo LSLD de Federal Signal permite al usuario combinar hasta cinco unidades de l\u00e1mpara intercambiables con una unidad base de alimentaci\u00f3n. Los m\u00f3dulos se venden por separado para una indicaci\u00f3n verdaderamente personalizada. <\/div>\n<div style='font-size: 15px; margin-top: 15px; color: inherit;'> La salida de luz LED se coordina con el sistema \u00f3ptico de policarbonato resistente a los impactos del m\u00f3dulo. Las l\u00e1mparas LED consumen menos energ\u00eda&comma; operan a menor temperatura y son notablemente resistentes a la vibraci\u00f3n&comma; lo que las hace ideales para aplicaciones de alta resistencia y vibraci\u00f3n elevada. <\/div>\n<div style='font-size: 15px; margin-top: 15px; color: inherit;'> Un M\u00f3dulo de Sonido opcional (Modelo LSH en p\u00e1ginas 46 y 47) puede agregarse en la parte superior de la columna Litestak para crear una se\u00f1al de indicaci\u00f3n auditiva\/visual de doble prop\u00f3sito. En aplicaciones donde un \u00fanico tono fuerte es todo lo necesario&comma; la sirena piezoel\u00e9ctrica LSH es una adici\u00f3n auditiva perfecta. <\/div>\n<div style='font-size: 15px; margin-top: 15px; color: inherit;'> Litestak es un sistema vers\u00e1til que permite al usuario seleccionar entre luz constante o intermitente. Un intermitente est\u00e1 incluido en la unidad LSB de 120VAC&comma; pero puede comprarse por separado para modelos de 24VCC. La unidad base Litestak puede montarse sobre superficie o con tuber\u00eda NPT de 3\/4 de pulgada. Todos los modelos Litestak deben montarse con la base hacia abajo. <\/div>\n<\/p><\/div>\n<p> <!-- Separador --> <\/p>\n<hr style='border: 0; border-top: 1px solid rgba(150&comma; 150&comma; 150&comma; 0.3); margin: 30px 0;'> <!-- Secci\u00f3n de especificaciones --> <\/p>\n<div style='margin-bottom: 30px;'>\n<h3 style='font-size: 22px; border-bottom: 2px solid currentColor; padding-bottom: 5px; margin-top: 0; color: inherit; opacity: 0.8;'>Especificaciones<\/h3>\n<div style='display: flex; flex-wrap: wrap; gap: 20px; margin-top: 20px;'> <!-- Columna izquierda --> <\/p>\n<div style='flex: 1 1 250px; min-width: 200px; border: 1px solid rgba(150&comma; 150&comma; 150&comma; 0.4); border-radius: 8px; overflow: hidden; display: flex; flex-direction: column;'>\n<div style='padding: 15px; border-bottom: 1px solid rgba(150&comma; 150&comma; 150&comma; 0.2); font-weight: bold; font-size: 18px; color: inherit; background-color: rgba(150&comma; 150&comma; 150&comma; 0.1);'>Alimentaci\u00f3n<\/div>\n<div style='padding: 15px; color: inherit;'>\n<ul style='padding-left: 20px; margin: 0; font-size: 14px; list-style-type: disc;'>\n<li style='margin-bottom: 5px;'><strong>Voltaje:<\/strong> 24VCC<\/li>\n<li style='margin-bottom: 5px;'><strong>Voltaje alternativo:<\/strong> 120VCA 50\/60 Hz<\/li>\n<li style='margin-bottom: 5px;'><strong>Corriente de operaci\u00f3n:<\/strong> 80 mA a 24VCC<\/li>\n<li style='margin-bottom: 5px;'><strong>Corriente de operaci\u00f3n:<\/strong> 45 mA a 120VCA 50\/60Hz<\/li>\n<\/ul><\/div>\n<\/p><\/div>\n<p> <!-- Columna central --> <\/p>\n<div style='flex: 1 1 250px; min-width: 200px; border: 1px solid rgba(150&comma; 150&comma; 150&comma; 0.4); border-radius: 8px; overflow: hidden; display: flex; flex-direction: column;'>\n<div style='padding: 15px; border-bottom: 1px solid rgba(150&comma; 150&comma; 150&comma; 0.2); font-weight: bold; font-size: 18px; color: inherit; background-color: rgba(150&comma; 150&comma; 150&comma; 0.1);'>Caracter\u00edsticas f\u00edsicas<\/div>\n<div style='padding: 15px; color: inherit;'>\n<ul style='padding-left: 20px; margin: 0; font-size: 14px; list-style-type: disc;'>\n<li style='margin-bottom: 5px;'><strong>Fuente de luz:<\/strong> Matriz LED<\/li>\n<li style='margin-bottom: 5px;'><strong>Vida \u00fatil de la l\u00e1mpara:<\/strong> 50&comma;000 horas<\/li>\n<li style='margin-bottom: 5px;'><strong>Temperatura m\u00ednima de operaci\u00f3n:<\/strong> 0 \u00b0F<\/li>\n<li style='margin-bottom: 5px;'><strong>Temperatura m\u00e1xima de operaci\u00f3n:<\/strong> 120 \u00b0F<\/li>\n<li style='margin-bottom: 5px;'><strong>Grado de protecci\u00f3n:<\/strong> Tipo 1<\/li>\n<\/ul><\/div>\n<\/p><\/div>\n<p> <!-- Columna derecha --> <\/p>\n<div style='flex: 1 1 250px; min-width: 200px; border: 1px solid rgba(150&comma; 150&comma; 150&comma; 0.4); border-radius: 8px; overflow: hidden; display: flex; flex-direction: column;'>\n<div style='padding: 15px; border-bottom: 1px solid rgba(150&comma; 150&comma; 150&comma; 0.2); font-weight: bold; font-size: 18px; color: inherit; background-color: rgba(150&comma; 150&comma; 150&comma; 0.1);'>Dimensiones y peso<\/div>\n<div style='padding: 15px; color: inherit;'>\n<ul style='padding-left: 20px; margin: 0; font-size: 14px; list-style-type: disc;'>\n<li style='margin-bottom: 5px;'><strong>Colores disponibles:<\/strong>\n<ul style='padding-left: 20px; margin: 5px 0; font-size: 14px; list-style-type: circle;'>\n<li style='margin-bottom: 3px;'>Ambar<\/li>\n<li style='margin-bottom: 3px;'>Azul<\/li>\n<li style='margin-bottom: 3px;'>Claro<\/li>\n<li style='margin-bottom: 3px;'>Verde<\/li>\n<li style='margin-bottom: 3px;'>Rojo<\/li>\n<\/ul>\n<\/li>\n<li style='margin-bottom: 5px;'><strong>Peso neto (LSLD):<\/strong> 0.45 lbs<\/li>\n<li style='margin-bottom: 5px;'><strong>Peso de env\u00edo (LSLD):<\/strong> 0.75 lbs<\/li>\n<li style='margin-bottom: 5px;'><strong>Altura (LSLD\/LSB):<\/strong> 3.25&#8242;<\/li>\n<li style='margin-bottom: 5px;'><strong>Di\u00e1metro (LSLD\/LSB):<\/strong> 3.93&#8242;<\/li>\n<\/ul><\/div>\n<\/p><\/div>\n<\/p><\/div>\n<\/p><\/div>\n<\/p><\/div>\n","protected":false},"excerpt":{"rendered":"<p>M\u00f3dulo de luz LED litestak, 24Vcc, verde<\/p>\n","protected":false},"featured_media":53583,"comment_status":"open","ping_status":"closed","template":"","meta":[],"product_brand":[],"product_cat":[1372],"product_tag":[552,1371,1373],"class_list":{"0":"post-53584","1":"product","2":"type-product","3":"status-publish","4":"has-post-thumbnail","6":"product_cat-rojo","7":"product_tag-federal-signal-industrial","8":"product_tag-luces-auxiliares-vehiculares","9":"product_tag-rojo","11":"first","12":"outofstock","13":"sale","14":"shipping-taxable","15":"purchasable","16":"product-type-simple"},"_links":{"self":[{"href":"https:\/\/soydeaqui.ddns.net\/pachuca\/index.php\/wp-json\/wp\/v2\/product\/53584","targetHints":{"allow":["GET"]}}],"collection":[{"href":"https:\/\/soydeaqui.ddns.net\/pachuca\/index.php\/wp-json\/wp\/v2\/product"}],"about":[{"href":"https:\/\/soydeaqui.ddns.net\/pachuca\/index.php\/wp-json\/wp\/v2\/types\/product"}],"replies":[{"embeddable":true,"href":"https:\/\/soydeaqui.ddns.net\/pachuca\/index.php\/wp-json\/wp\/v2\/comments?post=53584"}],"wp:featuredmedia":[{"embeddable":true,"href":"https:\/\/soydeaqui.ddns.net\/pachuca\/index.php\/wp-json\/wp\/v2\/media\/53583"}],"wp:attachment":[{"href":"https:\/\/soydeaqui.ddns.net\/pachuca\/index.php\/wp-json\/wp\/v2\/media?parent=53584"}],"wp:term":[{"taxonomy":"product_brand","embeddable":true,"href":"https:\/\/soydeaqui.ddns.net\/pachuca\/index.php\/wp-json\/wp\/v2\/product_brand?post=53584"},{"taxonomy":"product_cat","embeddable":true,"href":"https:\/\/soydeaqui.ddns.net\/pachuca\/index.php\/wp-json\/wp\/v2\/product_cat?post=53584"},{"taxonomy":"product_tag","embeddable":true,"href":"https:\/\/soydeaqui.ddns.net\/pachuca\/index.php\/wp-json\/wp\/v2\/product_tag?post=53584"}],"curies":[{"name":"wp","href":"https:\/\/api.w.org\/{rel}","templated":true}]}}