{"id":53582,"date":"2026-03-19T01:53:15","date_gmt":"2026-03-19T01:53:15","guid":{"rendered":"https:\/\/soydeaqui.ddns.net\/pachuca\/index.php\/producto\/modulo-de-luz-led-litestak-24-vcc-rojo\/"},"modified":"2026-03-19T01:53:16","modified_gmt":"2026-03-19T01:53:16","slug":"modulo-de-luz-led-litestak-24-vcc-rojo","status":"publish","type":"product","link":"https:\/\/soydeaqui.ddns.net\/pachuca\/index.php\/producto\/modulo-de-luz-led-litestak-24-vcc-rojo\/","title":{"rendered":"M\u00f3dulo de luz LED litestak, 24 Vcc, rojo"},"content":{"rendered":"<div style='width: 100%; max-width: 1200px; margin: 0 auto; font-family: sans-serif; line-height: 1.6; color: inherit; background-color: transparent;'>\n<div style='display: flex; flex-wrap: wrap; gap: 30px; margin-bottom: 30px;'>\n<div style='flex: 1 1 300px; min-width: 280px;'>\n<h3 style='font-size: 22px; border-bottom: 2px solid currentColor; padding-bottom: 5px; margin-top: 0; color: inherit; opacity: 0.8;'>Features<\/h3>\n<ul style='padding-left: 20px; font-size: 15px; color: inherit;'>\n<li style='margin-bottom: 5px;'>El sistema de indicaci\u00f3n modular Litestak\u00ae LSLD permite combinar hasta cinco unidades de l\u00e1mpara intercambiables con una unidad base de alimentaci\u00f3n. Los m\u00f3dulos se venden por separado para una verdadera personalizaci\u00f3n del indicador.<\/li>\n<li style='margin-bottom: 5px;'>La salida de luz LED se combina con la lente de policarbonato resistente a los impactos del m\u00f3dulo. Las l\u00e1mparas LED consumen menos energ\u00eda&comma; operan a menor temperatura y son notablemente resistentes a la vibraci\u00f3n&comma; lo que las hace ideales para aplicaciones pesadas con alta vibraci\u00f3n.<\/li>\n<li style='margin-bottom: 5px;'>Se puede a\u00f1adir un m\u00f3dulo de sonido opcional (modelo LSH en p\u00e1ginas 46 y 47) en la parte superior de la columna Litestak para crear una se\u00f1al de indicaci\u00f3n audible\/visual de doble prop\u00f3sito. En aplicaciones donde un solo tono fuerte es suficiente&comma; el timbre piezoel\u00e9ctrico LSH es una adici\u00f3n audible perfecta.<\/li>\n<li style='margin-bottom: 5px;'>Litestak es un sistema vers\u00e1til que permite al usuario seleccionar entre iluminaci\u00f3n fija o intermitente. Un intermitente est\u00e1 incluido en la unidad LSB de 120VAC&comma; pero puede comprarse por separado para modelos de 24VDC. La unidad base Litestak puede montarse en superficie o con tubo NPT de 3\/4 de pulgada. Todos los modelos Litestak deben montarse con la base hacia abajo.<\/li>\n<\/ul><\/div>\n<\/p><\/div>\n<div style='display: flex; flex-wrap: wrap; gap: 20px; margin-bottom: 30px;'>\n<div style='flex: 1 1 250px; border: 1px solid rgba(150&comma; 150&comma; 150&comma; 0.4); border-radius: 8px; overflow: hidden; display: flex; flex-direction: column;'>\n<div style='padding: 15px; border-bottom: 1px solid rgba(150&comma; 150&comma; 150&comma; 0.2); font-weight: bold; font-size: 18px; color: inherit;'>Especificaciones<\/div>\n<div style='padding: 15px; color: inherit;'>\n<ul style='padding-left: 20px; margin: 0; font-size: 14px; list-style-type: disc;'>\n<li style='margin-bottom: 5px;'><strong>Voltaje:<\/strong> 24VCC<\/li>\n<li style='margin-bottom: 5px;'><strong>Corriente de operaci\u00f3n:<\/strong> 80 mA a 24VCC<\/li>\n<li style='margin-bottom: 5px;'><strong>Fuente de luz\/Estilo de l\u00e1mpara:<\/strong> Matriz LED<\/li>\n<li style='margin-bottom: 5px;'><strong>Vida \u00fatil de la l\u00e1mpara:<\/strong> 50&comma;000 horas<\/li>\n<li style='margin-bottom: 5px;'><strong>Temperatura m\u00ednima de operaci\u00f3n:<\/strong> 0 \u00b0F<\/li>\n<li style='margin-bottom: 5px;'><strong>Temperatura m\u00e1xima de operaci\u00f3n:<\/strong> 120 \u00b0F<\/li>\n<li style='margin-bottom: 5px;'><strong>Clase de protecci\u00f3n:<\/strong> Tipo 1<\/li>\n<li style='margin-bottom: 5px;'><strong>Colores de c\u00fapula:<\/strong> \u00c1mbar&comma; Azul&comma; Claro&comma; Verde&comma; Rojo<\/li>\n<li style='margin-bottom: 5px;'><strong>Peso neto LSLD:<\/strong> 0.45 lbs<\/li>\n<li style='margin-bottom: 5px;'><strong>Peso de env\u00edo LSLD:<\/strong> 0.75 lbs<\/li>\n<li style='margin-bottom: 5px;'><strong>Altura LSLD:<\/strong> 3.25 pulgadas<\/li>\n<li style='margin-bottom: 5px;'><strong>Altura LSB:<\/strong> 3.25 pulgadas<\/li>\n<li style='margin-bottom: 5px;'><strong>Di\u00e1metro LSLD:<\/strong> 3.93 pulgadas<\/li>\n<li style='margin-bottom: 5px;'><strong>Di\u00e1metro LSB:<\/strong> 3.93 pulgadas<\/li>\n<\/ul><\/div>\n<\/p><\/div>\n<\/p><\/div>\n<hr style='border: 0; border-top: 1px solid rgba(150&comma; 150&comma; 150&comma; 0.3); margin: 30px 0;'> <\/div>\n","protected":false},"excerpt":{"rendered":"<p>M\u00f3dulo de luz LED litestak, 24 Vcc, rojo<\/p>\n","protected":false},"featured_media":53581,"comment_status":"open","ping_status":"closed","template":"","meta":[],"product_brand":[],"product_cat":[1372],"product_tag":[552,1371,1373],"class_list":{"0":"post-53582","1":"product","2":"type-product","3":"status-publish","4":"has-post-thumbnail","6":"product_cat-rojo","7":"product_tag-federal-signal-industrial","8":"product_tag-luces-auxiliares-vehiculares","9":"product_tag-rojo","11":"first","12":"outofstock","13":"sale","14":"shipping-taxable","15":"purchasable","16":"product-type-simple"},"_links":{"self":[{"href":"https:\/\/soydeaqui.ddns.net\/pachuca\/index.php\/wp-json\/wp\/v2\/product\/53582","targetHints":{"allow":["GET"]}}],"collection":[{"href":"https:\/\/soydeaqui.ddns.net\/pachuca\/index.php\/wp-json\/wp\/v2\/product"}],"about":[{"href":"https:\/\/soydeaqui.ddns.net\/pachuca\/index.php\/wp-json\/wp\/v2\/types\/product"}],"replies":[{"embeddable":true,"href":"https:\/\/soydeaqui.ddns.net\/pachuca\/index.php\/wp-json\/wp\/v2\/comments?post=53582"}],"wp:featuredmedia":[{"embeddable":true,"href":"https:\/\/soydeaqui.ddns.net\/pachuca\/index.php\/wp-json\/wp\/v2\/media\/53581"}],"wp:attachment":[{"href":"https:\/\/soydeaqui.ddns.net\/pachuca\/index.php\/wp-json\/wp\/v2\/media?parent=53582"}],"wp:term":[{"taxonomy":"product_brand","embeddable":true,"href":"https:\/\/soydeaqui.ddns.net\/pachuca\/index.php\/wp-json\/wp\/v2\/product_brand?post=53582"},{"taxonomy":"product_cat","embeddable":true,"href":"https:\/\/soydeaqui.ddns.net\/pachuca\/index.php\/wp-json\/wp\/v2\/product_cat?post=53582"},{"taxonomy":"product_tag","embeddable":true,"href":"https:\/\/soydeaqui.ddns.net\/pachuca\/index.php\/wp-json\/wp\/v2\/product_tag?post=53582"}],"curies":[{"name":"wp","href":"https:\/\/api.w.org\/{rel}","templated":true}]}}