{"id":53512,"date":"2026-03-19T01:51:05","date_gmt":"2026-03-19T01:51:05","guid":{"rendered":"https:\/\/soydeaqui.ddns.net\/pachuca\/index.php\/producto\/sensor-bluetooth-magnetico-compatible-con-localizadores-vehiculares\/"},"modified":"2026-03-19T01:51:13","modified_gmt":"2026-03-19T01:51:13","slug":"sensor-bluetooth-magnetico-compatible-con-localizadores-vehiculares","status":"publish","type":"product","link":"https:\/\/soydeaqui.ddns.net\/pachuca\/index.php\/producto\/sensor-bluetooth-magnetico-compatible-con-localizadores-vehiculares\/","title":{"rendered":"Sensor Bluetooth \/ Magnetico \/ Compatible con Localizadores Vehiculares"},"content":{"rendered":"<div style='width: 100%; max-width: 1200px; margin: 0 auto; font-family: sans-serif; line-height: 1.6; color: inherit; background-color: transparent;'> <!-- Secci\u00f3n de imagen y descripci\u00f3n --> <\/p>\n<div style='display: flex; flex-wrap: wrap; gap: 30px; margin-bottom: 30px;'>\n<div style='flex: 1 1 300px; min-width: 280px;'> <img style='width: 100%; height: auto; border: 1px solid rgba(150&comma;150&comma;150&comma;0.3); border-radius: 8px;' src='https:\/\/ftp3.syscom.mx\/usuarios\/fotos\/BLUEPUCKMAG\/202190-blue_puck_mag_led_ombre.png' alt='Sensor Bluetooth \/ Magn\u00e9tico BLUEPUCKMAG'> <\/div>\n<div style='flex: 1 1 300px; min-width: 280px;'>\n<h3 style='font-size: 22px; border-bottom: 2px solid currentColor; padding-bottom: 5px; margin-top: 0; color: inherit; opacity: 0.8;'>Sensor de contacto magn\u00e9tico<\/h3>\n<p style='font-size: 15px; color: inherit;'>La detecci\u00f3n autom\u00e1tica de p\u00e9rdidas por contacto magn\u00e9tico resuelve muchos problemas industriales en el sector del transporte&comma; pero tambi\u00e9n en la construcci\u00f3n inteligente.<\/p>\n<p style='font-size: 15px; color: inherit;'>Los sensores magn\u00e9ticos ELA Innovation se pueden instalar en las puertas de los camiones para detectar la apertura y el cierre de estas puertas&comma; lo que aumenta la detecci\u00f3n de robos y protege la carga contra robos.<\/p>\n<p style='font-size: 15px; color: inherit;'>Utilizado en edificios<\/p>\n<\/p><\/div>\n<\/p><\/div>\n<p> <!-- Secci\u00f3n de caracter\u00edsticas --> <\/p>\n<div style='margin-bottom: 30px;'>\n<h2 style='font-size: 24px; border-bottom: 2px solid currentColor; padding-bottom: 5px; color: inherit; opacity: 0.8; text-align: center;'>Caracter\u00edsticas<\/h2>\n<div style='display: flex; flex-wrap: wrap; gap: 20px; margin-top: 20px;'>\n<div style='flex: 1 1 250px; border: 1px solid rgba(150&comma; 150&comma; 150&comma; 0.4); border-radius: 8px; overflow: hidden; display: flex; flex-direction: column;'>\n<div style='padding: 15px; border-bottom: 1px solid rgba(150&comma; 150&comma; 150&comma; 0.2); font-weight: bold; font-size: 18px; color: inherit;'>Sensor Magn\u00e9tico<\/div>\n<div style='padding: 15px; color: inherit;'> <img style='width: 90px; height: auto; margin: 0 auto; display: block; border: 1px solid rgba(150&comma;150&comma;150&comma;0.3); border-radius: 8px;' src='https:\/\/ftp3.syscom.mx\/usuarios\/fotos\/BLUEPUCKMAG\/202190-mag.png' alt='Sensor Magn\u00e9tico'> <\/div>\n<\/p><\/div>\n<div style='flex: 1 1 250px; border: 1px solid rgba(150&comma; 150&comma; 150&comma; 0.4); border-radius: 8px; overflow: hidden; display: flex; flex-direction: column;'>\n<div style='padding: 15px; border-bottom: 1px solid rgba(150&comma; 150&comma; 150&comma; 0.2); font-weight: bold; font-size: 18px; color: inherit;'>Compacto<\/div>\n<div style='padding: 15px; color: inherit;'> <img style='width: 80px; height: auto; margin: 0 auto; display: block; border: 1px solid rgba(150&comma;150&comma;150&comma;0.3); border-radius: 8px;' src='https:\/\/ftp3.syscom.mx\/usuarios\/fotos\/BLUEPUCKMAG\/202190-compact@2x.png' alt='Dise\u00f1o Compacto'> <\/div>\n<\/p><\/div>\n<div style='flex: 1 1 250px; border: 1px solid rgba(150&comma; 150&comma; 150&comma; 0.4); border-radius: 8px; overflow: hidden; display: flex; flex-direction: column;'>\n<div style='padding: 15px; border-bottom: 1px solid rgba(150&comma; 150&comma; 150&comma; 0.2); font-weight: bold; font-size: 18px; color: inherit;'>IP 68<\/div>\n<div style='padding: 15px; color: inherit;'> <img style='width: 80px; height: auto; margin: 0 auto; display: block; border: 1px solid rgba(150&comma;150&comma;150&comma;0.3); border-radius: 8px;' src='https:\/\/ftp3.syscom.mx\/usuarios\/fotos\/BLUEPUCKRHT\/201145-etanche@2x.png' alt='Protecci\u00f3n IP68'> <\/div>\n<\/p><\/div>\n<\/p><\/div>\n<\/p><\/div>\n<p> <!-- Secci\u00f3n de especificaciones --> <\/p>\n<div style='display: flex; flex-wrap: wrap; gap: 20px; margin-bottom: 30px;'>\n<div style='flex: 1 1 300px; min-width: 280px;'>\n<div style='border-left: 5px solid #0091ff; border-radius: 5px; padding: 15px; box-shadow: 0 2px 10px rgba(216&comma;216&comma;216&comma;0.3); background-color: rgba(0&comma;0&comma;0&comma;0.02);'>\n<h3 style='font-size: 18px; margin-top: 0; color: inherit;'>Especificaciones T\u00e9cnicas<\/h3>\n<ul style='padding-left: 20px; margin: 15px 0; font-size: 14px; list-style-type: disc; color: inherit;'>\n<li style='margin-bottom: 8px;'>Temperatura de funcionamiento: -30 \u00b0C a +70 \u00b0C<\/li>\n<li style='margin-bottom: 8px;'>Humedad: \u00b12.5% 0% a 90% y \u00b13.5% de 90% a 100%.<\/li>\n<li style='margin-bottom: 8px;'>Autonom\u00eda: hasta 14 a\u00f1os<\/li>\n<li style='margin-bottom: 8px;'>Chip NFC integrado<\/li>\n<li style='margin-bottom: 8px;'>Carcasa robusta DELRIN (POM C) &#8211; Grado alimenticio<\/li>\n<li style='margin-bottom: 8px;'>Protecci\u00f3n IP68<\/li>\n<\/ul><\/div>\n<\/p><\/div>\n<div style='flex: 1 1 300px; min-width: 280px;'>\n<div style='border-left: 5px solid #0091ff; border-radius: 5px; padding: 15px; box-shadow: 0 2px 10px rgba(216&comma;216&comma;216&comma;0.3); background-color: rgba(0&comma;0&comma;0&comma;0.02);'>\n<h3 style='font-size: 18px; margin-top: 0; color: inherit;'>Modo de operaci\u00f3n<\/h3>\n<ul style='padding-left: 20px; margin: 15px 0; font-size: 14px; list-style-type: disc; color: inherit;'>\n<li style='margin-bottom: 8px;'>Frecuencia 2&comma;4 GHz &#8211; Bluetooth Low Energy 4.0 \/ 4.2<\/li>\n<li style='margin-bottom: 8px;'>Potencia de salida Hasta +4 dBm (configurable)<\/li>\n<li style='margin-bottom: 8px;'>Alcance Hasta 500 metros en campo abierto (+4dBm)<\/li>\n<\/ul><\/div>\n<\/p><\/div>\n<div style='flex: 1 1 300px; min-width: 280px;'>\n<div style='border-left: 5px solid #0091ff; border-radius: 5px; padding: 15px; box-shadow: 0 2px 10px rgba(216&comma;216&comma;216&comma;0.3); background-color: rgba(0&comma;0&comma;0&comma;0.02);'>\n<h3 style='font-size: 18px; margin-top: 0; color: inherit;'>Bater\u00eda<\/h3>\n<ul style='padding-left: 20px; margin: 15px 0; font-size: 14px; list-style-type: disc; color: inherit;'>\n<li style='margin-bottom: 8px;'>Voltaje 3 VCC &#8211; Bater\u00eda de litio interna Duraci\u00f3n de la bater\u00eda Hasta 14 a\u00f1os *<\/li>\n<li style='margin-bottom: 8px;'>* Consulte las curvas de duraci\u00f3n de la bater\u00eda para obtener m\u00e1s informaci\u00f3n<\/li>\n<li style='margin-bottom: 8px;'>Nivel de bater\u00eda Advertencia de bater\u00eda baja en marcos publicitarios (15%)<\/li>\n<\/ul><\/div>\n<\/p><\/div>\n<\/p><\/div>\n<p> <!-- Separador final --> <\/p>\n<hr style='border: 0; border-top: 1px solid rgba(150&comma; 150&comma; 150&comma; 0.3); margin: 30px 0;'> <\/div>\n","protected":false},"excerpt":{"rendered":"<p>Sensor Bluetooth \/ Magnetico \/ Compatible con Localizadores Vehiculares<\/p>\n","protected":false},"featured_media":53511,"comment_status":"open","ping_status":"closed","template":"","meta":[],"product_brand":[],"product_cat":[1348,1346],"product_tag":[93,1451,1350,1349],"class_list":{"0":"post-53512","1":"product","2":"type-product","3":"status-publish","4":"has-post-thumbnail","6":"product_cat-accesorios-gps-y-telematica","7":"product_cat-iot","8":"product_tag-accesorios","9":"product_tag-ela-innovation","10":"product_tag-gps-y-telematica","11":"product_tag-iot","13":"first","14":"instock","15":"sale","16":"shipping-taxable","17":"purchasable","18":"product-type-simple"},"_links":{"self":[{"href":"https:\/\/soydeaqui.ddns.net\/pachuca\/index.php\/wp-json\/wp\/v2\/product\/53512","targetHints":{"allow":["GET"]}}],"collection":[{"href":"https:\/\/soydeaqui.ddns.net\/pachuca\/index.php\/wp-json\/wp\/v2\/product"}],"about":[{"href":"https:\/\/soydeaqui.ddns.net\/pachuca\/index.php\/wp-json\/wp\/v2\/types\/product"}],"replies":[{"embeddable":true,"href":"https:\/\/soydeaqui.ddns.net\/pachuca\/index.php\/wp-json\/wp\/v2\/comments?post=53512"}],"wp:featuredmedia":[{"embeddable":true,"href":"https:\/\/soydeaqui.ddns.net\/pachuca\/index.php\/wp-json\/wp\/v2\/media\/53511"}],"wp:attachment":[{"href":"https:\/\/soydeaqui.ddns.net\/pachuca\/index.php\/wp-json\/wp\/v2\/media?parent=53512"}],"wp:term":[{"taxonomy":"product_brand","embeddable":true,"href":"https:\/\/soydeaqui.ddns.net\/pachuca\/index.php\/wp-json\/wp\/v2\/product_brand?post=53512"},{"taxonomy":"product_cat","embeddable":true,"href":"https:\/\/soydeaqui.ddns.net\/pachuca\/index.php\/wp-json\/wp\/v2\/product_cat?post=53512"},{"taxonomy":"product_tag","embeddable":true,"href":"https:\/\/soydeaqui.ddns.net\/pachuca\/index.php\/wp-json\/wp\/v2\/product_tag?post=53512"}],"curies":[{"name":"wp","href":"https:\/\/api.w.org\/{rel}","templated":true}]}}