{"id":53510,"date":"2026-03-19T01:51:02","date_gmt":"2026-03-19T01:51:02","guid":{"rendered":"https:\/\/soydeaqui.ddns.net\/pachuca\/index.php\/producto\/alarma-de-reversa-12-48-vcc-97-dba\/"},"modified":"2026-03-19T01:51:03","modified_gmt":"2026-03-19T01:51:03","slug":"alarma-de-reversa-12-48-vcc-97-dba","status":"publish","type":"product","link":"https:\/\/soydeaqui.ddns.net\/pachuca\/index.php\/producto\/alarma-de-reversa-12-48-vcc-97-dba\/","title":{"rendered":"Alarma de reversa, 12-48 Vcc, 97 dBA"},"content":{"rendered":"<div style='width: 100%; max-width: 1200px; margin: 0 auto; font-family: sans-serif; line-height: 1.6; color: inherit; background-color: transparent;'>\n<div style='display: flex; flex-wrap: wrap; gap: 30px; margin-bottom: 30px;'>\n<div style='flex: 1 1 300px; min-width: 280px;'>\n<h3 style='font-size: 22px; border-bottom: 2px solid currentColor; padding-bottom: 5px; margin-top: 0; color: inherit; opacity: 0.8;'>Descripci\u00f3n<\/h3>\n<p style='font-size: 15px; color: inherit; margin-top: 0; margin-bottom: 15px;'>La Smart Alarm\u00ae de ECCO fue la primera alarma de reversa autoajustable del mundo&comma; midiendo constantemente el ruido ambiental y ajustando su nivel de sonido&comma; creando un volumen seguro sin ser molesto o contribuyendo a la contaminaci\u00f3n ac\u00fastica.<\/p>\n<p style='font-size: 15px; color: inherit; margin-top: 0; margin-bottom: 15px;'>Las alarmas inteligentes eliminan la necesidad de un ajuste manual constante y ayudan a prevenir la desconexi\u00f3n intencional de las alarmas. El soporte de montaje universal y de tama\u00f1o compacto maximiza las opciones de ubicaci\u00f3n&comma; conexi\u00f3n autom\u00e1tica a tierra con conexiones de terminales de esp\u00e1rrago&comma; sellado en epoxi para protecci\u00f3n contra el polvo&comma; la humedad y la vibraci\u00f3n.<\/p>\n<p style='font-size: 15px; color: inherit; margin-top: 0; margin-bottom: 15px;'>La l\u00ednea 500 de alarmas de respaldo m\u00e1s compacta y popular de ECCO&comma; la Serie 500 proporciona una soluci\u00f3n de advertencia rentable con calidad ECCO&comma; confiabilidad y certificaciones SAE. Una carcasa de nylon llena de vidrio con electr\u00f3nica encapsulada en epoxi proporciona una durabilidad excepcional y protecci\u00f3n contra humedad&comma; polvo y vibraciones.<\/p>\n<p style='font-size: 15px; color: inherit; margin-top: 0; margin-bottom: 15px;'>Smart Alarm\u00ae serie 500 de ECCO mide el ruido ambiental y ajusta los niveles de sonido&comma; creando un volumen seguro sin ser molesto o contribuir a la contaminaci\u00f3n ac\u00fastica. Las alarmas inteligentes eliminan la necesidad de ajuste manual constante y ayuda a prevenir la desconexi\u00f3n intencional de la alarma. Consulte a su representante local para cualquier documento de respaldo y certificaciones.<\/p>\n<\/p><\/div>\n<\/p><\/div>\n<div style='display: flex; flex-wrap: wrap; gap: 20px; margin-bottom: 30px;'>\n<div style='flex: 1 1 250px; border: 1px solid rgba(150&comma; 150&comma; 150&comma; 0.4); border-radius: 8px; overflow: hidden; display: flex; flex-direction: column;'>\n<div style='padding: 15px; border-bottom: 1px solid rgba(150&comma; 150&comma; 150&comma; 0.2); font-weight: bold; font-size: 18px; color: inherit;'>Caracter\u00edsticas y Beneficios<\/div>\n<div style='padding: 15px; color: inherit;'>\n<ul style='padding-left: 20px; margin: 0; font-size: 14px; list-style-type: disc;'>\n<li style='margin-bottom: 5px;'>El tama\u00f1o compacto y el soporte de montaje universal maximizan las opciones de ubicaci\u00f3n<\/li>\n<li style='margin-bottom: 5px;'>Auto puesta a tierra (excepto 575)<\/li>\n<li style='margin-bottom: 5px;'>Sellado en epoxi para protecci\u00f3n contra el polvo&comma; la humedad y las vibraciones<\/li>\n<li style='margin-bottom: 5px;'>Rango de temperatura: -40 \u00b0F a +185 \u00b0F (-40 \u00b0C a +85 \u00b0C)<\/li>\n<\/ul><\/div>\n<\/p><\/div>\n<div style='flex: 1 1 250px; border: 1px solid rgba(150&comma; 150&comma; 150&comma; 0.4); border-radius: 8px; overflow: hidden; display: flex; flex-direction: column;'>\n<div style='padding: 15px; border-bottom: 1px solid rgba(150&comma; 150&comma; 150&comma; 0.2); font-weight: bold; font-size: 18px; color: inherit;'>Especificaciones<\/div>\n<div style='padding: 15px; color: inherit;'>\n<ul style='padding-left: 20px; margin: 0; font-size: 14px; list-style-type: disc;'>\n<li style='margin-bottom: 5px;'><strong>AMPS:<\/strong> 0.1<\/li>\n<li style='margin-bottom: 5px;'><strong>APROBACI\u00d3N:<\/strong> SAE TYPE C&comma; CE&comma; R10&comma; UL&comma; AMECA<\/li>\n<li style='margin-bottom: 5px;'><strong>DECIBEL:<\/strong> 97 DB(A)<\/li>\n<li style='margin-bottom: 5px;'><strong>PROFUNDIDAD:<\/strong> 1.614<\/li>\n<li style='margin-bottom: 5px;'><strong>ALTURA:<\/strong> 2.795<\/li>\n<li style='margin-bottom: 5px;'><strong>MONTAJE:<\/strong> 2 BOLT<\/li>\n<li style='margin-bottom: 5px;'><strong>VOLTAJE:<\/strong> 12-48 V<\/li>\n<li style='margin-bottom: 5px;'><strong>GARANT\u00cdA:<\/strong> 2 A\u00d1OS<\/li>\n<li style='margin-bottom: 5px;'><strong>ANCHO:<\/strong> 4.016<\/li>\n<\/ul><\/div>\n<\/p><\/div>\n<\/p><\/div>\n<hr style='border: 0; border-top: 1px solid rgba(150&comma; 150&comma; 150&comma; 0.3); margin: 30px 0;'> <\/div>\n","protected":false},"excerpt":{"rendered":"<p>Alarma de reversa, 12-48 Vcc, 97 dBA<\/p>\n","protected":false},"featured_media":53509,"comment_status":"open","ping_status":"closed","template":"","meta":[],"product_brand":[],"product_cat":[1395],"product_tag":[479,502,1393],"class_list":{"0":"post-53510","1":"product","2":"type-product","3":"status-publish","4":"has-post-thumbnail","6":"product_cat-bocinas-sirenas-bocinas-y-controladores-vehiculares","7":"product_tag-bocinas","8":"product_tag-ecco","9":"product_tag-sirenas-bocinas-y-controladores-vehiculares","11":"first","12":"outofstock","13":"sale","14":"shipping-taxable","15":"purchasable","16":"product-type-simple"},"_links":{"self":[{"href":"https:\/\/soydeaqui.ddns.net\/pachuca\/index.php\/wp-json\/wp\/v2\/product\/53510","targetHints":{"allow":["GET"]}}],"collection":[{"href":"https:\/\/soydeaqui.ddns.net\/pachuca\/index.php\/wp-json\/wp\/v2\/product"}],"about":[{"href":"https:\/\/soydeaqui.ddns.net\/pachuca\/index.php\/wp-json\/wp\/v2\/types\/product"}],"replies":[{"embeddable":true,"href":"https:\/\/soydeaqui.ddns.net\/pachuca\/index.php\/wp-json\/wp\/v2\/comments?post=53510"}],"wp:featuredmedia":[{"embeddable":true,"href":"https:\/\/soydeaqui.ddns.net\/pachuca\/index.php\/wp-json\/wp\/v2\/media\/53509"}],"wp:attachment":[{"href":"https:\/\/soydeaqui.ddns.net\/pachuca\/index.php\/wp-json\/wp\/v2\/media?parent=53510"}],"wp:term":[{"taxonomy":"product_brand","embeddable":true,"href":"https:\/\/soydeaqui.ddns.net\/pachuca\/index.php\/wp-json\/wp\/v2\/product_brand?post=53510"},{"taxonomy":"product_cat","embeddable":true,"href":"https:\/\/soydeaqui.ddns.net\/pachuca\/index.php\/wp-json\/wp\/v2\/product_cat?post=53510"},{"taxonomy":"product_tag","embeddable":true,"href":"https:\/\/soydeaqui.ddns.net\/pachuca\/index.php\/wp-json\/wp\/v2\/product_tag?post=53510"}],"curies":[{"name":"wp","href":"https:\/\/api.w.org\/{rel}","templated":true}]}}