{"id":53487,"date":"2026-03-19T01:50:14","date_gmt":"2026-03-19T01:50:14","guid":{"rendered":"https:\/\/soydeaqui.ddns.net\/pachuca\/index.php\/producto\/barra-de-luces-de-47-rojo-azul-domos-claros-88-led-con-control-de-trafico-en-color-rojo-azul-ideal-para-equipar-unidades-de-seguridad-publica\/"},"modified":"2026-03-19T01:50:26","modified_gmt":"2026-03-19T01:50:26","slug":"barra-de-luces-de-47-rojo-azul-domos-claros-88-led-con-control-de-trafico-en-color-rojo-azul-ideal-para-equipar-unidades-de-seguridad-publica","status":"publish","type":"product","link":"https:\/\/soydeaqui.ddns.net\/pachuca\/index.php\/producto\/barra-de-luces-de-47-rojo-azul-domos-claros-88-led-con-control-de-trafico-en-color-rojo-azul-ideal-para-equipar-unidades-de-seguridad-publica\/","title":{"rendered":"Barra de luces de 47&#8243; rojo\/azul Domos Claros, 88 LED, con control de tr\u00e1fico en color rojo\/azul, ideal para equipar unidades de seguridad p\u00fablica"},"content":{"rendered":"<div style='width: 100%; max-width: 1200px; margin: 0 auto; font-family: sans-serif; line-height: 1.6; color: inherit; background-color: transparent;'>\n<div style='display: flex; flex-wrap: wrap; gap: 30px; margin-bottom: 30px;'>\n<div style='flex: 1 1 300px; min-width: 280px;'>\n<h3 style='font-size: 22px; border-bottom: 2px solid currentColor; padding-bottom: 5px; margin-top: 0; color: inherit; opacity: 0.8;'>Descripci\u00f3n<\/h3>\n<p style='font-size: 15px; color: inherit; margin-top: 0;'> La barra de luces brillantes Serie X67&comma; cuenta con la tecnolog\u00eda HyperLUX la cual es empleada para la emisi\u00f3n de luz y proporciona gran destello. <\/p>\n<div style='margin: 20px 0;'> <img style='width: 100%; height: auto; border: 1px solid rgba(150&comma;150&comma;150&comma;0.3); border-radius: 8px;' src='https:\/\/ftp3.syscom.mx\/usuarios\/ftp\/web_img\/rojo_azul.jpg' alt=''> <\/div>\n<\/p><\/div>\n<\/p><\/div>\n<div style='display: flex; flex-wrap: wrap; gap: 20px; margin-bottom: 30px;'>\n<div style='flex: 1 1 250px; border: 1px solid rgba(150&comma; 150&comma; 150&comma; 0.4); border-radius: 8px; overflow: hidden; display: flex; flex-direction: column;'>\n<div style='padding: 15px; border-bottom: 1px solid rgba(150&comma; 150&comma; 150&comma; 0.2); font-weight: bold; font-size: 18px; color: inherit;'>Configuraci\u00f3n<\/div>\n<div style='padding: 15px; color: inherit;'>\n<ul style='padding-left: 20px; margin: 0; font-size: 14px; list-style-type: disc;'>\n<li style='margin-bottom: 5px;'>Cuenta con 7 m\u00f3dulos de 4 Led en color rojo<\/li>\n<li style='margin-bottom: 5px;'>7 m\u00f3dulos de 4 led en color azul<\/li>\n<li style='margin-bottom: 5px;'>2 m\u00f3dulos esquineros de 4 Led en color rojo<\/li>\n<li style='margin-bottom: 5px;'>2 m\u00f3dulos esquineros de 4 Led en color azul<\/li>\n<li style='margin-bottom: 5px;'>2 m\u00f3dulos de luces de penetraci\u00f3n de 4 Led en color claro<\/li>\n<li style='margin-bottom: 5px;'>2 m\u00f3dulos de luces callejoneras de 3 Led en color claro<\/li>\n<\/ul><\/div>\n<\/p><\/div>\n<div style='flex: 1 1 250px; border: 1px solid rgba(150&comma; 150&comma; 150&comma; 0.4); border-radius: 8px; overflow: hidden; display: flex; flex-direction: column;'>\n<div style='padding: 15px; border-bottom: 1px solid rgba(150&comma; 150&comma; 150&comma; 0.2); font-weight: bold; font-size: 18px; color: inherit;'>Caracter\u00edsticas<\/div>\n<div style='padding: 15px; color: inherit;'>\n<ul style='padding-left: 20px; margin: 0; font-size: 14px; list-style-type: disc;'>\n<li style='margin-bottom: 5px;'><strong>22 m\u00f3dulos Ultra Brillantes<\/strong><\/li>\n<li style='margin-bottom: 5px;'><strong>88 Leds<\/strong> con la \u00faltima tecnolog\u00eda en iluminaci\u00f3n HyperLUX<\/li>\n<li style='margin-bottom: 5px;'>Alto Brillo<\/li>\n<li style='margin-bottom: 5px;'>Bajo Perfil<\/li>\n<li style='margin-bottom: 5px;'><strong>Longitud de 47&#8242;<\/strong><\/li>\n<li style='margin-bottom: 5px;'>Montaje de Gancho<\/li>\n<li style='margin-bottom: 5px;'>Bajo Consumo de Corriente<\/li>\n<li style='margin-bottom: 5px;'>F\u00e1cil instalaci\u00f3n<\/li>\n<li style='margin-bottom: 5px;'>Larga Vida \u00datil<\/li>\n<li style='margin-bottom: 5px;'>Luces Callejoneras (Color Claro)<\/li>\n<li style='margin-bottom: 5px;'>Luces de Penetraci\u00f3n (Color Claro)<\/li>\n<li style='margin-bottom: 5px;'><strong>Incluye Controlador<\/strong><\/li>\n<li style='margin-bottom: 5px;'><strong>45 Patrones de destello<\/strong><\/li>\n<li style='margin-bottom: 5px;'><strong>Funci\u00f3n de Control de Tr\u00e1fico (Interconstruido)<\/strong><\/li>\n<li style='margin-bottom: 5px;'><strong>Dimensiones: 118cm X 34cm X 12 cm (largo x ancho x alto)<\/strong><\/li>\n<li style='margin-bottom: 5px;'><strong>5 a\u00f1o de garant\u00eda<\/strong><\/li>\n<\/ul><\/div>\n<\/p><\/div>\n<div style='flex: 1 1 250px; border: 1px solid rgba(150&comma; 150&comma; 150&comma; 0.4); border-radius: 8px; overflow: hidden; display: flex; flex-direction: column;'>\n<div style='padding: 15px; border-bottom: 1px solid rgba(150&comma; 150&comma; 150&comma; 0.2); font-weight: bold; font-size: 18px; color: inherit;'>Especificaciones T\u00e9cnicas<\/div>\n<div style='padding: 15px; color: inherit;'>\n<ul style='padding-left: 20px; margin: 0; font-size: 14px; list-style-type: disc;'>\n<li style='margin-bottom: 5px;'>Voltaje de Alimentaci\u00f3n: 12 Vcc<\/li>\n<li style='margin-bottom: 5px;'>Consumo: 12 A m\u00e1x.<\/li>\n<\/ul><\/div>\n<\/p><\/div>\n<\/p><\/div>\n<div style='display: grid; grid-template-columns: repeat(auto-fill&comma; minmax(250px&comma; 1fr)); gap: 20px; margin-bottom: 30px;'>\n<div style='border: 1px solid rgba(150&comma; 150&comma; 150&comma; 0.4); border-radius: 8px; overflow: hidden;'> <img style='width: 100%; height: auto; border: none;' src='http:\/\/ftp3.syscom.mx\/usuarios\/fotos\/X67RB\/X67RB-top.jpg' alt=''> <\/div>\n<div style='border: 1px solid rgba(150&comma; 150&comma; 150&comma; 0.4); border-radius: 8px; overflow: hidden;'> <img style='width: 100%; height: auto; border: none;' src='http:\/\/ftp3.syscom.mx\/usuarios\/fotos\/X67RB\/X67RB-detalle1.jpg' alt=''> <\/div>\n<div style='border: 1px solid rgba(150&comma; 150&comma; 150&comma; 0.4); border-radius: 8px; overflow: hidden;'> <img style='width: 100%; height: auto; border: none;' src='http:\/\/ftp3.syscom.mx\/usuarios\/fotos\/X67RB\/X67RB-derecha.jpg' alt=''> <\/div>\n<div style='border: 1px solid rgba(150&comma; 150&comma; 150&comma; 0.4); border-radius: 8px; overflow: hidden;'> <img style='width: 100%; height: auto; border: none;' src='http:\/\/ftp3.syscom.mx\/usuarios\/fotos\/X67RB\/X67RB-bottom.jpg' alt=''> <\/div>\n<\/p><\/div>\n<hr style='border: 0; border-top: 1px solid rgba(150&comma; 150&comma; 150&comma; 0.3); margin: 30px 0;'> <\/div>\n","protected":false},"excerpt":{"rendered":"<p>Barra de luces de 47&#8243; rojo\/azul Domos Claros, 88 LED, con control de tr\u00e1fico en color rojo\/azul, ideal para equipar unidades de seguridad p\u00fablica<\/p>\n","protected":false},"featured_media":53486,"comment_status":"open","ping_status":"closed","template":"","meta":[],"product_brand":[],"product_cat":[1358],"product_tag":[1356,1237,1359],"class_list":{"0":"post-53487","1":"product","2":"type-product","3":"status-publish","4":"has-post-thumbnail","6":"product_cat-rojo-azul","7":"product_tag-barras-de-luz-torretas-vehiculares","8":"product_tag-epcom-industrial-signaling","9":"product_tag-rojo-azul","11":"first","12":"outofstock","13":"sale","14":"shipping-taxable","15":"purchasable","16":"product-type-simple"},"_links":{"self":[{"href":"https:\/\/soydeaqui.ddns.net\/pachuca\/index.php\/wp-json\/wp\/v2\/product\/53487","targetHints":{"allow":["GET"]}}],"collection":[{"href":"https:\/\/soydeaqui.ddns.net\/pachuca\/index.php\/wp-json\/wp\/v2\/product"}],"about":[{"href":"https:\/\/soydeaqui.ddns.net\/pachuca\/index.php\/wp-json\/wp\/v2\/types\/product"}],"replies":[{"embeddable":true,"href":"https:\/\/soydeaqui.ddns.net\/pachuca\/index.php\/wp-json\/wp\/v2\/comments?post=53487"}],"wp:featuredmedia":[{"embeddable":true,"href":"https:\/\/soydeaqui.ddns.net\/pachuca\/index.php\/wp-json\/wp\/v2\/media\/53486"}],"wp:attachment":[{"href":"https:\/\/soydeaqui.ddns.net\/pachuca\/index.php\/wp-json\/wp\/v2\/media?parent=53487"}],"wp:term":[{"taxonomy":"product_brand","embeddable":true,"href":"https:\/\/soydeaqui.ddns.net\/pachuca\/index.php\/wp-json\/wp\/v2\/product_brand?post=53487"},{"taxonomy":"product_cat","embeddable":true,"href":"https:\/\/soydeaqui.ddns.net\/pachuca\/index.php\/wp-json\/wp\/v2\/product_cat?post=53487"},{"taxonomy":"product_tag","embeddable":true,"href":"https:\/\/soydeaqui.ddns.net\/pachuca\/index.php\/wp-json\/wp\/v2\/product_tag?post=53487"}],"curies":[{"name":"wp","href":"https:\/\/api.w.org\/{rel}","templated":true}]}}