{"id":53485,"date":"2026-03-19T01:50:12","date_gmt":"2026-03-19T01:50:12","guid":{"rendered":"https:\/\/soydeaqui.ddns.net\/pachuca\/index.php\/producto\/calibrador-para-sensor-de-combustible-td6001000\/"},"modified":"2026-03-19T01:50:13","modified_gmt":"2026-03-19T01:50:13","slug":"calibrador-para-sensor-de-combustible-td6001000","status":"publish","type":"product","link":"https:\/\/soydeaqui.ddns.net\/pachuca\/index.php\/producto\/calibrador-para-sensor-de-combustible-td6001000\/","title":{"rendered":"Calibrador para sensor de combustible TD6001000"},"content":{"rendered":"<div style='width: 100%; max-width: 1200px; margin: 0 auto; font-family: sans-serif; line-height: 1.6; color: inherit; background-color: transparent;'> <!-- Secci\u00f3n de contenido con flex --> <\/p>\n<div style='display: flex; flex-wrap: wrap; gap: 30px; margin-bottom: 30px;'>\n<div style='flex: 1 1 300px; min-width: 280px;'>\n<h3 style='font-size: 22px; border-bottom: 2px solid currentColor; padding-bottom: 5px; margin-top: 0; color: inherit; opacity: 0.8;'>Caracter\u00edsticas<\/h3>\n<p style='font-size: 15px; color: inherit;'>Calibrador para sensor de combustible TD600100<\/p>\n<ul style='padding-left: 20px; font-size: 15px; color: inherit;'>\n<li style='margin-bottom: 5px;'>El calibrador USB ESCORT \u00d0\u00a1-200 est\u00e1 dise\u00f1ados para programar&comma; configurar y transferir informaci\u00f3n de diagn\u00f3stico.<\/li>\n<li style='margin-bottom: 5px;'>Es un adaptador (RS-485) -USB.<\/li>\n<li style='margin-bottom: 5px;'>Incluye un cable con terminales adicionales para conectar sensores sin conectores.<\/li>\n<li style='margin-bottom: 5px;'>NO SUMINISTRE ENERG\u00cdA A TERMINALES ADICIONALES DEL PRODUCTO.<\/li>\n<li style='margin-bottom: 5px;'>EL CALIBRADOR SE ENCIENDE DESDE EL PUERTO USB.<\/li>\n<li style='margin-bottom: 5px;'>\u00a1NO EXCEDA LAS ESPECIFICACIONES DE RENDIMIENTO ESPECIFICADAS AQU\u00cd!<\/li>\n<li style='margin-bottom: 5px;'>EVITE DA\u00d1OS MEC\u00c1NICOS A LAS PIEZAS&comma; ALAMBRES DE MONTAJE Y CABLES DURANTE LA INSTALACI\u00d3N Y FUNCIONAMIENTO.<\/li>\n<\/ul><\/div>\n<\/p><\/div>\n<p> <!-- Secci\u00f3n de cards con especificaciones --> <\/p>\n<div style='display: flex; flex-wrap: wrap; gap: 20px; margin-bottom: 30px;'>\n<div style='flex: 1 1 250px; border: 1px solid rgba(150&comma; 150&comma; 150&comma; 0.4); border-radius: 8px; overflow: hidden; display: flex; flex-direction: column;'>\n<div style='padding: 15px; border-bottom: 1px solid rgba(150&comma; 150&comma; 150&comma; 0.2); font-weight: bold; font-size: 18px; color: inherit;'>Especificaciones El\u00e9ctricas<\/div>\n<div style='padding: 15px; color: inherit;'>\n<ul style='padding-left: 20px; margin: 0; font-size: 14px; list-style-type: disc;'>\n<li style='margin-bottom: 5px;'><strong>Conexi\u00f3n:<\/strong> Micro USB-B<\/li>\n<li style='margin-bottom: 5px;'><strong>Modo de operaci\u00f3n:<\/strong> Digital<\/li>\n<li style='margin-bottom: 5px;'><strong>Modo digital:<\/strong> LLS \/ RS-485 \/ 19200bps<\/li>\n<li style='margin-bottom: 5px;'><strong>Alimentaci\u00f3n:<\/strong> Mediante USB<\/li>\n<li style='margin-bottom: 5px;'><strong>Salida de voltaje:<\/strong> 9 &#8211; 12Vcc<\/li>\n<\/ul><\/div>\n<\/p><\/div>\n<div style='flex: 1 1 250px; border: 1px solid rgba(150&comma; 150&comma; 150&comma; 0.4); border-radius: 8px; overflow: hidden; display: flex; flex-direction: column;'>\n<div style='padding: 15px; border-bottom: 1px solid rgba(150&comma; 150&comma; 150&comma; 0.2); font-weight: bold; font-size: 18px; color: inherit;'>Condiciones y Caracter\u00edsticas F\u00edsicas<\/div>\n<div style='padding: 15px; color: inherit;'>\n<ul style='padding-left: 20px; margin: 0; font-size: 14px; list-style-type: disc;'>\n<li style='margin-bottom: 5px;'><strong>Condiciones de operaci\u00f3n:<\/strong> -40 &#8211; +85\u00b0C<\/li>\n<li style='margin-bottom: 5px;'><strong>Dimensiones:<\/strong> 65 x 45 x 25mm<\/li>\n<li style='margin-bottom: 5px;'><strong>Peso:<\/strong> 0.05Kg<\/li>\n<li style='margin-bottom: 5px;'><strong>Corriente m\u00e1xima entrada:<\/strong> 300mA<\/li>\n<li style='margin-bottom: 5px;'><strong>Corriente m\u00e1xima de salida:<\/strong> 100mA<\/li>\n<\/ul><\/div>\n<\/p><\/div>\n<div style='flex: 1 1 250px; border: 1px solid rgba(150&comma; 150&comma; 150&comma; 0.4); border-radius: 8px; overflow: hidden; display: flex; flex-direction: column;'>\n<div style='padding: 15px; border-bottom: 1px solid rgba(150&comma; 150&comma; 150&comma; 0.2); font-weight: bold; font-size: 18px; color: inherit;'>Contenido del Paquete<\/div>\n<div style='padding: 15px; color: inherit;'>\n<ul style='padding-left: 20px; margin: 0; font-size: 14px; list-style-type: disc;'>\n<li style='margin-bottom: 5px;'>RS485 &#8211; USB 1<\/li>\n<li style='margin-bottom: 5px;'>Cable USB-A a MicroUSB-B 1<\/li>\n<li style='margin-bottom: 5px;'>Certificado de manufactura 1<\/li>\n<\/ul><\/div>\n<\/p><\/div>\n<\/p><\/div>\n<p> <!-- Separador --> <\/p>\n<hr style='border: 0; border-top: 1px solid rgba(150&comma; 150&comma; 150&comma; 0.3); margin: 30px 0;'> <\/div>\n","protected":false},"excerpt":{"rendered":"<p>Calibrador para sensor de combustible TD6001000<\/p>\n","protected":false},"featured_media":53484,"comment_status":"open","ping_status":"closed","template":"","meta":[],"product_brand":[],"product_cat":[1348,1346],"product_tag":[93,1450,1350,1349],"class_list":{"0":"post-53485","1":"product","2":"type-product","3":"status-publish","4":"has-post-thumbnail","6":"product_cat-accesorios-gps-y-telematica","7":"product_cat-iot","8":"product_tag-accesorios","9":"product_tag-escort","10":"product_tag-gps-y-telematica","11":"product_tag-iot","13":"first","14":"instock","15":"sale","16":"shipping-taxable","17":"purchasable","18":"product-type-simple"},"_links":{"self":[{"href":"https:\/\/soydeaqui.ddns.net\/pachuca\/index.php\/wp-json\/wp\/v2\/product\/53485","targetHints":{"allow":["GET"]}}],"collection":[{"href":"https:\/\/soydeaqui.ddns.net\/pachuca\/index.php\/wp-json\/wp\/v2\/product"}],"about":[{"href":"https:\/\/soydeaqui.ddns.net\/pachuca\/index.php\/wp-json\/wp\/v2\/types\/product"}],"replies":[{"embeddable":true,"href":"https:\/\/soydeaqui.ddns.net\/pachuca\/index.php\/wp-json\/wp\/v2\/comments?post=53485"}],"wp:featuredmedia":[{"embeddable":true,"href":"https:\/\/soydeaqui.ddns.net\/pachuca\/index.php\/wp-json\/wp\/v2\/media\/53484"}],"wp:attachment":[{"href":"https:\/\/soydeaqui.ddns.net\/pachuca\/index.php\/wp-json\/wp\/v2\/media?parent=53485"}],"wp:term":[{"taxonomy":"product_brand","embeddable":true,"href":"https:\/\/soydeaqui.ddns.net\/pachuca\/index.php\/wp-json\/wp\/v2\/product_brand?post=53485"},{"taxonomy":"product_cat","embeddable":true,"href":"https:\/\/soydeaqui.ddns.net\/pachuca\/index.php\/wp-json\/wp\/v2\/product_cat?post=53485"},{"taxonomy":"product_tag","embeddable":true,"href":"https:\/\/soydeaqui.ddns.net\/pachuca\/index.php\/wp-json\/wp\/v2\/product_tag?post=53485"}],"curies":[{"name":"wp","href":"https:\/\/api.w.org\/{rel}","templated":true}]}}