{"id":5347,"date":"2026-03-18T06:30:10","date_gmt":"2026-03-18T06:30:10","guid":{"rendered":"https:\/\/soydeaqui.ddns.net\/pachuca\/index.php\/producto\/sensor-cableado-de-presencia-luz-natural\/"},"modified":"2026-03-18T06:30:10","modified_gmt":"2026-03-18T06:30:10","slug":"sensor-cableado-de-presencia-luz-natural","status":"publish","type":"product","link":"https:\/\/soydeaqui.ddns.net\/pachuca\/index.php\/producto\/sensor-cableado-de-presencia-luz-natural\/","title":{"rendered":"Sensor cableado de presencia\/luz natural"},"content":{"rendered":"<div style='width: 100%; max-width: 1200px; margin: 0 auto; font-family: sans-serif; line-height: 1.6; color: inherit; background-color: transparent;'>\n<div style='display: flex; flex-direction: column; gap: 20px;'>\n<p style='text-align: justify; margin-top: 0; margin-bottom: 15px;'><strong>\u00bfC\u00f3mo hacer de cada oficina&comma; escuela o campus universitario un lugar eficiente&comma; c\u00f3modo y productivo para trabajar o aprender?<\/strong><\/p>\n<p style='text-align: justify; margin-top: 0; margin-bottom: 15px;'>Vive de LUTRON es la respuesta&comma; es un control simple&comma; escalable e inal\u00e1mbrico que se puede instalar en un solo espacio o en todo el campus.<\/p>\n<p style='text-align: justify; margin-top: 0; margin-bottom: 15px;'>Dise\u00f1ado para cumplir con los c\u00f3digos de energ\u00eda de hoy en d\u00eda&comma; utilizarse en nuevas construcciones o de retroadaptaci\u00f3n.<\/p>\n<p style='text-align: justify; margin-top: 0; margin-bottom: 15px;'>Y con una amplia familia de producto&comma; que incluyen sensores&comma; controles remotos&comma; controles de carga y una suite de gesti\u00f3n de software disponible&comma; Vive proporciona la flexibilidad para seleccionar los productos que desea y gestionar cualquier desaf\u00edo en el sitio con facilidad<\/p>\n<p style='text-align: justify; margin-top: 0; margin-bottom: 15px;'><strong>Sensor de luz natural y presencia.<\/strong><\/p>\n<div style='display: flex; flex-wrap: wrap; gap: 20px; margin-top: 20px; margin-bottom: 30px;'>\n<div style='flex: 1 1 300px; min-width: 280px;'>\n<div style='border-left: 5px solid #0091ff; border-radius: 5px; padding: 10px; box-shadow: 2px 2px 10px rgba(216&comma; 216&comma; 216&comma; 0.5);'>\n<p style='margin-top: 0; margin-bottom: 10px;'><strong>Como dise\u00f1ar y especificar.<\/strong><\/p>\n<ul style='padding-left: 20px; margin: 0; font-size: 14px; list-style-type: disc; color: inherit;'>\n<li style='margin-bottom: 5px; text-align: justify;'>Un control de luminaria inal\u00e1mbrico PowPak.<\/li>\n<li style='margin-bottom: 5px; text-align: justify;'>Para cada luminaria en el espacio.<\/li>\n<li style='margin-bottom: 5px; text-align: justify;'>Controla 1A de electrodo o hasta tres controladores\/balastros\/por luminaria Seleccione detecci\u00f3n de \u00e1rea o detecci\u00f3n de luminaria individual.<\/li>\n<li style='margin-bottom: 5px; text-align: justify;'>Sensor de luminarias PowPak Sensor combinado de luz natural\/ de presencia.<\/li>\n<\/ul><\/div>\n<\/p><\/div>\n<div style='flex: 1 1 300px; min-width: 280px;'>\n<div style='border-left: 5px solid #0091ff; border-radius: 5px; padding: 10px; box-shadow: 2px 2px 10px rgba(216&comma; 216&comma; 216&comma; 0.5);'>\n<p style='margin-top: 0; margin-bottom: 10px;'><strong>Opciones de producto&comma; control de carga y sensor.<\/strong><\/p>\n<ul style='padding-left: 20px; margin: 0; font-size: 14px; list-style-type: disc; color: inherit;'>\n<li style='margin-bottom: 5px;'>FCJS-010 control de carga.<\/li>\n<li style='margin-bottom: 5px;'>Sensor de presencia\/luz natural FCVSENSOR<\/li>\n<\/ul><\/div>\n<\/p><\/div>\n<div style='flex: 1 1 300px; min-width: 280px;'>\n<div style='border-left: 5px solid #0091ff; border-radius: 5px; padding: 10px; box-shadow: 2px 2px 10px rgba(216&comma; 216&comma; 216&comma; 0.5);'>\n<p style='margin-top: 0; margin-bottom: 10px;'><strong>Caracter\u00edsticas:<\/strong><\/p>\n<ul style='padding-left: 20px; margin: 0; font-size: 14px; list-style-type: disc; color: inherit;'>\n<li style='margin-bottom: 5px;'>Ancho: 72 mm (2&comma;89 in)<\/li>\n<li style='margin-bottom: 5px;'>Alto: 87 mm (3&comma;44 in)<\/li>\n<li style='margin-bottom: 5px;'>Profundidad: 32 mm (1&comma;25 in)<\/li>\n<\/ul><\/div>\n<\/p><\/div>\n<\/p><\/div>\n<\/p><\/div>\n<\/p><\/div>\n","protected":false},"excerpt":{"rendered":"<p>Sensor cableado de presencia\/luz natural<\/p>\n","protected":false},"featured_media":5346,"comment_status":"open","ping_status":"closed","template":"","meta":[],"product_brand":[],"product_cat":[192],"product_tag":[30,36,193],"class_list":{"0":"post-5347","1":"product","2":"type-product","3":"status-publish","4":"has-post-thumbnail","6":"product_cat-lutron-vive","7":"product_tag-automatizacion-casa-inteligente","8":"product_tag-lutron-electronics","9":"product_tag-lutron-vive","11":"first","12":"outofstock","13":"sale","14":"shipping-taxable","15":"purchasable","16":"product-type-simple"},"_links":{"self":[{"href":"https:\/\/soydeaqui.ddns.net\/pachuca\/index.php\/wp-json\/wp\/v2\/product\/5347","targetHints":{"allow":["GET"]}}],"collection":[{"href":"https:\/\/soydeaqui.ddns.net\/pachuca\/index.php\/wp-json\/wp\/v2\/product"}],"about":[{"href":"https:\/\/soydeaqui.ddns.net\/pachuca\/index.php\/wp-json\/wp\/v2\/types\/product"}],"replies":[{"embeddable":true,"href":"https:\/\/soydeaqui.ddns.net\/pachuca\/index.php\/wp-json\/wp\/v2\/comments?post=5347"}],"wp:featuredmedia":[{"embeddable":true,"href":"https:\/\/soydeaqui.ddns.net\/pachuca\/index.php\/wp-json\/wp\/v2\/media\/5346"}],"wp:attachment":[{"href":"https:\/\/soydeaqui.ddns.net\/pachuca\/index.php\/wp-json\/wp\/v2\/media?parent=5347"}],"wp:term":[{"taxonomy":"product_brand","embeddable":true,"href":"https:\/\/soydeaqui.ddns.net\/pachuca\/index.php\/wp-json\/wp\/v2\/product_brand?post=5347"},{"taxonomy":"product_cat","embeddable":true,"href":"https:\/\/soydeaqui.ddns.net\/pachuca\/index.php\/wp-json\/wp\/v2\/product_cat?post=5347"},{"taxonomy":"product_tag","embeddable":true,"href":"https:\/\/soydeaqui.ddns.net\/pachuca\/index.php\/wp-json\/wp\/v2\/product_tag?post=5347"}],"curies":[{"name":"wp","href":"https:\/\/api.w.org\/{rel}","templated":true}]}}