{"id":53448,"date":"2026-03-19T01:49:01","date_gmt":"2026-03-19T01:49:01","guid":{"rendered":"https:\/\/soydeaqui.ddns.net\/pachuca\/index.php\/producto\/baliza-led-color-rojo-con-montaje-magnetico-de-succion-de-7-de-altura\/"},"modified":"2026-03-19T01:49:09","modified_gmt":"2026-03-19T01:49:09","slug":"baliza-led-color-rojo-con-montaje-magnetico-de-succion-de-7-de-altura","status":"publish","type":"product","link":"https:\/\/soydeaqui.ddns.net\/pachuca\/index.php\/producto\/baliza-led-color-rojo-con-montaje-magnetico-de-succion-de-7-de-altura\/","title":{"rendered":"Baliza LED color rojo con montaje magn\u00e9tico de succi\u00f3n de 7&#8243; de altura"},"content":{"rendered":"<div style='width: 100%; max-width: 1200px; margin: 0 auto; font-family: sans-serif; line-height: 1.6; color: inherit; background-color: transparent;'>\n<div style='display: flex; flex-wrap: wrap; gap: 30px; margin-bottom: 30px;'>\n<div style='flex: 1 1 300px; min-width: 280px;'>\n<h3 style='font-size: 22px; border-bottom: 2px solid currentColor; padding-bottom: 5px; margin-top: 0; color: inherit; opacity: 0.8;'>Descripci\u00f3n<\/h3>\n<p style='font-size: 15px; color: inherit; margin-bottom: 15px;'>La baliza de la serie X7970 combina todos los principales beneficios de la \u00faltima tecnolog\u00eda LED con un lente tradicional de estilo estrobosc\u00f3pico a un precio comparable al de un estroboscopio.<\/p>\n<p style='font-size: 15px; color: inherit; margin-bottom: 15px;'>Disponible ya sea con perfiles de altura de 5&#8242; o 7&#8217;&comma; el X7970 es adecuado para una amplia gama de aplicaciones donde se requiere una luz SAE Clase I de alta intensidad.<\/p>\n<p style='font-size: 15px; color: inherit; margin-bottom: 15px;'>El 7970 cuenta con operaci\u00f3n de 12-24VDC y 11 patrones de destello que producen una se\u00f1al de advertencia que llama la atenci\u00f3n.<\/p>\n<p style='font-size: 15px; color: inherit; margin-bottom: 15px;'>Las balizas LED Pulse\u00ae II de la serie 7970 ofrecen una salida de luz SAE Clase I y un funcionamiento del flash (Pulse8) combinado con una larga vida \u00fatil sin mantenimiento y bajo consumo de amperios (3.6 A)&comma; lo que hace que esta baliza sea una opci\u00f3n rentable para muchas aplicaciones.<\/p>\n<p style='font-size: 15px; color: inherit; margin-bottom: 15px;'>Reemplace f\u00e1cilmente las luces estrobosc\u00f3picas o las balizas giratorias con la \u00faltima tecnolog\u00eda para que no se requiere mantenimiento continuo.<\/p>\n<p style='font-size: 15px; color: inherit; margin-bottom: 15px;'>Los modelos de im\u00e1n al vac\u00edo cuentan con un cable de cigarrillo recto de 15&#8242; con enchufe conmutado.<\/p>\n<\/p><\/div>\n<\/p><\/div>\n<div style='display: flex; flex-wrap: wrap; gap: 20px; margin-bottom: 30px;'>\n<div style='flex: 1 1 250px; border: 1px solid rgba(150&comma; 150&comma; 150&comma; 0.4); border-radius: 8px; overflow: hidden; display: flex; flex-direction: column;'>\n<div style='padding: 15px; border-bottom: 1px solid rgba(150&comma; 150&comma; 150&comma; 0.2); font-weight: bold; font-size: 18px; color: inherit;'>Caracter\u00edsticas<\/div>\n<div style='padding: 15px; color: inherit;'>\n<ul style='padding-left: 20px; margin: 0; font-size: 14px; list-style-type: disc;'>\n<li style='margin-bottom: 5px;'><strong>12-24 Vcc&comma; 3&comma;6 amperios<\/strong><\/li>\n<li style='margin-bottom: 5px;'><strong>Elija la altura del perfil:<\/strong> 5&#8242; (Serie X7965) o 7&#8242; (Serie X7970)<\/li>\n<li style='margin-bottom: 5px;'><strong>Di\u00e1metro:<\/strong> 6.5&#8242; (165mm)<\/li>\n<li style='margin-bottom: 5px;'><strong>11 patrones de destello<\/strong><\/li>\n<li style='margin-bottom: 5px;'><strong>Base de aluminio&comma; lente de policarbonato<\/strong><\/li>\n<li style='margin-bottom: 5px;'><strong>Adaptador de enchufe de cigarrillo conmutado<\/strong> (modelos con im\u00e1n de vac\u00edo)<\/li>\n<li style='margin-bottom: 5px;'><strong>Rango de temperatura:<\/strong> -22 \u00b0F a +122 \u00b0F (-30 \u00b0C a +50 \u00b0C)<\/li>\n<\/ul><\/div>\n<\/p><\/div>\n<\/p><\/div>\n<\/p><\/div>\n","protected":false},"excerpt":{"rendered":"<p>Baliza LED color rojo con montaje magn\u00e9tico de succi\u00f3n de 7&#8243; de altura<\/p>\n","protected":false},"featured_media":53447,"comment_status":"open","ping_status":"closed","template":"","meta":[],"product_brand":[],"product_cat":[1379],"product_tag":[950,502,500],"class_list":{"0":"post-53448","1":"product","2":"type-product","3":"status-publish","4":"has-post-thumbnail","6":"product_cat-ambar-estrobos-burbujas-vehiculares","7":"product_tag-ambar","8":"product_tag-ecco","9":"product_tag-estrobos-burbujas-vehiculares","11":"first","12":"instock","13":"sale","14":"shipping-taxable","15":"purchasable","16":"product-type-simple"},"_links":{"self":[{"href":"https:\/\/soydeaqui.ddns.net\/pachuca\/index.php\/wp-json\/wp\/v2\/product\/53448","targetHints":{"allow":["GET"]}}],"collection":[{"href":"https:\/\/soydeaqui.ddns.net\/pachuca\/index.php\/wp-json\/wp\/v2\/product"}],"about":[{"href":"https:\/\/soydeaqui.ddns.net\/pachuca\/index.php\/wp-json\/wp\/v2\/types\/product"}],"replies":[{"embeddable":true,"href":"https:\/\/soydeaqui.ddns.net\/pachuca\/index.php\/wp-json\/wp\/v2\/comments?post=53448"}],"wp:featuredmedia":[{"embeddable":true,"href":"https:\/\/soydeaqui.ddns.net\/pachuca\/index.php\/wp-json\/wp\/v2\/media\/53447"}],"wp:attachment":[{"href":"https:\/\/soydeaqui.ddns.net\/pachuca\/index.php\/wp-json\/wp\/v2\/media?parent=53448"}],"wp:term":[{"taxonomy":"product_brand","embeddable":true,"href":"https:\/\/soydeaqui.ddns.net\/pachuca\/index.php\/wp-json\/wp\/v2\/product_brand?post=53448"},{"taxonomy":"product_cat","embeddable":true,"href":"https:\/\/soydeaqui.ddns.net\/pachuca\/index.php\/wp-json\/wp\/v2\/product_cat?post=53448"},{"taxonomy":"product_tag","embeddable":true,"href":"https:\/\/soydeaqui.ddns.net\/pachuca\/index.php\/wp-json\/wp\/v2\/product_tag?post=53448"}],"curies":[{"name":"wp","href":"https:\/\/api.w.org\/{rel}","templated":true}]}}