{"id":53441,"date":"2026-03-19T01:48:48","date_gmt":"2026-03-19T01:48:48","guid":{"rendered":"https:\/\/soydeaqui.ddns.net\/pachuca\/index.php\/producto\/candado-para-bicicleta-moto-o-similar-de-20-x-1000-mm-cierre-por-llave\/"},"modified":"2026-03-19T01:48:55","modified_gmt":"2026-03-19T01:48:55","slug":"candado-para-bicicleta-moto-o-similar-de-20-x-1000-mm-cierre-por-llave","status":"publish","type":"product","link":"https:\/\/soydeaqui.ddns.net\/pachuca\/index.php\/producto\/candado-para-bicicleta-moto-o-similar-de-20-x-1000-mm-cierre-por-llave\/","title":{"rendered":"Candado para Bicicleta, Moto o similar de 20 x 1000 mm Cierre por Llave."},"content":{"rendered":"<p style='text-align: center;'><img src='data:image\/png;base64&comma;iVBORw0KGgoAAAANSUhEUgAAAUoAAABRCAIAAAA7LXi+AAAYT0lEQVR4Ae2dh18USaLH7x\/RFcXVzene7dt7+z73eXcb7r29u13pnumZYYacg2JmdT0VUFmzaw6rAoYVhowEwy66YgIkIyDZhSEjCEzqqnpW19AMk0Dwww5Q\/akPdHflX9e3cvf8AdGDKkAVmKMK\/GGO5otmiypAFUAUb1oIqAJzVgGK95x9tDRjVAGKNy0DVIE5qwDFe84+WpoxqgDFm5YBqsCcVYDiPWcfLc0YVYDiTcsAVWDOKkDxnrOPlmaMKjBZvAEAPM8b6UEVoArMuAI8zwMAplBbTYw3hJCCPeMPlEZIFbBUgOd5COFLQT4x3pRtS5npNVXgd1KA5\/lXiTcA4HfKCI2WKkAVsKHAS\/XSJ2i9adNtQ2B6iyrw+ynwUg34BHj\/frmgMVMFqAK2FZh8\/5zibVtBepcq4LQKULyd9tHQhFEFpqsAxXu6ClL\/VAGnVYDi7bSPhiaMKjBdBeYv3mR\/D6AHVWByCszGtaH5i\/dLrQpOXibqcq4qMBt3dkz+Wcy1mXOK9+SfPXWJEKJ4T3eoMJP+XwHeECIIEQDYkPOX3OhLsZlFClC8ZxLP6cY1Fbx5Hj1\/jjQaVFOLCotQfj7KyYUZmTA9A17NRjd+Rg8eourHqL0dO3vJTb+zqKDPz6RSvKeL3Ez6fwm8IUQDA6j4Ebx4CUbFQL8A8OVX4I8fgzffAa7LwKIl\/KIlYPFSsOwt8OF\/gM++BD5+2FliEnpcg7Ta+QnD3Ms1xXsm8ZxuXJPCG0LU1QWT1CAkDHzxv+Dt98Bri8FCF7BwMT6xabCtC7Z670PwDQNjd6Mn9bjrTo9ZrgDFe7rIzaT\/ifEeGUHZOVAiw6AuWmKC1ibSDm6+\/ib4n89hRhYyGmd58Z7vyad4zySe041rArz7+uDW7fySZY4aagdUj7fiXVzhiVPIYJjviMzm\/FO8p4vcTPq3izfPo\/IKyHJgwSLb3e\/x6E7WzfsfwctXkJ4SPlsRp3jPJJ7Tjcs23kYj\/CUffvYlWCCMn6dGsh1f8Gs3VFFJx+GzlG+K93SRm0n\/NvAGABXcBV\/9C4+07SA6rftLl8MfjqCRkVlavm0mG0JI9nS+7Me9LEITw7HxXCyc\/k6XFO+ZxHO6cdkoRg2N0NMHuCy1zbCLK++6zJFZ8jrv4sovFKbWbdYOC13gChY9feqgfBqNxoaGhjo7x5Mn9U9\/+62\/v984fqKuq6ur1o6Xurq6hobGzs7O4eFhCwJHRkYaG5vs+xNtnnR0dJinGUI4MjLS0NB47fqNuLj4Y8dOHD9x8tKlnwru3uvp6bGIBSGk1WrrhUy1tLSYh4MQMhqNbW1tt27dvnTp8vGTJ48cPX727Lm0tPSysvKBgQHroBBCv7W1iZltaWm1CNDBZUdHh5ilhobGkRG7a5Z6vb6lpbWurq6+vl6UmuI9XeRm0r8l3iMjcO9+8JqddtvFFS9xdXY5MhoNXuhOTgUKJY\/rCFvd+2VvoQeFDopgc3Ozp5evRCq3Y2QSqVyuUG6Piq578kQs\/QcOHmKl2MqOkUk5RUBgcGpq+vDwWN\/h4cPCgMBgO17GguJkigsXL4lpNhgM+fn5qyLWSDmFEOm4eOUKZVx8gnksEMLS0jKlyouVynbv2SeGAwCoqa2J\/HazlFNIzBLPSkwB+voFZOfkWnxRCEK4fkMkySwrle3bf0AM0PGJ0Wjctet7MbNSTp6WmmZZBkaDqK2tXbN2nUQqDwoK0Y7uXKB4zySe043L8tEWPwIf\/NF2u\/3aYn7x6+j6jdGnP9F\/CFH+LfDxn22spS10QT8lOvBfcPeuh6ePTK60Y9wlUjkrkbESbs3a9TW1tQghnufXrF0vVyjlCpXC3cNdOc7IFSpO5i54kTEsl5ioJrFDCDOzrnr5+NmJaCwB7kqPgoICsum6salp0+YtboyUleAqQ+Xh7ecfEBAY4usfqFR5kbRJJLI9e\/f19\/eTiAAA2Tm5jIRzY6RJScnkpk6nu3o129PLh5XIOJm7l5dvQGBwcEh4UHCYr3+gu9KTBOXGSE+f+VGn14uKDQwMqDy9SXbcGGlOdq5o5fikv79\/9Zp1xCP5q1R5VlZWiVWkufeCgrt+\/oGsRBazY6fogOI9XeRm0v84vI1GGL7K0XTa0uXo5s+otg6byio8Q2ZhKitRfQN69gwBYQeLwQBPnQYurhb1Bb9gETxwyLwkWZxXVFZdvHQ5PuGiTXPufNz+g4fclZ6sRCaTKzMys3ie1+v1Serky5cv\/3TlSnJyampqmmhSUtN+Skw6c+Zs5LebSZlevXodKa8AwOJHJRcu2o1LTEDChUtdXV0AgIqKiojVaxmWk3LysPBVh48cfcFtRUVlQ2NjRUVlekZmdMwOmVzJSmQeXj5Xs3NIw2s0Gk+cPEV8PXjwECEEISwpKQ0NW8mwnLeP\/4mTp2\/\/eqexsamjo7Otrb2qqjolNe27LVvlChWGX+7+qKREVKmqqophOZKXiNVrf\/vtN9HK8Um7RhO+MsIcb1YiWxmxxjoEnufT0zMU7iqGlSapTfURfaVkJtl8BXGNw7u8HCx70wLFcZeLl4JvGMBygJXCf62A\/\/ja0vzzGyiVg01bMOSkCOffAu+8Py6Q1xaDBYvQ9mjHBdGBLYRQq9Xuiv2eYTmJVJ6UlGyYxFo6AKCoqJg0lSGh4WJz5CAia6vW1qdRUTESqZxhua3bokpKSsVeq+i4o6Nz7959boyUYbkDBw89e\/YMIaTT6SI3fcdKZL5+AY2NTQihEa02PuEiKzH1JsTBrRgOhLDuSf3GyE2e3r5R0TvKy8tFK7U6mfQdAgKDCwrujnuIECKdDnX3oK5uNDRkqmdHfer1+tjde0jVIPRxcBXJsNy+\/QcHBgZHXeH\/w8PDp8\/8yEpkboy0vLxCtKKt9yugbsaCGCsZEMLITTY60hbTY2S3KdmRiufPrI0LcF0O0zPIC2Tw9q\/g3Q+s8YZRO8QSM4UTCOHefftZCadw98jJyR3LhcOwKisrVR64T7t1W5RDh7YtdTqdOjlFaNC48JURra2t9uqIltbWY8dPHDt+MiMz69mzAYRQX3+\/p5cvw3KRkZs6O7sQQv39\/d8LpLmx0oQLl7RarXVoRqOxpqa2sqqqo6NDrMIghFHRMcK4QP7j2XNDQ0NjydXrYUYWVHmBf3wN\/vEvIFeijCxk1qtHCCWpkxkWDys2f\/fvI0ePk06QUuWpVqeYVzFdXV07d8YyLKdUefb34xqKHBTvGWPzFUQ0BkZfP\/\/Rx5YcWrA9yculy2FWNnlFFGZkgiWvWwa7YBE6dHi0wLz0fwhha+tTuTvutYaGrSwrK5tMEHqD4eQp3D12Y6QZmVnEi16v7+\/v73V4DA4OEpU0mvZNm7ewEu5FIOYNmnXsEEK9cBiNRgJtVVU1w2KPhw4fGRzE7eTg4ODhw0dJQ8rJ3P38A3fu+j4lNb28vKKnp0dvMAAAoHBYhK\/Van18\/YW8ryopLR2zNRrh2XPgvY\/GzYz+8WMkzE2IznJy8xhWKuXkR48d7+7u3rY9ivTVQ8JWFj96JFYxDQ2Nq9esY1hu3fqNY4WEvu\/9CpibwSDGntwv+fh9r0kC7MCZy1IgkeMXSIS1ILg92sa+twV2p9YghO3t7ffu379zp6Cg4F5hYZH5UVhY+OudgvNx8d4+fmRa68jRY0NDQzqd7t69e4KXggcPH5p7elhYeKegIEmdvHrNWtxqSWWR324mS1w8z+fm5kmksm9WsPbM1yuYPXv3PX\/+HA+VS0vdlR4My22M3DSmm8iNw5PU1DTSZiYlqfVCcwoAuHvvnjBpLxMHwwzLrXDDieHk7qvXbkhSJ7e0tIjtNomhpbWVleCB967Y3ebtKqquBv\/8xrL\/tdAFXb9unrSMzCyGlborPZOTUyCEDY1NpLJgWG7HzliNsPgnzPOXenj6MCx3\/PhJc++09Z5BOqcdlamYQgj3H7SeAxtH+xtvA3eVI6NQAZUnWL8RFRXjphshVFkFPvnvcYGQesF1ObqDZ6GtD57nryQmcnL3FazUjZWuYCQWhoxphTkqxa7Y3c3CGnJtXZ2UU2AvDDbmXtwYieAFj4TlCuWWLVvLyspJrrVabULCBdJ+mi9KietGZOL6pytJer0eAJB1NZs0\/gkJF61T7uAOhDA2drfQ0fXKv3VLbCENBkNBwd3Y2N1h4SuVKk8Jh4f0QnpM02ZurNTL2y\/zarb5wtit27+6MVKZHK+9jd2HEOZdA29bTXO8\/gZ+J3\/0gBCePHmaYTkfH\/979+6T2\/n5+aSLLpUpLl66rNPpcMWXd02YYpBeuzaudqB4T5u5GQzAhLfBAIJDHW9TgyyHP8\/g2IxoTWAjhBqbgIe3ZWMi4A0\/\/Quee7d1DA0NHTt+grRmnl4+Pr7+5sbX1z8wMHj9hsiDB39QJ6d0duFBLEIo79p1vP4skSlVnkHBoaIhpZaVyLy8fY8cPZ6Smtbc3CLSJYx+9zIsx8ncz52Pu3Il0dokJiY9eVJPfs45XqgL3FhpXt41W2m3e0+r1QYGhZChhHWvfnh4uKy8PCcnNzFJfT4u\/ujR4zE7dgaHhI8u\/skU7h6NjY0kdAjh2XPnSU2RmXV1LEoAYGYWWP7WuMp0oQuQyJDZbpyBgcFvhRm+kJDw5uZm4h0AEBd\/gQjo6e1bUHBXr9ef+fGsGyOVy5WPHz8ei4V2zmeQzVcQlQnvgQHASMeVDIvu94JFcMcu88ds95x89SFJDRiJ7QAXugC\/ADRKpkU4Go0mKjoGT4lz8tu3fy0vrzA3FRUVVVXVTU3Nz549EymFEJ46dUYilcvkyh9+OFyNj8fV1Y8rK6vi4hMIJAqlR21NrSmzo1G2azQRq9eyEllAUMjgIO5+2zvIuvqPZzFXbow0LS1jNAwb\/wcHB5PU6gsXL6VnZJJZtKdPn0qkeIL6uy1bW1vHtuuR6MQgIIQGg+H586GOjs7Hj2tSUtMDAnGl4MZIbty4SZwZDIbtUdGsRKby8M7OzhH94pOycvD3r\/C6pjD9yS90AX\/5G8y7Zv4S7r37D3z9AliJbGPkpufPn4veu7t7du7CKxGsRBYcEl5TU7t1WxTDciEhYRrNuL16tPV+BdTNWBCmEt\/eDr78P9s0CpzzC1zw29rCWhde9EpOQ1fUlubiZRS7G3p6g0\/\/gj\/hYlFBiJeLluA95zqdWLbMT2pra1euWo0XkPwDdXbcmLsnmz2jovBMssrD6\/ooBsRNQ2PjuvUbSY939569gKzGj\/qvqalVqrwYltseHWMxvh11Mvaf5\/kkdQoZGmzdFi1WLmMuhDOj0ZiQcEGp8pQrVDt3fU8QunOnYIWbhJXI9h84NDA6r3b9+o2t26Myr161F3Vvb+++fQeECkVSVFRMIuru7lkVsYaVyBTuqis\/JY5LhtGIXmxQ+fc2vGbJcljkJ\/Xmr98ODAzs33+Q1HcHDhwy9wshrKioFJTHhK9ctdrbx49hueiYnWTmX8wmxXvG2HwFEZnwbmgAf\/vCLpCvLQZvvoP3sSCE9Hr4w2HTdx3GFslMLQZpNxyF89pi8PGf4c1fxOJifgIhvP\/gIdmPFRW9w7z8mTuzONdoNBHCTiwfH\/\/q6hpzW4PBkKROlivwJhNOpnj0aGxnCEIo\/9YtgXzp+fPxOp3OgZqkmS0qKiabTBiWS01L12q15t0Bnuf7+vsTLlx0V3rgPS2ePoWjTJ47H8ewnEzuHhefQBaf9uzZ58ZIGJYLDVtVUVlpMBjMM\/tijVKn0xUWFQldes7b119c\/aqorPIPDMKDFyneFUcm4c2zPPpZS8sP4xiNxpycXJWHF1noTklNG+dL2PaXnpFJFg5Jhciw3LnzcRYL+xRvB+XE6axMBbR+Irw\/\/zv+NCJewO2D6zY42tkmttI2TxYtAf6BpqAsypfwZkVm1lUyo3PliqNdq+ZeS0pKycg2LHxVX1+fuRVCqKmpWdysFrNj18AAXoUmR1xcPGmNY7\/fo05OSU5JtWnS0jNIsF1d3Ttj8YZtQsiOnbtu3bpdVlZeUVFZUlKakZG1dv1GYuXt45eWnkG0fcHz1m148cnTyzc3L49EXV5eQUBiJZyXt29cfMLDwsLychxUWVnZnTsFx46dUKo8ybKzuIxHZhk8RrejroxYXUnq3NEcOfjf3NyyMmINI0y5v5hutJ4CQAgNDA4ePHSYDMLJwkRe3rWx2TshdIq30zHsIEEmvNscds4XusDAENQnbJ9uacEfZiLfUbMJsOOb730IL1wam34bXx6Hh0dOnjrNsHiWu9Bsvne8K8ur7JxcD0+8bTsqKsZ8YwZxx\/N8ckqqQmhRvX38bt78mWT5RWu5ddt2MtokS9lik2VxEhAY3C5UbQCA8oqKzd\/9WyRcIpXJ3VXuSk9O5k58cTLFps1brt\/4WaSip7c3NGwlK5EFBYeWlpqW6AEAanVKQGAwSQDZrIqDwr163NcYHQaHXUlMEptunufj4hPIjldWIlu7bkNdne0ZSguNIISFRcUKYacAK5HJFcpeq3qQeGlqbl67bgOZ2vT28S8qLjbvVtBNqQ5QckYrE96Dg3irqT0yF7rAPftMb2iXlYP\/\/C+7Lu2FQO4vWoL3UWk0FoVPvBwcHDxw8FBQcGjE6rUa+85E9+RVSnVKamj4qsDg0CS16UURcwcIoa6u7m3bo4NCQoNDw44dP9HT0yvsEtVviPw2KCR0AhMcunffAbHN53m+vr7h8uUr5F0xvAjnxq4QutlePn4xO3ZlZGY2NTeLbCOEnjypX7chMigkNCo6hsy0keQND488ePDw6LETwaF4khwv5rlhgxe9FMo1a9fHxcU\/KikZHh4WszM8MnL6zI\/BIWE4zcGhBw8d7unFeZnwAADcvPkzXlAQ8rt1e5TRzgeqIYTFjx6FrYwQEryjqQnvnzU\/aOvtjBjbS5MJb54H6yPtrnu7LoPqZPzFcgjhtetg6fKp4c0vfQP9csvBd1p4nu\/q7m5rb+\/o6DAnxLx4WZxDCJ89e9bW3t7W1j5oNhVs7gxC2N3TQ9x0dXeTqSy8f0ajwTcdm7b23t5ek0pCoGRgTN6aLi5+dP\/+g6Kiourq6pbW1v7+fut5Mq1WpxEi6urqssgUAOD50FBbW3tNTV3xo5L7D\/CWnNKy8vqGhs7OTuttqgCA3t5eU4KtEmaeZevzwcHnbW2mzHZ3d1s7EO\/wPK\/RdLS1tXePaiVa0dbbHkdOel8suDA9wy7ef\/oE5t\/G6yt6PTx5ip\/a19cWusC9+x2wbV6G6LnTKkBbbycl2WayRLxRXx\/462e2m+V3P4D+QXDjt3B9JPz871MZeLsugxFrLN5tcNoSTBPmQAGKt02OnPTmGN4IwZQ0uy+Emq+BOR5gW9u+8TZcsw612x1yOyhM1MrZFKB4OynJNpNljjfS6WBUzKt5sUSE\/J33YfQO1NpKu+XOBurU0kPxtsmRk94chzdCqKMTbt6CfzNM5HOqJ\/wCF\/DJpygpGfX1UbanxpIT+qJ4OynJNpNlibfwIjI8eJh\/890pE84vWMS7LoNbtuKN5fR3xZyQ0WkkieJtkyMnvWkDb4SQwYgeFkL\/IPCnT8Abb4NFrhNMp5FdLq7LwPsfgc++gNui8Q5WIz+NUkS9OqkCFG8nJdlmsmzjTYqWVodKSuGRYyA0HG96+ewL\/NnT9z4Eb72LmX\/rXfyVpT99Av76OVjBAF9\/uG07zMjEw+xJfPnMSQsvTdZEClC8bXLkpDcd4U2eNM\/jn\/VubEIPC1FuHkxKhhcvw\/gEeOkyTFTD7Fx0\/wGqe4J6ejHVtCs+ER6z3Z7i7aQk20zWxHibl0cI8XZxnjcZACjP5vLMh3OKt02OnPTmy+E9H8ovzaNDBSjeTkqyzWRRvB0WZmppqQDF2yZHTnqT4m1Zfum1QwUo3k5Kss1k8TxPfrmW\/qUKTEYBnudtFiRnvumwvhpn+YdxV1YXzpxJmjaqwPxUwApTuzco3vOzhNBcz2IF7NJsZUHxnsWPmSZ9fipgRbHdGxTv+VlCaK5nsQJ2abayoHjP4sdMkz4\/FbCi2O6NCfCejfOK8\/OR01zPEwUsvm9nl2zBYgK8Z+Oq4Dx5zDSb81OBl9rZMQHe5Meo5qeONNdUAWdT4KWaboTQxHhDCGkX3dkeM03PPFSA53mL32Bw3DOfFN4kCPKTsfNQU5plqsDvrgDZizkhzNYOJm69rf3QO1QBqsCsUIDiPSseE00kVWAqClC8p6Ia9UMVmBUKULxnxWOiiaQKTEUBivdUVKN+qAKzQgGK96x4TDSRVIGpKEDxnopq1A9VYFYoQPGeFY+JJpIqMBUF\/h\/1FF16OuREDgAAAABJRU5ErkJggg==' alt='' \/><\/p>\n<p class='MsoNormal'><span style='font-family: helvetica&comma; arial&comma; sans-serif;'>Mant\u00e9n tus pertenencias seguras con este resistente candado <strong>X613LOCK<\/strong> dise\u00f1ado especialmente para bicicletas&comma; motos o veh\u00edculos similares. Con un cable de acero de alta resistencia&comma; una longitud de 1000 mm y un di\u00e1metro de 20 mm&comma; este candado combina durabilidad&comma; funcionalidad y comodidad. Incluye un pr\u00e1ctico protector para el cierre por llave&comma; evitando el ingreso de polvo y suciedad&comma; y prolongando su vida \u00fatil.<\/span><\/p>\n<p class='MsoNormal'>\n<div class='row'>\n<div class='col-sm-6'>\n<div style='border-left: 5px solid #FD1F22; border-radius: 5px; padding: 5px; box-shadow: 2px 2px 10px #d8d8d8; -webkit-box-shadow: 2px 2px 10px #d8d8d8;'>\n<p><span style='font-family: helvetica&comma; arial&comma; sans-serif; font-size: 12pt;'><strong style='box-sizing: border-box; color: #595959; text-indent: -18pt;'><span style='box-sizing: border-box; color: #2880b9;'><span lang='ES' style='box-sizing: border-box; line-height: 19.2px;'>Caracter\u00edsticas<\/span><\/span><\/strong><\/span><\/p>\n<ul>\n<li><span style='font-family: helvetica&comma; arial&comma; sans-serif; font-size: 12pt;'><span style='line-height: 107%;'>Fabricado con un cable de acero trenzado de Alta resistencia recubierto de PVC para mayor durabilidad y protecci\u00f3n contra cortes o corrosi\u00f3n.<\/span><\/span><\/li>\n<li><span style='font-size: 12pt; line-height: 107%; font-family: helvetica&comma; arial&comma; sans-serif;'>Longitud ideal&comma; con 1000 mm de largo para mayor versatilidad al asegurar diferentes tipos de veh\u00edculos&comma; escaleras o accesorios.<\/span><\/li>\n<li><span style='font-size: 12pt; line-height: 107%; font-family: helvetica&comma; arial&comma; sans-serif;'>Mecanismo de Cierre por llave de seguridad con protector integrado para evitar la entrada de polvo o agua y garantizar un funcionamiento continuo aun en el exterior.<\/span><\/li>\n<li><span style='font-size: 12pt; line-height: 107%; font-family: helvetica&comma; arial&comma; sans-serif;'>Dise\u00f1o compacto y flexible&comma; ideal para enrollar en el marco de la bicicleta&comma; motocicleta o guardar en una mochila.<\/span><\/li>\n<li><span style='font-size: 12pt; line-height: 107%; font-family: helvetica&comma; arial&comma; sans-serif;'><span style='line-height: 107%;'>Apto para bicicletas&comma; motos&comma; scooters&comma; portones&comma; herramientas o cualquier objeto que necesite resguardo<\/span> <\/span><\/li>\n<\/ul><\/div>\n<\/p><\/div>\n<div class='col-sm-6'>\n<div style='border-left: 5px solid #FD1F22; border-radius: 5px; padding: 5px; box-shadow: 2px 2px 10px #d8d8d8; -webkit-box-shadow: 2px 2px 10px #d8d8d8;'>\n<p class='MsoNormalCxSpFirst'><strong><span lang='ES' style='font-family: 'Helvetica'&comma;sans-serif; color: #2880b9; mso-ansi-language: ES;'>Aplicaciones<\/span><\/strong><\/p>\n<ul>\n<li class='MsoNormalCxSpFirst'><span style='font-family: helvetica&comma; arial&comma; sans-serif;'>Asegura bicicletas&comma; motocicletas y scooters en estacionamientos&comma; postes o racks.<\/span><\/li>\n<li class='MsoNormalCxSpFirst'><span style='font-family: helvetica&comma; arial&comma; sans-serif;'>Protege cascos&comma; herramientas y accesorios deportivos en exteriores.<\/span><\/li>\n<li class='MsoNormalCxSpFirst'><span style='font-family: helvetica&comma; arial&comma; sans-serif;'>Ideal para usar en espacios p\u00fablicos&comma; escuelas&comma; trabajos o durante tus recorridos diarios.<\/span><\/li>\n<li class='MsoNormalCxSpFirst'><span style='font-family: helvetica&comma; arial&comma; sans-serif;'>Tambi\u00e9n \u00fatil para reforzar la seguridad en portones&comma; parrillas o muebles de jard\u00edn.<\/span><\/li>\n<\/ul><\/div>\n<\/p><\/div>\n<\/p><\/div>\n<\/p>\n<p style='text-align: center;'><span style='text-decoration: underline; font-size: 18pt;'><span style='color: #2880b9;'><strong><span style='font-family: arial&comma; helvetica&comma; sans-serif;'><a style='color: #2880b9; text-decoration: underline;' title='Nuevos Accesorios PRECISION' href='https:\/\/www.youtube.com\/watch?v=8LqCAw_o730' target='_blank' rel='noopener'>Nuevos Accesorios PRECISION<\/a><\/span><\/strong><\/span><\/span><\/p>\n","protected":false},"excerpt":{"rendered":"<p>Candado para Bicicleta, Moto o similar de 20 x 1000 mm Cierre por Llave.<\/p>\n","protected":false},"featured_media":53440,"comment_status":"open","ping_status":"closed","template":"","meta":[],"product_brand":[],"product_cat":[245],"product_tag":[247,248,246],"class_list":{"0":"post-53441","1":"product","2":"type-product","3":"status-publish","4":"has-post-thumbnail","6":"product_cat-herramientas-de-instalacion","7":"product_tag-herramientas-de-instalacion","8":"product_tag-precision","9":"product_tag-torres-y-mastiles","11":"first","12":"instock","13":"sale","14":"shipping-taxable","15":"purchasable","16":"product-type-simple"},"_links":{"self":[{"href":"https:\/\/soydeaqui.ddns.net\/pachuca\/index.php\/wp-json\/wp\/v2\/product\/53441","targetHints":{"allow":["GET"]}}],"collection":[{"href":"https:\/\/soydeaqui.ddns.net\/pachuca\/index.php\/wp-json\/wp\/v2\/product"}],"about":[{"href":"https:\/\/soydeaqui.ddns.net\/pachuca\/index.php\/wp-json\/wp\/v2\/types\/product"}],"replies":[{"embeddable":true,"href":"https:\/\/soydeaqui.ddns.net\/pachuca\/index.php\/wp-json\/wp\/v2\/comments?post=53441"}],"wp:featuredmedia":[{"embeddable":true,"href":"https:\/\/soydeaqui.ddns.net\/pachuca\/index.php\/wp-json\/wp\/v2\/media\/53440"}],"wp:attachment":[{"href":"https:\/\/soydeaqui.ddns.net\/pachuca\/index.php\/wp-json\/wp\/v2\/media?parent=53441"}],"wp:term":[{"taxonomy":"product_brand","embeddable":true,"href":"https:\/\/soydeaqui.ddns.net\/pachuca\/index.php\/wp-json\/wp\/v2\/product_brand?post=53441"},{"taxonomy":"product_cat","embeddable":true,"href":"https:\/\/soydeaqui.ddns.net\/pachuca\/index.php\/wp-json\/wp\/v2\/product_cat?post=53441"},{"taxonomy":"product_tag","embeddable":true,"href":"https:\/\/soydeaqui.ddns.net\/pachuca\/index.php\/wp-json\/wp\/v2\/product_tag?post=53441"}],"curies":[{"name":"wp","href":"https:\/\/api.w.org\/{rel}","templated":true}]}}