{"id":53434,"date":"2026-03-19T01:48:34","date_gmt":"2026-03-19T01:48:34","guid":{"rendered":"https:\/\/soydeaqui.ddns.net\/pachuca\/index.php\/producto\/localizador-vehicular-2g-y-4g-ip67-rastreo-conduccion-eficiente-deteccion-de-jammer-ideal-para-motocicletas-apagado-remoto\/"},"modified":"2026-03-19T01:48:35","modified_gmt":"2026-03-19T01:48:35","slug":"localizador-vehicular-2g-y-4g-ip67-rastreo-conduccion-eficiente-deteccion-de-jammer-ideal-para-motocicletas-apagado-remoto","status":"publish","type":"product","link":"https:\/\/soydeaqui.ddns.net\/pachuca\/index.php\/producto\/localizador-vehicular-2g-y-4g-ip67-rastreo-conduccion-eficiente-deteccion-de-jammer-ideal-para-motocicletas-apagado-remoto\/","title":{"rendered":"Localizador Vehicular 2G y 4G IP67 \/ Rastreo \/ Conducci\u00f3n eficiente \/ Deteccion de Jammer \/ Ideal para motocicletas \/ Apagado remoto"},"content":{"rendered":"<div style='width: 100%; max-width: 1200px; margin: 0 auto; font-family: sans-serif; line-height: 1.6; color: inherit; background-color: transparent;'>\n<div style='text-align: center; margin: 30px 0;'>\n<h1 style='font-size: 28px; color: inherit; margin: 0; padding: 0;'><strong>Seguridad en todo momento<\/strong><\/h1>\n<\/p><\/div>\n<p> <!-- Im\u00e1genes --> <\/p>\n<div style='display: flex; flex-wrap: wrap; gap: 15px; justify-content: center; margin: 30px 0;'> <img style='width: 100%; max-width: 600px; height: auto; border: 1px solid rgba(150&comma;150&comma;150&comma;0.3); border-radius: 8px;' src='https:\/\/ftp3.syscom.mx\/usuarios\/fotos\/TRACE5PLUS\/204300-trace5plus.png' alt='Rastreador TRACE5PLUS'> <img style='width: 100%; max-width: 600px; height: auto; border: 1px solid rgba(150&comma;150&comma;150&comma;0.3); border-radius: 8px;' src='https:\/\/ftp3.syscom.mx\/usuarios\/fotos\/ECO4LIGHT3G\/94490-final.png' alt='Rastreador TRACE5PLUS'> <\/div>\n<p> <!-- Secci\u00f3n principal --> <\/p>\n<div style='display: flex; flex-wrap: wrap; gap: 30px; margin-top: 40px;'>\n<div style='flex: 1 1 300px; min-width: 280px;'>\n<h3 style='font-size: 22px; border-bottom: 2px solid currentColor; padding-bottom: 5px; margin-top: 0; color: inherit; opacity: 0.8;'>Tecnolog\u00eda de punta<\/h3>\n<p style='font-size: 15px; color: inherit; margin: 15px 0;'>TRACE5 es un rastreador compacto de veh\u00edculos con todas las caracter\u00edsticas necesarias para rastrear veh\u00edculos y gestionar flotas.<\/p>\n<p style='font-size: 15px; color: inherit; margin: 15px 0;'>El rastreador utiliza conectividad 2G y LTE Cat M1 (4G) y un m\u00f3dulo Premium GPS de Ublox.<\/p>\n<p style='font-size: 15px; color: inherit; margin: 15px 0;'>Compatible con todas las funciones y muchas m\u00e1s de su predecesor el ECO4LIGHT3GT<\/p>\n<\/p><\/div>\n<\/p><\/div>\n<p> <!-- Secci\u00f3n de aplicaciones --> <\/p>\n<div style='margin: 40px 0;'>\n<h2 style='font-size: 20px; color: inherit; margin: 20px 0 10px 0; border-bottom: 1px solid rgba(150&comma;150&comma;150&comma;0.3); padding-bottom: 5px;'><strong>\u00a1Ideal para motocicletas!<\/strong><\/h2>\n<h3 style='font-size: 18px; color: inherit; opacity: 0.8; margin: 20px 0 10px 0; border-bottom: 1px solid rgba(150&comma;150&comma;150&comma;0.3); padding-bottom: 5px;'>Aplicaciones<\/h3>\n<ul style='padding-left: 20px; font-size: 15px; color: inherit;'>\n<li style='margin-bottom: 5px;'>Seguir y rastrear<\/li>\n<li style='margin-bottom: 5px;'>Seguridad y protecci\u00f3n<\/li>\n<li style='margin-bottom: 5px;'>Flota verde<\/li>\n<li style='margin-bottom: 5px;'>Entrega<\/li>\n<li style='margin-bottom: 5px;'>Servicios de flota<\/li>\n<li style='margin-bottom: 5px;'>Financiamiento y renta de veh\u00edculos<\/li>\n<li style='margin-bottom: 5px;'>Alquiler de carros<\/li>\n<li style='margin-bottom: 5px;'>Control de temperatura<\/li>\n<li style='margin-bottom: 5px;'>Control de combustible<\/li>\n<li style='margin-bottom: 5px;'>Registro y asignaci\u00f3n de conductores<\/li>\n<\/ul><\/div>\n<p> <!-- Separador --> <\/p>\n<hr style='border: 0; border-top: 1px solid rgba(150&comma; 150&comma; 150&comma; 0.3); margin: 30px 0;'> <\/div>\n","protected":false},"excerpt":{"rendered":"<p>Localizador Vehicular 2G y 4G IP67 \/ Rastreo \/ Conducci\u00f3n eficiente \/ Deteccion de Jammer \/ Ideal para motocicletas \/ Apagado remoto<\/p>\n","protected":false},"featured_media":53433,"comment_status":"open","ping_status":"closed","template":"","meta":[],"product_brand":[],"product_cat":[1396],"product_tag":[1397,1382,1351],"class_list":{"0":"post-53434","1":"product","2":"type-product","3":"status-publish","4":"has-post-thumbnail","6":"product_cat-accesorios-refacciones-luces-auxiliares-para-motocicletas","7":"product_tag-accesorios-refacciones-2","8":"product_tag-luces-auxiliares-para-motocicletas","9":"product_tag-ruptela","11":"first","12":"outofstock","13":"sale","14":"shipping-taxable","15":"purchasable","16":"product-type-simple"},"_links":{"self":[{"href":"https:\/\/soydeaqui.ddns.net\/pachuca\/index.php\/wp-json\/wp\/v2\/product\/53434","targetHints":{"allow":["GET"]}}],"collection":[{"href":"https:\/\/soydeaqui.ddns.net\/pachuca\/index.php\/wp-json\/wp\/v2\/product"}],"about":[{"href":"https:\/\/soydeaqui.ddns.net\/pachuca\/index.php\/wp-json\/wp\/v2\/types\/product"}],"replies":[{"embeddable":true,"href":"https:\/\/soydeaqui.ddns.net\/pachuca\/index.php\/wp-json\/wp\/v2\/comments?post=53434"}],"wp:featuredmedia":[{"embeddable":true,"href":"https:\/\/soydeaqui.ddns.net\/pachuca\/index.php\/wp-json\/wp\/v2\/media\/53433"}],"wp:attachment":[{"href":"https:\/\/soydeaqui.ddns.net\/pachuca\/index.php\/wp-json\/wp\/v2\/media?parent=53434"}],"wp:term":[{"taxonomy":"product_brand","embeddable":true,"href":"https:\/\/soydeaqui.ddns.net\/pachuca\/index.php\/wp-json\/wp\/v2\/product_brand?post=53434"},{"taxonomy":"product_cat","embeddable":true,"href":"https:\/\/soydeaqui.ddns.net\/pachuca\/index.php\/wp-json\/wp\/v2\/product_cat?post=53434"},{"taxonomy":"product_tag","embeddable":true,"href":"https:\/\/soydeaqui.ddns.net\/pachuca\/index.php\/wp-json\/wp\/v2\/product_tag?post=53434"}],"curies":[{"name":"wp","href":"https:\/\/api.w.org\/{rel}","templated":true}]}}