{"id":5343,"date":"2026-03-18T06:30:08","date_gmt":"2026-03-18T06:30:08","guid":{"rendered":"https:\/\/soydeaqui.ddns.net\/pachuca\/index.php\/producto\/switch-on-off-interruptor-inalambrico-senal-clearconnect-para-iluminacion-de-6-a-ventilador-de-1-10-hp-120-v-requiere-cable-neutro\/"},"modified":"2026-03-18T06:30:08","modified_gmt":"2026-03-18T06:30:08","slug":"switch-on-off-interruptor-inalambrico-senal-clearconnect-para-iluminacion-de-6-a-ventilador-de-1-10-hp-120-v-requiere-cable-neutro","status":"publish","type":"product","link":"https:\/\/soydeaqui.ddns.net\/pachuca\/index.php\/producto\/switch-on-off-interruptor-inalambrico-senal-clearconnect-para-iluminacion-de-6-a-ventilador-de-1-10-hp-120-v-requiere-cable-neutro\/","title":{"rendered":"Switch on\/off interruptor inal\u00e1mbrico se\u00f1al ClearConnect para iluminaci\u00f3n de 6 A, ventilador de 1\/10 HP, 120 V, requiere cable neutro."},"content":{"rendered":"<div style='width: 100%; max-width: 1200px; margin: 0 auto; font-family: sans-serif; line-height: 1.6; color: inherit; background-color: transparent;'>\n<div style='display: flex; flex-wrap: wrap; gap: 30px; margin-bottom: 30px;'>\n<div style='flex: 1 1 300px; min-width: 280px;'>\n<h3 style='font-size: 22px; border-bottom: 2px solid currentColor; padding-bottom: 5px; margin-top: 0; color: inherit; opacity: 0.8;'>Especificaciones<\/h3>\n<ul style='padding-left: 20px; font-size: 15px; color: inherit;'>\n<li style='margin-bottom: 5px;'><strong>Capacidad:<\/strong> Iluminaci\u00f3n de 6 A&comma; ventilador de 3 A (motor de 1\/10 HP)&comma; 120 V<\/li>\n<\/ul><\/div>\n<\/p><\/div>\n<div style='display: flex; flex-wrap: wrap; gap: 20px; margin-bottom: 30px;'>\n<div style='flex: 1 1 250px; border: 1px solid rgba(150&comma; 150&comma; 150&comma; 0.4); border-radius: 8px; overflow: hidden; display: flex; flex-direction: column;'>\n<div style='padding: 15px; border-bottom: 1px solid rgba(150&comma; 150&comma; 150&comma; 0.2); font-weight: bold; font-size: 18px; color: inherit;'>C\u00f3mo dise\u00f1ar y especificar<\/div>\n<div style='padding: 15px; color: inherit;'>\n<ul style='padding-left: 20px; margin: 0; font-size: 14px; list-style-type: disc;'>\n<li style='margin-bottom: 5px;'>Seleccione un interruptor on\/off por zona de iluminaci\u00f3n.<\/li>\n<li style='margin-bottom: 5px;'>Seleccione el modelo adecuado seg\u00fan el tama\u00f1o de la carga conectada.<\/li>\n<li style='margin-bottom: 5px;'>Si el interruptor existente no tiene un neutro&comma; elija el modelo disponible para 120\/277V que no necesita un neutro.<\/li>\n<li style='margin-bottom: 5px;'>Seleccione de entre 27 colores para complementar la decoraci\u00f3n.<\/li>\n<li style='margin-bottom: 5px;'>Agregue un control inal\u00e1mbrico remoto Pico a un interruptor y controle de forma remota desde la comodidad de una base de mesa o pared.<\/li>\n<li style='margin-bottom: 5px;'>Integre el interruptor a la antena <strong>HJS0FM<\/strong> para generar calendarios&comma; escenas&comma; integraci\u00f3n con terceros.<\/li>\n<\/ul><\/div>\n<\/p><\/div>\n<div style='flex: 1 1 250px; border: 1px solid rgba(150&comma; 150&comma; 150&comma; 0.4); border-radius: 8px; overflow: hidden; display: flex; flex-direction: column;'>\n<div style='padding: 15px; border-bottom: 1px solid rgba(150&comma; 150&comma; 150&comma; 0.2); font-weight: bold; font-size: 18px; color: inherit;'>Capacidades<\/div>\n<div style='padding: 15px; color: inherit;'>\n<ul style='padding-left: 20px; margin: 0; font-size: 14px; list-style-type: disc;'>\n<li style='margin-bottom: 5px;'>6 A: iluminaci\u00f3n de 600 W a 120 V<\/li>\n<li style='margin-bottom: 5px;'>8 A: iluminaci\u00f3n de 960 W a 120 V o 2216 W a 277 V<\/li>\n<\/ul><\/div>\n<\/p><\/div>\n<div style='flex: 1 1 250px; border: 1px solid rgba(150&comma; 150&comma; 150&comma; 0.4); border-radius: 8px; overflow: hidden; display: flex; flex-direction: column;'>\n<div style='padding: 15px; border-bottom: 1px solid rgba(150&comma; 150&comma; 150&comma; 0.2); font-weight: bold; font-size: 18px; color: inherit;'>Dimensiones<\/div>\n<div style='padding: 15px; color: inherit;'>\n<ul style='padding-left: 20px; margin: 0; font-size: 14px; list-style-type: disc;'>\n<li style='margin-bottom: 5px;'>Ancho: 75 mm (2&comma;94 in)<\/li>\n<li style='margin-bottom: 5px;'>Alto: 119 mm (4&comma;69 in)<\/li>\n<li style='margin-bottom: 5px;'>Profundidad: 38 mm (1&comma;44 in)<\/li>\n<\/ul><\/div>\n<\/p><\/div>\n<\/p><\/div>\n<hr style='border: 0; border-top: 1px solid rgba(150&comma; 150&comma; 150&comma; 0.3); margin: 30px 0;'> <\/div>\n","protected":false},"excerpt":{"rendered":"<p>Switch on\/off interruptor inal\u00e1mbrico se\u00f1al ClearConnect para iluminaci\u00f3n de 6 A, ventilador de 1\/10 HP, 120 V, requiere cable neutro.<\/p>\n","protected":false},"featured_media":5342,"comment_status":"open","ping_status":"closed","template":"","meta":[],"product_brand":[],"product_cat":[192],"product_tag":[30,36,193],"class_list":{"0":"post-5343","1":"product","2":"type-product","3":"status-publish","4":"has-post-thumbnail","6":"product_cat-lutron-vive","7":"product_tag-automatizacion-casa-inteligente","8":"product_tag-lutron-electronics","9":"product_tag-lutron-vive","11":"first","12":"outofstock","13":"sale","14":"shipping-taxable","15":"purchasable","16":"product-type-simple"},"_links":{"self":[{"href":"https:\/\/soydeaqui.ddns.net\/pachuca\/index.php\/wp-json\/wp\/v2\/product\/5343","targetHints":{"allow":["GET"]}}],"collection":[{"href":"https:\/\/soydeaqui.ddns.net\/pachuca\/index.php\/wp-json\/wp\/v2\/product"}],"about":[{"href":"https:\/\/soydeaqui.ddns.net\/pachuca\/index.php\/wp-json\/wp\/v2\/types\/product"}],"replies":[{"embeddable":true,"href":"https:\/\/soydeaqui.ddns.net\/pachuca\/index.php\/wp-json\/wp\/v2\/comments?post=5343"}],"wp:featuredmedia":[{"embeddable":true,"href":"https:\/\/soydeaqui.ddns.net\/pachuca\/index.php\/wp-json\/wp\/v2\/media\/5342"}],"wp:attachment":[{"href":"https:\/\/soydeaqui.ddns.net\/pachuca\/index.php\/wp-json\/wp\/v2\/media?parent=5343"}],"wp:term":[{"taxonomy":"product_brand","embeddable":true,"href":"https:\/\/soydeaqui.ddns.net\/pachuca\/index.php\/wp-json\/wp\/v2\/product_brand?post=5343"},{"taxonomy":"product_cat","embeddable":true,"href":"https:\/\/soydeaqui.ddns.net\/pachuca\/index.php\/wp-json\/wp\/v2\/product_cat?post=5343"},{"taxonomy":"product_tag","embeddable":true,"href":"https:\/\/soydeaqui.ddns.net\/pachuca\/index.php\/wp-json\/wp\/v2\/product_tag?post=5343"}],"curies":[{"name":"wp","href":"https:\/\/api.w.org\/{rel}","templated":true}]}}