{"id":53422,"date":"2026-03-19T01:48:12","date_gmt":"2026-03-19T01:48:12","guid":{"rendered":"https:\/\/soydeaqui.ddns.net\/pachuca\/index.php\/producto\/renovacion-por-un-ano-de-servicio-para-sim25gps\/"},"modified":"2026-03-19T01:48:13","modified_gmt":"2026-03-19T01:48:13","slug":"renovacion-por-un-ano-de-servicio-para-sim25gps","status":"publish","type":"product","link":"https:\/\/soydeaqui.ddns.net\/pachuca\/index.php\/producto\/renovacion-por-un-ano-de-servicio-para-sim25gps\/","title":{"rendered":"RENOVACION POR UN A\u00d1O DE SERVICIO PARA SIM25GPS"},"content":{"rendered":"<div style='width: 100%; max-width: 1200px; margin: 0 auto; font-family: sans-serif; line-height: 1.6; color: inherit; background-color: transparent;'>\n<div style='display: flex; flex-wrap: wrap; gap: 30px; margin-bottom: 30px;'>\n<div style='flex: 1 1 300px; min-width: 280px;'>\n<h3 style='font-size: 22px; border-bottom: 2px solid currentColor; padding-bottom: 5px; margin-top: 0; color: inherit; opacity: 0.8;'>Renovaci\u00f3n SIM25GPS<\/h3>\n<p style='font-size: 15px; color: inherit; margin-bottom: 15px; text-align: justify;'>Este SIM \u00fanico de SYSCOM permite enlazarse con las compa\u00f1\u00edas telef\u00f3nicas m\u00e1s populares de M\u00e9xico asegurando la mayor cobertura.<\/p>\n<div style='border: 1px solid rgba(150&comma; 150&comma; 150&comma; 0.4); border-radius: 8px; padding: 15px; margin-bottom: 20px;'>\n<h4 style='font-size: 18px; margin-top: 0; margin-bottom: 15px; color: inherit; opacity: 0.9;'>Caracter\u00edsticas:<\/h4>\n<ul style='padding-left: 20px; font-size: 14px; color: inherit; margin: 0;'>\n<li style='margin-bottom: 8px;'>Multi-Carrier &#8211; Reporta a <strong style='color: inherit;'>TELCEL&comma; AT&#038;T y Movistar para M\u00c1XIMA Cobertura.<\/strong><\/li>\n<li style='margin-bottom: 8px;'><strong style='color: inherit;'>No cuenta con opci\u00f3n de audio ni mensajes SMS de salida<\/strong>.<\/li>\n<li style='margin-bottom: 8px;'><strong style='color: inherit;'>Funciona en M\u00e9xico&comma; Estados Unidos y Guatemala.<\/strong><\/li>\n<li style='margin-bottom: 8px;'><strong style='color: inherit;'>Activaci\u00f3n en 5 Segundos<\/strong><\/li>\n<li style='margin-bottom: 8px;'>Costo m\u00e1s bajo que tratando con Telcel&comma; Movistar y AT&#038;T<\/li>\n<li style='margin-bottom: 8px;'>Cuenta con 25Mb mensuales durante 12 meses&comma; cobertura en M\u00e9xico.<\/li>\n<\/ul><\/div>\n<div style='background-color: rgba(255&comma; 255&comma; 255&comma; 0.05); border: 1px solid rgba(150&comma; 150&comma; 150&comma; 0.3); border-left: 4px solid #e63946; padding: 15px; border-radius: 6px; margin-top: 20px;'>\n<p style='margin: 0; font-size: 15px; color: inherit;'> <strong style='color: inherit;'>Nota importante:<\/strong> Este servicio es ofrecido por la empresa Telef\u00f3nica. SYSCOM no se hace responsable por intermitencias o fallas en el servicio por parte del proveedor. <\/p>\n<\/p><\/div>\n<\/p><\/div>\n<\/p><\/div>\n<\/p><\/div>\n","protected":false},"excerpt":{"rendered":"<p>RENOVACION POR UN A\u00d1O DE SERVICIO PARA SIM25GPS<\/p>\n","protected":false},"featured_media":53421,"comment_status":"open","ping_status":"closed","template":"","meta":[],"product_brand":[],"product_cat":[1348,1346],"product_tag":[93,1350,1349,63],"class_list":{"0":"post-53422","1":"product","2":"type-product","3":"status-publish","4":"has-post-thumbnail","6":"product_cat-accesorios-gps-y-telematica","7":"product_cat-iot","8":"product_tag-accesorios","9":"product_tag-gps-y-telematica","10":"product_tag-iot","11":"product_tag-syscom","13":"first","14":"instock","15":"sale","16":"shipping-taxable","17":"purchasable","18":"product-type-simple"},"_links":{"self":[{"href":"https:\/\/soydeaqui.ddns.net\/pachuca\/index.php\/wp-json\/wp\/v2\/product\/53422","targetHints":{"allow":["GET"]}}],"collection":[{"href":"https:\/\/soydeaqui.ddns.net\/pachuca\/index.php\/wp-json\/wp\/v2\/product"}],"about":[{"href":"https:\/\/soydeaqui.ddns.net\/pachuca\/index.php\/wp-json\/wp\/v2\/types\/product"}],"replies":[{"embeddable":true,"href":"https:\/\/soydeaqui.ddns.net\/pachuca\/index.php\/wp-json\/wp\/v2\/comments?post=53422"}],"wp:featuredmedia":[{"embeddable":true,"href":"https:\/\/soydeaqui.ddns.net\/pachuca\/index.php\/wp-json\/wp\/v2\/media\/53421"}],"wp:attachment":[{"href":"https:\/\/soydeaqui.ddns.net\/pachuca\/index.php\/wp-json\/wp\/v2\/media?parent=53422"}],"wp:term":[{"taxonomy":"product_brand","embeddable":true,"href":"https:\/\/soydeaqui.ddns.net\/pachuca\/index.php\/wp-json\/wp\/v2\/product_brand?post=53422"},{"taxonomy":"product_cat","embeddable":true,"href":"https:\/\/soydeaqui.ddns.net\/pachuca\/index.php\/wp-json\/wp\/v2\/product_cat?post=53422"},{"taxonomy":"product_tag","embeddable":true,"href":"https:\/\/soydeaqui.ddns.net\/pachuca\/index.php\/wp-json\/wp\/v2\/product_tag?post=53422"}],"curies":[{"name":"wp","href":"https:\/\/api.w.org\/{rel}","templated":true}]}}