{"id":53415,"date":"2026-03-19T01:48:00","date_gmt":"2026-03-19T01:48:00","guid":{"rendered":"https:\/\/soydeaqui.ddns.net\/pachuca\/index.php\/producto\/localizador-vehicular-4g-3g-2g-wifi-accesorios-1-tracksolidpro\/"},"modified":"2026-03-19T01:48:01","modified_gmt":"2026-03-19T01:48:01","slug":"localizador-vehicular-4g-3g-2g-wifi-accesorios-1-tracksolidpro","status":"publish","type":"product","link":"https:\/\/soydeaqui.ddns.net\/pachuca\/index.php\/producto\/localizador-vehicular-4g-3g-2g-wifi-accesorios-1-tracksolidpro\/","title":{"rendered":"Localizador vehicular 4G -3G- 2G + WIFI + Accesorios + 1 TRACKSOLIDPRO"},"content":{"rendered":"<div style='width: 100%; max-width: 1200px; margin: 0 auto; font-family: sans-serif; line-height: 1.6; color: inherit; background-color: transparent;'> <!-- Secci\u00f3n de enlaces de ayuda --> <\/p>\n<div style='margin-bottom: 30px;'>\n<p style='margin: 0 0 15px 0; font-size: 14px;'> <a href='https:\/\/www.syscom.mx\/singlepage\/concox' style='color: inherit; text-decoration: none; font-weight: bold;'> P\u00e1gina de ayuda Concox (Dar clic aqu\u00ed) <\/a> <\/p>\n<p style='margin: 0 0 15px 0; font-size: 14px;'> <a href='https:\/\/www.syscom.mx\/producto\/EXPERTGPS-SYSCOM-75217.html' style='color: inherit; text-decoration: none; font-weight: bold;'> \u00bfQuieres certificarte en dispositivos Concox? (Dar clic aqu\u00ed) <\/a> <\/p>\n<\/p><\/div>\n<p> <!-- Descripci\u00f3n general --> <\/p>\n<div style='margin-bottom: 30px; font-size: 14px;'>\n<p style='margin: 0 0 15px 0;'>Kit Localizador Vehicular&comma; Incluye VL01 + PTSCX (Primer licencia en plataforma Tracksolid).<\/p>\n<p style='margin: 0 0 15px 0;'>Concox VL01 es un rastreador inteligente con tecnolog\u00eda de red 2G &#8211; 3G y 4G&comma; con antena satelital y antena GSM internas&comma; relevador y bot\u00f3n de p\u00e1nico&comma; muy completo&comma; lo hacen perfecto para la log\u00edstica&comma; la flota y la gesti\u00f3n de autom\u00f3viles de renta. Con caracter\u00edsticas como:<\/p>\n<\/p><\/div>\n<p> <!-- Caracter\u00edsticas principales --> <\/p>\n<div style='margin-bottom: 30px;'>\n<h3 style='font-size: 22px; border-bottom: 2px solid currentColor; padding-bottom: 5px; margin-top: 0; margin-bottom: 15px; color: inherit; opacity: 0.8;'>Caracter\u00edsticas principales<\/h3>\n<ul style='padding-left: 20px; font-size: 14px; color: inherit; list-style-type: disc;'>\n<li style='margin-bottom: 5px;'>Alarmas m\u00faltiples<\/li>\n<li style='margin-bottom: 5px;'>Bot\u00f3n de p\u00e1nico<\/li>\n<li style='margin-bottom: 5px;'>Paro de motor v\u00eda remota<\/li>\n<li style='margin-bottom: 5px;'>WIFI en tu veh\u00edculo<\/li>\n<\/ul><\/div>\n<p> <!-- Alertas y notificaciones --> <\/p>\n<div style='margin-bottom: 30px;'>\n<h3 style='font-size: 22px; border-bottom: 2px solid currentColor; padding-bottom: 5px; margin-top: 0; margin-bottom: 15px; color: inherit; opacity: 0.8;'>Alertas y notificaciones<\/h3>\n<p style='margin: 0 0 15px 0; font-size: 14px;'>Con GPS Concox GT06E usted puede programar diferentes tipos de alertas&comma; como son:<\/p>\n<ul style='padding-left: 20px; font-size: 14px; color: inherit; list-style-type: disc;'>\n<li style='margin-bottom: 5px;'>Alerta por vibraci\u00f3n<\/li>\n<li style='margin-bottom: 5px;'>Alerta por movimiento<\/li>\n<li style='margin-bottom: 5px;'>Alerta de p\u00e1nico<\/li>\n<li style='margin-bottom: 5px;'>Alerta por exceso de velocidad<\/li>\n<li style='margin-bottom: 5px;'>Alerta por encendido de su veh\u00edculo<\/li>\n<li style='margin-bottom: 5px;'>Alerta por bater\u00eda baja<\/li>\n<li style='margin-bottom: 5px;'>Entre otras.<\/li>\n<\/ul>\n<p style='margin: 0 0 15px 0; font-size: 14px;'>Estas alertas la recibir\u00e1 por medio de mensaje SMS&comma; notificaci\u00f3n en la aplicaci\u00f3n m\u00f3vil utilizando la plataforma de rastreo&comma; seg\u00fan la programaci\u00f3n del dispositivo deseada.<\/p>\n<\/p><\/div>\n<p> <!-- Notas importantes --> <\/p>\n<div style='margin-bottom: 30px;'>\n<div style='background-color: rgba(255&comma; 0&comma; 0&comma; 0.05); border-left: 4px solid #e74c3c; padding: 15px; margin-bottom: 15px;'>\n<p style='margin: 0; font-size: 16px; font-weight: bold; color: #e74c3c;'>Nota: La licencia de este KIT no es cancelable o transferible<\/p>\n<\/p><\/div>\n<div style='background-color: rgba(0&comma; 123&comma; 255&comma; 0.05); border-left: 4px solid #007bff; padding: 15px;'>\n<p style='margin: 0; font-size: 16px; font-weight: bold; color: #007bff;'>Para activaci\u00f3n de licencia env\u00eda correo a licencias@syscom.mx<\/p>\n<\/p><\/div>\n<\/p><\/div>\n<p> <!-- Especificaciones t\u00e9cnicas --> <\/p>\n<div style='margin-bottom: 30px;'>\n<h3 style='font-size: 22px; border-bottom: 2px solid currentColor; padding-bottom: 5px; margin-top: 0; margin-bottom: 15px; color: inherit; opacity: 0.8;'>Especificaciones t\u00e9cnicas<\/h3>\n<ul style='padding-left: 20px; font-size: 14px; color: inherit; list-style-type: disc;'>\n<li style='margin-bottom: 5px;'>1 Entrada Digital para sensar ignici\u00f3n<\/li>\n<li style='margin-bottom: 5px;'>1 Entrada RS232<\/li>\n<li style='margin-bottom: 5px;'>1 Salida para Corte de Motor<\/li>\n<li style='margin-bottom: 5px;'>Voltaje 9 a 36 Vcc<\/li>\n<li style='margin-bottom: 5px;'>Dimensiones 113.0 x 51.0 x 20.0mm<\/li>\n<li style='margin-bottom: 5px;'>Frecuencias:\n<ul style='margin: 5px 0 5px 20px; padding: 0; list-style-type: circle;'>\n<li style='margin-bottom: 5px;'>LTE: B1\/B2\/B3\/B4\/B5\/B7\/B8\/B28AB<\/li>\n<li style='margin-bottom: 5px;'>UMTS\/HSPA: 850\/900\/1900\/2100 MHz<\/li>\n<li style='margin-bottom: 5px;'>GSM: 850\/900\/1800\/1900 MHz<\/li>\n<\/ul>\n<\/li>\n<li style='margin-bottom: 5px;'>Peso 80g<\/li>\n<li style='margin-bottom: 5px;'>Bater\u00eda de respaldo: 450mAh\/3.7V industrial-grade Li-Polymer battery<\/li>\n<\/ul><\/div>\n<p> <!-- Configuraci\u00f3n de conexi\u00f3n --> <\/p>\n<div style='margin-bottom: 30px;'>\n<h3 style='font-size: 22px; border-bottom: 2px solid currentColor; padding-bottom: 5px; margin-top: 0; margin-bottom: 15px; color: inherit; opacity: 0.8;'>Configuraci\u00f3n de conexi\u00f3n<\/h3>\n<div style='display: flex; flex-wrap: wrap; gap: 20px;'>\n<div style='flex: 1 1 250px; min-width: 200px; border: 1px solid rgba(150&comma;150&comma;150&comma;0.3); border-radius: 8px; padding: 15px;'>\n<h4 style='margin-top: 0; margin-bottom: 10px; font-size: 16px; color: inherit; opacity: 0.9;'>TRACKSOLIDPRO<\/h4>\n<ul style='padding-left: 15px; margin: 0; list-style-type: disc; font-size: 14px; color: inherit;'>\n<li style='margin-bottom: 5px;'>IP: 47.89.58.215<\/li>\n<li style='margin-bottom: 5px;'>Puerto para VL01: 21100<\/li>\n<\/ul><\/div>\n<div style='flex: 1 1 250px; min-width: 200px; border: 1px solid rgba(150&comma;150&comma;150&comma;0.3); border-radius: 8px; padding: 15px;'>\n<h4 style='margin-top: 0; margin-bottom: 10px; font-size: 16px; color: inherit; opacity: 0.9;'>EPCOMGPS<\/h4>\n<ul style='padding-left: 15px; margin: 0; list-style-type: disc; font-size: 14px; color: inherit;'>\n<li style='margin-bottom: 5px;'>IP: 193.193.165.165<\/li>\n<li style='margin-bottom: 5px;'>Puerto para VL01: 22081<\/li>\n<\/ul><\/div>\n<\/p><\/div>\n<\/p><\/div>\n<p> <!-- Aviso de derechos --> <\/p>\n<div style='margin-bottom: 30px;'>\n<h3 style='font-size: 22px; border-bottom: 2px solid currentColor; padding-bottom: 5px; margin-top: 0; margin-bottom: 15px; color: inherit; opacity: 0.8;'>Derecho de Propiedad Intelectual<\/h3>\n<p style='margin: 0; font-size: 14px; color: inherit;'>Esta plataforma de rastreo TracksolidPro (Web y aplicaci\u00f3n m\u00f3vil) que se provee por parte de SYSCOM&comma; est\u00e1 limitado a Leyes de Derechos de Marca y Autor por el grupo JIMI\/CONCOX&comma; por lo cual SYSCOM no se hace responsable de los cambios en los servicios que la parte propietaria realice o en su defecto dejara de realizar&comma; los mantenimientos y correcciones corren por parte de proveedor.<\/p>\n<\/p><\/div>\n<p> <!-- Informaci\u00f3n adicional --> <\/p>\n<div style='margin-bottom: 30px;'>\n<p style='margin: 0; font-size: 14px; color: inherit;'><strong>Nota:<\/strong> Utiliza un SIM de datos tama\u00f1o MicroSIM&comma; no incluye cable de programaci\u00f3n.<\/p>\n<\/p><\/div>\n<p> <!-- Separador final --> <\/p>\n<hr style='border: 0; border-top: 1px solid rgba(150&comma; 150&comma; 150&comma; 0.3); margin: 30px 0;'> <\/div>\n","protected":false},"excerpt":{"rendered":"<p>Localizador vehicular 4G -3G- 2G + WIFI + Accesorios + 1 TRACKSOLIDPRO<\/p>\n","protected":false},"featured_media":53414,"comment_status":"open","ping_status":"closed","template":"","meta":[],"product_brand":[],"product_cat":[1346,1388],"product_tag":[1350,1349,1420,1389],"class_list":{"0":"post-53415","1":"product","2":"type-product","3":"status-publish","4":"has-post-thumbnail","6":"product_cat-iot","7":"product_cat-trackers-gps","8":"product_tag-gps-y-telematica","9":"product_tag-iot","10":"product_tag-jimiiot","11":"product_tag-trackers-gps","13":"first","14":"outofstock","15":"sale","16":"shipping-taxable","17":"purchasable","18":"product-type-simple"},"_links":{"self":[{"href":"https:\/\/soydeaqui.ddns.net\/pachuca\/index.php\/wp-json\/wp\/v2\/product\/53415","targetHints":{"allow":["GET"]}}],"collection":[{"href":"https:\/\/soydeaqui.ddns.net\/pachuca\/index.php\/wp-json\/wp\/v2\/product"}],"about":[{"href":"https:\/\/soydeaqui.ddns.net\/pachuca\/index.php\/wp-json\/wp\/v2\/types\/product"}],"replies":[{"embeddable":true,"href":"https:\/\/soydeaqui.ddns.net\/pachuca\/index.php\/wp-json\/wp\/v2\/comments?post=53415"}],"wp:featuredmedia":[{"embeddable":true,"href":"https:\/\/soydeaqui.ddns.net\/pachuca\/index.php\/wp-json\/wp\/v2\/media\/53414"}],"wp:attachment":[{"href":"https:\/\/soydeaqui.ddns.net\/pachuca\/index.php\/wp-json\/wp\/v2\/media?parent=53415"}],"wp:term":[{"taxonomy":"product_brand","embeddable":true,"href":"https:\/\/soydeaqui.ddns.net\/pachuca\/index.php\/wp-json\/wp\/v2\/product_brand?post=53415"},{"taxonomy":"product_cat","embeddable":true,"href":"https:\/\/soydeaqui.ddns.net\/pachuca\/index.php\/wp-json\/wp\/v2\/product_cat?post=53415"},{"taxonomy":"product_tag","embeddable":true,"href":"https:\/\/soydeaqui.ddns.net\/pachuca\/index.php\/wp-json\/wp\/v2\/product_tag?post=53415"}],"curies":[{"name":"wp","href":"https:\/\/api.w.org\/{rel}","templated":true}]}}