{"id":53409,"date":"2026-03-19T01:47:48","date_gmt":"2026-03-19T01:47:48","guid":{"rendered":"https:\/\/soydeaqui.ddns.net\/pachuca\/index.php\/producto\/sensor-de-combustible-conectividad-ble-4-0-sin-cables-facil-instalacion-1000mm-recortable-hasta-7-de-anos-de-funcionamiento-continuo-construccion-robusta-y-hermetica-a-prueba-de-golpes\/"},"modified":"2026-03-19T01:47:48","modified_gmt":"2026-03-19T01:47:48","slug":"sensor-de-combustible-conectividad-ble-4-0-sin-cables-facil-instalacion-1000mm-recortable-hasta-7-de-anos-de-funcionamiento-continuo-construccion-robusta-y-hermetica-a-prueba-de-golpes","status":"publish","type":"product","link":"https:\/\/soydeaqui.ddns.net\/pachuca\/index.php\/producto\/sensor-de-combustible-conectividad-ble-4-0-sin-cables-facil-instalacion-1000mm-recortable-hasta-7-de-anos-de-funcionamiento-continuo-construccion-robusta-y-hermetica-a-prueba-de-golpes\/","title":{"rendered":"Sensor de combustible \/ Conectividad BLE 4.0\/ Sin cables \/ Facil Instalaci\u00f3n \/ 1000mm recortable \/ hasta 7 de a\u00f1os de funcionamiento continuo \/ Construcci\u00f3n robusta y hermetica \/ A prueba de golpes"},"content":{"rendered":"<div style='width: 100%; max-width: 1200px; margin: 0 auto; font-family: sans-serif; line-height: 1.6; color: inherit; background-color: transparent;'>\n<div style='display: flex; flex-wrap: wrap; gap: 30px; margin-bottom: 30px;'>\n<div style='flex: 1 1 300px; min-width: 280px;'>\n<h2 style='font-size: 22px; border-bottom: 2px solid currentColor; padding-bottom: 5px; margin-top: 0; color: inherit; opacity: 0.8;'>Sensor de nivel de combustible inal\u00e1mbrico para localizador vehicular<\/h2>\n<p style='font-size: 14px; color: inherit;'>Un gran salto al futuro de conexiones inal\u00e1mbricas en telem\u00e1tica<\/p>\n<p style='font-size: 14px; color: inherit;'>Instalar un sensor de combustible nunca hab\u00eda sido tan f\u00e1cil y r\u00e1pido con el sensor TDBLE1000<\/p>\n<p style='font-size: 14px; color: inherit;'>La instalaci\u00f3n de sensores de combustible tradicional toma demasiado tiempo. La comunicaci\u00f3n inal\u00e1mbrica permite evitar el largo proceso de tendido de cables a trav\u00e9s de todo el veh\u00edculo. <strong style='color: inherit;'>\u00a1NO MAS CABLES!<\/strong><\/p>\n<\/p><\/div>\n<div style='flex: 1 1 300px; min-width: 280px;'> <img style='width: 100%; height: auto; border: 1px solid rgba(150&comma;150&comma;150&comma;0.3); border-radius: 8px;' src='https:\/\/ftp3.syscom.mx\/usuarios\/fotos\/TDBLE1000\/203628-tdble1000.png' alt='Sensor TDBLE1000'> <\/div>\n<\/p><\/div>\n<div style='display: flex; flex-wrap: wrap; gap: 30px; margin-bottom: 30px;'>\n<div style='flex: 1 1 300px; min-width: 280px;'> <img style='width: 100%; height: auto; border: 1px solid rgba(150&comma;150&comma;150&comma;0.3); border-radius: 8px;' src='https:\/\/ftp3.syscom.mx\/usuarios\/fotos\/TDBLE1000\/203628-instalacion.jpg' alt='Instalaci\u00f3n TDBLE1000'> <\/div>\n<div style='flex: 1 1 300px; min-width: 280px;'>\n<h2 style='font-size: 22px; border-bottom: 2px solid currentColor; padding-bottom: 5px; margin-top: 0; color: inherit; opacity: 0.8;'>S\u00faper ahorro de combustible<\/h2>\n<p style='font-size: 14px; color: inherit;'>Mantener el control de los gastos de combustible es primordial para todas las empresas<\/p>\n<p style='font-size: 14px; color: inherit;'>Llevar el control del combustible&comma; incrementa el ahorro para la empresa&comma; adem\u00e1s&comma; ayuda en la detecci\u00f3n de eventos como cargas de combustible&comma; permite detectar si el monto declarado es el mismo que se ingres\u00f3 al tanque.<\/p>\n<p style='font-size: 14px; color: inherit;'>Los eventos de descarga de combustible ayudan a detectar la extracci\u00f3n o robo&comma; teniendo control en vivo de los datos que procesa el sensor.<\/p>\n<\/p><\/div>\n<\/p><\/div>\n<div style='margin-bottom: 30px;'> <img style='width: 100%; height: auto; border: 1px solid rgba(150&comma;150&comma;150&comma;0.3); border-radius: 8px;' src='https:\/\/ftp3.syscom.mx\/usuarios\/fotos\/TDBLE1000\/203628-conexiones2.png' alt='Conexiones TDBLE1000'> <\/div>\n<div style='margin-bottom: 30px;'>\n<h2 style='text-align: center; font-size: 22px; color: inherit; margin-bottom: 20px;'>Caracter\u00edsticas t\u00e9cnicas<\/h2>\n<div style='display: flex; flex-wrap: wrap; gap: 20px;'>\n<div style='flex: 1 1 250px; border: 1px solid rgba(150&comma; 150&comma; 150&comma; 0.4); border-radius: 8px; overflow: hidden; display: flex; flex-direction: column;'>\n<div style='padding: 15px; border-bottom: 1px solid rgba(150&comma; 150&comma; 150&comma; 0.2); font-weight: bold; font-size: 18px; color: inherit;'>Precisi\u00f3n y funcionamiento<\/div>\n<div style='padding: 15px; color: inherit;'>\n<ul style='padding-left: 20px; margin: 0; font-size: 14px; list-style-type: disc; color: inherit;'>\n<li style='margin-bottom: 5px;'><strong style='color: inherit;'>Error de medici\u00f3n:<\/strong> No m\u00e1s de 1%<\/li>\n<li style='margin-bottom: 5px;'><strong style='color: inherit;'>Modo de funcionamiento:<\/strong> Digital<\/li>\n<li style='margin-bottom: 5px;'><strong style='color: inherit;'>Interfaz:<\/strong> Bluetooth LE (BLE)<\/li>\n<li style='margin-bottom: 5px;'><strong style='color: inherit;'>Protocolo:<\/strong> Escort BLE<\/li>\n<\/ul><\/div>\n<\/p><\/div>\n<div style='flex: 1 1 250px; border: 1px solid rgba(150&comma; 150&comma; 150&comma; 0.4); border-radius: 8px; overflow: hidden; display: flex; flex-direction: column;'>\n<div style='padding: 15px; border-bottom: 1px solid rgba(150&comma; 150&comma; 150&comma; 0.2); font-weight: bold; font-size: 18px; color: inherit;'>Comunicaci\u00f3n<\/div>\n<div style='padding: 15px; color: inherit;'>\n<ul style='padding-left: 20px; margin: 0; font-size: 14px; list-style-type: disc; color: inherit;'>\n<li style='margin-bottom: 5px;'><strong style='color: inherit;'>Alcance:<\/strong> Hasta 10 metros<\/li>\n<li style='margin-bottom: 5px;'><strong style='color: inherit;'>Periodo de intercambio:<\/strong> 10 segundos<\/li>\n<li style='margin-bottom: 5px;'><strong style='color: inherit;'>Sensibilidad del receptor:<\/strong> -96 dB<\/li>\n<li style='margin-bottom: 5px;'><strong style='color: inherit;'>Potencia del transmisor:<\/strong> 0 dB<\/li>\n<\/ul><\/div>\n<\/p><\/div>\n<div style='flex: 1 1 250px; border: 1px solid rgba(150&comma; 150&comma; 150&comma; 0.4); border-radius: 8px; overflow: hidden; display: flex; flex-direction: column;'>\n<div style='padding: 15px; border-bottom: 1px solid rgba(150&comma; 150&comma; 150&comma; 0.2); font-weight: bold; font-size: 18px; color: inherit;'>Protecci\u00f3n<\/div>\n<div style='padding: 15px; color: inherit;'>\n<ul style='padding-left: 20px; margin: 0; font-size: 14px; list-style-type: disc; color: inherit;'>\n<li style='margin-bottom: 5px;'><strong style='color: inherit;'>Grado de protecci\u00f3n:<\/strong> IP69S<\/li>\n<li style='margin-bottom: 5px;'><strong style='color: inherit;'>Protecci\u00f3n contra descargas:<\/strong> Clase III<\/li>\n<li style='margin-bottom: 5px;'><strong style='color: inherit;'>Protecci\u00f3n contra explosiones:<\/strong> Circuito el\u00e9ctrico de seguridad intr\u00ednseca de nivel &#8216;ia&#8217;<\/li>\n<li style='margin-bottom: 5px;'><strong style='color: inherit;'>Marcado de protecci\u00f3n:<\/strong> 0Exi\u00d0\u00b0II\u00d0\u2019 \u00d0\u00a26 \u00d0\u00a5<\/li>\n<\/ul><\/div>\n<\/p><\/div>\n<div style='flex: 1 1 250px; border: 1px solid rgba(150&comma; 150&comma; 150&comma; 0.4); border-radius: 8px; overflow: hidden; display: flex; flex-direction: column;'>\n<div style='padding: 15px; border-bottom: 1px solid rgba(150&comma; 150&comma; 150&comma; 0.2); font-weight: bold; font-size: 18px; color: inherit;'>Condiciones de operaci\u00f3n<\/div>\n<div style='padding: 15px; color: inherit;'>\n<ul style='padding-left: 20px; margin: 0; font-size: 14px; list-style-type: disc; color: inherit;'>\n<li style='margin-bottom: 5px;'><strong style='color: inherit;'>Temperatura ambiente:<\/strong> -45\u00b0C a +50\u00b0C<\/li>\n<li style='margin-bottom: 5px;'><strong style='color: inherit;'>Temperatura limitada:<\/strong> -60\u00b0C a +85\u00b0C<\/li>\n<li style='margin-bottom: 5px;'><strong style='color: inherit;'>Presi\u00f3n atmosf\u00e9rica:<\/strong> 84 &#8211; 106.7 kPa<\/li>\n<li style='margin-bottom: 5px;'><strong style='color: inherit;'>Presi\u00f3n limitada:<\/strong> 57 &#8211; 110 kPa<\/li>\n<\/ul><\/div>\n<\/p><\/div>\n<div style='flex: 1 1 250px; border: 1px solid rgba(150&comma; 150&comma; 150&comma; 0.4); border-radius: 8px; overflow: hidden; display: flex; flex-direction: column;'>\n<div style='padding: 15px; border-bottom: 1px solid rgba(150&comma; 150&comma; 150&comma; 0.2); font-weight: bold; font-size: 18px; color: inherit;'>Caracter\u00edsticas f\u00edsicas<\/div>\n<div style='padding: 15px; color: inherit;'>\n<ul style='padding-left: 20px; margin: 0; font-size: 14px; list-style-type: disc; color: inherit;'>\n<li style='margin-bottom: 5px;'><strong style='color: inherit;'>Longitud zonda:<\/strong> 1.0 mts<\/li>\n<li style='margin-bottom: 5px;'><strong style='color: inherit;'>Base:<\/strong> 4 cm<\/li>\n<li style='margin-bottom: 5px;'><strong style='color: inherit;'>Total:<\/strong> 1.4 mts<\/li>\n<li style='margin-bottom: 5px;'><strong style='color: inherit;'>Longitud nominal:<\/strong> Indicada en etiqueta<\/li>\n<li style='margin-bottom: 5px;'><strong style='color: inherit;'>Peso:<\/strong> 0.9 kg<\/li>\n<li style='margin-bottom: 5px;'><strong style='color: inherit;'>Tensi\u00f3n de alimentaci\u00f3n:<\/strong> 3.6 V<\/li>\n<\/ul><\/div>\n<\/p><\/div>\n<\/p><\/div>\n<\/p><\/div>\n<div style='margin-bottom: 30px;'>\n<h2 style='text-align: center; font-size: 22px; color: inherit; margin-bottom: 20px;'>Videos<\/h2>\n<div style='display: flex; flex-wrap: wrap; gap: 20px; justify-content: center;'>\n<div style='position: relative; padding-bottom: 56.25%; height: 0; overflow: hidden; flex: 1 1 300px; min-width: 280px;'>   <\/div>\n<div style='position: relative; padding-bottom: 56.25%; height: 0; overflow: hidden; flex: 1 1 300px; min-width: 280px;'>   <\/div>\n<div style='position: relative; padding-bottom: 56.25%; height: 0; overflow: hidden; flex: 1 1 300px; min-width: 280px;'>   <\/div>\n<\/p><\/div>\n<\/p><\/div>\n<hr style='border: 0; border-top: 1px solid rgba(150&comma; 150&comma; 150&comma; 0.3); margin: 30px 0;'> <\/div>\n","protected":false},"excerpt":{"rendered":"<p>Sensor de combustible \/ Conectividad BLE 4.0\/ Sin cables \/ Facil Instalaci\u00f3n \/ 1000mm recortable \/ hasta 7 de a\u00f1os de funcionamiento continuo \/ Construcci\u00f3n robusta y hermetica \/ A prueba de golpes<\/p>\n","protected":false},"featured_media":53408,"comment_status":"open","ping_status":"closed","template":"","meta":[],"product_brand":[],"product_cat":[1348,1346],"product_tag":[93,1450,1350,1349],"class_list":{"0":"post-53409","1":"product","2":"type-product","3":"status-publish","4":"has-post-thumbnail","6":"product_cat-accesorios-gps-y-telematica","7":"product_cat-iot","8":"product_tag-accesorios","9":"product_tag-escort","10":"product_tag-gps-y-telematica","11":"product_tag-iot","13":"first","14":"instock","15":"sale","16":"shipping-taxable","17":"purchasable","18":"product-type-simple"},"_links":{"self":[{"href":"https:\/\/soydeaqui.ddns.net\/pachuca\/index.php\/wp-json\/wp\/v2\/product\/53409","targetHints":{"allow":["GET"]}}],"collection":[{"href":"https:\/\/soydeaqui.ddns.net\/pachuca\/index.php\/wp-json\/wp\/v2\/product"}],"about":[{"href":"https:\/\/soydeaqui.ddns.net\/pachuca\/index.php\/wp-json\/wp\/v2\/types\/product"}],"replies":[{"embeddable":true,"href":"https:\/\/soydeaqui.ddns.net\/pachuca\/index.php\/wp-json\/wp\/v2\/comments?post=53409"}],"wp:featuredmedia":[{"embeddable":true,"href":"https:\/\/soydeaqui.ddns.net\/pachuca\/index.php\/wp-json\/wp\/v2\/media\/53408"}],"wp:attachment":[{"href":"https:\/\/soydeaqui.ddns.net\/pachuca\/index.php\/wp-json\/wp\/v2\/media?parent=53409"}],"wp:term":[{"taxonomy":"product_brand","embeddable":true,"href":"https:\/\/soydeaqui.ddns.net\/pachuca\/index.php\/wp-json\/wp\/v2\/product_brand?post=53409"},{"taxonomy":"product_cat","embeddable":true,"href":"https:\/\/soydeaqui.ddns.net\/pachuca\/index.php\/wp-json\/wp\/v2\/product_cat?post=53409"},{"taxonomy":"product_tag","embeddable":true,"href":"https:\/\/soydeaqui.ddns.net\/pachuca\/index.php\/wp-json\/wp\/v2\/product_tag?post=53409"}],"curies":[{"name":"wp","href":"https:\/\/api.w.org\/{rel}","templated":true}]}}