{"id":53403,"date":"2026-03-19T01:47:37","date_gmt":"2026-03-19T01:47:37","guid":{"rendered":"https:\/\/soydeaqui.ddns.net\/pachuca\/index.php\/producto\/localizador-vehicular-2g-y-4g-rastreo-conduccion-eficiente-deteccion-de-jammer-registro-de-conductores-sensores-adicionales\/"},"modified":"2026-03-19T01:47:46","modified_gmt":"2026-03-19T01:47:46","slug":"localizador-vehicular-2g-y-4g-rastreo-conduccion-eficiente-deteccion-de-jammer-registro-de-conductores-sensores-adicionales","status":"publish","type":"product","link":"https:\/\/soydeaqui.ddns.net\/pachuca\/index.php\/producto\/localizador-vehicular-2g-y-4g-rastreo-conduccion-eficiente-deteccion-de-jammer-registro-de-conductores-sensores-adicionales\/","title":{"rendered":"Localizador Vehicular 2G y 4G\/ Rastreo \/ Conducci\u00f3n eficiente \/ Deteccion de Jammer \/ Registro de conductores \/ Sensores adicionales"},"content":{"rendered":"<div style='width: 100%; max-width: 1200px; margin: 0 auto; font-family: sans-serif; line-height: 1.6; color: inherit; background-color: transparent;'>\n<div style='display: flex; flex-wrap: wrap; gap: 30px; margin-bottom: 30px;'>\n<div style='flex: 1 1 300px; min-width: 280px;'>\n<h3 style='font-size: 22px; border-bottom: 2px solid currentColor; padding-bottom: 5px; margin-top: 0; color: inherit; opacity: 0.8;'>Seguridad en todo momento<\/h3>\n<div style='display: flex; flex-direction: column; gap: 15px;'> <img style='width: 100%; height: auto; border: 1px solid rgba(150&comma;150&comma;150&comma;0.3); border-radius: 8px;' src='https:\/\/ftp3.syscom.mx\/usuarios\/fotos\/TRACE5\/197296-viaje_seguro.png' alt=''> <img style='width: 100%; height: auto; border: 1px solid rgba(150&comma;150&comma;150&comma;0.3); border-radius: 8px;' src='https:\/\/ftp3.syscom.mx\/usuarios\/fotos\/ECO4LIGHT3G\/94490-final.png' alt=''> <\/div>\n<\/p><\/div>\n<\/p><\/div>\n<div style='display: flex; flex-wrap: wrap; gap: 30px; margin-bottom: 30px;'>\n<div style='flex: 1 1 300px; min-width: 280px;'>\n<h3 style='font-size: 24px; border-bottom: 2px solid currentColor; padding-bottom: 5px; margin-top: 0; color: inherit; opacity: 0.8;'>Tecnolog\u00eda de punta<\/h3>\n<p style='font-size: 16px; color: inherit;'>TRACE5 es un rastreador compacto de veh\u00edculos con todas las caracter\u00edsticas necesarias para rastrear veh\u00edculos y gestionar flotas.<\/p>\n<p style='font-size: 16px; color: inherit;'>El rastreador utiliza conectividad 2G y LTE Cat M1 (4G) y un m\u00f3dulo Premium GPS de Ublox.<\/p>\n<p style='font-size: 16px; color: inherit;'>Compatible con todas las funciones y muchas m\u00e1s de su predecesor el ECO4LIGHT3GT<\/p>\n<\/p><\/div>\n<\/p><\/div>\n<div style='display: flex; flex-wrap: wrap; gap: 20px; margin-bottom: 30px;'>\n<div style='flex: 1 1 250px; border: 1px solid rgba(150&comma; 150&comma; 150&comma; 0.4); border-radius: 8px; overflow: hidden; display: flex; flex-direction: column;'>\n<div style='padding: 15px; border-bottom: 1px solid rgba(150&comma; 150&comma; 150&comma; 0.2); font-weight: bold; font-size: 18px; color: inherit;'>Aplicaciones<\/div>\n<div style='padding: 15px; color: inherit;'>\n<ul style='padding-left: 20px; margin: 0; font-size: 14px; list-style-type: disc;'>\n<li style='margin-bottom: 5px;'>Seguir y rastrear<\/li>\n<li style='margin-bottom: 5px;'>Seguridad y protecci\u00f3n<\/li>\n<li style='margin-bottom: 5px;'>Flota verde<\/li>\n<li style='margin-bottom: 5px;'>Entrega<\/li>\n<li style='margin-bottom: 5px;'>Servicios de flota<\/li>\n<li style='margin-bottom: 5px;'>Financiamiento y renta de veh\u00edculos<\/li>\n<li style='margin-bottom: 5px;'>Alquiler de carros<\/li>\n<li style='margin-bottom: 5px;'>Control de temperatura<\/li>\n<li style='margin-bottom: 5px;'>Control de combustible<\/li>\n<li style='margin-bottom: 5px;'>Registro y asignaci\u00f3n de conductores.<\/li>\n<\/ul><\/div>\n<\/p><\/div>\n<\/p><\/div>\n<\/p><\/div>\n","protected":false},"excerpt":{"rendered":"<p>Localizador Vehicular 2G y 4G\/ Rastreo \/ Conducci\u00f3n eficiente \/ Deteccion de Jammer \/ Registro de conductores \/ Sensores adicionales<\/p>\n","protected":false},"featured_media":53402,"comment_status":"open","ping_status":"closed","template":"","meta":[],"product_brand":[],"product_cat":[1346,1388],"product_tag":[1350,1349,1351,1389],"class_list":{"0":"post-53403","1":"product","2":"type-product","3":"status-publish","4":"has-post-thumbnail","6":"product_cat-iot","7":"product_cat-trackers-gps","8":"product_tag-gps-y-telematica","9":"product_tag-iot","10":"product_tag-ruptela","11":"product_tag-trackers-gps","13":"first","14":"outofstock","15":"sale","16":"shipping-taxable","17":"purchasable","18":"product-type-simple"},"_links":{"self":[{"href":"https:\/\/soydeaqui.ddns.net\/pachuca\/index.php\/wp-json\/wp\/v2\/product\/53403","targetHints":{"allow":["GET"]}}],"collection":[{"href":"https:\/\/soydeaqui.ddns.net\/pachuca\/index.php\/wp-json\/wp\/v2\/product"}],"about":[{"href":"https:\/\/soydeaqui.ddns.net\/pachuca\/index.php\/wp-json\/wp\/v2\/types\/product"}],"replies":[{"embeddable":true,"href":"https:\/\/soydeaqui.ddns.net\/pachuca\/index.php\/wp-json\/wp\/v2\/comments?post=53403"}],"wp:featuredmedia":[{"embeddable":true,"href":"https:\/\/soydeaqui.ddns.net\/pachuca\/index.php\/wp-json\/wp\/v2\/media\/53402"}],"wp:attachment":[{"href":"https:\/\/soydeaqui.ddns.net\/pachuca\/index.php\/wp-json\/wp\/v2\/media?parent=53403"}],"wp:term":[{"taxonomy":"product_brand","embeddable":true,"href":"https:\/\/soydeaqui.ddns.net\/pachuca\/index.php\/wp-json\/wp\/v2\/product_brand?post=53403"},{"taxonomy":"product_cat","embeddable":true,"href":"https:\/\/soydeaqui.ddns.net\/pachuca\/index.php\/wp-json\/wp\/v2\/product_cat?post=53403"},{"taxonomy":"product_tag","embeddable":true,"href":"https:\/\/soydeaqui.ddns.net\/pachuca\/index.php\/wp-json\/wp\/v2\/product_tag?post=53403"}],"curies":[{"name":"wp","href":"https:\/\/api.w.org\/{rel}","templated":true}]}}