{"id":53386,"date":"2026-03-19T01:47:08","date_gmt":"2026-03-19T01:47:08","guid":{"rendered":"https:\/\/soydeaqui.ddns.net\/pachuca\/index.php\/producto\/mica-con-1-ano-de-servicio-25mb-al-mes-multi-carriertelcel-movistar-especial-para-gps\/"},"modified":"2026-03-19T01:47:11","modified_gmt":"2026-03-19T01:47:11","slug":"mica-con-1-ano-de-servicio-25mb-al-mes-multi-carriertelcel-movistar-especial-para-gps","status":"publish","type":"product","link":"https:\/\/soydeaqui.ddns.net\/pachuca\/index.php\/producto\/mica-con-1-ano-de-servicio-25mb-al-mes-multi-carriertelcel-movistar-especial-para-gps\/","title":{"rendered":"Mica con 1 a\u00f1o de servicio, 25Mb al mes  MULTI-CARRIER(Telcel\/Movistar) Especial para GPS"},"content":{"rendered":"<div style='width: 100%; max-width: 1200px; margin: 0 auto; font-family: sans-serif; line-height: 1.6; color: inherit; background-color: transparent;'>\n<div style='display: flex; flex-wrap: wrap; gap: 30px; margin-bottom: 30px;'>\n<div style='flex: 1 1 300px; min-width: 280px;'>\n<h3 style='font-size: 22px; border-bottom: 2px solid currentColor; padding-bottom: 5px; margin-top: 0; color: inherit; opacity: 0.8;'>Caracter\u00edsticas<\/h3>\n<ul style='padding-left: 20px; font-size: 15px; color: inherit;'>\n<li style='margin-bottom: 5px;'><span style='font-family: arial&comma; helvetica&comma; sans-serif; font-size: 14pt; color: inherit;'>Servicio anual para SIM que le permite enlazarse con las compa\u00f1\u00edas telef\u00f3nicas m\u00e1s populares de M\u00e9xico asegurando la mayor cobertura&comma; soporta redes Movistar y Telcel (Multi-Carrier).<\/span><\/li>\n<li style='margin-bottom: 5px;'><span style='font-family: arial&comma; helvetica&comma; sans-serif; font-size: 14pt; color: inherit;'>Compatible con equipos que acepten SIM de tama\u00f1o Est\u00e1ndar.<\/span><\/li>\n<li style='margin-bottom: 5px;'><span style='font-family: arial&comma; helvetica&comma; sans-serif; font-size: 14pt; color: inherit;'>Multi-Carrier &#8211; Reporta a <strong style='color: inherit;'>TELCEL y Movistar para M\u00c1XIMA Cobertura<\/strong>.<\/span><\/li>\n<\/ul><\/div>\n<\/p><\/div>\n<div style='display: flex; flex-wrap: wrap; gap: 20px; margin-bottom: 30px;'>\n<div style='flex: 1 1 250px; border: 1px solid rgba(150&comma; 150&comma; 150&comma; 0.4); border-radius: 8px; overflow: hidden; display: flex; flex-direction: column;'>\n<div style='padding: 15px; border-bottom: 1px solid rgba(150&comma; 150&comma; 150&comma; 0.2); font-weight: bold; font-size: 18px; color: inherit;'>Beneficios<\/div>\n<div style='padding: 15px; color: inherit;'>\n<ul style='padding-left: 20px; margin: 0; font-size: 14px; list-style-type: disc; color: inherit;'>\n<li style='margin-bottom: 5px;'><span style='color: inherit; font-family: arial&comma; helvetica&comma; sans-serif; font-size: 14pt;'>Costo m\u00e1s bajo que tratando con Telcel \/ Movistar<\/span><\/li>\n<li style='margin-bottom: 5px;'><span style='color: inherit; font-family: arial&comma; helvetica&comma; sans-serif; font-size: 14pt;'>Cuenta con 25Mb mensuales durante 12 meses&comma; cobertura en M\u00e9xico<\/span><\/li>\n<li style='margin-bottom: 5px;'><span style='color: inherit; font-family: arial&comma; helvetica&comma; sans-serif; font-size: 14pt;'>La activaci\u00f3n de SIM y servicios se realiza todo en l\u00ednea (SIN HUMANOS)<\/span><\/li>\n<li style='margin-bottom: 5px;'><span style='color: inherit; font-family: arial&comma; helvetica&comma; sans-serif; font-size: 14pt;'>Activaci\u00f3n al instante desde su panel de suscripci\u00f3n sin costos adicionales <a style='background-color: #ffffff; color: #c0392b; text-decoration: none;' href='https:\/\/www.syscom.mx\/panel\/activa_SIM25GPS'><strong>Para activarlo da clic aqu\u00ed.<\/strong><\/a><\/span><\/li>\n<\/ul><\/div>\n<\/p><\/div>\n<div style='flex: 1 1 250px; border: 1px solid rgba(150&comma; 150&comma; 150&comma; 0.4); border-radius: 8px; overflow: hidden; display: flex; flex-direction: column;'>\n<div style='padding: 15px; border-bottom: 1px solid rgba(150&comma; 150&comma; 150&comma; 0.2); font-weight: bold; font-size: 18px; color: inherit;'>Especificaciones<\/div>\n<div style='padding: 15px; color: inherit;'>\n<ul style='padding-left: 20px; margin: 0; font-size: 14px; list-style-type: disc; color: inherit;'>\n<li style='margin-bottom: 5px;'><span style='color: inherit; font-family: arial&comma; helvetica&comma; sans-serif; font-size: 14pt;'><strong style='color: inherit;'>No cuenta con opci\u00f3n de audio ni mensajes SMS de salida<\/strong>. Funcionan en M\u00e9xico&comma; Estados Unidos y Guatemala.<\/span><\/li>\n<li style='margin-bottom: 5px;'><span style='color: inherit; font-family: arial&comma; helvetica&comma; sans-serif; font-size: 14pt;'><strong style='color: inherit;'>APN:<\/strong> m2mglobal.telefonica.mx<\/span><\/li>\n<li style='margin-bottom: 5px;'><span style='color: inherit; font-family: arial&comma; helvetica&comma; sans-serif; font-size: 14pt;'><strong style='color: inherit;'>Usuario:<\/strong><\/span><\/li>\n<li style='margin-bottom: 5px;'><span style='color: inherit; font-family: arial&comma; helvetica&comma; sans-serif; font-size: 14pt;'><strong style='color: inherit;'>Contrase\u00f1a:<\/strong><\/span><\/li>\n<li style='margin-bottom: 5px;'><span style='color: inherit; font-family: arial&comma; helvetica&comma; sans-serif; font-size: 14pt;'><strong style='color: inherit; font-size: 18.6667px; text-align: justify;'>Para uso en Panel de alarma colocar PIN: 1111<\/strong><\/span><\/li>\n<\/ul><\/div>\n<\/p><\/div>\n<\/p><\/div>\n<hr style='border: 0; border-top: 1px solid rgba(150&comma; 150&comma; 150&comma; 0.3); margin: 30px 0;'>\n<div style='display: flex; flex-wrap: wrap; gap: 30px;'>\n<div style='flex: 1 1 300px; min-width: 280px;'>\n<h3 style='font-size: 22px; border-bottom: 2px solid currentColor; padding-bottom: 5px; margin-top: 0; color: inherit; opacity: 0.8;'>Informaci\u00f3n Adicional<\/h3>\n<ul style='padding-left: 20px; font-size: 15px; color: inherit;'>\n<li style='margin-bottom: 5px;'><span style='color: inherit; font-family: arial&comma; helvetica&comma; sans-serif; font-size: 14pt;'>Para su renovaci\u00f3n es necesario adquirir el modelo <a class='text-body' style='box-sizing: border-box; text-decoration-line: none; --bs-text-opacity: 1; font-family: Satoshi-Variable&comma; sans-serif; font-weight: 600; background-color: #ffffff; color: inherit;' href='https:\/\/www.syscom.mx\/principal\/searchcont?route=RENOVACIONSIM25GPS-Syscom-202763&#038;autodetect=SIM25GPS'>RENOVACIONSIM25GPS<\/a><\/span><\/li>\n<li style='margin-bottom: 5px;'><span style='color: inherit; font-family: arial&comma; helvetica&comma; sans-serif; font-size: 14pt;'><strong style='color: inherit;'>Nota importante:<\/strong> Este servicio es ofrecido por la empresa Telefonica. SYSCOM no se hace responsable por intermitencias o fallas en el servicio por parte del proveedor.<\/span><\/li>\n<li style='margin-bottom: 5px;'><span style='color: inherit; font-family: helvetica&comma; arial&comma; sans-serif; font-size: 14pt;'><strong style='color: inherit;'><span style='font-variant-ligatures: no-contextual; white-space-collapse: preserve; background-color: rgba(195&comma; 198&comma; 196&comma; 0.08);'>Nota importante para dispositivos GPS:<\/span><\/strong> <span style='background-color: rgba(195&comma; 198&comma; 196&comma; 0.08);'>&#8216;Se sugiere configurar tiempos de reporte de cada minuto cuando el motor est\u00e9 encendido o detecte movimiento&comma; y cada 20 minutos cuando el motor est\u00e9 apagado o detenido. Esto ayudar\u00e1 a mantener un consumo de datos moderado&#8217;<\/span><\/span><\/li>\n<li style='margin-bottom: 5px;'><span style='color: inherit; font-family: arial&comma; helvetica&comma; sans-serif; font-size: 14pt;'><strong style='color: inherit;'>SIM tama\u00f1o Estandar<\/strong>&comma; NO recortarlo<\/span><\/li>\n<\/ul><\/div>\n<\/p><\/div>\n<\/p><\/div>\n","protected":false},"excerpt":{"rendered":"<p>Mica con 1 a\u00f1o de servicio, 25Mb al mes  MULTI-CARRIER(Telcel\/Movistar) Especial para GPS<\/p>\n","protected":false},"featured_media":53385,"comment_status":"open","ping_status":"closed","template":"","meta":[],"product_brand":[],"product_cat":[1348,1346],"product_tag":[93,1350,1349,63],"class_list":{"0":"post-53386","1":"product","2":"type-product","3":"status-publish","4":"has-post-thumbnail","6":"product_cat-accesorios-gps-y-telematica","7":"product_cat-iot","8":"product_tag-accesorios","9":"product_tag-gps-y-telematica","10":"product_tag-iot","11":"product_tag-syscom","13":"first","14":"outofstock","15":"sale","16":"shipping-taxable","17":"purchasable","18":"product-type-simple"},"_links":{"self":[{"href":"https:\/\/soydeaqui.ddns.net\/pachuca\/index.php\/wp-json\/wp\/v2\/product\/53386","targetHints":{"allow":["GET"]}}],"collection":[{"href":"https:\/\/soydeaqui.ddns.net\/pachuca\/index.php\/wp-json\/wp\/v2\/product"}],"about":[{"href":"https:\/\/soydeaqui.ddns.net\/pachuca\/index.php\/wp-json\/wp\/v2\/types\/product"}],"replies":[{"embeddable":true,"href":"https:\/\/soydeaqui.ddns.net\/pachuca\/index.php\/wp-json\/wp\/v2\/comments?post=53386"}],"wp:featuredmedia":[{"embeddable":true,"href":"https:\/\/soydeaqui.ddns.net\/pachuca\/index.php\/wp-json\/wp\/v2\/media\/53385"}],"wp:attachment":[{"href":"https:\/\/soydeaqui.ddns.net\/pachuca\/index.php\/wp-json\/wp\/v2\/media?parent=53386"}],"wp:term":[{"taxonomy":"product_brand","embeddable":true,"href":"https:\/\/soydeaqui.ddns.net\/pachuca\/index.php\/wp-json\/wp\/v2\/product_brand?post=53386"},{"taxonomy":"product_cat","embeddable":true,"href":"https:\/\/soydeaqui.ddns.net\/pachuca\/index.php\/wp-json\/wp\/v2\/product_cat?post=53386"},{"taxonomy":"product_tag","embeddable":true,"href":"https:\/\/soydeaqui.ddns.net\/pachuca\/index.php\/wp-json\/wp\/v2\/product_tag?post=53386"}],"curies":[{"name":"wp","href":"https:\/\/api.w.org\/{rel}","templated":true}]}}