{"id":53384,"date":"2026-03-19T01:47:05","date_gmt":"2026-03-19T01:47:05","guid":{"rendered":"https:\/\/soydeaqui.ddns.net\/pachuca\/index.php\/producto\/luz-estroboscopica-a-prueba-de-explosiones-ideal-para-ambientes-peligrosos-120vca-ambar-montaje-no-incluido\/"},"modified":"2026-03-19T01:47:06","modified_gmt":"2026-03-19T01:47:06","slug":"luz-estroboscopica-a-prueba-de-explosiones-ideal-para-ambientes-peligrosos-120vca-ambar-montaje-no-incluido","status":"publish","type":"product","link":"https:\/\/soydeaqui.ddns.net\/pachuca\/index.php\/producto\/luz-estroboscopica-a-prueba-de-explosiones-ideal-para-ambientes-peligrosos-120vca-ambar-montaje-no-incluido\/","title":{"rendered":"Luz estrobosc\u00f3pica a prueba de explosiones ideal para ambientes peligrosos, 120Vca, \u00e1mbar, montaje no incluido"},"content":{"rendered":"<div style='width: 100%; max-width: 1200px; margin: 0 auto; font-family: sans-serif; line-height: 1.6; color: inherit; background-color: transparent;'>\n<div style='display: flex; flex-wrap: wrap; gap: 30px; margin-bottom: 30px;'>\n<div style='flex: 1 1 300px; min-width: 280px;'>\n<h3 style='font-size: 22px; border-bottom: 2px solid currentColor; padding-bottom: 5px; margin-top: 0; color: inherit; opacity: 0.8;'>CARACTERISTICAS<\/h3>\n<ul style='padding-left: 20px; font-size: 15px; color: inherit;'>\n<li style='margin-bottom: 5px;'>La luz estrobosc\u00f3pica a prueba de explosiones Modelo 27XST de Federal Signal presenta un dise\u00f1o de PCB de limitaci\u00f3n de voltaje que proporciona una mayor compatibilidad con los sistemas de control de automatizaci\u00f3n de f\u00e1brica y menos interferencia el\u00e9ctrica con dispositivos sensibles a los impulsos.<\/li>\n<li style='margin-bottom: 5px;'>El Modelo 27XST de Federal Signal tiene una candela efectiva (ECP) de 850 y una candela pico de dos millones. Hay tres opciones de montaje disponibles: colgante&comma; techo o montaje en pared de 90 \u00b0. Para una f\u00e1cil instalaci\u00f3n&comma; primero se instala la caja de montaje y luego el accesorio se enrosca en la caja de montaje&comma; haciendo la conexi\u00f3n el\u00e9ctrica. Preinstale el soporte de montaje&comma; la continuidad el\u00e9ctrica se realiza cuando se conectan cinco hilos.<\/li>\n<li style='margin-bottom: 5px;'>El modelo 27XST de Federal Signal est\u00e1 espec\u00edficamente dise\u00f1ado para atm\u00f3sferas a prueba de explosi\u00f3n y \/ o ambientes corrosivos. Debido a que es f\u00e1cil de instalar y requiere muy poco mantenimiento&comma; es ideal para su uso en \u00e1reas como plataformas petroleras&comma; minas&comma; refiner\u00edas y plantas qu\u00edmicas.<\/li>\n<\/ul><\/div>\n<\/p><\/div>\n<hr style='border: 0; border-top: 1px solid rgba(150&comma; 150&comma; 150&comma; 0.3); margin: 30px 0;'>\n<div style='display: flex; flex-wrap: wrap; gap: 20px; margin-bottom: 30px;'>\n<div style='flex: 1 1 250px; border: 1px solid rgba(150&comma; 150&comma; 150&comma; 0.4); border-radius: 8px; overflow: hidden; display: flex; flex-direction: column;'>\n<div style='padding: 15px; border-bottom: 1px solid rgba(150&comma; 150&comma; 150&comma; 0.2); font-weight: bold; font-size: 18px; color: inherit;'>ESPECIFICACIONES<\/div>\n<div style='padding: 15px; color: inherit;'>\n<ul style='padding-left: 20px; margin: 0; font-size: 14px; list-style-type: disc;'>\n<li style='margin-bottom: 5px;'><strong>Resistencias de monitoreo:<\/strong> Kit de montaje colgante opcional de 3\/4&#8242;<\/li>\n<li style='margin-bottom: 5px;'><strong>Voltaje:<\/strong> 120 VCA 50\/60 Hz<\/li>\n<li style='margin-bottom: 5px;'><strong>Corriente de funcionamiento:<\/strong> 120 VCA: 1&comma;14 amperios<\/li>\n<li style='margin-bottom: 5px;'><strong>Fuente de luz\/estilo de l\u00e1mpara:<\/strong> Tubo estrobosc\u00f3pico<\/li>\n<li style='margin-bottom: 5px;'><strong>Vida de la l\u00e1mpara:<\/strong> 10.000 horas<\/li>\n<li style='margin-bottom: 5px;'><strong>Velocidad de destello\/minuto:<\/strong> 80<\/li>\n<li style='margin-bottom: 5px;'><strong>Pico Candela:<\/strong> 2000000<\/li>\n<li style='margin-bottom: 5px;'><strong>Candela efectiva:<\/strong> 850<\/li>\n<li style='margin-bottom: 5px;'><strong>Rango de temperatura de funcionamiento:<\/strong> -55 \u00b0C a 65 \u00b0C<\/li>\n<li style='margin-bottom: 5px;'><strong>Grado de protecci\u00f3n del gabinete:<\/strong> IP66 Tipo 4X<\/li>\n<li style='margin-bottom: 5px;'><strong>Guardia de la c\u00fapula:<\/strong> Se vende por separado<\/li>\n<li style='margin-bottom: 5px;'><strong>Colores de la c\u00fapula:<\/strong> \u00c1mbar<\/li>\n<li style='margin-bottom: 5px;'><strong>Colores de la c\u00fapula:<\/strong> Azul<\/li>\n<li style='margin-bottom: 5px;'><strong>Colores de la c\u00fapula:<\/strong> Claro<\/li>\n<li style='margin-bottom: 5px;'><strong>Colores de la c\u00fapula:<\/strong> Verde<\/li>\n<li style='margin-bottom: 5px;'><strong>Colores de la c\u00fapula:<\/strong> Magenta<\/li>\n<li style='margin-bottom: 5px;'><strong>Peso neto del producto:<\/strong> 6.30 Kg<\/li>\n<li style='margin-bottom: 5px;'><strong>Se\u00f1al sin montaje:<\/strong> 6.30 Kg<\/li>\n<li style='margin-bottom: 5px;'><strong>Montaje en techo:<\/strong> 2.00 Kg<\/li>\n<li style='margin-bottom: 5px;'><strong>Montaje colgante:<\/strong> 1.00 Kg<\/li>\n<li style='margin-bottom: 5px;'><strong>Montaje en pared:<\/strong> 2.67 Kg<\/li>\n<\/ul><\/div>\n<\/p><\/div>\n<\/p><\/div>\n<\/p><\/div>\n","protected":false},"excerpt":{"rendered":"<p>Luz estrobosc\u00f3pica a prueba de explosiones ideal para ambientes peligrosos, 120Vca, \u00e1mbar, montaje no incluido<\/p>\n","protected":false},"featured_media":53383,"comment_status":"open","ping_status":"closed","template":"","meta":[],"product_brand":[],"product_cat":[1416],"product_tag":[552,1414,1417],"class_list":{"0":"post-53384","1":"product","2":"type-product","3":"status-publish","4":"has-post-thumbnail","6":"product_cat-luces-para-la-industria-y-edificios","7":"product_tag-federal-signal-industrial","8":"product_tag-luces-bocinas-para-la-industria-y-edificios","9":"product_tag-luces-para-la-industria-y-edificios","11":"first","12":"outofstock","13":"sale","14":"shipping-taxable","15":"purchasable","16":"product-type-simple"},"_links":{"self":[{"href":"https:\/\/soydeaqui.ddns.net\/pachuca\/index.php\/wp-json\/wp\/v2\/product\/53384","targetHints":{"allow":["GET"]}}],"collection":[{"href":"https:\/\/soydeaqui.ddns.net\/pachuca\/index.php\/wp-json\/wp\/v2\/product"}],"about":[{"href":"https:\/\/soydeaqui.ddns.net\/pachuca\/index.php\/wp-json\/wp\/v2\/types\/product"}],"replies":[{"embeddable":true,"href":"https:\/\/soydeaqui.ddns.net\/pachuca\/index.php\/wp-json\/wp\/v2\/comments?post=53384"}],"wp:featuredmedia":[{"embeddable":true,"href":"https:\/\/soydeaqui.ddns.net\/pachuca\/index.php\/wp-json\/wp\/v2\/media\/53383"}],"wp:attachment":[{"href":"https:\/\/soydeaqui.ddns.net\/pachuca\/index.php\/wp-json\/wp\/v2\/media?parent=53384"}],"wp:term":[{"taxonomy":"product_brand","embeddable":true,"href":"https:\/\/soydeaqui.ddns.net\/pachuca\/index.php\/wp-json\/wp\/v2\/product_brand?post=53384"},{"taxonomy":"product_cat","embeddable":true,"href":"https:\/\/soydeaqui.ddns.net\/pachuca\/index.php\/wp-json\/wp\/v2\/product_cat?post=53384"},{"taxonomy":"product_tag","embeddable":true,"href":"https:\/\/soydeaqui.ddns.net\/pachuca\/index.php\/wp-json\/wp\/v2\/product_tag?post=53384"}],"curies":[{"name":"wp","href":"https:\/\/api.w.org\/{rel}","templated":true}]}}