{"id":53345,"date":"2026-03-19T01:45:51","date_gmt":"2026-03-19T01:45:51","guid":{"rendered":"https:\/\/soydeaqui.ddns.net\/pachuca\/index.php\/producto\/licencia-vitalicia-para-plataforma-tracksolidpro-compatible-con-modelos-jc400-jc400d\/"},"modified":"2026-03-19T01:45:51","modified_gmt":"2026-03-19T01:45:51","slug":"licencia-vitalicia-para-plataforma-tracksolidpro-compatible-con-modelos-jc400-jc400d","status":"publish","type":"product","link":"https:\/\/soydeaqui.ddns.net\/pachuca\/index.php\/producto\/licencia-vitalicia-para-plataforma-tracksolidpro-compatible-con-modelos-jc400-jc400d\/","title":{"rendered":"Licencia vitalicia para plataforma TracksolidPro Compatible con modelos JC400, JC400D"},"content":{"rendered":"<div style='width: 100%; max-width: 1200px; margin: 0 auto; font-family: sans-serif; line-height: 1.6; color: inherit; background-color: transparent;'> <!-- Secci\u00f3n de enlace a documentaci\u00f3n --> <\/p>\n<div style='margin-bottom: 30px;'> <a style='font-size: 16px; color: #0070c0; text-decoration: none;' href='https:\/\/www.syscom.mx\/singlepage\/tracksolid'> <strong>Pagina de ayuda TracksolidPro (Dar clic aqui)<\/strong> <\/a> <\/div>\n<p> <!-- Secci\u00f3n de descripci\u00f3n --> <\/p>\n<div style='margin-bottom: 30px;'>\n<p style='font-size: 16px; margin-bottom: 15px;'>Tracksolid es una soluci\u00f3n basada en la nube con un conjunto completo de servicios dise\u00f1ados para administraci\u00f3n remota&comma; seguimiento de flotas&comma; seguimiento de activos y un conjunto diverso de aplicaciones verticales.<\/p>\n<p style='font-size: 16px; margin-bottom: 15px;'>Como una soluci\u00f3n lista para usar&comma; Tracksolid es una plataforma segura&comma; abierta y escalable que juega un papel esencial en la optimizaci\u00f3n de la utilizaci\u00f3n de recursos al permitir la visibilidad y simplificar la administraci\u00f3n.<\/p>\n<\/p><\/div>\n<p> <!-- Secci\u00f3n de datos t\u00e9cnicos --> <\/p>\n<div style='margin-bottom: 30px;'>\n<h3 style='font-size: 18px; border-bottom: 2px solid currentColor; padding-bottom: 5px; margin-top: 0; margin-bottom: 15px; color: inherit; opacity: 0.8;'>Datos de configuraci\u00f3n<\/h3>\n<ul style='padding-left: 20px; font-size: 15px; color: inherit; margin-bottom: 20px;'>\n<li style='margin-bottom: 8px;'><strong>Liga de acceso:<\/strong> <a href='https:\/\/www.tracksolidpro.com\/mainFrame' style='color: #0070c0; text-decoration: none;'>https:\/\/www.tracksolid.com\/mainFrame<\/a><\/li>\n<li style='margin-bottom: 8px;'><strong>IP:<\/strong> 47.89.58.215<\/li>\n<li style='margin-bottom: 8px;'><strong>Puerto para GT06E:<\/strong> 21100<\/li>\n<li style='margin-bottom: 8px;'><strong>Puerto para AT6:<\/strong> 21102<\/li>\n<\/ul><\/div>\n<p> <!-- Secci\u00f3n de notas importantes --> <\/p>\n<div style='margin-bottom: 30px;'>\n<h3 style='font-size: 18px; border-bottom: 2px solid currentColor; padding-bottom: 5px; margin-top: 0; margin-bottom: 15px; color: inherit; opacity: 0.8;'>Notas importantes<\/h3>\n<ul style='padding-left: 20px; font-size: 15px; color: inherit; margin-bottom: 20px;'>\n<li style='margin-bottom: 8px;'>Esta licencia no es cancelable o transferible<\/li>\n<li style='margin-bottom: 8px;'>Para la activaci\u00f3n de licencias favor de enviar correo a <a href='mailto:fernanda.rodriguez@syscom.mx' style='color: #0070c0; text-decoration: none;'>licencias@syscom.mx<\/a> incluyendo la factura e IMEI del equipo<\/li>\n<li style='margin-bottom: 8px;'>El tiempo de activaci\u00f3n despu\u00e9s de enviar el correo es de 24 a 48 horas dependiendo de disponibilidad<\/li>\n<li style='margin-bottom: 8px;'>Confirmar modelo e IMEI antes de enviar el correo&comma; no es posible hacer modificaciones una vez agregado el dispositivo<\/li>\n<\/ul><\/div>\n<p> <!-- Secci\u00f3n de derechos de autor --> <\/p>\n<div style='margin-bottom: 30px;'>\n<h3 style='font-size: 18px; border-bottom: 2px solid currentColor; padding-bottom: 5px; margin-top: 0; margin-bottom: 15px; color: inherit; opacity: 0.8;'>Derecho de Propiedad Intelectual<\/h3>\n<p style='font-size: 15px; color: inherit; margin-bottom: 15px;'>Esta plataforma de rastreo Tracksolid (Web y aplicaci\u00f3n m\u00f3vil) que se provee por parte de SYSCOM&comma; est\u00e1 limitado a Leyes de Derechos de Marca y Autor por el grupo JIMI\/CONCOX&comma; por lo cual SYSCOM no se hace responsable de los cambios en los servicios que la parte propietaria realice o en su defecto dejara de realizar&comma; los mantenimientos y correcciones corren por parte de proveedor.<\/p>\n<\/p><\/div>\n<\/p><\/div>\n","protected":false},"excerpt":{"rendered":"<p>Licencia vitalicia para plataforma TracksolidPro Compatible con modelos JC400, JC400D<\/p>\n","protected":false},"featured_media":53344,"comment_status":"open","ping_status":"closed","template":"","meta":[],"product_brand":[],"product_cat":[1346,1352],"product_tag":[1350,1349,1420,1353],"class_list":{"0":"post-53345","1":"product","2":"type-product","3":"status-publish","4":"has-post-thumbnail","6":"product_cat-iot","7":"product_cat-software","8":"product_tag-gps-y-telematica","9":"product_tag-iot","10":"product_tag-jimiiot","11":"product_tag-software","13":"first","14":"instock","15":"sale","16":"shipping-taxable","17":"purchasable","18":"product-type-simple"},"_links":{"self":[{"href":"https:\/\/soydeaqui.ddns.net\/pachuca\/index.php\/wp-json\/wp\/v2\/product\/53345","targetHints":{"allow":["GET"]}}],"collection":[{"href":"https:\/\/soydeaqui.ddns.net\/pachuca\/index.php\/wp-json\/wp\/v2\/product"}],"about":[{"href":"https:\/\/soydeaqui.ddns.net\/pachuca\/index.php\/wp-json\/wp\/v2\/types\/product"}],"replies":[{"embeddable":true,"href":"https:\/\/soydeaqui.ddns.net\/pachuca\/index.php\/wp-json\/wp\/v2\/comments?post=53345"}],"wp:featuredmedia":[{"embeddable":true,"href":"https:\/\/soydeaqui.ddns.net\/pachuca\/index.php\/wp-json\/wp\/v2\/media\/53344"}],"wp:attachment":[{"href":"https:\/\/soydeaqui.ddns.net\/pachuca\/index.php\/wp-json\/wp\/v2\/media?parent=53345"}],"wp:term":[{"taxonomy":"product_brand","embeddable":true,"href":"https:\/\/soydeaqui.ddns.net\/pachuca\/index.php\/wp-json\/wp\/v2\/product_brand?post=53345"},{"taxonomy":"product_cat","embeddable":true,"href":"https:\/\/soydeaqui.ddns.net\/pachuca\/index.php\/wp-json\/wp\/v2\/product_cat?post=53345"},{"taxonomy":"product_tag","embeddable":true,"href":"https:\/\/soydeaqui.ddns.net\/pachuca\/index.php\/wp-json\/wp\/v2\/product_tag?post=53345"}],"curies":[{"name":"wp","href":"https:\/\/api.w.org\/{rel}","templated":true}]}}