{"id":53343,"date":"2026-03-19T01:45:49","date_gmt":"2026-03-19T01:45:49","guid":{"rendered":"https:\/\/soydeaqui.ddns.net\/pachuca\/index.php\/producto\/renovacion-de-licencia-de-video-para-plataforma-tracksolid\/"},"modified":"2026-03-19T01:45:49","modified_gmt":"2026-03-19T01:45:49","slug":"renovacion-de-licencia-de-video-para-plataforma-tracksolid","status":"publish","type":"product","link":"https:\/\/soydeaqui.ddns.net\/pachuca\/index.php\/producto\/renovacion-de-licencia-de-video-para-plataforma-tracksolid\/","title":{"rendered":"Renovaci\u00f3n de licencia de video para plataforma Tracksolid"},"content":{"rendered":"<div style='width: 100%; max-width: 1200px; margin: 0 auto; font-family: sans-serif; line-height: 1.6; color: inherit; background-color: transparent;'>\n<div style='display: flex; flex-wrap: wrap; gap: 30px; margin-bottom: 30px;'>\n<div style='flex: 1 1 300px; min-width: 280px;'>\n<h3 style='font-size: 22px; border-bottom: 2px solid currentColor; padding-bottom: 5px; margin-top: 0; color: inherit; opacity: 0.8;'>Descripci\u00f3n<\/h3>\n<p style='font-size: 15px; margin-bottom: 15px; color: inherit;'>Tracksolid es una soluci\u00f3n basada en la nube con un conjunto completo de servicios dise\u00f1ados para administraci\u00f3n remota&comma; seguimiento de flotas&comma; seguimiento de activos y un conjunto diverso de aplicaciones verticales.<\/p>\n<p style='font-size: 15px; margin-bottom: 15px; color: inherit;'>Como una soluci\u00f3n lista para usar&comma; Tracksolid es una plataforma segura&comma; abierta y escalable que juega un papel esencial en la optimizaci\u00f3n de la utilizaci\u00f3n de recursos al permitir la visibilidad y simplificar la administraci\u00f3n.<\/p>\n<p style='font-size: 15px; margin-bottom: 15px; color: inherit;'><strong>Liga de acceso:<\/strong> <a href='https:\/\/www.tracksolidpro.com\/mainFrame' style='color: inherit; text-decoration: underline;'>https:\/\/www.tracksolid.com\/mainFrame<\/a><\/p>\n<p style='font-size: 15px; margin-bottom: 15px; color: inherit;'><strong>IP:<\/strong> 47.89.58.215<\/p>\n<p style='font-size: 15px; margin-bottom: 15px; color: inherit;'><strong>Puerto para GT06E:<\/strong> 21100<\/p>\n<p style='font-size: 15px; margin-bottom: 15px; color: inherit;'><strong>Puerto para AT6:<\/strong> 21102<\/p>\n<\/p><\/div>\n<\/p><\/div>\n<div style='display: flex; flex-wrap: wrap; gap: 20px; margin-bottom: 30px;'>\n<div style='flex: 1 1 250px; border: 1px solid rgba(150&comma; 150&comma; 150&comma; 0.4); border-radius: 8px; overflow: hidden; display: flex; flex-direction: column;'>\n<div style='padding: 15px; border-bottom: 1px solid rgba(150&comma; 150&comma; 150&comma; 0.2); font-weight: bold; font-size: 18px; color: inherit;'>Informaci\u00f3n importante<\/div>\n<div style='padding: 15px; color: inherit;'>\n<ul style='padding-left: 20px; margin: 0; font-size: 14px; list-style-type: disc;'>\n<li style='margin-bottom: 5px;'>Esta licencia no es cancelable o transferible<\/li>\n<li style='margin-bottom: 5px;'>Para la activaci\u00f3n de licencias favor de enviar correo a <a href='mailto:fernanda.rodriguez@syscom.mx' style='color: inherit; text-decoration: underline;'>licencias@syscom.mx<\/a> incluyendo la factura e IMEI del equipo<\/li>\n<li style='margin-bottom: 5px;'>El tiempo de activaci\u00f3n despu\u00e9s de enviar el correo es de 24 a 48 horas dependiendo de disponibilidad<\/li>\n<li style='margin-bottom: 5px;'>Confirmar modelo e IMEI antes de enviar el correo&comma; no es posible hacer modificaciones una vez agregado el dispositivo<\/li>\n<\/ul><\/div>\n<\/p><\/div>\n<div style='flex: 1 1 250px; border: 1px solid rgba(150&comma; 150&comma; 150&comma; 0.4); border-radius: 8px; overflow: hidden; display: flex; flex-direction: column;'>\n<div style='padding: 15px; border-bottom: 1px solid rgba(150&comma; 150&comma; 150&comma; 0.2); font-weight: bold; font-size: 18px; color: inherit;'>Derecho de Propiedad Intelectual<\/div>\n<div style='padding: 15px; color: inherit;'>\n<p style='font-size: 14px; margin-bottom: 10px; color: inherit;'>Esta plataforma de rastreo Tracksolid (Web y aplicaci\u00f3n m\u00f3vil) que se provee por parte de SYSCOM&comma; est\u00e1 limitado a Leyes de Derechos de Marca y Autor por el grupo JIMI\/CONCOX&comma; por lo cual SYSCOM no se hace responsable de los cambios en los servicios que la parte propietaria realice o en su defecto dejara de realizar&comma; los mantenimientos y correcciones corren por parte de proveedor.<\/p>\n<\/p><\/div>\n<\/p><\/div>\n<\/p><\/div>\n<div style='display: flex; flex-wrap: wrap; gap: 30px; margin-bottom: 30px;'>\n<div style='flex: 1 1 300px; min-width: 280px;'>\n<h3 style='font-size: 22px; border-bottom: 2px solid currentColor; padding-bottom: 5px; margin-top: 0; color: inherit; opacity: 0.8;'>Documentaci\u00f3n<\/h3>\n<ul style='padding-left: 20px; font-size: 15px; color: inherit;'>\n<li style='margin-bottom: 5px;'><a href='https:\/\/www.syscom.mx\/singlepage\/tracksolid' style='color: inherit; text-decoration: underline;'>P\u00e1gina de ayuda TracksolidPro<\/a><\/li>\n<\/ul><\/div>\n<\/p><\/div>\n<\/p><\/div>\n","protected":false},"excerpt":{"rendered":"<p>Renovaci\u00f3n de licencia de video para plataforma Tracksolid<\/p>\n","protected":false},"featured_media":53342,"comment_status":"open","ping_status":"closed","template":"","meta":[],"product_brand":[],"product_cat":[1346,1352],"product_tag":[1350,1349,1420,1353],"class_list":{"0":"post-53343","1":"product","2":"type-product","3":"status-publish","4":"has-post-thumbnail","6":"product_cat-iot","7":"product_cat-software","8":"product_tag-gps-y-telematica","9":"product_tag-iot","10":"product_tag-jimiiot","11":"product_tag-software","13":"first","14":"instock","15":"sale","16":"shipping-taxable","17":"purchasable","18":"product-type-simple"},"_links":{"self":[{"href":"https:\/\/soydeaqui.ddns.net\/pachuca\/index.php\/wp-json\/wp\/v2\/product\/53343","targetHints":{"allow":["GET"]}}],"collection":[{"href":"https:\/\/soydeaqui.ddns.net\/pachuca\/index.php\/wp-json\/wp\/v2\/product"}],"about":[{"href":"https:\/\/soydeaqui.ddns.net\/pachuca\/index.php\/wp-json\/wp\/v2\/types\/product"}],"replies":[{"embeddable":true,"href":"https:\/\/soydeaqui.ddns.net\/pachuca\/index.php\/wp-json\/wp\/v2\/comments?post=53343"}],"wp:featuredmedia":[{"embeddable":true,"href":"https:\/\/soydeaqui.ddns.net\/pachuca\/index.php\/wp-json\/wp\/v2\/media\/53342"}],"wp:attachment":[{"href":"https:\/\/soydeaqui.ddns.net\/pachuca\/index.php\/wp-json\/wp\/v2\/media?parent=53343"}],"wp:term":[{"taxonomy":"product_brand","embeddable":true,"href":"https:\/\/soydeaqui.ddns.net\/pachuca\/index.php\/wp-json\/wp\/v2\/product_brand?post=53343"},{"taxonomy":"product_cat","embeddable":true,"href":"https:\/\/soydeaqui.ddns.net\/pachuca\/index.php\/wp-json\/wp\/v2\/product_cat?post=53343"},{"taxonomy":"product_tag","embeddable":true,"href":"https:\/\/soydeaqui.ddns.net\/pachuca\/index.php\/wp-json\/wp\/v2\/product_tag?post=53343"}],"curies":[{"name":"wp","href":"https:\/\/api.w.org\/{rel}","templated":true}]}}