{"id":53341,"date":"2026-03-19T01:45:46","date_gmt":"2026-03-19T01:45:46","guid":{"rendered":"https:\/\/soydeaqui.ddns.net\/pachuca\/index.php\/producto\/primer-ano-de-licencia-de-video-en-plataforma-tracksolidpro\/"},"modified":"2026-03-19T01:45:47","modified_gmt":"2026-03-19T01:45:47","slug":"primer-ano-de-licencia-de-video-en-plataforma-tracksolidpro","status":"publish","type":"product","link":"https:\/\/soydeaqui.ddns.net\/pachuca\/index.php\/producto\/primer-ano-de-licencia-de-video-en-plataforma-tracksolidpro\/","title":{"rendered":"Primer a\u00f1o de licencia de video en plataforma TracksolidPro"},"content":{"rendered":"<div style='width: 100%; max-width: 1200px; margin: 0 auto; font-family: sans-serif; line-height: 1.6; color: inherit; background-color: transparent;'>\n<div style='display: flex; flex-direction: column; gap: 20px;'>\n<div> <a href='https:\/\/www.syscom.mx\/singlepage\/tracksolid' style='text-decoration: none; color: inherit;'> <strong style='font-size: 20px; color: #0070c0;'>Pagina de ayuda TracksolidPro (Dar clic aqui)<\/strong> <\/a> <\/div>\n<div> <strong style='font-size: 20px; font-weight: 600;'>TracksolidPro<\/strong> <span style='font-size: 18px;'>es una soluci\u00f3n basada en la nube con un conjunto completo de servicios dise\u00f1ados para administraci\u00f3n remota&comma; seguimiento de flotas&comma; seguimiento de activos y un conjunto diverso de aplicaciones verticales.<\/span> <\/div>\n<div> <span style='font-size: 18px;'>Como una soluci\u00f3n lista para usar&comma; TracksolidPro es una plataforma segura&comma; abierta y escalable que juega un papel esencial en la optimizaci\u00f3n de la utilizaci\u00f3n de recursos al permitir la visibilidad y simplificar la administraci\u00f3n.<\/span> <\/div>\n<div> <span style='font-size: 18px;'>Liga de acceso: <\/span> <a href='https:\/\/www.tracksolidpro.com\/mainFrame' style='color: inherit; text-decoration: none; font-size: 18px;'>https:\/\/www.tracksolidpro.com\/mainFrame<\/a> <\/div>\n<div> <span style='font-size: 18px;'>IP: 47.89.58.215<\/span> <\/div>\n<div> <span style='font-size: 18px;'>Puerto para GT06E: 21100<\/span> <\/div>\n<div> <span style='font-size: 18px;'>Puerto para AT6: 21102<\/span> <\/div>\n<div> <span style='font-size: 20px; font-weight: 600;'>Nota: Esta licencia no es cancelable o transferible<\/span> <\/div>\n<div> <span style='font-size: 20px; font-weight: 600;'>Para la activacion de licencias favor de enviar correo a <\/span> <a href='mailto:fernanda.rodriguez@syscom.mx' style='color: inherit; text-decoration: none; font-size: 20px; font-weight: 600;'>licencias@syscom.mx<\/a> <span style='font-size: 20px; font-weight: 600;'> incluyendo la factura e IMEI del equipo&comma; el tiempo de activacion despues de enviar el correo es de 24 a 48 horas dependiendo de disponibilidad.<\/span> <\/div>\n<div> <span style='font-size: 20px; font-weight: 600;'>Nota: Confirmar modelo e IMEI antes de enviar el correo&comma; no es posible hacer modificaciones una vez agregado el dispositivo.<\/span> <\/div>\n<div>\n<div style='font-size: 14px; color: inherit;'>Derecho de Propiedad Intelectual<\/div>\n<div style='font-size: 14px; color: inherit;'>Esta plataforma de rastreo TracksolidPro (Web y aplicacion movil) que se provee por parte de SYSCOM&comma; est\u00e1 limitado a Leyes de Derechos de Marca y Autor por el grupo JIMI\/CONCOX&comma; por lo cual SYSCOM no se hace responsable de los cambios en los servicios que la parte propietaria realice o en su defecto dejara de realizar&comma; los mantenimientos y correcciones corren por parte de proveedor.<\/div>\n<\/p><\/div>\n<\/p><\/div>\n<hr style='border: 0; border-top: 1px solid rgba(150&comma; 150&comma; 150&comma; 0.3); margin: 30px 0;'> <\/div>\n","protected":false},"excerpt":{"rendered":"<p>Primer a\u00f1o de licencia de video en plataforma TracksolidPro<\/p>\n","protected":false},"featured_media":53340,"comment_status":"open","ping_status":"closed","template":"","meta":[],"product_brand":[],"product_cat":[1346,1352],"product_tag":[1350,1349,1420,1353],"class_list":{"0":"post-53341","1":"product","2":"type-product","3":"status-publish","4":"has-post-thumbnail","6":"product_cat-iot","7":"product_cat-software","8":"product_tag-gps-y-telematica","9":"product_tag-iot","10":"product_tag-jimiiot","11":"product_tag-software","13":"first","14":"instock","15":"sale","16":"shipping-taxable","17":"purchasable","18":"product-type-simple"},"_links":{"self":[{"href":"https:\/\/soydeaqui.ddns.net\/pachuca\/index.php\/wp-json\/wp\/v2\/product\/53341","targetHints":{"allow":["GET"]}}],"collection":[{"href":"https:\/\/soydeaqui.ddns.net\/pachuca\/index.php\/wp-json\/wp\/v2\/product"}],"about":[{"href":"https:\/\/soydeaqui.ddns.net\/pachuca\/index.php\/wp-json\/wp\/v2\/types\/product"}],"replies":[{"embeddable":true,"href":"https:\/\/soydeaqui.ddns.net\/pachuca\/index.php\/wp-json\/wp\/v2\/comments?post=53341"}],"wp:featuredmedia":[{"embeddable":true,"href":"https:\/\/soydeaqui.ddns.net\/pachuca\/index.php\/wp-json\/wp\/v2\/media\/53340"}],"wp:attachment":[{"href":"https:\/\/soydeaqui.ddns.net\/pachuca\/index.php\/wp-json\/wp\/v2\/media?parent=53341"}],"wp:term":[{"taxonomy":"product_brand","embeddable":true,"href":"https:\/\/soydeaqui.ddns.net\/pachuca\/index.php\/wp-json\/wp\/v2\/product_brand?post=53341"},{"taxonomy":"product_cat","embeddable":true,"href":"https:\/\/soydeaqui.ddns.net\/pachuca\/index.php\/wp-json\/wp\/v2\/product_cat?post=53341"},{"taxonomy":"product_tag","embeddable":true,"href":"https:\/\/soydeaqui.ddns.net\/pachuca\/index.php\/wp-json\/wp\/v2\/product_tag?post=53341"}],"curies":[{"name":"wp","href":"https:\/\/api.w.org\/{rel}","templated":true}]}}