{"id":53334,"date":"2026-03-19T01:45:35","date_gmt":"2026-03-19T01:45:35","guid":{"rendered":"https:\/\/soydeaqui.ddns.net\/pachuca\/index.php\/producto\/domo-ambar-para-torreta-legend\/"},"modified":"2026-03-19T01:45:36","modified_gmt":"2026-03-19T01:45:36","slug":"domo-ambar-para-torreta-legend","status":"publish","type":"product","link":"https:\/\/soydeaqui.ddns.net\/pachuca\/index.php\/producto\/domo-ambar-para-torreta-legend\/","title":{"rendered":"Domo Ambar para Torreta Legend"},"content":{"rendered":"<div style='width: 100%; max-width: 1200px; margin: 0 auto; font-family: sans-serif; line-height: 1.6; color: inherit; background-color: transparent;'> <!-- Secci\u00f3n de caracter\u00edsticas principales --> <\/p>\n<div style='display: flex; flex-wrap: wrap; gap: 30px; margin-bottom: 30px;'>\n<div style='flex: 1 1 300px; min-width: 280px;'>\n<h3 style='font-size: 22px; border-bottom: 2px solid currentColor; padding-bottom: 5px; margin-top: 0; color: inherit; opacity: 0.8;'>Caracter\u00edsticas Principales<\/h3>\n<ul style='padding-left: 20px; font-size: 15px; color: inherit;'>\n<li style='margin-bottom: 5px;'>Tecnolog\u00eda Solaris LED Reflector para 360\u00b0 de cobertura<\/li>\n<li style='margin-bottom: 5px;'>ROC (Reliable Onboard Circuitry) con 85% menos puntos de fallo<\/li>\n<li style='margin-bottom: 5px;'>Sistema de red Convergence para instalaci\u00f3n &#8216;plug-and-play&#8217;<\/li>\n<li style='margin-bottom: 5px;'>Dise\u00f1o todo LED con opciones de colores: \u00c1mbar&comma; Azul&comma; Rojo&comma; Verde o Blanco<\/li>\n<li style='margin-bottom: 5px;'>C\u00fapulas superiores disponibles en \u00c1mbar&comma; Azul&comma; Rojo o Transparente<\/li>\n<li style='margin-bottom: 5px;'>Opci\u00f3n de controlador integrado SignalMaster con funciones avanzadas<\/li>\n<li style='margin-bottom: 5px;'>5 a\u00f1os de garant\u00eda en LEDs<\/li>\n<\/ul><\/div>\n<div style='flex: 1 1 300px; min-width: 280px;'>\n<h3 style='font-size: 22px; border-bottom: 2px solid currentColor; padding-bottom: 5px; margin-top: 0; color: inherit; opacity: 0.8;'>Caracter\u00edsticas de Dise\u00f1o<\/h3>\n<ul style='padding-left: 20px; font-size: 15px; color: inherit;'>\n<li style='margin-bottom: 5px;'>Dise\u00f1o de perfil bajo para f\u00e1cil instalaci\u00f3n<\/li>\n<li style='margin-bottom: 5px;'>Tres longitudes disponibles: 45&#8217;&comma; 53&#8242; y 61&#8242;<\/li>\n<li style='margin-bottom: 5px;'>LEDs de alta potencia con tecnolog\u00eda avanzada<\/li>\n<li style='margin-bottom: 5px;'>Resistente a condiciones extremas<\/li>\n<li style='margin-bottom: 5px;'>Bajo mantenimiento y larga vida \u00fatil<\/li>\n<li style='margin-bottom: 5px;'>Opciones de control: controlador de 3 o 6 botones<\/li>\n<li style='margin-bottom: 5px;'>LEDs blancos ultrabrillantes para takedowns<\/li>\n<\/ul><\/div>\n<\/p><\/div>\n<p> <!-- Secci\u00f3n de especificaciones t\u00e9cnicas --> <\/p>\n<div style='display: flex; flex-wrap: wrap; gap: 20px; margin-bottom: 30px;'>\n<div style='flex: 1 1 250px; border: 1px solid rgba(150&comma; 150&comma; 150&comma; 0.4); border-radius: 8px; overflow: hidden; display: flex; flex-direction: column;'>\n<div style='padding: 15px; border-bottom: 1px solid rgba(150&comma; 150&comma; 150&comma; 0.2); font-weight: bold; font-size: 18px; color: inherit;'>Especificaciones El\u00e9ctricas<\/div>\n<div style='padding: 15px; color: inherit;'>\n<ul style='padding-left: 20px; margin: 0; font-size: 14px; list-style-type: disc;'>\n<li style='margin-bottom: 5px;'><strong>Voltaje:<\/strong> 12.8 VDC para todos los modelos<\/li>\n<li style='margin-bottom: 5px;'><strong>Consumo (modo destello):<\/strong> 2.7A (Alley Lights)<\/li>\n<li style='margin-bottom: 5px;'><strong>Consumo (modo continuo):<\/strong> 1.0A (Takedowns y luz principal)<\/li>\n<\/ul><\/div>\n<\/p><\/div>\n<div style='flex: 1 1 250px; border: 1px solid rgba(150&comma; 150&comma; 150&comma; 0.4); border-radius: 8px; overflow: hidden; display: flex; flex-direction: column;'>\n<div style='padding: 15px; border-bottom: 1px solid rgba(150&comma; 150&comma; 150&comma; 0.2); font-weight: bold; font-size: 18px; color: inherit;'>Especificaciones F\u00edsicas<\/div>\n<div style='padding: 15px; color: inherit;'>\n<ul style='padding-left: 20px; margin: 0; font-size: 14px; list-style-type: disc;'>\n<li style='margin-bottom: 5px;'><strong>Longitud:<\/strong> 44.5&#8242; (113.0 cm) &#8211; 52.7&#8242; (133.9 cm) &#8211; 60.9&#8242; (154.7 cm)<\/li>\n<li style='margin-bottom: 5px;'><strong>Ancho:<\/strong> 11.2&#8242; (28.4 cm)<\/li>\n<li style='margin-bottom: 5px;'><strong>Altura:<\/strong> 2.5&#8242; (6.4 cm)<\/li>\n<li style='margin-bottom: 5px;'><strong>Peso:<\/strong> 20.4 lb (9.2 kg) &#8211; 24.2 lb (10.9 kg) &#8211; 28.0 lb (12.6 kg)<\/li>\n<\/ul><\/div>\n<\/p><\/div>\n<div style='flex: 1 1 250px; border: 1px solid rgba(150&comma; 150&comma; 150&comma; 0.4); border-radius: 8px; overflow: hidden; display: flex; flex-direction: column;'>\n<div style='padding: 15px; border-bottom: 1px solid rgba(150&comma; 150&comma; 150&comma; 0.2); font-weight: bold; font-size: 18px; color: inherit;'>Certificaciones<\/div>\n<div style='padding: 15px; color: inherit;'>\n<ul style='padding-left: 20px; margin: 0; font-size: 14px; list-style-type: disc;'>\n<li style='margin-bottom: 5px;'>SAE J845 &#8211; Luces rojas cumplen Clase 1&comma; Azules y \u00c1mbar Clase 2<\/li>\n<li style='margin-bottom: 5px;'>SAE J595 &#8211; Luces rojas cumplen Clase 1&comma; Azules y \u00c1mbar Clase 2<\/li>\n<\/ul><\/div>\n<\/p><\/div>\n<\/p><\/div>\n<p> <!-- Secci\u00f3n de funcionalidades --> <\/p>\n<div style='display: flex; flex-wrap: wrap; gap: 30px; margin-bottom: 30px;'>\n<div style='flex: 1 1 300px; min-width: 280px;'>\n<h3 style='font-size: 22px; border-bottom: 2px solid currentColor; padding-bottom: 5px; margin-top: 0; color: inherit; opacity: 0.8;'>Funcionalidades Avanzadas<\/h3>\n<ul style='padding-left: 20px; font-size: 15px; color: inherit;'>\n<li style='margin-bottom: 5px;'>Control de corte frontal y trasero para reducir deslumbramiento<\/li>\n<li style='margin-bottom: 5px;'>Funci\u00f3n de advertencia de intersecci\u00f3n<\/li>\n<li style='margin-bottom: 5px;'>Funci\u00f3n de atenuaci\u00f3n para reducir brillo cuando el veh\u00edculo est\u00e1 detenido<\/li>\n<li style='margin-bottom: 5px;'>Compatibilidad con m\u00faltiples patrones de destello<\/li>\n<li style='margin-bottom: 5px;'>Opci\u00f3n de control direccional con SignalMaster<\/li>\n<\/ul><\/div>\n<div style='flex: 1 1 300px; min-width: 280px;'>\n<h3 style='font-size: 22px; border-bottom: 2px solid currentColor; padding-bottom: 5px; margin-top: 0; color: inherit; opacity: 0.8;'>Opciones Disponibles<\/h3>\n<ul style='padding-left: 20px; font-size: 15px; color: inherit;'>\n<li style='margin-bottom: 5px;'>Diferentes combinaciones de colores y configuraciones<\/li>\n<li style='margin-bottom: 5px;'>Opci\u00f3n de montaje plano o con gancho negro<\/li>\n<li style='margin-bottom: 5px;'>M\u00f3dulo de interfaz incluido<\/li>\n<li style='margin-bottom: 5px;'>Varios modelos preconfigurados<\/li>\n<li style='margin-bottom: 5px;'>Configuraci\u00f3n personalizada disponible<\/li>\n<\/ul><\/div>\n<\/p><\/div>\n<p> <!-- Separador --> <\/p>\n<hr style='border: 0; border-top: 1px solid rgba(150&comma; 150&comma; 150&comma; 0.3); margin: 30px 0;'> <\/div>\n","protected":false},"excerpt":{"rendered":"<p>Domo Ambar para Torreta Legend<\/p>\n","protected":false},"featured_media":32,"comment_status":"open","ping_status":"closed","template":"","meta":[],"product_brand":[],"product_cat":[1355],"product_tag":[1357,1356,1360],"class_list":{"0":"post-53334","1":"product","2":"type-product","3":"status-publish","4":"has-post-thumbnail","6":"product_cat-accesorios-refacciones","7":"product_tag-accesorios-refacciones","8":"product_tag-barras-de-luz-torretas-vehiculares","9":"product_tag-federal-signal","11":"first","12":"outofstock","13":"sale","14":"shipping-taxable","15":"purchasable","16":"product-type-simple"},"_links":{"self":[{"href":"https:\/\/soydeaqui.ddns.net\/pachuca\/index.php\/wp-json\/wp\/v2\/product\/53334","targetHints":{"allow":["GET"]}}],"collection":[{"href":"https:\/\/soydeaqui.ddns.net\/pachuca\/index.php\/wp-json\/wp\/v2\/product"}],"about":[{"href":"https:\/\/soydeaqui.ddns.net\/pachuca\/index.php\/wp-json\/wp\/v2\/types\/product"}],"replies":[{"embeddable":true,"href":"https:\/\/soydeaqui.ddns.net\/pachuca\/index.php\/wp-json\/wp\/v2\/comments?post=53334"}],"wp:featuredmedia":[{"embeddable":true,"href":"https:\/\/soydeaqui.ddns.net\/pachuca\/index.php\/wp-json\/wp\/v2\/media\/32"}],"wp:attachment":[{"href":"https:\/\/soydeaqui.ddns.net\/pachuca\/index.php\/wp-json\/wp\/v2\/media?parent=53334"}],"wp:term":[{"taxonomy":"product_brand","embeddable":true,"href":"https:\/\/soydeaqui.ddns.net\/pachuca\/index.php\/wp-json\/wp\/v2\/product_brand?post=53334"},{"taxonomy":"product_cat","embeddable":true,"href":"https:\/\/soydeaqui.ddns.net\/pachuca\/index.php\/wp-json\/wp\/v2\/product_cat?post=53334"},{"taxonomy":"product_tag","embeddable":true,"href":"https:\/\/soydeaqui.ddns.net\/pachuca\/index.php\/wp-json\/wp\/v2\/product_tag?post=53334"}],"curies":[{"name":"wp","href":"https:\/\/api.w.org\/{rel}","templated":true}]}}