{"id":53322,"date":"2026-03-19T01:45:12","date_gmt":"2026-03-19T01:45:12","guid":{"rendered":"https:\/\/soydeaqui.ddns.net\/pachuca\/index.php\/producto\/rastreador-vehicular-gps-con-conexion-por-obdii\/"},"modified":"2026-03-19T01:45:18","modified_gmt":"2026-03-19T01:45:18","slug":"rastreador-vehicular-gps-con-conexion-por-obdii","status":"publish","type":"product","link":"https:\/\/soydeaqui.ddns.net\/pachuca\/index.php\/producto\/rastreador-vehicular-gps-con-conexion-por-obdii\/","title":{"rendered":"RASTREADOR VEHICULAR GPS CON CONEXION POR OBDII"},"content":{"rendered":"<div style='width: 100%; max-width: 1200px; margin: 0 auto; font-family: sans-serif; line-height: 1.6; color: inherit; background-color: transparent;'> <!-- Secci\u00f3n de caracter\u00edsticas --> <\/p>\n<div style='margin-bottom: 30px;'>\n<p style='font-size: 15px; color: inherit; margin: 10px 0;'>El JM-VL04 es un rastreador de veh\u00edculos 4G OBD profesional que puede instalar f\u00e1cilmente.<\/p>\n<\/p><\/div>\n<p> <!-- Secci\u00f3n de enlaces importantes --> <\/p>\n<div style='margin-bottom: 30px;'>\n<p style='margin: 10px 0;'> <a style='color: #0070c0; text-decoration: none; font-size: 16px;' href='https:\/\/www.syscom.mx\/singlepage\/concox'> <strong>Pagina de ayuda Concox (Dar clic aqui)<\/strong> <\/a> <\/p>\n<p style='margin: 10px 0;'> <a style='color: #0070c0; text-decoration: none; font-size: 16px;' href='https:\/\/www.syscom.mx\/producto\/EXPERTGPS-SYSCOM-75217.html'> <strong>\u00bfQuieres certificarte en dispositivos Concox? (Dar clic aqui)<\/strong> <\/a> <\/p>\n<\/p><\/div>\n<p> <!-- Notas importantes --> <\/p>\n<div style='margin-bottom: 30px;'>\n<p style='font-size: 15px; color: inherit; margin: 10px 0;'><strong>NOTA:<\/strong> Utiliza SIM tama\u00f1o NANO<\/p>\n<p style='font-size: 15px; color: inherit; margin: 10px 0;'><strong>Precauci\u00f3n:<\/strong> Retire el porta SIM y coloque el SIM nano para que pueda garantizar la conexi\u00f3n.<\/p>\n<\/p><\/div>\n<p> <!-- Caracter\u00edsticas t\u00e9cnicas --> <\/p>\n<div style='margin-bottom: 30px;'>\n<h3 style='font-size: 20px; border-bottom: 2px solid currentColor; padding-bottom: 5px; margin-top: 0; color: inherit; opacity: 0.8;'>Caracter\u00edsticas t\u00e9cnicas<\/h3>\n<ul style='padding-left: 20px; font-size: 15px; color: inherit;'>\n<li style='margin-bottom: 5px;'>Tecnolog\u00eda 4G &#8211; 3G &#8211; 2G<\/li>\n<li style='margin-bottom: 5px;'>Aceler\u00f3metro avanzado integrado<\/li>\n<li style='margin-bottom: 5px;'>Giroscopio y algoritmo especial<\/li>\n<li style='margin-bottom: 5px;'>Detecta comportamientos de conducci\u00f3n inadecuados<\/li>\n<li style='margin-bottom: 5px;'>Calcular kil\u00f3metros con precisi\u00f3n<\/li>\n<li style='margin-bottom: 5px;'>Cubre casi todas las bandas de frecuencia 4G LTE globales<\/li>\n<li style='margin-bottom: 5px;'>Alarma por voz<\/li>\n<li style='margin-bottom: 5px;'>Llamada esp\u00eda<\/li>\n<\/ul><\/div>\n<p> <!-- Alertas --> <\/p>\n<div style='margin-bottom: 30px;'>\n<h3 style='font-size: 20px; border-bottom: 2px solid currentColor; padding-bottom: 5px; margin-top: 0; color: inherit; opacity: 0.8;'>Alertas<\/h3>\n<ul style='padding-left: 20px; font-size: 15px; color: inherit;'>\n<li style='margin-bottom: 5px;'>Alerta por exceso de velocidad<\/li>\n<li style='margin-bottom: 5px;'>Alerta por fatiga<\/li>\n<li style='margin-bottom: 5px;'>Alerta por vibraci\u00f3n<\/li>\n<li style='margin-bottom: 5px;'>Alerta por corte de energ\u00eda<\/li>\n<li style='margin-bottom: 5px;'>Alerta por aceleraci\u00f3n brusca<\/li>\n<li style='margin-bottom: 5px;'>Alerta por frenado brusco<\/li>\n<li style='margin-bottom: 5px;'>Alerta por giro brusco<\/li>\n<li style='margin-bottom: 5px;'>Alerta por volcadura<\/li>\n<li style='margin-bottom: 5px;'>Alerta por colisi\u00f3n<\/li>\n<li style='margin-bottom: 5px;'>Alerta por ignici\u00f3n<\/li>\n<li style='margin-bottom: 5px;'>Alerta por inestabilidad del veh\u00edculo<\/li>\n<\/ul><\/div>\n<p> <!-- Rastreo GPS --> <\/p>\n<div style='margin-bottom: 30px;'>\n<p style='font-size: 15px; color: inherit; margin: 10px 0;'>Rastreo GPS asistido por INS: Garantiza un seguimiento constante en el \u00e1rea con mala se\u00f1al de GPS o incluso sin.<\/p>\n<\/p><\/div>\n<p> <!-- Tabla de configuraci\u00f3n --> <\/p>\n<div style='margin-bottom: 30px;'>\n<div style='width: 100%; border-collapse: collapse; background-color: #d3d3d3; box-shadow: 0 0 10px rgba(0&comma; 0&comma; 0&comma; 0.1);'>\n<div style='padding: 15px; text-align: left; border: 1px solid #ccc; background-color: #007bff; color: #fff;'>Anuncio de Configuraci\u00f3n de Dispositivos de Rastreo<\/div>\n<div style='padding: 15px; text-align: left; border: 1px solid #ccc; background-color: #f9f9f9;'> Para dispositivos de rastreo recomendamos la configuraci\u00f3n de 1 minuto con motor encendido o en movimiento y cada 20 minutos con motor apagado o detenido&comma; adem\u00e1s de giros de 25 o 30 grados y la distancia deshabilitada. Esto ayudar\u00e1 a que los paquetes de datos de 20 o 25 MB sean suficientes para un mes&comma; todo depende del tiempo que el veh\u00edculo est\u00e9 en movimiento. Esta tabla es solo informativa y como recomendaci\u00f3n&comma; m\u00e1s no una regla. <\/div>\n<\/p><\/div>\n<\/p><\/div>\n<\/p><\/div>\n","protected":false},"excerpt":{"rendered":"<p>RASTREADOR VEHICULAR GPS CON CONEXION POR OBDII<\/p>\n","protected":false},"featured_media":53321,"comment_status":"open","ping_status":"closed","template":"","meta":[],"product_brand":[],"product_cat":[1346,1388],"product_tag":[1350,1349,1420,1389],"class_list":{"0":"post-53322","1":"product","2":"type-product","3":"status-publish","4":"has-post-thumbnail","6":"product_cat-iot","7":"product_cat-trackers-gps","8":"product_tag-gps-y-telematica","9":"product_tag-iot","10":"product_tag-jimiiot","11":"product_tag-trackers-gps","13":"first","14":"outofstock","15":"sale","16":"shipping-taxable","17":"purchasable","18":"product-type-simple"},"_links":{"self":[{"href":"https:\/\/soydeaqui.ddns.net\/pachuca\/index.php\/wp-json\/wp\/v2\/product\/53322","targetHints":{"allow":["GET"]}}],"collection":[{"href":"https:\/\/soydeaqui.ddns.net\/pachuca\/index.php\/wp-json\/wp\/v2\/product"}],"about":[{"href":"https:\/\/soydeaqui.ddns.net\/pachuca\/index.php\/wp-json\/wp\/v2\/types\/product"}],"replies":[{"embeddable":true,"href":"https:\/\/soydeaqui.ddns.net\/pachuca\/index.php\/wp-json\/wp\/v2\/comments?post=53322"}],"wp:featuredmedia":[{"embeddable":true,"href":"https:\/\/soydeaqui.ddns.net\/pachuca\/index.php\/wp-json\/wp\/v2\/media\/53321"}],"wp:attachment":[{"href":"https:\/\/soydeaqui.ddns.net\/pachuca\/index.php\/wp-json\/wp\/v2\/media?parent=53322"}],"wp:term":[{"taxonomy":"product_brand","embeddable":true,"href":"https:\/\/soydeaqui.ddns.net\/pachuca\/index.php\/wp-json\/wp\/v2\/product_brand?post=53322"},{"taxonomy":"product_cat","embeddable":true,"href":"https:\/\/soydeaqui.ddns.net\/pachuca\/index.php\/wp-json\/wp\/v2\/product_cat?post=53322"},{"taxonomy":"product_tag","embeddable":true,"href":"https:\/\/soydeaqui.ddns.net\/pachuca\/index.php\/wp-json\/wp\/v2\/product_tag?post=53322"}],"curies":[{"name":"wp","href":"https:\/\/api.w.org\/{rel}","templated":true}]}}