{"id":5332,"date":"2026-03-18T06:30:01","date_gmt":"2026-03-18T06:30:01","guid":{"rendered":"https:\/\/soydeaqui.ddns.net\/pachuca\/index.php\/producto\/relevador-on-off-inalambrico-con-senal-clearconnect-5a-para-iluminacion\/"},"modified":"2026-03-18T06:30:01","modified_gmt":"2026-03-18T06:30:01","slug":"relevador-on-off-inalambrico-con-senal-clearconnect-5a-para-iluminacion","status":"publish","type":"product","link":"https:\/\/soydeaqui.ddns.net\/pachuca\/index.php\/producto\/relevador-on-off-inalambrico-con-senal-clearconnect-5a-para-iluminacion\/","title":{"rendered":"Relevador On\/Off inal\u00e1mbrico con se\u00f1al ClearConnect , 5A  para iluminaci\u00f3n."},"content":{"rendered":"<div style='width: 100%; max-width: 1200px; margin: 0 auto; font-family: sans-serif; line-height: 1.6; color: inherit; background-color: transparent;'>\n<div style='display: flex; flex-wrap: wrap; gap: 30px; margin-bottom: 30px;'>\n<div style='flex: 1 1 300px; min-width: 280px;'>\n<h3 style='font-size: 22px; border-bottom: 2px solid currentColor; padding-bottom: 5px; margin-top: 0; color: inherit; opacity: 0.8;'>Caracter\u00edsticas principales<\/h3>\n<ul style='padding-left: 20px; font-size: 15px; color: inherit;'>\n<li style='margin-bottom: 5px;'>M\u00f3dulo de rel\u00e9 para control de iluminaci\u00f3n<\/li>\n<li style='margin-bottom: 5px;'>Capacidad de carga: 5A (600W a 120V o 1385W a 277V)<\/li>\n<li style='margin-bottom: 5px;'>Salida de contacto seco para integraci\u00f3n con sistemas HVAC<\/li>\n<li style='margin-bottom: 5px;'>Tecnolog\u00eda Softswitch para extender la vida \u00fatil del rel\u00e9<\/li>\n<li style='margin-bottom: 5px;'>Comunicaci\u00f3n inal\u00e1mbrica mediante tecnolog\u00eda Clear Connect RF<\/li>\n<li style='margin-bottom: 5px;'>Montaje en caja de conexiones est\u00e1ndar<\/li>\n<\/ul><\/div>\n<div style='flex: 1 1 300px; min-width: 280px;'>\n<h3 style='font-size: 22px; border-bottom: 2px solid currentColor; padding-bottom: 5px; margin-top: 0; color: inherit; opacity: 0.8;'>Especificaciones el\u00e9ctricas<\/h3>\n<ul style='padding-left: 20px; font-size: 15px; color: inherit;'>\n<li style='margin-bottom: 5px;'><strong>Tensi\u00f3n:<\/strong> 120\/277 V~<\/li>\n<li style='margin-bottom: 5px;'><strong>Corriente:<\/strong> 5 A<\/li>\n<li style='margin-bottom: 5px;'><strong>Consumo en espera:<\/strong> < 1.0 W<\/li>\n<li style='margin-bottom: 5px;'><strong>Potencia:<\/strong> 600 W a 120 V o 1385 W a 277 V<\/li>\n<li style='margin-bottom: 5px;'><strong>Motor rating:<\/strong> 1\/6 HP a 120 V~ o 1\/3 HP a 277 V~<\/li>\n<li style='margin-bottom: 5px;'><strong>Salida de contacto seco:<\/strong> 0-24 V&comma; 1.0 A (resistivo)&comma; 0.5 A (inductivo)<\/li>\n<\/ul><\/div>\n<div style='flex: 1 1 300px; min-width: 280px;'>\n<h3 style='font-size: 22px; border-bottom: 2px solid currentColor; padding-bottom: 5px; margin-top: 0; color: inherit; opacity: 0.8;'>Caracter\u00edsticas f\u00edsicas<\/h3>\n<ul style='padding-left: 20px; font-size: 15px; color: inherit;'>\n<li style='margin-bottom: 5px;'><strong>Ancho:<\/strong> 48 mm (2&comma;89 in)<\/li>\n<li style='margin-bottom: 5px;'><strong>Alto:<\/strong> 87 mm (3&comma;44 in)<\/li>\n<li style='margin-bottom: 5px;'><strong>Profundidad:<\/strong> 32 mm (1&comma;25 in)<\/li>\n<li style='margin-bottom: 5px;'><strong>Peso:<\/strong> 0.25 kg (0.55 lb)<\/li>\n<li style='margin-bottom: 5px;'><strong>Montaje:<\/strong> En caja de conexiones est\u00e1ndar<\/li>\n<\/ul><\/div>\n<\/p><\/div>\n<div style='display: flex; flex-wrap: wrap; gap: 20px; margin-bottom: 30px;'>\n<div style='flex: 1 1 250px; border: 1px solid rgba(150&comma; 150&comma; 150&comma; 0.4); border-radius: 8px; overflow: hidden; display: flex; flex-direction: column;'>\n<div style='padding: 15px; border-bottom: 1px solid rgba(150&comma; 150&comma; 150&comma; 0.2); font-weight: bold; font-size: 18px; color: inherit;'>Rango de operaci\u00f3n<\/div>\n<div style='padding: 15px; color: inherit;'>\n<ul style='padding-left: 20px; margin: 0; font-size: 14px; list-style-type: disc;'>\n<li style='margin-bottom: 5px;'><strong>Distancia RF:<\/strong> 30 ft (9 m)<\/li>\n<li style='margin-bottom: 5px;'><strong>Temperatura:<\/strong> 0\u00b0C a 55\u00b0C (32\u00b0F a 131\u00b0F)<\/li>\n<li style='margin-bottom: 5px;'><strong>Humedad:<\/strong> 0% a 90% sin condensaci\u00f3n<\/li>\n<\/ul><\/div>\n<\/p><\/div>\n<div style='flex: 1 1 250px; border: 1px solid rgba(150&comma; 150&comma; 150&comma; 0.4); border-radius: 8px; overflow: hidden; display: flex; flex-direction: column;'>\n<div style='padding: 15px; border-bottom: 1px solid rgba(150&comma; 150&comma; 150&comma; 0.2); font-weight: bold; font-size: 18px; color: inherit;'>Certificaciones<\/div>\n<div style='padding: 15px; color: inherit;'>\n<ul style='padding-left: 20px; margin: 0; font-size: 14px; list-style-type: disc;'>\n<li style='margin-bottom: 5px;'>UL Listed (USA)<\/li>\n<li style='margin-bottom: 5px;'>FCC Class B<\/li>\n<li style='margin-bottom: 5px;'>CSA e IC (Canad\u00e1)<\/li>\n<li style='margin-bottom: 5px;'>CE (Uni\u00f3n Europea)<\/li>\n<li style='margin-bottom: 5px;'>PSE y JET (Jap\u00f3n)<\/li>\n<\/ul><\/div>\n<\/p><\/div>\n<div style='flex: 1 1 250px; border: 1px solid rgba(150&comma; 150&comma; 150&comma; 0.4); border-radius: 8px; overflow: hidden; display: flex; flex-direction: column;'>\n<div style='padding: 15px; border-bottom: 1px solid rgba(150&comma; 150&comma; 150&comma; 0.2); font-weight: bold; font-size: 18px; color: inherit;'>Compatibilidad<\/div>\n<div style='padding: 15px; color: inherit;'>\n<ul style='padding-left: 20px; margin: 0; font-size: 14px; list-style-type: disc;'>\n<li style='margin-bottom: 5px;'>Sensores de ocupaci\u00f3n Radio Powr Savr<\/li>\n<li style='margin-bottom: 5px;'>Sensores de luz natural<\/li>\n<li style='margin-bottom: 5px;'>Controles inal\u00e1mbricos Pico<\/li>\n<li style='margin-bottom: 5px;'>Sistemas HVAC y VAV<\/li>\n<\/ul><\/div>\n<\/p><\/div>\n<\/p><\/div>\n<hr style='border: 0; border-top: 1px solid rgba(150&comma; 150&comma; 150&comma; 0.3); margin: 30px 0;'>\n<div style='display: flex; flex-wrap: wrap; gap: 30px; margin-bottom: 30px;'>\n<div style='flex: 1 1 300px; min-width: 280px;'>\n<h3 style='font-size: 22px; border-bottom: 2px solid currentColor; padding-bottom: 5px; margin-top: 0; color: inherit; opacity: 0.8;'>Aplicaciones<\/h3>\n<ul style='padding-left: 20px; font-size: 15px; color: inherit;'>\n<li style='margin-bottom: 5px;'>Control de iluminaci\u00f3n en oficinas<\/li>\n<li style='margin-bottom: 5px;'>Automatizaci\u00f3n de espacios comerciales<\/li>\n<li style='margin-bottom: 5px;'>Integraci\u00f3n con sistemas de gesti\u00f3n de energ\u00eda<\/li>\n<li style='margin-bottom: 5px;'>Control de cargas generales<\/li>\n<li style='margin-bottom: 5px;'>Soluciones de iluminaci\u00f3n para espacios con plenum<\/li>\n<\/ul><\/div>\n<div style='flex: 1 1 300px; min-width: 280px;'>\n<h3 style='font-size: 22px; border-bottom: 2px solid currentColor; padding-bottom: 5px; margin-top: 0; color: inherit; opacity: 0.8;'>Detalles t\u00e9cnicos adicionales<\/h3>\n<ul style='padding-left: 20px; font-size: 15px; color: inherit;'>\n<li style='margin-bottom: 5px;'>Tecnolog\u00eda Softswitch para eliminaci\u00f3n de arco el\u00e9ctrico<\/li>\n<li style='margin-bottom: 5px;'>Memoria ante fallos de energ\u00eda<\/li>\n<li style='margin-bottom: 5px;'>Indicador LED de estado<\/li>\n<li style='margin-bottom: 5px;'>Rango de frecuencia: 431.0 \u2013437.0 MHz<\/li>\n<li style='margin-bottom: 5px;'>Comunicaci\u00f3n con hasta 9 controles Pico<\/li>\n<\/ul><\/div>\n<\/p><\/div>\n<\/p><\/div>\n","protected":false},"excerpt":{"rendered":"<p>Relevador On\/Off inal\u00e1mbrico con se\u00f1al ClearConnect , 5A  para iluminaci\u00f3n.<\/p>\n","protected":false},"featured_media":5331,"comment_status":"open","ping_status":"closed","template":"","meta":[],"product_brand":[],"product_cat":[192],"product_tag":[30,36,193],"class_list":{"0":"post-5332","1":"product","2":"type-product","3":"status-publish","4":"has-post-thumbnail","6":"product_cat-lutron-vive","7":"product_tag-automatizacion-casa-inteligente","8":"product_tag-lutron-electronics","9":"product_tag-lutron-vive","11":"first","12":"instock","13":"sale","14":"shipping-taxable","15":"purchasable","16":"product-type-simple"},"_links":{"self":[{"href":"https:\/\/soydeaqui.ddns.net\/pachuca\/index.php\/wp-json\/wp\/v2\/product\/5332","targetHints":{"allow":["GET"]}}],"collection":[{"href":"https:\/\/soydeaqui.ddns.net\/pachuca\/index.php\/wp-json\/wp\/v2\/product"}],"about":[{"href":"https:\/\/soydeaqui.ddns.net\/pachuca\/index.php\/wp-json\/wp\/v2\/types\/product"}],"replies":[{"embeddable":true,"href":"https:\/\/soydeaqui.ddns.net\/pachuca\/index.php\/wp-json\/wp\/v2\/comments?post=5332"}],"wp:featuredmedia":[{"embeddable":true,"href":"https:\/\/soydeaqui.ddns.net\/pachuca\/index.php\/wp-json\/wp\/v2\/media\/5331"}],"wp:attachment":[{"href":"https:\/\/soydeaqui.ddns.net\/pachuca\/index.php\/wp-json\/wp\/v2\/media?parent=5332"}],"wp:term":[{"taxonomy":"product_brand","embeddable":true,"href":"https:\/\/soydeaqui.ddns.net\/pachuca\/index.php\/wp-json\/wp\/v2\/product_brand?post=5332"},{"taxonomy":"product_cat","embeddable":true,"href":"https:\/\/soydeaqui.ddns.net\/pachuca\/index.php\/wp-json\/wp\/v2\/product_cat?post=5332"},{"taxonomy":"product_tag","embeddable":true,"href":"https:\/\/soydeaqui.ddns.net\/pachuca\/index.php\/wp-json\/wp\/v2\/product_tag?post=5332"}],"curies":[{"name":"wp","href":"https:\/\/api.w.org\/{rel}","templated":true}]}}