{"id":53317,"date":"2026-03-19T01:45:02","date_gmt":"2026-03-19T01:45:02","guid":{"rendered":"https:\/\/soydeaqui.ddns.net\/pachuca\/index.php\/producto\/localizador-vehicular-4g-con-ip65\/"},"modified":"2026-03-19T01:45:08","modified_gmt":"2026-03-19T01:45:08","slug":"localizador-vehicular-4g-con-ip65","status":"publish","type":"product","link":"https:\/\/soydeaqui.ddns.net\/pachuca\/index.php\/producto\/localizador-vehicular-4g-con-ip65\/","title":{"rendered":"Localizador vehicular 4G con IP65 \/"},"content":{"rendered":"<div style='width: 100%; max-width: 1200px; margin: 0 auto; font-family: sans-serif; line-height: 1.6; color: inherit; background-color: transparent;'> <!-- Secci\u00f3n de descripci\u00f3n --> <\/p>\n<div style='margin-bottom: 30px; font-size: 15px; color: inherit;'>\n<p>El JM-VL03 es un rastreador GPS 4G LTE f\u00e1cil de ocultar dise\u00f1ado principalmente para la gesti\u00f3n de veh\u00edculos. La capacidad de trabajar en voltaje de entrada de 9-90V permite su compatibilidad con una amplia gama de veh\u00edculos. Una antena GPS avanzada le brinda una fuerte adquisici\u00f3n de se\u00f1al y una capacidad de posicionamiento m\u00e1s precisa. Dise\u00f1ado con un sistema de an\u00e1lisis del comportamiento de conducci\u00f3n y m\u00faltiples alertas&comma; el JM-VL03 puede aumentar la seguridad de conducci\u00f3n y la seguridad del veh\u00edculo de manera m\u00e1s efectiva.<\/p>\n<\/p><\/div>\n<p> <!-- Secci\u00f3n de destacados --> <\/p>\n<div style='display: flex; flex-wrap: wrap; gap: 20px; margin-bottom: 30px;'>\n<div style='flex: 1 1 300px; min-width: 280px;'>\n<div style='border: 1px solid rgba(150&comma; 150&comma; 150&comma; 0.4); border-radius: 8px; padding: 15px; background-color: rgba(0&comma; 0&comma; 0&comma; 0.05); color: inherit;'> <strong style='font-size: 16px; color: inherit;'>Nota:<\/strong> <\/p>\n<p style='margin: 10px 0 0 0; color: inherit;'>Se configura v\u00eda mensajes de texto (SMS)<\/p>\n<\/p><\/div>\n<\/p><\/div>\n<div style='flex: 1 1 300px; min-width: 280px;'>\n<div style='border: 1px solid rgba(150&comma; 150&comma; 150&comma; 0.4); border-radius: 8px; padding: 15px; background-color: rgba(0&comma; 0&comma; 0&comma; 0.05); color: inherit;'> <strong style='font-size: 16px; color: inherit;'>Recomendado para:<\/strong> <\/p>\n<p style='margin: 10px 0 0 0; color: inherit;'>Motocicletas<\/p>\n<\/p><\/div>\n<\/p><\/div>\n<div style='flex: 1 1 300px; min-width: 280px;'>\n<div style='border: 1px solid rgba(150&comma; 150&comma; 150&comma; 0.4); border-radius: 8px; padding: 15px; background-color: rgba(0&comma; 0&comma; 0&comma; 0.05); color: inherit;'> <strong style='font-size: 16px; color: inherit;'>Compatibilidad:<\/strong> <\/p>\n<ul style='padding-left: 20px; margin: 10px 0 0 0; color: inherit;'>\n<li style='margin-bottom: 5px; color: inherit;'>Tracksolid<\/li>\n<li style='margin-bottom: 5px; color: inherit;'>EPCOMGPS<\/li>\n<\/ul><\/div>\n<\/p><\/div>\n<\/p><\/div>\n<p> <!-- Secci\u00f3n de compatibilidad SIM --> <\/p>\n<div style='margin-bottom: 30px;'>\n<h3 style='font-size: 20px; border-bottom: 2px solid currentColor; padding-bottom: 5px; margin-top: 0; margin-bottom: 15px; color: inherit; opacity: 0.8;'>Compatibilidad SIM<\/h3>\n<div style='display: flex; flex-wrap: wrap; gap: 15px;'>\n<div style='flex: 1 1 250px; min-width: 200px; border: 1px solid rgba(150&comma; 150&comma; 150&comma; 0.4); border-radius: 8px; padding: 15px; color: inherit;'> <strong style='color: inherit;'>Modelo compatible:<\/strong> <\/p>\n<p style='margin: 10px 0 0 0; color: inherit;'>MICSIM25GPS<\/p>\n<\/p><\/div>\n<div style='flex: 1 1 250px; min-width: 200px; border: 1px solid rgba(150&comma; 150&comma; 150&comma; 0.4); border-radius: 8px; padding: 15px; color: inherit;'> <strong style='color: inherit;'>No recomendado:<\/strong> <\/p>\n<ul style='padding-left: 20px; margin: 10px 0 0 0; color: inherit;'>\n<li style='margin-bottom: 5px; color: inherit;'>SIM30M2M<\/li>\n<li style='margin-bottom: 5px; color: inherit;'>MICSIM30M2M<\/li>\n<\/ul><\/div>\n<\/p><\/div>\n<\/p><\/div>\n<p> <!-- Secci\u00f3n de especificaciones --> <\/p>\n<div style='display: flex; flex-wrap: wrap; gap: 20px; margin-bottom: 30px;'>\n<div style='flex: 1 1 250px; min-width: 280px;'>\n<h3 style='font-size: 18px; border-bottom: 2px solid currentColor; padding-bottom: 5px; margin-top: 0; margin-bottom: 15px; color: inherit; opacity: 0.8;'>Especificaciones T\u00e9cnicas<\/h3>\n<ul style='padding-left: 20px; font-size: 14px; color: inherit;'>\n<li style='margin-bottom: 8px; color: inherit;'><strong>Red de comunicaci\u00f3n:<\/strong> LTE \/ GSM<\/li>\n<li style='margin-bottom: 8px; color: inherit;'><strong>Bater\u00eda:<\/strong> Pol\u00edmero de litio de grado industrial de 60 mAh \/ 3&comma;7 V<\/li>\n<li style='margin-bottom: 8px; color: inherit;'><strong>Voltaje de entrada:<\/strong> 9-90VDC<\/li>\n<li style='margin-bottom: 8px; color: inherit;'><strong>SIM:<\/strong> Micro-SIM<\/li>\n<li style='margin-bottom: 8px; color: inherit;'><strong>Almacenamiento:<\/strong> 64 + 128 Mb<\/li>\n<li style='margin-bottom: 8px; color: inherit;'><strong>Entrada digital:<\/strong> ACC<\/li>\n<li style='margin-bottom: 8px; color: inherit;'><strong>Salida digital:<\/strong> 1<\/li>\n<\/ul><\/div>\n<div style='flex: 1 1 250px; min-width: 280px;'>\n<h3 style='font-size: 18px; border-bottom: 2px solid currentColor; padding-bottom: 5px; margin-top: 0; margin-bottom: 15px; color: inherit; opacity: 0.8;'>Especificaciones F\u00edsicas<\/h3>\n<ul style='padding-left: 20px; font-size: 14px; color: inherit;'>\n<li style='margin-bottom: 8px; color: inherit;'><strong>Dimensiones:<\/strong> 94.3 mm * 50.4 mm * 15.0 mm<\/li>\n<li style='margin-bottom: 8px; color: inherit;'><strong>Peso:<\/strong> 69.0 g<\/li>\n<li style='margin-bottom: 8px; color: inherit;'><strong>Temperatura de funcionamiento:<\/strong> -20\u00b0C a +70\u00b0C<\/li>\n<li style='margin-bottom: 8px; color: inherit;'><strong>Clasificaci\u00f3n:<\/strong> IP65<\/li>\n<li style='margin-bottom: 8px; color: inherit;'><strong>Sensores:<\/strong> Aceler\u00f3metro<\/li>\n<\/ul><\/div>\n<div style='flex: 1 1 250px; min-width: 280px;'>\n<h3 style='font-size: 18px; border-bottom: 2px solid currentColor; padding-bottom: 5px; margin-top: 0; margin-bottom: 15px; color: inherit; opacity: 0.8;'>Caracter\u00edsticas de Seguridad<\/h3>\n<ul style='padding-left: 20px; font-size: 14px; color: inherit;'>\n<li style='margin-bottom: 8px; color: inherit;'>Alerta de movimiento del veh\u00edculo<\/li>\n<li style='margin-bottom: 8px; color: inherit;'>Alerta de exceso de velocidad<\/li>\n<li style='margin-bottom: 8px; color: inherit;'>Geovalla<\/li>\n<li style='margin-bottom: 8px; color: inherit;'>Detecci\u00f3n de bater\u00eda del veh\u00edculo<\/li>\n<li style='margin-bottom: 8px; color: inherit;'>Desconexi\u00f3n de la fuente de alimentaci\u00f3n<\/li>\n<\/ul><\/div>\n<div style='flex: 1 1 250px; min-width: 280px;'>\n<h3 style='font-size: 18px; border-bottom: 2px solid currentColor; padding-bottom: 5px; margin-top: 0; margin-bottom: 15px; color: inherit; opacity: 0.8;'>An\u00e1lisis de Conducci\u00f3n<\/h3>\n<ul style='padding-left: 20px; font-size: 14px; color: inherit;'>\n<li style='margin-bottom: 8px; color: inherit;'>Aceleraci\u00f3n brusca<\/li>\n<li style='margin-bottom: 8px; color: inherit;'>Frenada brusca<\/li>\n<li style='margin-bottom: 8px; color: inherit;'>Curvas bruscas<\/li>\n<li style='margin-bottom: 8px; color: inherit;'>Colisi\u00f3n<\/li>\n<\/ul><\/div>\n<\/p><\/div>\n<p> <!-- Secci\u00f3n de configuraci\u00f3n --> <\/p>\n<div style='margin-bottom: 30px;'>\n<div style='border: 1px solid rgba(150&comma; 150&comma; 150&comma; 0.4); border-radius: 8px; padding: 20px; background-color: rgba(0&comma; 0&comma; 0&comma; 0.05); color: inherit;'>\n<h3 style='font-size: 18px; margin-top: 0; margin-bottom: 15px; color: inherit; opacity: 0.8;'>Anuncio de Configuraci\u00f3n de Dispositivos de Rastreo<\/h3>\n<p style='margin: 0; color: inherit;'>Para dispositivos de rastreo recomendamos la configuraci\u00f3n de 1 minuto con motor encendido o en movimiento y cada 20 minutos con motor apagado o detenido&comma; adem\u00e1s de giros de 25 o 30 grados y la distancia deshabilitada. Esto ayudar\u00e1 a que los paquetes de datos de 20 o 25 MB sean suficientes para un mes&comma; todo depende del tiempo que el veh\u00edculo est\u00e9 en movimiento. Esta tabla es solo informativa y como recomendaci\u00f3n&comma; m\u00e1s no una regla.<\/p>\n<\/p><\/div>\n<\/p><\/div>\n<p> <!-- Enlace de certificaci\u00f3n --> <\/p>\n<div style='margin-bottom: 30px;'> <a href='https:\/\/www.syscom.mx\/producto\/EXPERTGPS-SYSCOM-75217.html' style='color: #0070c0; text-decoration: none; font-weight: bold;'> \u00bfQuieres certificarte en dispositivos Concox? Dar clic aqu\u00ed <\/a> <\/div>\n<\/p><\/div>\n","protected":false},"excerpt":{"rendered":"<p>Localizador vehicular 4G con IP65 \/<\/p>\n","protected":false},"featured_media":53316,"comment_status":"open","ping_status":"closed","template":"","meta":[],"product_brand":[],"product_cat":[1396],"product_tag":[1397,1420,1382],"class_list":{"0":"post-53317","1":"product","2":"type-product","3":"status-publish","4":"has-post-thumbnail","6":"product_cat-accesorios-refacciones-luces-auxiliares-para-motocicletas","7":"product_tag-accesorios-refacciones-2","8":"product_tag-jimiiot","9":"product_tag-luces-auxiliares-para-motocicletas","11":"first","12":"instock","13":"sale","14":"shipping-taxable","15":"purchasable","16":"product-type-simple"},"_links":{"self":[{"href":"https:\/\/soydeaqui.ddns.net\/pachuca\/index.php\/wp-json\/wp\/v2\/product\/53317","targetHints":{"allow":["GET"]}}],"collection":[{"href":"https:\/\/soydeaqui.ddns.net\/pachuca\/index.php\/wp-json\/wp\/v2\/product"}],"about":[{"href":"https:\/\/soydeaqui.ddns.net\/pachuca\/index.php\/wp-json\/wp\/v2\/types\/product"}],"replies":[{"embeddable":true,"href":"https:\/\/soydeaqui.ddns.net\/pachuca\/index.php\/wp-json\/wp\/v2\/comments?post=53317"}],"wp:featuredmedia":[{"embeddable":true,"href":"https:\/\/soydeaqui.ddns.net\/pachuca\/index.php\/wp-json\/wp\/v2\/media\/53316"}],"wp:attachment":[{"href":"https:\/\/soydeaqui.ddns.net\/pachuca\/index.php\/wp-json\/wp\/v2\/media?parent=53317"}],"wp:term":[{"taxonomy":"product_brand","embeddable":true,"href":"https:\/\/soydeaqui.ddns.net\/pachuca\/index.php\/wp-json\/wp\/v2\/product_brand?post=53317"},{"taxonomy":"product_cat","embeddable":true,"href":"https:\/\/soydeaqui.ddns.net\/pachuca\/index.php\/wp-json\/wp\/v2\/product_cat?post=53317"},{"taxonomy":"product_tag","embeddable":true,"href":"https:\/\/soydeaqui.ddns.net\/pachuca\/index.php\/wp-json\/wp\/v2\/product_tag?post=53317"}],"curies":[{"name":"wp","href":"https:\/\/api.w.org\/{rel}","templated":true}]}}