{"id":53310,"date":"2026-03-19T01:44:48","date_gmt":"2026-03-19T01:44:48","guid":{"rendered":"https:\/\/soydeaqui.ddns.net\/pachuca\/index.php\/producto\/navegador-overlander-pantalla-tactil-de-7-pulgadas-bajo-estandar-militar-810\/"},"modified":"2026-03-19T01:45:00","modified_gmt":"2026-03-19T01:45:00","slug":"navegador-overlander-pantalla-tactil-de-7-pulgadas-bajo-estandar-militar-810","status":"publish","type":"product","link":"https:\/\/soydeaqui.ddns.net\/pachuca\/index.php\/producto\/navegador-overlander-pantalla-tactil-de-7-pulgadas-bajo-estandar-militar-810\/","title":{"rendered":"Navegador Overlander, pantalla t\u00e1ctil de 7 pulgadas bajo Est\u00e1ndar Militar 810"},"content":{"rendered":"<div style='width: 100%; max-width: 1200px; margin: 0 auto; font-family: sans-serif; line-height: 1.6; color: inherit; background-color: transparent;'> <!-- Video de YouTube --> <\/p>\n<div style='position: relative; padding-bottom: 56.25%; height: 0; overflow: hidden; margin-bottom: 30px;'>   <\/div>\n<p> <!-- Caracter\u00edsticas --> <\/p>\n<div style='display: flex; flex-wrap: wrap; gap: 30px; margin-bottom: 30px;'>\n<div style='flex: 1 1 300px; min-width: 280px;'>\n<h3 style='font-size: 22px; border-bottom: 2px solid currentColor; padding-bottom: 5px; margin-top: 0; color: inherit; opacity: 0.8;'>Caracter\u00edsticas:<\/h3>\n<ul style='padding-left: 20px; font-size: 15px; color: inherit;'>\n<li style='margin-bottom: 5px;'>Cuenta con mapas topogr\u00e1ficos instalados<\/li>\n<li style='margin-bottom: 5px;'>Muestra informaci\u00f3n de senderos para veh\u00edculos motorizados<\/li>\n<li style='margin-bottom: 5px;'>Pantalla t\u00e1ctil a color de 7&#8242;<\/li>\n<li style='margin-bottom: 5px;'>Fabricado bajo est\u00e1ndar militar MIL-STD-810 con resistencia t\u00e9rmica y a choques<\/li>\n<li style='margin-bottom: 5px;'>Resistente al polvo grado IP5X<\/li>\n<li style='margin-bottom: 5px;'>Integra br\u00fajula&comma; alt\u00edmetro y bar\u00f3metro<\/li>\n<li style='margin-bottom: 5px;'>Grabador interno de rutas<\/li>\n<li style='margin-bottom: 5px;'>Funci\u00f3n de balanceo y cabeceo para una f\u00e1cil navegaci\u00f3n en terrenos dif\u00edciles<\/li>\n<li style='margin-bottom: 5px;'>Compatible con c\u00e1maras traseras*<\/li>\n<\/ul>\n<p style='font-size: 14px; color: inherit; margin-top: 15px;'>*Las c\u00e1maras traseras compatibles se venden por separado. (serie BC 35)<\/p>\n<\/p><\/div>\n<\/p><\/div>\n<p> <!-- Incluye --> <\/p>\n<div style='display: flex; flex-wrap: wrap; gap: 30px; margin-bottom: 30px;'>\n<div style='flex: 1 1 300px; min-width: 280px;'>\n<h3 style='font-size: 22px; border-bottom: 2px solid currentColor; padding-bottom: 5px; margin-top: 0; color: inherit; opacity: 0.8;'>Incluye:<\/h3>\n<ul style='padding-left: 20px; font-size: 15px; color: inherit;'>\n<li style='margin-bottom: 5px;'>Overlander<\/li>\n<li style='margin-bottom: 5px;'>Vehicle suction cup with powered magnetic mount<\/li>\n<li style='margin-bottom: 5px;'>1&#8242; ball adapter with AMPS plate<\/li>\n<li style='margin-bottom: 5px;'>Vehicle power cable<\/li>\n<li style='margin-bottom: 5px;'>USB cable<\/li>\n<li style='margin-bottom: 5px;'>Documentation<\/li>\n<\/ul><\/div>\n<p> <!-- Dimensiones y Peso --> <\/p>\n<div style='flex: 1 1 300px; min-width: 280px;'>\n<h3 style='font-size: 22px; border-bottom: 2px solid currentColor; padding-bottom: 5px; margin-top: 0; color: inherit; opacity: 0.8;'>Especificaciones:<\/h3>\n<ul style='padding-left: 20px; font-size: 15px; color: inherit;'>\n<li style='margin-bottom: 5px;'><strong>Dimensiones:<\/strong> 6.0&#8242; W x 3.5&#8242; H (15.2 x 8.9 cm); 6.95&#8242; (17.7 cm)<\/li>\n<li style='margin-bottom: 5px;'><strong>Peso:<\/strong> 437 g<\/li>\n<\/ul><\/div>\n<\/p><\/div>\n<p> <!-- Especificaciones detalladas --> <\/p>\n<div style='display: flex; flex-wrap: wrap; gap: 20px; margin-bottom: 30px;'>\n<div style='flex: 1 1 250px; border: 1px solid rgba(150&comma; 150&comma; 150&comma; 0.4); border-radius: 8px; overflow: hidden; display: flex; flex-direction: column;'>\n<div style='padding: 15px; border-bottom: 1px solid rgba(150&comma; 150&comma; 150&comma; 0.2); font-weight: bold; font-size: 18px; color: inherit;'>Mapas y navegaci\u00f3n<\/div>\n<div style='padding: 15px; color: inherit;'>\n<ul style='padding-left: 20px; margin: 0; font-size: 14px; list-style-type: disc;'>\n<li style='margin-bottom: 5px;'><strong>Mapas preinstalados:<\/strong> S\u00ed<\/li>\n<li style='margin-bottom: 5px;'><strong>Tarjeta de datos:<\/strong> microSD\u2122 card (not included)<\/li>\n<li style='margin-bottom: 5px;'><strong>Terrain 3D:<\/strong> S\u00ed<\/li>\n<li style='margin-bottom: 5px;'><strong>Almacenamiento interno:<\/strong> 64 GB<\/li>\n<li style='margin-bottom: 5px;'><strong>Actualizaciones de mapas:<\/strong> S\u00ed<\/li>\n<li style='margin-bottom: 5px;'><strong>Im\u00e1genes por sat\u00e9lite de BirdsEye descargables:<\/strong> S\u00ed (solo EE.UU.)<\/li>\n<\/ul><\/div>\n<\/p><\/div>\n<div style='flex: 1 1 250px; border: 1px solid rgba(150&comma; 150&comma; 150&comma; 0.4); border-radius: 8px; overflow: hidden; display: flex; flex-direction: column;'>\n<div style='padding: 15px; border-bottom: 1px solid rgba(150&comma; 150&comma; 150&comma; 0.2); font-weight: bold; font-size: 18px; color: inherit;'>Funciones avanzadas<\/div>\n<div style='padding: 15px; color: inherit;'>\n<ul style='padding-left: 20px; margin: 0; font-size: 14px; list-style-type: disc;'>\n<li style='margin-bottom: 5px;'><strong>Indicaciones de puntos de referencia Garmin Real Directions\u2122:<\/strong> S\u00ed<\/li>\n<li style='margin-bottom: 5px;'><strong>Millones de punto de inter\u00e9s de Foursquare\u00ae:<\/strong> S\u00ed<\/li>\n<li style='margin-bottom: 5px;'><strong>Calificaciones de TripAdvisor\u00ae para puntos de inter\u00e9s:<\/strong> S\u00ed<\/li>\n<li style='margin-bottom: 5px;'><strong>Punto de paso por ciudades o calles preferidas:<\/strong> S\u00ed<\/li>\n<li style='margin-bottom: 5px;'><strong>Reconocimiento de voz (navegaci\u00f3n a trav\u00e9s de comandos de voz):<\/strong> S\u00ed<\/li>\n<li style='margin-bottom: 5px;'><strong>Actualizaciones de tr\u00e1fico:<\/strong> No (accesorio de cable de tr\u00e1fico opcional)<\/li>\n<li style='margin-bottom: 5px;'><strong>Visi\u00f3n de cruces (muestra indicadores de cruces):<\/strong> S\u00ed<\/li>\n<li style='margin-bottom: 5px;'><strong>Indicador de l\u00edmite de velocidad:<\/strong> S\u00ed<\/li>\n<li style='margin-bottom: 5px;'><strong>Alertas de conducci\u00f3n para curvas pronunciadas&comma; zonas escolares&comma; aviso de radares de sem\u00e1foro en rojo y de velocidad:<\/strong> S\u00ed<\/li>\n<\/ul><\/div>\n<\/p><\/div>\n<\/p><\/div>\n<p> <!-- Separador --> <\/p>\n<hr style='border: 0; border-top: 1px solid rgba(150&comma; 150&comma; 150&comma; 0.3); margin: 30px 0;'> <\/div>\n","protected":false},"excerpt":{"rendered":"<p>Navegador Overlander, pantalla t\u00e1ctil de 7 pulgadas bajo Est\u00e1ndar Militar 810<\/p>\n","protected":false},"featured_media":53309,"comment_status":"open","ping_status":"closed","template":"","meta":[],"product_brand":[],"product_cat":[1348,1346],"product_tag":[93,1449,1350,1349],"class_list":{"0":"post-53310","1":"product","2":"type-product","3":"status-publish","4":"has-post-thumbnail","6":"product_cat-accesorios-gps-y-telematica","7":"product_cat-iot","8":"product_tag-accesorios","9":"product_tag-garmin","10":"product_tag-gps-y-telematica","11":"product_tag-iot","13":"first","14":"outofstock","15":"sale","16":"shipping-taxable","17":"purchasable","18":"product-type-simple"},"_links":{"self":[{"href":"https:\/\/soydeaqui.ddns.net\/pachuca\/index.php\/wp-json\/wp\/v2\/product\/53310","targetHints":{"allow":["GET"]}}],"collection":[{"href":"https:\/\/soydeaqui.ddns.net\/pachuca\/index.php\/wp-json\/wp\/v2\/product"}],"about":[{"href":"https:\/\/soydeaqui.ddns.net\/pachuca\/index.php\/wp-json\/wp\/v2\/types\/product"}],"replies":[{"embeddable":true,"href":"https:\/\/soydeaqui.ddns.net\/pachuca\/index.php\/wp-json\/wp\/v2\/comments?post=53310"}],"wp:featuredmedia":[{"embeddable":true,"href":"https:\/\/soydeaqui.ddns.net\/pachuca\/index.php\/wp-json\/wp\/v2\/media\/53309"}],"wp:attachment":[{"href":"https:\/\/soydeaqui.ddns.net\/pachuca\/index.php\/wp-json\/wp\/v2\/media?parent=53310"}],"wp:term":[{"taxonomy":"product_brand","embeddable":true,"href":"https:\/\/soydeaqui.ddns.net\/pachuca\/index.php\/wp-json\/wp\/v2\/product_brand?post=53310"},{"taxonomy":"product_cat","embeddable":true,"href":"https:\/\/soydeaqui.ddns.net\/pachuca\/index.php\/wp-json\/wp\/v2\/product_cat?post=53310"},{"taxonomy":"product_tag","embeddable":true,"href":"https:\/\/soydeaqui.ddns.net\/pachuca\/index.php\/wp-json\/wp\/v2\/product_tag?post=53310"}],"curies":[{"name":"wp","href":"https:\/\/api.w.org\/{rel}","templated":true}]}}