{"id":53293,"date":"2026-03-19T01:44:14","date_gmt":"2026-03-19T01:44:14","guid":{"rendered":"https:\/\/soydeaqui.ddns.net\/pachuca\/index.php\/producto\/licencia-avanzada-para-plataforma-de-rastreo-solucion-eld\/"},"modified":"2026-03-19T01:44:17","modified_gmt":"2026-03-19T01:44:17","slug":"licencia-avanzada-para-plataforma-de-rastreo-solucion-eld","status":"publish","type":"product","link":"https:\/\/soydeaqui.ddns.net\/pachuca\/index.php\/producto\/licencia-avanzada-para-plataforma-de-rastreo-solucion-eld\/","title":{"rendered":"Licencia avanzada para plataforma de rastreo soluci\u00f3n ELD"},"content":{"rendered":"<div style='width: 100%; max-width: 1200px; margin: 0 auto; font-family: sans-serif; line-height: 1.6; color: inherit; background-color: transparent;'> <!-- T\u00edtulo principal --> <\/p>\n<div style='margin-bottom: 20px;'>\n<h2 style='font-size: 20px; font-weight: bold; margin: 0; color: inherit;'><span style='line-height: 107%;'>Apollo ELD es una soluci\u00f3n confiable&comma; flexible y amigable para el conductor.<\/span><\/h2>\n<p style='margin-top: 10px; font-style: italic; color: inherit; opacity: 0.85;'><span style='line-height: 107%;'>Cumple con las regulaciones locales y federales en: EE. UU.&comma; Canad\u00e1 y M\u00e9xico. Admite los siguientes conjuntos de reglas:<\/span><\/p>\n<\/p><\/div>\n<p> <!-- Secci\u00f3n de caracter\u00edsticas --> <\/p>\n<div style='margin-bottom: 30px;'>\n<ul style='padding-left: 20px; font-size: 15px; color: inherit;'>\n<li style='margin-bottom: 5px; line-height: 1.6;'><span style='line-height: 107%;'>Regulaciones federales en EE. UU. (60 horas\/7 d\u00edas y 70 horas\/8 d\u00edas)<\/span><\/li>\n<li style='margin-bottom: 5px; line-height: 1.6;'><span style='line-height: 107%;'>Resumen de horas ciclo<\/span><\/li>\n<li style='margin-bottom: 5px; line-height: 1.6;'><span style='line-height: 107%;'>Veh\u00edculos de transporte de pasajeros<\/span><\/li>\n<li style='margin-bottom: 5px; line-height: 1.6;'><span style='line-height: 107%;'>M\u00e9xico NOM-087<\/span><\/li>\n<li style='margin-bottom: 5px; line-height: 1.6;'><span style='line-height: 107%;'>Compatible con EPCOMGPS<\/span><\/li>\n<li style='margin-bottom: 5px; line-height: 1.6;'><span style='line-height: 107%;'>Se ejecuta en dispositivos m\u00f3viles Android e iOS<\/span><\/li>\n<\/ul><\/div>\n<p> <!-- Informaci\u00f3n de activaci\u00f3n --> <\/p>\n<div style='margin-bottom: 30px;'>\n<p style='margin: 0; font-size: 14px; color: inherit;'>Para activaci\u00f3n de cuenta enviar un correo a <a href='mailto:sylvia.rodriguez@syscom.mx' style='color: #3598db; text-decoration: none;'>sylvia.rodriguez@syscom.mx<\/a><\/p>\n<\/p><\/div>\n<p> <!-- Enlace a gu\u00eda --> <\/p>\n<div style='margin-bottom: 30px;'> <a href='https:\/\/soporte.syscom.mx\/es\/articles\/6021070-como-crear-cuenta-para-choferes-en-eld' style='display: inline-block; padding: 10px 20px; background-color: #3598db; color: #ffffff; text-decoration: none; border-radius: 4px; font-size: 14px;'>\u00bfC\u00f3mo crear cuenta para ch\u00f3feres en ELD?<\/a> <\/div>\n<p> <!-- Nota importante --> <\/p>\n<div style='margin-bottom: 30px;'>\n<p style='font-weight: bold; color: inherit; margin: 0;'><span style='line-height: 107%;'>Nota: NO ES LICENCIA PARA GPS&comma; ES NECESARIO CONTAR CON DISPOSITIVO ELD PARA COMUNICACI\u00d3N<\/span><\/p>\n<\/p><\/div>\n<p> <!-- Dispositivos compatibles --> <\/p>\n<div style='margin-bottom: 30px;'>\n<h3 style='font-size: 18px; margin-top: 0; margin-bottom: 15px; color: inherit; opacity: 0.8;'>Dispositivos compatibles con Apollo ELD by EPCOMGPS<\/h3>\n<ul style='padding-left: 20px; font-size: 15px; color: inherit;'>\n<li style='margin-bottom: 5px; line-height: 1.6;'>Apollo Mini<\/li>\n<li style='margin-bottom: 5px; line-height: 1.6;'>CalAmp LMU3640<\/li>\n<li style='margin-bottom: 5px; line-height: 1.6;'>B-Electronics ELD4U<\/li>\n<li style='margin-bottom: 5px; line-height: 1.6;'>ERM Telematics StarLink<\/li>\n<li style='margin-bottom: 5px; line-height: 1.6;'>Geometrics whereQube 80-Series<\/li>\n<li style='margin-bottom: 5px; line-height: 1.6;'>Pacific Track PT-40<\/li>\n<\/ul><\/div>\n<p> <!-- Videos de configuraci\u00f3n --> <\/p>\n<div style='margin-bottom: 30px;'>\n<h3 style='font-size: 18px; margin-top: 0; margin-bottom: 20px; color: inherit; opacity: 0.8;'>Videos de configuraci\u00f3n<\/h3>\n<p> <!-- Contenedor de videos --> <\/p>\n<div style='display: grid; grid-template-columns: repeat(auto-fill&comma; minmax(280px&comma; 1fr)); gap: 20px; margin-bottom: 30px;'> <!-- Video 1 --> <\/p>\n<div style='border: 1px solid rgba(150&comma; 150&comma; 150&comma; 0.3); border-radius: 8px; overflow: hidden; display: flex; flex-direction: column;'>\n<div style='position: relative; padding-bottom: 56.25%; height: 0; overflow: hidden;'>   <\/div>\n<div style='padding: 15px; font-size: 14px; color: inherit; border-top: 1px solid rgba(150&comma; 150&comma; 150&comma; 0.2);'>1 Apollo ELD &#8211; Configuraci\u00f3n inicial&comma; antes de empezar a conducir<\/div>\n<\/p><\/div>\n<p> <!-- Video 2 --> <\/p>\n<div style='border: 1px solid rgba(150&comma; 150&comma; 150&comma; 0.3); border-radius: 8px; overflow: hidden; display: flex; flex-direction: column;'>\n<div style='position: relative; padding-bottom: 56.25%; height: 0; overflow: hidden;'>   <\/div>\n<div style='padding: 15px; font-size: 14px; color: inherit; border-top: 1px solid rgba(150&comma; 150&comma; 150&comma; 0.2);'>2 Apollo ELD &#8211; Inicio de sesi\u00f3n&comma; diagn\u00f3stico y perfil del veh\u00edculo<\/div>\n<\/p><\/div>\n<p> <!-- Video 3 --> <\/p>\n<div style='border: 1px solid rgba(150&comma; 150&comma; 150&comma; 0.3); border-radius: 8px; overflow: hidden; display: flex; flex-direction: column;'>\n<div style='position: relative; padding-bottom: 56.25%; height: 0; overflow: hidden;'>   <\/div>\n<div style='padding: 15px; font-size: 14px; color: inherit; border-top: 1px solid rgba(150&comma; 150&comma; 150&comma; 0.2);'>3 Apollo ELD &#8211; Cambio de estado de servicio y pantalla principal<\/div>\n<\/p><\/div>\n<p> <!-- Video 4 --> <\/p>\n<div style='border: 1px solid rgba(150&comma; 150&comma; 150&comma; 0.3); border-radius: 8px; overflow: hidden; display: flex; flex-direction: column;'>\n<div style='position: relative; padding-bottom: 56.25%; height: 0; overflow: hidden;'>   <\/div>\n<div style='padding: 15px; font-size: 14px; color: inherit; border-top: 1px solid rgba(150&comma; 150&comma; 150&comma; 0.2);'>4 Apollo ELD &#8211; Informes de inspecci\u00f3n del veh\u00edculo del conductor<\/div>\n<\/p><\/div>\n<p> <!-- Video 5 --> <\/p>\n<div style='border: 1px solid rgba(150&comma; 150&comma; 150&comma; 0.3); border-radius: 8px; overflow: hidden; display: flex; flex-direction: column;'>\n<div style='position: relative; padding-bottom: 56.25%; height: 0; overflow: hidden;'>   <\/div>\n<div style='padding: 15px; font-size: 14px; color: inherit; border-top: 1px solid rgba(150&comma; 150&comma; 150&comma; 0.2);'>5 Apollo ELD &#8211; Eliminar&comma; agregar y editar su libro de registro<\/div>\n<\/p><\/div>\n<p> <!-- Video 6 --> <\/p>\n<div style='border: 1px solid rgba(150&comma; 150&comma; 150&comma; 0.3); border-radius: 8px; overflow: hidden; display: flex; flex-direction: column;'>\n<div style='position: relative; padding-bottom: 56.25%; height: 0; overflow: hidden;'>   <\/div>\n<div style='padding: 15px; font-size: 14px; color: inherit; border-top: 1px solid rgba(150&comma; 150&comma; 150&comma; 0.2);'>6 Apollo ELD &#8211; Exportar archivos ELD durante una inspecci\u00f3n<\/div>\n<\/p><\/div>\n<p> <!-- Video 7 --> <\/p>\n<div style='border: 1px solid rgba(150&comma; 150&comma; 150&comma; 0.3); border-radius: 8px; overflow: hidden; display: flex; flex-direction: column;'>\n<div style='position: relative; padding-bottom: 56.25%; height: 0; overflow: hidden;'>   <\/div>\n<div style='padding: 15px; font-size: 14px; color: inherit; border-top: 1px solid rgba(150&comma; 150&comma; 150&comma; 0.2);'>7 Apollo ELD &#8211; Sincronizaci\u00f3n de env\u00edo ELD &#8216;conectado&#8217;<\/div>\n<\/p><\/div>\n<\/p><\/div>\n<\/p><\/div>\n<p> <!-- Separador final --> <\/p>\n<hr style='border: 0; border-top: 1px solid rgba(150&comma; 150&comma; 150&comma; 0.3); margin: 30px 0;'> <\/div>\n","protected":false},"excerpt":{"rendered":"<p>Licencia avanzada para plataforma de rastreo soluci\u00f3n ELD<\/p>\n","protected":false},"featured_media":53292,"comment_status":"open","ping_status":"closed","template":"","meta":[],"product_brand":[],"product_cat":[1348,1346],"product_tag":[93,935,1350,1349],"class_list":{"0":"post-53293","1":"product","2":"type-product","3":"status-publish","4":"has-post-thumbnail","6":"product_cat-accesorios-gps-y-telematica","7":"product_cat-iot","8":"product_tag-accesorios","9":"product_tag-epcom","10":"product_tag-gps-y-telematica","11":"product_tag-iot","13":"first","14":"instock","15":"sale","16":"shipping-taxable","17":"purchasable","18":"product-type-simple"},"_links":{"self":[{"href":"https:\/\/soydeaqui.ddns.net\/pachuca\/index.php\/wp-json\/wp\/v2\/product\/53293","targetHints":{"allow":["GET"]}}],"collection":[{"href":"https:\/\/soydeaqui.ddns.net\/pachuca\/index.php\/wp-json\/wp\/v2\/product"}],"about":[{"href":"https:\/\/soydeaqui.ddns.net\/pachuca\/index.php\/wp-json\/wp\/v2\/types\/product"}],"replies":[{"embeddable":true,"href":"https:\/\/soydeaqui.ddns.net\/pachuca\/index.php\/wp-json\/wp\/v2\/comments?post=53293"}],"wp:featuredmedia":[{"embeddable":true,"href":"https:\/\/soydeaqui.ddns.net\/pachuca\/index.php\/wp-json\/wp\/v2\/media\/53292"}],"wp:attachment":[{"href":"https:\/\/soydeaqui.ddns.net\/pachuca\/index.php\/wp-json\/wp\/v2\/media?parent=53293"}],"wp:term":[{"taxonomy":"product_brand","embeddable":true,"href":"https:\/\/soydeaqui.ddns.net\/pachuca\/index.php\/wp-json\/wp\/v2\/product_brand?post=53293"},{"taxonomy":"product_cat","embeddable":true,"href":"https:\/\/soydeaqui.ddns.net\/pachuca\/index.php\/wp-json\/wp\/v2\/product_cat?post=53293"},{"taxonomy":"product_tag","embeddable":true,"href":"https:\/\/soydeaqui.ddns.net\/pachuca\/index.php\/wp-json\/wp\/v2\/product_tag?post=53293"}],"curies":[{"name":"wp","href":"https:\/\/api.w.org\/{rel}","templated":true}]}}