{"id":53278,"date":"2026-03-19T01:43:48","date_gmt":"2026-03-19T01:43:48","guid":{"rendered":"https:\/\/soydeaqui.ddns.net\/pachuca\/index.php\/producto\/microfono-para-sirena-amplificador-scs1000\/"},"modified":"2026-03-19T01:43:54","modified_gmt":"2026-03-19T01:43:54","slug":"microfono-para-sirena-amplificador-scs1000","status":"publish","type":"product","link":"https:\/\/soydeaqui.ddns.net\/pachuca\/index.php\/producto\/microfono-para-sirena-amplificador-scs1000\/","title":{"rendered":"Micr\u00f3fono para sirena amplificador SCS1000"},"content":{"rendered":"<div style='width: 100%; max-width: 1200px; margin: 0 auto; font-family: sans-serif; line-height: 1.6; color: inherit; background-color: transparent;'> <!-- Secci\u00f3n de caracter\u00edsticas principales --> <\/p>\n<div style='display: flex; flex-wrap: wrap; gap: 30px; margin-bottom: 30px;'>\n<div style='flex: 1 1 300px; min-width: 280px;'>\n<h3 style='font-size: 22px; border-bottom: 2px solid currentColor; padding-bottom: 5px; margin-top: 0; color: inherit; opacity: 0.8;'>Caracter\u00edsticas principales<\/h3>\n<ul style='padding-left: 20px; font-size: 15px; color: inherit;'>\n<li style='margin-bottom: 5px;'>Micr\u00f3fono optimizado para sirena SCS1000PA<\/li>\n<li style='margin-bottom: 5px;'>Requiere protecci\u00f3n contra intemperie adicional<\/li>\n<li style='margin-bottom: 5px;'>Compatibilidad total con sistema SCS1000PA<\/li>\n<li style='margin-bottom: 5px;'>Dise\u00f1o compacto para f\u00e1cil instalaci\u00f3n<\/li>\n<li style='margin-bottom: 5px;'>Consumo de energ\u00eda eficiente<\/li>\n<\/ul><\/div>\n<\/p><\/div>\n<p> <!-- Secci\u00f3n de especificaciones t\u00e9cnicas --> <\/p>\n<div style='display: flex; flex-wrap: wrap; gap: 20px; margin-bottom: 30px;'>\n<div style='flex: 1 1 250px; border: 1px solid rgba(150&comma; 150&comma; 150&comma; 0.4); border-radius: 8px; overflow: hidden; display: flex; flex-direction: column;'>\n<div style='padding: 15px; border-bottom: 1px solid rgba(150&comma; 150&comma; 150&comma; 0.2); font-weight: bold; font-size: 18px; color: inherit;'>Especificaciones el\u00e9ctricas<\/div>\n<div style='padding: 15px; color: inherit;'>\n<ul style='padding-left: 20px; margin: 0; font-size: 14px; list-style-type: disc;'>\n<li style='margin-bottom: 5px;'><strong>Tensi\u00f3n:<\/strong> 12 V DC (11-15&comma;5VDC)<\/li>\n<li style='margin-bottom: 5px;'><strong>Consumo:<\/strong> 3 A a 12V<\/li>\n<li style='margin-bottom: 5px;'><strong>Potencia:<\/strong> 30 + 30 W<\/li>\n<li style='margin-bottom: 5px;'><strong>Salida:<\/strong> 23 V pp<\/li>\n<\/ul><\/div>\n<\/p><\/div>\n<div style='flex: 1 1 250px; border: 1px solid rgba(150&comma; 150&comma; 150&comma; 0.4); border-radius: 8px; overflow: hidden; display: flex; flex-direction: column;'>\n<div style='padding: 15px; border-bottom: 1px solid rgba(150&comma; 150&comma; 150&comma; 0.2); font-weight: bold; font-size: 18px; color: inherit;'>Especificaciones f\u00edsicas<\/div>\n<div style='padding: 15px; color: inherit;'>\n<ul style='padding-left: 20px; margin: 0; font-size: 14px; list-style-type: disc;'>\n<li style='margin-bottom: 5px;'><strong>Peso:<\/strong> 1&comma;250 &#8211; 1&comma;085 kg<\/li>\n<li style='margin-bottom: 5px;'><strong>Temperatura operaci\u00f3n:<\/strong> -20\u00b0C a 50\u00b0C<\/li>\n<\/ul><\/div>\n<\/p><\/div>\n<div style='flex: 1 1 250px; border: 1px solid rgba(150&comma; 150&comma; 150&comma; 0.4); border-radius: 8px; overflow: hidden; display: flex; flex-direction: column;'>\n<div style='padding: 15px; border-bottom: 1px solid rgba(150&comma; 150&comma; 150&comma; 0.2); font-weight: bold; font-size: 18px; color: inherit;'>Modos de operaci\u00f3n<\/div>\n<div style='padding: 15px; color: inherit;'>\n<ul style='padding-left: 20px; margin: 0; font-size: 14px; list-style-type: disc;'>\n<li style='margin-bottom: 5px;'>Modo Manual<\/li>\n<li style='margin-bottom: 5px;'>Modo Continuo<\/li>\n<li style='margin-bottom: 5px;'>Modo Noche (D\u00eda\/Noche)<\/li>\n<li style='margin-bottom: 5px;'>Modo Baja Intensidad<\/li>\n<\/ul><\/div>\n<\/p><\/div>\n<\/p><\/div>\n<p> <!-- Secci\u00f3n de tonos pregrabados --> <\/p>\n<div style='display: flex; flex-wrap: wrap; gap: 20px; margin-bottom: 30px;'>\n<div style='flex: 1 1 100%; border: 1px solid rgba(150&comma; 150&comma; 150&comma; 0.4); border-radius: 8px; overflow: hidden; display: flex; flex-direction: column;'>\n<div style='padding: 15px; border-bottom: 1px solid rgba(150&comma; 150&comma; 150&comma; 0.2); font-weight: bold; font-size: 18px; color: inherit;'>Tones pregrabados<\/div>\n<div style='padding: 15px; color: inherit;'>\n<ul style='padding-left: 20px; margin: 0; font-size: 14px; list-style-type: disc;'>\n<li style='margin-bottom: 5px;'>Tono 1: STANDARD 600-1200 Hz (WAIL 12 c\/m) &#8211; D\u00eda\/Noche<\/li>\n<li style='margin-bottom: 5px;'>Tono 2: FRANCE GENDARMERIE 435-735 Hz (DEUX TONES 55 c\/m)<\/li>\n<li style='margin-bottom: 5px;'>Tono 3: FRANCE POLICE 435-580 Hz (DEUX TONES 55 c\/m) &#8211; JOUR\/NUIT<\/li>\n<li style='margin-bottom: 5px;'>Tono 4: FRANCE AMBULANCE 420-516-420 Hz (DEUX TONES 30 c\/m) &#8211; NOCHE<\/li>\n<li style='margin-bottom: 5px;'>Tono 5: FRANCE POMPIERS 435-488 Hz (DEUX TONES 27c\/m)<\/li>\n<li style='margin-bottom: 5px;'>Tono 6: FRANCE UMH 435-651 Hz (DEUX TONES 55 c\/m) &#8211; JOUR\/NUIT<\/li>\n<li style='margin-bottom: 5px;'>Tono 7: ITALIA POLIZIA 466-622 Hz (TWO TONES 40 c\/m) &#8211; D\u00eda\/Noche<\/li>\n<li style='margin-bottom: 5px;'>Tono 8: ITALIA AMBULANZA 392-660-392-660 Hz (TWO TONES 40 c\/m) &#8211; D\u00eda\/Noche<\/li>\n<li style='margin-bottom: 5px;'>Tono 9: ITALIA AMBULANZA 2 600-1200 Hz (WAIL 12 c\/m)<\/li>\n<li style='margin-bottom: 5px;'>Tono 10: DEUTSCHLAND STADT\/LAND 432-576 Hz (TWO TONES 40 c\/m) &#8211; STADT\/LAND<\/li>\n<li style='margin-bottom: 5px;'>Tono 11: SWITZERLAND 450-600 Hz (TWO TONES 40 c\/m)<\/li>\n<li style='margin-bottom: 5px;'>Tono 12: DENMARK 600-1200 Hz (YELP 180 c\/m) &#8211; 450-600 Hz (TWO TONES 60 c\/m)<\/li>\n<li style='margin-bottom: 5px;'>Tono 13: NETHERLANDS POLICE 375-500 Hz (TWO TONES 66 c\/m)<\/li>\n<li style='margin-bottom: 5px;'>Tono 14: NETHERLANDS POLICE 2 375-500 Hz (TWO TONES 66 c\/m)<\/li>\n<li style='margin-bottom: 5px;'>Tono 15: IBEROAM\u00c9RICA\/ENGLAND 600-1200 Hz (WAIL 12 c\/m)<\/li>\n<li style='margin-bottom: 5px;'>Tono 16: \u00d6STERREICH POLIZEI 430-575 Hz (TWO TONES 25 c\/m)<\/li>\n<li style='margin-bottom: 5px;'>Tono 17: \u00d6STERREICH KRANKENWAGEN 530-400 Hz (TWO TONES 40 c\/m)<\/li>\n<li style='margin-bottom: 5px;'>Tono 20: CANARIAS 420-516 Hz (TWO TONES 40 c\/m)<\/li>\n<li style='margin-bottom: 5px;'>Tono 21: BITONAL ESTANDAR ITALIA\/WAIL 600-1200 Hz (WAIL 12 c\/m) &#8211; D\u00eda\/Noche<\/li>\n<li style='margin-bottom: 5px;'>Tono 22: WAIL\/YELP\/AIRHORN 600-1200 Hz (WAIL 12 c\/m)<\/li>\n<li style='margin-bottom: 5px;'>Tono 23: BITONAL ESTANDAR 450-600 Hz (TWO TONES 33 c\/m)<\/li>\n<li style='margin-bottom: 5px;'>Tono 24: TRITONO 420-516-420 Hz (TWO TONES 79 c\/m) &#8211; ALTA\/BAJA INTENSIDAD<\/li>\n<li style='margin-bottom: 5px;'>Tono 25: ESTANDAR\/AIRHORN 600-1200 Hz (WAIL 12 c\/m)<\/li>\n<\/ul><\/div>\n<\/p><\/div>\n<\/p><\/div>\n<p> <!-- Secci\u00f3n de instrucciones de instalaci\u00f3n --> <\/p>\n<div style='display: flex; flex-wrap: wrap; gap: 20px; margin-bottom: 30px;'>\n<div style='flex: 1 1 250px; border: 1px solid rgba(150&comma; 150&comma; 150&comma; 0.4); border-radius: 8px; overflow: hidden; display: flex; flex-direction: column;'>\n<div style='padding: 15px; border-bottom: 1px solid rgba(150&comma; 150&comma; 150&comma; 0.2); font-weight: bold; font-size: 18px; color: inherit;'>Instalaci\u00f3n<\/div>\n<div style='padding: 15px; color: inherit;'>\n<ul style='padding-left: 20px; margin: 0; font-size: 14px; list-style-type: disc;'>\n<li style='margin-bottom: 5px;'>Instalar el sif\u00f3n del cable en direcci\u00f3n al suelo<\/li>\n<li style='margin-bottom: 5px;'>No instalar hacia el suelo<\/li>\n<li style='margin-bottom: 5px;'>Posici\u00f3n superior recomendada<\/li>\n<li style='margin-bottom: 5px;'>Sentido marcha veh\u00edculo<\/li>\n<li style='margin-bottom: 5px;'>Sif\u00f3n cable (U-BEND) obligatorio<\/li>\n<li style='margin-bottom: 5px;'>Taladro de desag\u00fce de 8 mm<\/li>\n<li style='margin-bottom: 5px;'>Soporte veh\u00edculo necesario<\/li>\n<li style='margin-bottom: 5px;'>Tratamiento de zinc nitrato<\/li>\n<li style='margin-bottom: 5px;'>Utilizar torniller\u00eda original<\/li>\n<\/ul><\/div>\n<\/p><\/div>\n<div style='flex: 1 1 250px; border: 1px solid rgba(150&comma; 150&comma; 150&comma; 0.4); border-radius: 8px; overflow: hidden; display: flex; flex-direction: column;'>\n<div style='padding: 15px; border-bottom: 1px solid rgba(150&comma; 150&comma; 150&comma; 0.2); font-weight: bold; font-size: 18px; color: inherit;'>Configuraci\u00f3n de tonos<\/div>\n<div style='padding: 15px; color: inherit;'>\n<ol style='padding-left: 20px; margin: 0; font-size: 14px;'>\n<li style='margin-bottom: 5px;'>Funci\u00f3n ON\/OFF activada<\/li>\n<li style='margin-bottom: 5px;'>Desconectar funci\u00f3n SIRENA (cable rosa)<\/li>\n<li style='margin-bottom: 5px;'>Funci\u00f3n DIA\/NOCHE desactivada<\/li>\n<li style='margin-bottom: 5px;'>Conectar funci\u00f3n SIRENA (cable rosa) a positivo durante 5 segundos<\/li>\n<li style='margin-bottom: 5px;'>Cada pulsaci\u00f3n a positivo avanza un tono de sirena<\/li>\n<li style='margin-bottom: 5px;'>Para guardar el tono seleccionado&comma; dejarlo en esa posici\u00f3n m\u00e1s de cinco segundos<\/li>\n<\/ol><\/div>\n<\/p><\/div>\n<\/p><\/div>\n<p> <!-- Separador --> <\/p>\n<hr style='border: 0; border-top: 1px solid rgba(150&comma; 150&comma; 150&comma; 0.3); margin: 30px 0;'> <\/div>\n","protected":false},"excerpt":{"rendered":"<p>Micr\u00f3fono para sirena amplificador SCS1000<\/p>\n","protected":false},"featured_media":53277,"comment_status":"open","ping_status":"closed","template":"","meta":[],"product_brand":[],"product_cat":[1396],"product_tag":[1397,1428,1382],"class_list":{"0":"post-53278","1":"product","2":"type-product","3":"status-publish","4":"has-post-thumbnail","6":"product_cat-accesorios-refacciones-luces-auxiliares-para-motocicletas","7":"product_tag-accesorios-refacciones-2","8":"product_tag-federal-signal-vama","9":"product_tag-luces-auxiliares-para-motocicletas","11":"first","12":"outofstock","13":"sale","14":"shipping-taxable","15":"purchasable","16":"product-type-simple"},"_links":{"self":[{"href":"https:\/\/soydeaqui.ddns.net\/pachuca\/index.php\/wp-json\/wp\/v2\/product\/53278","targetHints":{"allow":["GET"]}}],"collection":[{"href":"https:\/\/soydeaqui.ddns.net\/pachuca\/index.php\/wp-json\/wp\/v2\/product"}],"about":[{"href":"https:\/\/soydeaqui.ddns.net\/pachuca\/index.php\/wp-json\/wp\/v2\/types\/product"}],"replies":[{"embeddable":true,"href":"https:\/\/soydeaqui.ddns.net\/pachuca\/index.php\/wp-json\/wp\/v2\/comments?post=53278"}],"wp:featuredmedia":[{"embeddable":true,"href":"https:\/\/soydeaqui.ddns.net\/pachuca\/index.php\/wp-json\/wp\/v2\/media\/53277"}],"wp:attachment":[{"href":"https:\/\/soydeaqui.ddns.net\/pachuca\/index.php\/wp-json\/wp\/v2\/media?parent=53278"}],"wp:term":[{"taxonomy":"product_brand","embeddable":true,"href":"https:\/\/soydeaqui.ddns.net\/pachuca\/index.php\/wp-json\/wp\/v2\/product_brand?post=53278"},{"taxonomy":"product_cat","embeddable":true,"href":"https:\/\/soydeaqui.ddns.net\/pachuca\/index.php\/wp-json\/wp\/v2\/product_cat?post=53278"},{"taxonomy":"product_tag","embeddable":true,"href":"https:\/\/soydeaqui.ddns.net\/pachuca\/index.php\/wp-json\/wp\/v2\/product_tag?post=53278"}],"curies":[{"name":"wp","href":"https:\/\/api.w.org\/{rel}","templated":true}]}}