{"id":53230,"date":"2026-03-18T23:59:25","date_gmt":"2026-03-18T23:59:25","guid":{"rendered":"https:\/\/soydeaqui.ddns.net\/pachuca\/index.php\/producto\/barra-de-luces-de-emergencia-valor-con-tecnologia-led-solaris-roc-3\/"},"modified":"2026-03-18T23:59:32","modified_gmt":"2026-03-18T23:59:32","slug":"barra-de-luces-de-emergencia-valor-con-tecnologia-led-solaris-roc-3","status":"publish","type":"product","link":"https:\/\/soydeaqui.ddns.net\/pachuca\/index.php\/producto\/barra-de-luces-de-emergencia-valor-con-tecnologia-led-solaris-roc-3\/","title":{"rendered":"Barra de luces de emergencia VALOR con tecnolog\u00eda LED Solaris \/ ROC"},"content":{"rendered":"<div style='width: 100%; max-width: 1200px; margin: 0 auto; font-family: sans-serif; line-height: 1.6; color: inherit; background-color: transparent;'>\n<div style='display: flex; flex-wrap: wrap; gap: 30px; margin-bottom: 30px;'>\n<div style='flex: 1 1 300px; min-width: 280px;'>\n<h3 style='font-size: 22px; border-bottom: 2px solid currentColor; padding-bottom: 5px; margin-top: 0; color: inherit; opacity: 0.8;'><strong>Barra de Luces VALOR de 44\u201d con Tecnolog\u00eda LED Solaris \/ ROC&comma; con SisnalMaster \u00c1mbar<\/strong><\/h3>\n<p style='font-size: 15px; color: inherit;'>El dise\u00f1o en forma de \u201cV\u201d proyecta mas luz hacia el frente y los costados del veh\u00edculo que las barras convencionales.<\/p>\n<div style='margin-top: 20px;'>\n<h4 style='font-size: 18px; border-bottom: 2px solid currentColor; padding-bottom: 5px; margin-top: 0; color: inherit; opacity: 0.8;'><strong>Configuraci\u00f3n<\/strong><\/h4>\n<p style='font-size: 15px; color: inherit;'>Con 6 m\u00f3dulos de LED en color rojo&comma; 6 m\u00f3dulos de LED en color azul&comma; 2 m\u00f3dulos de LED azul \/ blanco&comma; 2 m\u00f3dulos de LED rojo \/ blanco&comma; 4 m\u00f3dulos de LED rojo \/ \u00e1mbar&comma; 4 m\u00f3dulos de LED azul \/ \u00e1mbar&comma; incluye montaje de gancho.<\/p>\n<\/div>\n<\/div>\n<div style='flex: 1 1 300px; min-width: 280px;'>\n<div style='border: 1px solid rgba(150&comma; 150&comma; 150&comma; 0.4); border-radius: 8px; overflow: hidden; display: flex; flex-direction: column;'>\n<div style='padding: 15px; border-bottom: 1px solid rgba(150&comma; 150&comma; 150&comma; 0.2); font-weight: bold; font-size: 18px; color: inherit;'>Caracter\u00edsticas<\/div>\n<div style='padding: 15px; color: inherit;'>\n<ul style='padding-left: 20px; margin: 0; font-size: 14px; list-style-type: disc;'>\n<li style='margin-bottom: 5px;'>Tecnolog\u00eda de LED multicolor disponible en \u00e1mbar&comma; azul&comma; rojo y blanco<\/li>\n<li style='margin-bottom: 5px;'>Capacidad de SIGNALMASTER interconstruido<\/li>\n<li style='margin-bottom: 5px;'>Luces Callejoners<\/li>\n<li style='margin-bottom: 5px;'>Luces de Penetraci\u00f3n<\/li>\n<li style='margin-bottom: 5px;'>Cumplimiento con SAE<\/li>\n<li style='margin-bottom: 5px;'>F\u00e1cil mantenimiento<\/li>\n<li style='margin-bottom: 5px;'>Incluye m\u00f3dulo interface<\/li>\n<\/ul>\n<\/div>\n<\/div>\n<div style='margin-top: 20px; border: 1px solid rgba(150&comma; 150&comma; 150&comma; 0.4); border-radius: 8px; padding: 15px; color: inherit; font-size: 15px;'><strong>5 A\u00f1os de Garant\u00eda<\/strong><\/p>\n<p><span style='font-weight: bold;'>*Producto sobre pedido<\/span><\/div>\n<\/div>\n<\/div>\n<div style='margin-top: 30px; display: grid; grid-template-columns: repeat(auto-fill&comma; minmax(300px&comma; 1fr)); gap: 30px; margin-bottom: 30px;'>\n<div style='position: relative; padding-bottom: 56.25%; height: 0; overflow: hidden;'> <\/div>\n<div style='position: relative; padding-bottom: 56.25%; height: 0; overflow: hidden;'> <\/div>\n<div style='position: relative; padding-bottom: 56.25%; height: 0; overflow: hidden;'> <\/div>\n<div style='position: relative; padding-bottom: 56.25%; height: 0; overflow: hidden;'> <\/div>\n<\/div>\n<hr style='border: 0; border-top: 1px solid rgba(150&comma; 150&comma; 150&comma; 0.3); margin: 30px 0;'><\/div>\n","protected":false},"excerpt":{"rendered":"<p>Barra de luces de emergencia VALOR con tecnolog\u00eda LED Solaris \/ ROC<\/p>\n","protected":false},"featured_media":53229,"comment_status":"open","ping_status":"closed","template":"","meta":[],"product_brand":[],"product_cat":[1358],"product_tag":[1356,1360,1359],"class_list":{"0":"post-53230","1":"product","2":"type-product","3":"status-publish","4":"has-post-thumbnail","6":"product_cat-rojo-azul","7":"product_tag-barras-de-luz-torretas-vehiculares","8":"product_tag-federal-signal","9":"product_tag-rojo-azul","11":"first","12":"outofstock","13":"sale","14":"shipping-taxable","15":"purchasable","16":"product-type-simple"},"_links":{"self":[{"href":"https:\/\/soydeaqui.ddns.net\/pachuca\/index.php\/wp-json\/wp\/v2\/product\/53230","targetHints":{"allow":["GET"]}}],"collection":[{"href":"https:\/\/soydeaqui.ddns.net\/pachuca\/index.php\/wp-json\/wp\/v2\/product"}],"about":[{"href":"https:\/\/soydeaqui.ddns.net\/pachuca\/index.php\/wp-json\/wp\/v2\/types\/product"}],"replies":[{"embeddable":true,"href":"https:\/\/soydeaqui.ddns.net\/pachuca\/index.php\/wp-json\/wp\/v2\/comments?post=53230"}],"wp:featuredmedia":[{"embeddable":true,"href":"https:\/\/soydeaqui.ddns.net\/pachuca\/index.php\/wp-json\/wp\/v2\/media\/53229"}],"wp:attachment":[{"href":"https:\/\/soydeaqui.ddns.net\/pachuca\/index.php\/wp-json\/wp\/v2\/media?parent=53230"}],"wp:term":[{"taxonomy":"product_brand","embeddable":true,"href":"https:\/\/soydeaqui.ddns.net\/pachuca\/index.php\/wp-json\/wp\/v2\/product_brand?post=53230"},{"taxonomy":"product_cat","embeddable":true,"href":"https:\/\/soydeaqui.ddns.net\/pachuca\/index.php\/wp-json\/wp\/v2\/product_cat?post=53230"},{"taxonomy":"product_tag","embeddable":true,"href":"https:\/\/soydeaqui.ddns.net\/pachuca\/index.php\/wp-json\/wp\/v2\/product_tag?post=53230"}],"curies":[{"name":"wp","href":"https:\/\/api.w.org\/{rel}","templated":true}]}}