{"id":53173,"date":"2026-03-18T23:58:00","date_gmt":"2026-03-18T23:58:00","guid":{"rendered":"https:\/\/soydeaqui.ddns.net\/pachuca\/index.php\/producto\/sirena-electronica-de-100-w-con-control-para-6-luces-auxiliares-e-interconexion-para-radio\/"},"modified":"2026-03-18T23:58:00","modified_gmt":"2026-03-18T23:58:00","slug":"sirena-electronica-de-100-w-con-control-para-6-luces-auxiliares-e-interconexion-para-radio","status":"publish","type":"product","link":"https:\/\/soydeaqui.ddns.net\/pachuca\/index.php\/producto\/sirena-electronica-de-100-w-con-control-para-6-luces-auxiliares-e-interconexion-para-radio\/","title":{"rendered":"Sirena electr\u00f3nica de 100 W con control para 6 luces auxiliares e interconexi\u00f3n para radio"},"content":{"rendered":"<div style='width: 100%; max-width: 1200px; margin: 0 auto; font-family: sans-serif; line-height: 1.6; color: inherit; background-color: transparent;'> <!-- Secci\u00f3n de caracter\u00edsticas principales --> <\/p>\n<div style='display: flex; flex-wrap: wrap; gap: 30px; margin-bottom: 30px;'>\n<div style='flex: 1 1 300px; min-width: 280px;'>\n<h3 style='font-size: 22px; border-bottom: 2px solid currentColor; padding-bottom: 5px; margin-top: 0; color: inherit; opacity: 0.8;'>Caracter\u00edsticas Principales<\/h3>\n<ul style='padding-left: 20px; font-size: 15px; color: inherit;'>\n<li style='margin-bottom: 5px;'>Sirena electr\u00f3nica de 100 W<\/li>\n<li style='margin-bottom: 5px;'>Switch rotativo de 5 posiciones<\/li>\n<li style='margin-bottom: 5px;'>Tonos: Manual&comma; Wail&comma; Yelp&comma; Prioritario y Air Horn<\/li>\n<\/ul><\/div>\n<p> <!-- Secci\u00f3n de caracter\u00edsticas t\u00e9cnicas --> <\/p>\n<div style='flex: 1 1 300px; min-width: 280px;'>\n<h3 style='font-size: 22px; border-bottom: 2px solid currentColor; padding-bottom: 5px; margin-top: 0; color: inherit; opacity: 0.8;'>Caracter\u00edsticas T\u00e9cnicas<\/h3>\n<ul style='padding-left: 20px; font-size: 15px; color: inherit;'>\n<li style='margin-bottom: 5px;'><strong>Volatje de Operaci\u00f3n:<\/strong> 12 Vcc&comma; con carga de 11 \u03a9<\/li>\n<li style='margin-bottom: 5px;'><strong>Consumo:<\/strong> 9.25 Amp<\/li>\n<li style='margin-bottom: 5px;'><strong>Potencia:<\/strong> 100 W<\/li>\n<li style='margin-bottom: 5px;'><strong>Voltaje de Salida:<\/strong> 64V pico a pico<\/li>\n<li style='margin-bottom: 5px;'><strong>Temperatura de Operaci\u00f3n:<\/strong> -30\u00b0C a +65\u00b0C<\/li>\n<\/ul><\/div>\n<p> <!-- Secci\u00f3n de control de luces --> <\/p>\n<div style='flex: 1 1 300px; min-width: 280px;'>\n<h3 style='font-size: 22px; border-bottom: 2px solid currentColor; padding-bottom: 5px; margin-top: 0; color: inherit; opacity: 0.8;'>Control de Luces<\/h3>\n<ul style='padding-left: 20px; font-size: 15px; color: inherit;'>\n<li style='margin-bottom: 5px;'><strong>Capacidad de Conmutaci\u00f3n:<\/strong> 80A total<\/li>\n<li style='margin-bottom: 5px;'><strong>Salidas de Switch:<\/strong> Modo 1 (30A)&comma; Modo 2 (30A)&comma; Modo 3 (30A) con total combinado de 40A<\/li>\n<li style='margin-bottom: 5px;'><strong>Salidas de Botones:<\/strong> 20A cada una<\/li>\n<li style='margin-bottom: 5px;'><strong>Rel\u00e9s Incorporados:<\/strong> 9 rel\u00e9s a bordo para control de luces primarias&comma; secundarias&comma; de toma&comma; de calle y auxiliares<\/li>\n<\/ul><\/div>\n<p> <!-- Secci\u00f3n de funcionalidades --> <\/p>\n<div style='flex: 1 1 300px; min-width: 280px;'>\n<h3 style='font-size: 22px; border-bottom: 2px solid currentColor; padding-bottom: 5px; margin-top: 0; color: inherit; opacity: 0.8;'>Funcionalidades<\/h3>\n<ul style='padding-left: 20px; font-size: 15px; color: inherit;'>\n<li style='margin-bottom: 5px;'><strong>Modos de Operaci\u00f3n:<\/strong> Off&comma; 1&comma; 2 y 3<\/li>\n<li style='margin-bottom: 5px;'><strong>Selector de Tonos:<\/strong> 5 posiciones (Manual&comma; Wail&comma; Yelp&comma; Prioritario y Air Horn)<\/li>\n<li style='margin-bottom: 5px;'><strong>Protecci\u00f3n:<\/strong> Polaridad inversa y protecci\u00f3n contra cortocircuitos &#8216;din\u00e1micos&#8217;<\/li>\n<li style='margin-bottom: 5px;'><strong>Control de Parqueo:<\/strong> Desactivaci\u00f3n autom\u00e1tica al poner la transmisi\u00f3n en posici\u00f3n Park<\/li>\n<li style='margin-bottom: 5px;'><strong>HRT:<\/strong> Permite control de sirena y luces mediante el timbre del volante<\/li>\n<\/ul><\/div>\n<p> <!-- Secci\u00f3n de especificaciones f\u00edsicas --> <\/p>\n<div style='flex: 1 1 300px; min-width: 280px;'>\n<h3 style='font-size: 22px; border-bottom: 2px solid currentColor; padding-bottom: 5px; margin-top: 0; color: inherit; opacity: 0.8;'>Especificaciones F\u00edsicas<\/h3>\n<ul style='padding-left: 20px; font-size: 15px; color: inherit;'>\n<li style='margin-bottom: 5px;'><strong>Dimensiones:<\/strong> 6.8&#8242; Ancho x 3&#8242; Alto x 7.75&#8242; Profundidad (17.3 x 7.6 x 19.7 cm)<\/li>\n<li style='margin-bottom: 5px;'><strong>Peso:<\/strong> 6 lbs (2.7 kg)<\/li>\n<li style='margin-bottom: 5px;'><strong>Conformidad:<\/strong> Cumple con SAE J1849 y CAC Title 13 Clase A<\/li>\n<\/ul><\/div>\n<p> <!-- Secci\u00f3n de garant\u00eda --> <\/p>\n<div style='flex: 1 1 300px; min-width: 280px;'>\n<h3 style='font-size: 22px; border-bottom: 2px solid currentColor; padding-bottom: 5px; margin-top: 0; color: inherit; opacity: 0.8;'>Garant\u00eda<\/h3>\n<ul style='padding-left: 20px; font-size: 15px; color: inherit;'>\n<li style='margin-bottom: 5px;'>3 a\u00f1os de garant\u00eda<\/li>\n<\/ul><\/div>\n<\/p><\/div>\n<p> <!-- Separador --> <\/p>\n<hr style='border: 0; border-top: 1px solid rgba(150&comma; 150&comma; 150&comma; 0.3); margin: 30px 0;'> <!-- Secci\u00f3n de contenido responsivo con video --> <\/p>\n<div style='margin-bottom: 30px;'>\n<h3 style='font-size: 22px; border-bottom: 2px solid currentColor; padding-bottom: 5px; margin-top: 0; color: inherit; opacity: 0.8;'>Video del producto<\/h3>\n<div style='position: relative; padding-bottom: 56.25%; height: 0; overflow: hidden; margin-bottom: 30px;'>   <\/div>\n<\/p><\/div>\n<p> <!-- Nota de seguridad --> <\/p>\n<div style='background-color: rgba(255&comma; 0&comma; 0&comma; 0.1); border-left: 4px solid #ff0000; padding: 15px; margin-top: 30px;'>\n<p style='margin: 0; color: inherit; font-weight: bold;'>Advertencia:<\/p>\n<p style='margin: 8px 0 0 0; color: inherit;'>Las sirenas y altavoces pueden producir sonidos muy fuertes necesarios para solicitar el derecho de paso. Las sirenas y altavoces pueden causar da\u00f1os auditivos. Use protecci\u00f3n auditiva.<\/p>\n<\/p><\/div>\n<\/p><\/div>\n","protected":false},"excerpt":{"rendered":"<p>Sirena electr\u00f3nica de 100 W con control para 6 luces auxiliares e interconexi\u00f3n para radio<\/p>\n","protected":false},"featured_media":53172,"comment_status":"open","ping_status":"closed","template":"","meta":[],"product_brand":[],"product_cat":[1395],"product_tag":[479,1360,1393],"class_list":{"0":"post-53173","1":"product","2":"type-product","3":"status-publish","4":"has-post-thumbnail","6":"product_cat-bocinas-sirenas-bocinas-y-controladores-vehiculares","7":"product_tag-bocinas","8":"product_tag-federal-signal","9":"product_tag-sirenas-bocinas-y-controladores-vehiculares","11":"first","12":"outofstock","13":"sale","14":"shipping-taxable","15":"purchasable","16":"product-type-simple"},"_links":{"self":[{"href":"https:\/\/soydeaqui.ddns.net\/pachuca\/index.php\/wp-json\/wp\/v2\/product\/53173","targetHints":{"allow":["GET"]}}],"collection":[{"href":"https:\/\/soydeaqui.ddns.net\/pachuca\/index.php\/wp-json\/wp\/v2\/product"}],"about":[{"href":"https:\/\/soydeaqui.ddns.net\/pachuca\/index.php\/wp-json\/wp\/v2\/types\/product"}],"replies":[{"embeddable":true,"href":"https:\/\/soydeaqui.ddns.net\/pachuca\/index.php\/wp-json\/wp\/v2\/comments?post=53173"}],"wp:featuredmedia":[{"embeddable":true,"href":"https:\/\/soydeaqui.ddns.net\/pachuca\/index.php\/wp-json\/wp\/v2\/media\/53172"}],"wp:attachment":[{"href":"https:\/\/soydeaqui.ddns.net\/pachuca\/index.php\/wp-json\/wp\/v2\/media?parent=53173"}],"wp:term":[{"taxonomy":"product_brand","embeddable":true,"href":"https:\/\/soydeaqui.ddns.net\/pachuca\/index.php\/wp-json\/wp\/v2\/product_brand?post=53173"},{"taxonomy":"product_cat","embeddable":true,"href":"https:\/\/soydeaqui.ddns.net\/pachuca\/index.php\/wp-json\/wp\/v2\/product_cat?post=53173"},{"taxonomy":"product_tag","embeddable":true,"href":"https:\/\/soydeaqui.ddns.net\/pachuca\/index.php\/wp-json\/wp\/v2\/product_tag?post=53173"}],"curies":[{"name":"wp","href":"https:\/\/api.w.org\/{rel}","templated":true}]}}