{"id":53166,"date":"2026-03-18T23:57:48","date_gmt":"2026-03-18T23:57:48","guid":{"rendered":"https:\/\/soydeaqui.ddns.net\/pachuca\/index.php\/producto\/estrobo-claro-firebolt-plus-sin-tubo-de-reemplazo-115-vca\/"},"modified":"2026-03-18T23:57:49","modified_gmt":"2026-03-18T23:57:49","slug":"estrobo-claro-firebolt-plus-sin-tubo-de-reemplazo-115-vca","status":"publish","type":"product","link":"https:\/\/soydeaqui.ddns.net\/pachuca\/index.php\/producto\/estrobo-claro-firebolt-plus-sin-tubo-de-reemplazo-115-vca\/","title":{"rendered":"Estrobo claro FIREBOLT PLUS sin tubo de reemplazo, 115 Vca"},"content":{"rendered":"<div style='width: 100%; max-width: 1200px; margin: 0 auto; font-family: sans-serif; line-height: 1.6; color: inherit; background-color: transparent;'>\n<div style='display: flex; flex-wrap: wrap; gap: 30px; margin-bottom: 30px;'>\n<div style='flex: 1 1 300px; min-width: 280px;'>\n<h3 style='font-size: 22px; border-bottom: 2px solid currentColor; padding-bottom: 5px; margin-top: 0; color: inherit; opacity: 0.8;'>Caracter\u00edsticas<\/h3>\n<p style='font-size: 15px; color: inherit; margin-top: 0; margin-bottom: 15px;'>Para una advertencia confiable a un precio asequible&comma; cuente con la l\u00ednea Firebolt de balizas estrobosc\u00f3picas. Todos los modelos tienen una construcci\u00f3n modular para una f\u00e1cil instalaci\u00f3n y mantenimiento. Las fuentes de alimentaci\u00f3n son resistentes a la humedad y las vibraciones&comma; y se ajusta autom\u00e1ticamente para funcionar a m\u00faltiples voltajes (ver especificaciones). El resistente a los golpes&comma; el domo y la base de policarbonato proporcionan una mayor durabilidad en aplicaciones de servicio pesado.<\/p>\n<p style='font-size: 15px; color: inherit; margin-top: 0; margin-bottom: 15px;'>Los modelos de montaje permanente y magn\u00e9tico est\u00e1n disponibles e incluyen los necesarios accesorios de montaje. Los modelos Firebolt est\u00e1n disponibles en 2 Joules (flash simple) y 5 julios (flash doble) versiones. La potente versi\u00f3n de 5 Joules con tubo estrobosc\u00f3pico en forma de U cumple con SAE Clase 3. (La versi\u00f3n de 2 Joules est\u00e1 disponible en 115 VCA)<\/p>\n<p style='font-size: 15px; color: inherit; margin-top: 0; margin-bottom: 15px;'>Firebolt Plus est\u00e1 disponible en una versi\u00f3n de 2 Joules (flash \u00fanico) y presenta un reemplazo tubo de flash. La construcci\u00f3n modular permite reemplazar f\u00e1cilmente el tubo de flash sin el uso de herramientas.<\/p>\n<\/p><\/div>\n<\/p><\/div>\n<div style='display: flex; flex-wrap: wrap; gap: 20px; margin-bottom: 30px;'>\n<div style='flex: 1 1 250px; border: 1px solid rgba(150&comma; 150&comma; 150&comma; 0.4); border-radius: 8px; overflow: hidden; display: flex; flex-direction: column;'>\n<div style='padding: 15px; border-bottom: 1px solid rgba(150&comma; 150&comma; 150&comma; 0.2); font-weight: bold; font-size: 18px; color: inherit;'>Caracter\u00edsticas principales<\/div>\n<div style='padding: 15px; color: inherit;'>\n<ul style='padding-left: 20px; margin: 0; font-size: 14px; list-style-type: disc;'>\n<li style='margin-bottom: 5px;'>Dise\u00f1o de bajo perfil de 2 joules<\/li>\n<li style='margin-bottom: 5px;'>Destello sencillo<\/li>\n<li style='margin-bottom: 5px;'>Domo de policarbonato<\/li>\n<li style='margin-bottom: 5px;'>Montaje permanente<\/li>\n<li style='margin-bottom: 5px;'>Color claro<\/li>\n<\/ul><\/div>\n<\/p><\/div>\n<div style='flex: 1 1 250px; border: 1px solid rgba(150&comma; 150&comma; 150&comma; 0.4); border-radius: 8px; overflow: hidden; display: flex; flex-direction: column;'>\n<div style='padding: 15px; border-bottom: 1px solid rgba(150&comma; 150&comma; 150&comma; 0.2); font-weight: bold; font-size: 18px; color: inherit;'>Especificaciones<\/div>\n<div style='padding: 15px; color: inherit;'>\n<ul style='padding-left: 20px; margin: 0; font-size: 14px; list-style-type: disc;'>\n<li style='margin-bottom: 5px;'><strong>Flash \/ min:<\/strong> 60<\/li>\n<li style='margin-bottom: 5px;'><strong>Voltaje:<\/strong> 115 Vca<\/li>\n<li style='margin-bottom: 5px;'><strong>Joules:<\/strong> 2J<\/li>\n<li style='margin-bottom: 5px;'><strong>Watts:<\/strong> 2W<\/li>\n<li style='margin-bottom: 5px;'><strong>Amp:<\/strong> 0.02 @ 115V<\/li>\n<\/ul><\/div>\n<\/p><\/div>\n<\/p><\/div>\n<\/p><\/div>\n","protected":false},"excerpt":{"rendered":"<p>Estrobo claro FIREBOLT PLUS sin tubo de reemplazo, 115 Vca<\/p>\n","protected":false},"featured_media":53165,"comment_status":"open","ping_status":"closed","template":"","meta":[],"product_brand":[],"product_cat":[1379],"product_tag":[950,500,1360],"class_list":{"0":"post-53166","1":"product","2":"type-product","3":"status-publish","4":"has-post-thumbnail","6":"product_cat-ambar-estrobos-burbujas-vehiculares","7":"product_tag-ambar","8":"product_tag-estrobos-burbujas-vehiculares","9":"product_tag-federal-signal","11":"first","12":"outofstock","13":"sale","14":"shipping-taxable","15":"purchasable","16":"product-type-simple"},"_links":{"self":[{"href":"https:\/\/soydeaqui.ddns.net\/pachuca\/index.php\/wp-json\/wp\/v2\/product\/53166","targetHints":{"allow":["GET"]}}],"collection":[{"href":"https:\/\/soydeaqui.ddns.net\/pachuca\/index.php\/wp-json\/wp\/v2\/product"}],"about":[{"href":"https:\/\/soydeaqui.ddns.net\/pachuca\/index.php\/wp-json\/wp\/v2\/types\/product"}],"replies":[{"embeddable":true,"href":"https:\/\/soydeaqui.ddns.net\/pachuca\/index.php\/wp-json\/wp\/v2\/comments?post=53166"}],"wp:featuredmedia":[{"embeddable":true,"href":"https:\/\/soydeaqui.ddns.net\/pachuca\/index.php\/wp-json\/wp\/v2\/media\/53165"}],"wp:attachment":[{"href":"https:\/\/soydeaqui.ddns.net\/pachuca\/index.php\/wp-json\/wp\/v2\/media?parent=53166"}],"wp:term":[{"taxonomy":"product_brand","embeddable":true,"href":"https:\/\/soydeaqui.ddns.net\/pachuca\/index.php\/wp-json\/wp\/v2\/product_brand?post=53166"},{"taxonomy":"product_cat","embeddable":true,"href":"https:\/\/soydeaqui.ddns.net\/pachuca\/index.php\/wp-json\/wp\/v2\/product_cat?post=53166"},{"taxonomy":"product_tag","embeddable":true,"href":"https:\/\/soydeaqui.ddns.net\/pachuca\/index.php\/wp-json\/wp\/v2\/product_tag?post=53166"}],"curies":[{"name":"wp","href":"https:\/\/api.w.org\/{rel}","templated":true}]}}