{"id":53116,"date":"2026-03-18T23:56:30","date_gmt":"2026-03-18T23:56:30","guid":{"rendered":"https:\/\/soydeaqui.ddns.net\/pachuca\/index.php\/producto\/sirena-electromecanica-produce-123-db-detectables-a-grandes-distancias\/"},"modified":"2026-03-18T23:56:39","modified_gmt":"2026-03-18T23:56:39","slug":"sirena-electromecanica-produce-123-db-detectables-a-grandes-distancias","status":"publish","type":"product","link":"https:\/\/soydeaqui.ddns.net\/pachuca\/index.php\/producto\/sirena-electromecanica-produce-123-db-detectables-a-grandes-distancias\/","title":{"rendered":"Sirena electromec\u00e1nica produce 123 dB detectables a grandes distancias"},"content":{"rendered":"<div style='width: 100%; max-width: 1200px; margin: 0 auto; font-family: sans-serif; line-height: 1.6; color: inherit; background-color: transparent;'>\n<div style='display: flex; flex-wrap: wrap; gap: 30px; margin-bottom: 30px;'>\n<div style='flex: 1 1 300px; min-width: 280px;'>\n<h3 style='font-size: 22px; border-bottom: 2px solid currentColor; padding-bottom: 5px; margin-top: 0; color: inherit; opacity: 0.8;'>Caracter\u00edsticas<\/h3>\n<ul style='padding-left: 20px; font-size: 15px; color: inherit;'>\n<li style='margin-bottom: 5px;'>Con m\u00e1s de 50 a\u00f1os de tradici\u00f3n e historia del servicio de bomberos<\/li>\n<li style='margin-bottom: 5px;'>Dise\u00f1o aerodin\u00e1mico cromado que proporciona confiabilidad para funcionamiento prolongado<\/li>\n<li style='margin-bottom: 5px;'>Potente sonido de advertencia detectable a grandes distancias<\/li>\n<li style='margin-bottom: 5px;'>Embrague de monta\u00f1a de alta resistencia para mayor durabilidad<\/li>\n<li style='margin-bottom: 5px;'>Dise\u00f1o del embrague permite sonido prolongado tras desconexi\u00f3n para reducir desgaste de bater\u00eda<\/li>\n<li style='margin-bottom: 5px;'>Embrague &#8216;sin preocupaciones&#8217; con m\u00ednimo desgaste y sin necesidad de ajustes<\/li>\n<li style='margin-bottom: 5px;'>Freno el\u00e9ctrico est\u00e1ndar para silenciar r\u00e1pidamente la sirena<\/li>\n<li style='margin-bottom: 5px;'>Opciones de montaje: pedestal\/parachoques o empotrado<\/li>\n<li style='margin-bottom: 5px;'>Disponible con kit de interruptor de pedal para operaci\u00f3n &#8216;manos libres&#8217;<\/li>\n<li style='margin-bottom: 5px;'>Soporte Q-MT disponible para parachoques planos y curvos<\/li>\n<li style='margin-bottom: 5px;'>Construcci\u00f3n robusta de acero de 3\/8 pulgadas para mayor resistencia<\/li>\n<li style='margin-bottom: 5px;'>Dise\u00f1o protege la sirena del impacto en carreteras en mal estado<\/li>\n<li style='margin-bottom: 5px;'>Elegante dise\u00f1o cromado y acero inoxidable<\/li>\n<li style='margin-bottom: 5px;'>Calidad y fiabilidad<\/li>\n<\/ul><\/div>\n<\/p><\/div>\n<div style='display: flex; flex-wrap: wrap; gap: 20px; margin-bottom: 30px;'>\n<div style='flex: 1 1 250px; border: 1px solid rgba(150&comma; 150&comma; 150&comma; 0.4); border-radius: 8px; overflow: hidden; display: flex; flex-direction: column;'>\n<div style='padding: 15px; border-bottom: 1px solid rgba(150&comma; 150&comma; 150&comma; 0.2); font-weight: bold; font-size: 18px; color: inherit;'>Especificaciones El\u00e9ctricas<\/div>\n<div style='padding: 15px; color: inherit;'>\n<ul style='padding-left: 20px; margin: 0; font-size: 14px; list-style-type: disc;'>\n<li style='margin-bottom: 5px;'><strong>Voltaje:<\/strong> 12 Vcc<\/li>\n<li style='margin-bottom: 5px;'><strong>Corriente de funcionamiento:<\/strong> 100 A<\/li>\n<\/ul><\/div>\n<\/p><\/div>\n<div style='flex: 1 1 250px; border: 1px solid rgba(150&comma; 150&comma; 150&comma; 0.4); border-radius: 8px; overflow: hidden; display: flex; flex-direction: column;'>\n<div style='padding: 15px; border-bottom: 1px solid rgba(150&comma; 150&comma; 150&comma; 0.2); font-weight: bold; font-size: 18px; color: inherit;'>Especificaciones Ac\u00fasticas<\/div>\n<div style='padding: 15px; color: inherit;'>\n<ul style='padding-left: 20px; margin: 0; font-size: 14px; list-style-type: disc;'>\n<li style='margin-bottom: 5px;'><strong>Salida de sonido:<\/strong> 123 dB @ 10 pies<\/li>\n<\/ul><\/div>\n<\/p><\/div>\n<div style='flex: 1 1 250px; border: 1px solid rgba(150&comma; 150&comma; 150&comma; 0.4); border-radius: 8px; overflow: hidden; display: flex; flex-direction: column;'>\n<div style='padding: 15px; border-bottom: 1px solid rgba(150&comma; 150&comma; 150&comma; 0.2); font-weight: bold; font-size: 18px; color: inherit;'>Especificaciones F\u00edsicas<\/div>\n<div style='padding: 15px; color: inherit;'>\n<ul style='padding-left: 20px; margin: 0; font-size: 14px; list-style-type: disc;'>\n<li style='margin-bottom: 5px;'><strong>Largo:<\/strong> 14.0 in (35.6 cm)<\/li>\n<li style='margin-bottom: 5px;'><strong>Di\u00e1metro:<\/strong> 10.0 in (25.4 cm)<\/li>\n<li style='margin-bottom: 5px;'><strong>Altura:<\/strong> 10.5 in (26.7 cm)<\/li>\n<li style='margin-bottom: 5px;'><strong>Peso:<\/strong> 49.0 lbs (23.0 kg)<\/li>\n<\/ul><\/div>\n<\/p><\/div>\n<\/p><\/div>\n<div style='display: flex; flex-wrap: wrap; gap: 20px; margin-bottom: 30px;'>\n<div style='flex: 1 1 250px; border: 1px solid rgba(150&comma; 150&comma; 150&comma; 0.4); border-radius: 8px; overflow: hidden; display: flex; flex-direction: column;'>\n<div style='padding: 15px; border-bottom: 1px solid rgba(150&comma; 150&comma; 150&comma; 0.2); font-weight: bold; font-size: 18px; color: inherit;'>Opciones de Montaje<\/div>\n<div style='padding: 15px; color: inherit;'>\n<ul style='padding-left: 20px; margin: 0; font-size: 14px; list-style-type: disc;'>\n<li style='margin-bottom: 5px;'>Modelo Q2B-P: con pedestal y carcasa para montaje en parachoques<\/li>\n<li style='margin-bottom: 5px;'>Modelo Q2B-NN: dise\u00f1ado para montaje empotrado en el parachoques<\/li>\n<li style='margin-bottom: 5px;'>Kit de interruptor de pedal Q2FSK disponible para operaci\u00f3n &#8216;manos libres&#8217;<\/li>\n<li style='margin-bottom: 5px;'>Soporte especial Q-MT disponible para parachoques planos y curvos<\/li>\n<\/ul><\/div>\n<\/p><\/div>\n<div style='flex: 1 1 250px; border: 1px solid rgba(150&comma; 150&comma; 150&comma; 0.4); border-radius: 8px; overflow: hidden; display: flex; flex-direction: column;'>\n<div style='padding: 15px; border-bottom: 1px solid rgba(150&comma; 150&comma; 150&comma; 0.2); font-weight: bold; font-size: 18px; color: inherit;'>Caracter\u00edsticas del Embrague<\/div>\n<div style='padding: 15px; color: inherit;'>\n<ul style='padding-left: 20px; margin: 0; font-size: 14px; list-style-type: disc;'>\n<li style='margin-bottom: 5px;'>Embrague de monta\u00f1a de alta resistencia est\u00e1ndar<\/li>\n<li style='margin-bottom: 5px;'>Dise\u00f1o \u00fanico que permite sonido prolongado tras desconexi\u00f3n<\/li>\n<li style='margin-bottom: 5px;'>M\u00ednimo desgaste y sin necesidad de ajustes<\/li>\n<\/ul><\/div>\n<\/p><\/div>\n<\/p><\/div>\n<hr style='border: 0; border-top: 1px solid rgba(150&comma; 150&comma; 150&comma; 0.3); margin: 30px 0;'> <\/div>\n","protected":false},"excerpt":{"rendered":"<p>Sirena electromec\u00e1nica produce 123 dB detectables a grandes distancias<\/p>\n","protected":false},"featured_media":53115,"comment_status":"open","ping_status":"closed","template":"","meta":[],"product_brand":[],"product_cat":[1392],"product_tag":[1360,1394,1393],"class_list":{"0":"post-53116","1":"product","2":"type-product","3":"status-publish","4":"has-post-thumbnail","6":"product_cat-sirenas","7":"product_tag-federal-signal","8":"product_tag-sirenas","9":"product_tag-sirenas-bocinas-y-controladores-vehiculares","11":"first","12":"outofstock","13":"sale","14":"shipping-taxable","15":"purchasable","16":"product-type-simple"},"_links":{"self":[{"href":"https:\/\/soydeaqui.ddns.net\/pachuca\/index.php\/wp-json\/wp\/v2\/product\/53116","targetHints":{"allow":["GET"]}}],"collection":[{"href":"https:\/\/soydeaqui.ddns.net\/pachuca\/index.php\/wp-json\/wp\/v2\/product"}],"about":[{"href":"https:\/\/soydeaqui.ddns.net\/pachuca\/index.php\/wp-json\/wp\/v2\/types\/product"}],"replies":[{"embeddable":true,"href":"https:\/\/soydeaqui.ddns.net\/pachuca\/index.php\/wp-json\/wp\/v2\/comments?post=53116"}],"wp:featuredmedia":[{"embeddable":true,"href":"https:\/\/soydeaqui.ddns.net\/pachuca\/index.php\/wp-json\/wp\/v2\/media\/53115"}],"wp:attachment":[{"href":"https:\/\/soydeaqui.ddns.net\/pachuca\/index.php\/wp-json\/wp\/v2\/media?parent=53116"}],"wp:term":[{"taxonomy":"product_brand","embeddable":true,"href":"https:\/\/soydeaqui.ddns.net\/pachuca\/index.php\/wp-json\/wp\/v2\/product_brand?post=53116"},{"taxonomy":"product_cat","embeddable":true,"href":"https:\/\/soydeaqui.ddns.net\/pachuca\/index.php\/wp-json\/wp\/v2\/product_cat?post=53116"},{"taxonomy":"product_tag","embeddable":true,"href":"https:\/\/soydeaqui.ddns.net\/pachuca\/index.php\/wp-json\/wp\/v2\/product_tag?post=53116"}],"curies":[{"name":"wp","href":"https:\/\/api.w.org\/{rel}","templated":true}]}}