{"id":5311,"date":"2026-03-18T06:29:46","date_gmt":"2026-03-18T06:29:46","guid":{"rendered":"https:\/\/soydeaqui.ddns.net\/pachuca\/index.php\/producto\/tapa-color-blanco-satin-para-interruptor-o-dimmer-lutron-1-gang-limpio-y-moderno\/"},"modified":"2026-03-18T06:29:49","modified_gmt":"2026-03-18T06:29:49","slug":"tapa-color-blanco-satin-para-interruptor-o-dimmer-lutron-1-gang-limpio-y-moderno","status":"publish","type":"product","link":"https:\/\/soydeaqui.ddns.net\/pachuca\/index.php\/producto\/tapa-color-blanco-satin-para-interruptor-o-dimmer-lutron-1-gang-limpio-y-moderno\/","title":{"rendered":"Tapa Color Blanco Satin para interruptor o dimmer Lutron, 1 gang, limpio y moderno"},"content":{"rendered":"<div style='width: 100%; max-width: 1200px; margin: 0 auto; font-family: sans-serif; line-height: 1.6; color: inherit; background-color: transparent;'> <!-- Secci\u00f3n de caracter\u00edsticas principales --> <\/p>\n<div style='display: flex; flex-wrap: wrap; gap: 30px; margin-bottom: 30px;'>\n<div style='flex: 1 1 300px; min-width: 280px;'>\n<h3 style='font-size: 22px; border-bottom: 2px solid currentColor; padding-bottom: 5px; margin-top: 0; color: inherit; opacity: 0.8;'>Caracter\u00edsticas Principales<\/h3>\n<ul style='padding-left: 20px; font-size: 15px; color: inherit;'>\n<li style='margin-bottom: 5px;'>Dise\u00f1o sin tornillos visibles&comma; limpio y moderno<\/li>\n<li style='margin-bottom: 5px;'>Compatible con dispositivos Lutron (interruptores y dimmers)<\/li>\n<li style='margin-bottom: 5px;'>Material resistente (brillante \u00f3 mate)<\/li>\n<li style='margin-bottom: 5px;'>Instalaci\u00f3n r\u00e1pida y sencilla&comma; con base y tapa<\/li>\n<li style='margin-bottom: 5px;'>Formato est\u00e1ndar de 1 espacio (1-gang) 11.9 x 7.4 x 0.7 cm<\/li>\n<\/ul><\/div>\n<\/p><\/div>\n<p> <!-- Secci\u00f3n de especificaciones t\u00e9cnicas --> <\/p>\n<div style='display: flex; flex-wrap: wrap; gap: 20px; margin-bottom: 30px;'>\n<div style='flex: 1 1 250px; border: 1px solid rgba(150&comma; 150&comma; 150&comma; 0.4); border-radius: 8px; overflow: hidden; display: flex; flex-direction: column;'>\n<div style='padding: 15px; border-bottom: 1px solid rgba(150&comma; 150&comma; 150&comma; 0.2); font-weight: bold; font-size: 18px; color: inherit;'>Especificaciones T\u00e9cnicas<\/div>\n<div style='padding: 15px; color: inherit;'>\n<ul style='padding-left: 20px; margin: 0; font-size: 14px; list-style-type: disc;'>\n<li style='margin-bottom: 5px;'><strong>Modelo:<\/strong> SC1SW<\/li>\n<li style='margin-bottom: 5px;'><strong>Dimensiones:<\/strong> 11.9 x 7.4 x 0.7 cm<\/li>\n<li style='margin-bottom: 5px;'><strong>Formato:<\/strong> 1 espacio (1-gang)<\/li>\n<li style='margin-bottom: 5px;'><strong>Perfil:<\/strong> 0.30 in (7.6 mm)<\/li>\n<li style='margin-bottom: 5px;'><strong>Material:<\/strong> Pl\u00e1stico resistente<\/li>\n<li style='margin-bottom: 5px;'><strong>Acabado:<\/strong> Satin<\/li>\n<li style='margin-bottom: 5px;'><strong>Color:<\/strong> Blanco (WH)<\/li>\n<\/ul><\/div>\n<\/p><\/div>\n<p> <!-- Secci\u00f3n de compatibilidad --> <\/p>\n<div style='flex: 1 1 250px; border: 1px solid rgba(150&comma; 150&comma; 150&comma; 0.4); border-radius: 8px; overflow: hidden; display: flex; flex-direction: column;'>\n<div style='padding: 15px; border-bottom: 1px solid rgba(150&comma; 150&comma; 150&comma; 0.2); font-weight: bold; font-size: 18px; color: inherit;'>Compatibilidad<\/div>\n<div style='padding: 15px; color: inherit;'>\n<ul style='padding-left: 20px; margin: 0; font-size: 14px; list-style-type: disc;'>\n<li style='margin-bottom: 5px;'>Maestro dimmers<\/li>\n<li style='margin-bottom: 5px;'>Maestro IR<\/li>\n<li style='margin-bottom: 5px;'>Maestro Wireless<\/li>\n<li style='margin-bottom: 5px;'>Pico wireless control<\/li>\n<li style='margin-bottom: 5px;'>Diva<\/li>\n<li style='margin-bottom: 5px;'>Lyneo Lx<\/li>\n<li style='margin-bottom: 5px;'>Skylark<\/li>\n<li style='margin-bottom: 5px;'>Skylark Contour<\/li>\n<\/ul><\/div>\n<\/p><\/div>\n<p> <!-- Secci\u00f3n de opciones de color --> <\/p>\n<div style='flex: 1 1 250px; border: 1px solid rgba(150&comma; 150&comma; 150&comma; 0.4); border-radius: 8px; overflow: hidden; display: flex; flex-direction: column;'>\n<div style='padding: 15px; border-bottom: 1px solid rgba(150&comma; 150&comma; 150&comma; 0.2); font-weight: bold; font-size: 18px; color: inherit;'>Opciones de Color<\/div>\n<div style='padding: 15px; color: inherit;'>\n<ul style='padding-left: 20px; margin: 0; font-size: 14px; list-style-type: disc;'>\n<li style='margin-bottom: 5px;'>Blanco (WH) &#8211; Color satinado<\/li>\n<\/ul><\/div>\n<\/p><\/div>\n<\/p><\/div>\n<p> <!-- Secci\u00f3n de informaci\u00f3n adicional --> <\/p>\n<div style='display: flex; flex-wrap: wrap; gap: 30px; margin-bottom: 30px;'>\n<div style='flex: 1 1 300px; min-width: 280px;'>\n<h3 style='font-size: 22px; border-bottom: 2px solid currentColor; padding-bottom: 5px; margin-top: 0; color: inherit; opacity: 0.8;'>Informaci\u00f3n Adicional<\/h3>\n<ul style='padding-left: 20px; font-size: 15px; color: inherit;'>\n<li style='margin-bottom: 5px;'>Dise\u00f1o sin tornillos visibles para una apariencia limpia y moderna<\/li>\n<li style='margin-bottom: 5px;'>Compatible con est\u00e1ndares de m\u00faltiples dispositivos en una caja de conexiones est\u00e1ndar<\/li>\n<li style='margin-bottom: 5px;'>Puede requerir derating (reducci\u00f3n de capacidad del dimmer) cuando se usan m\u00faltiples dispositivos&comma; ver tablas de derating<\/li>\n<li style='margin-bottom: 5px;'>Para combinaciones de dispositivos de baja tensi\u00f3n y l\u00ednea&comma; ver nota de aplicaci\u00f3n #213<\/li>\n<li style='margin-bottom: 5px;'>Parte del sistema de paredes y accesorios Claro\/Satin Colors de Lutron<\/li>\n<\/ul><\/div>\n<\/p><\/div>\n<p> <!-- Separador --> <\/p>\n<hr style='border: 0; border-top: 1px solid rgba(150&comma; 150&comma; 150&comma; 0.3); margin: 30px 0;'> <\/div>\n","protected":false},"excerpt":{"rendered":"<p>Tapa Color Blanco Satin para interruptor o dimmer Lutron, 1 gang, limpio y moderno<\/p>\n","protected":false},"featured_media":5310,"comment_status":"open","ping_status":"closed","template":"","meta":[],"product_brand":[],"product_cat":[34],"product_tag":[30,35,36],"class_list":{"0":"post-5311","1":"product","2":"type-product","3":"status-publish","4":"has-post-thumbnail","6":"product_cat-lutron","7":"product_tag-automatizacion-casa-inteligente","8":"product_tag-lutron","9":"product_tag-lutron-electronics","11":"first","12":"instock","13":"sale","14":"shipping-taxable","15":"purchasable","16":"product-type-simple"},"_links":{"self":[{"href":"https:\/\/soydeaqui.ddns.net\/pachuca\/index.php\/wp-json\/wp\/v2\/product\/5311","targetHints":{"allow":["GET"]}}],"collection":[{"href":"https:\/\/soydeaqui.ddns.net\/pachuca\/index.php\/wp-json\/wp\/v2\/product"}],"about":[{"href":"https:\/\/soydeaqui.ddns.net\/pachuca\/index.php\/wp-json\/wp\/v2\/types\/product"}],"replies":[{"embeddable":true,"href":"https:\/\/soydeaqui.ddns.net\/pachuca\/index.php\/wp-json\/wp\/v2\/comments?post=5311"}],"wp:featuredmedia":[{"embeddable":true,"href":"https:\/\/soydeaqui.ddns.net\/pachuca\/index.php\/wp-json\/wp\/v2\/media\/5310"}],"wp:attachment":[{"href":"https:\/\/soydeaqui.ddns.net\/pachuca\/index.php\/wp-json\/wp\/v2\/media?parent=5311"}],"wp:term":[{"taxonomy":"product_brand","embeddable":true,"href":"https:\/\/soydeaqui.ddns.net\/pachuca\/index.php\/wp-json\/wp\/v2\/product_brand?post=5311"},{"taxonomy":"product_cat","embeddable":true,"href":"https:\/\/soydeaqui.ddns.net\/pachuca\/index.php\/wp-json\/wp\/v2\/product_cat?post=5311"},{"taxonomy":"product_tag","embeddable":true,"href":"https:\/\/soydeaqui.ddns.net\/pachuca\/index.php\/wp-json\/wp\/v2\/product_tag?post=5311"}],"curies":[{"name":"wp","href":"https:\/\/api.w.org\/{rel}","templated":true}]}}