{"id":53100,"date":"2026-03-18T23:56:07","date_gmt":"2026-03-18T23:56:07","guid":{"rendered":"https:\/\/soydeaqui.ddns.net\/pachuca\/index.php\/producto\/luz-de-advertencia-quadraflare-led-con-flasher-integrado-y-mica-de-color-ambar\/"},"modified":"2026-03-18T23:56:08","modified_gmt":"2026-03-18T23:56:08","slug":"luz-de-advertencia-quadraflare-led-con-flasher-integrado-y-mica-de-color-ambar","status":"publish","type":"product","link":"https:\/\/soydeaqui.ddns.net\/pachuca\/index.php\/producto\/luz-de-advertencia-quadraflare-led-con-flasher-integrado-y-mica-de-color-ambar\/","title":{"rendered":"Luz de advertencia Quadraflare LED con flasher integrado y mica de color \u00e1mbar"},"content":{"rendered":"<div style='width: 100%; max-width: 1200px; margin: 0 auto; font-family: sans-serif; line-height: 1.6; color: inherit; background-color: transparent;'> <!-- Secci\u00f3n de caracter\u00edsticas generales --> <\/p>\n<div style='display: flex; flex-wrap: wrap; gap: 30px; margin-bottom: 30px;'>\n<div style='flex: 1 1 300px; min-width: 280px;'>\n<h3 style='font-size: 22px; border-bottom: 2px solid currentColor; padding-bottom: 5px; margin-top: 0; color: inherit; opacity: 0.8;'>Caracter\u00edsticas Generales<\/h3>\n<ul style='padding-left: 20px; font-size: 15px; color: inherit;'>\n<li style='margin-bottom: 5px;'>Tecnolog\u00eda avanzada de iluminaci\u00f3n Solaris en un gabinete de 9 x 7&#8242;<\/li>\n<li style='margin-bottom: 5px;'>Cumple con especificaciones NFPA y GSA K-spec<\/li>\n<li style='margin-bottom: 5px;'>Disponible en colores: rojo&comma; \u00e1mbar&comma; azul&comma; verde o LED blanco<\/li>\n<li style='margin-bottom: 5px;'>Bisel opcional en color negro o cromado<\/li>\n<li style='margin-bottom: 5px;'>Dise\u00f1o de montaje superficial que no requiere cortes en la carrocer\u00eda<\/li>\n<li style='margin-bottom: 5px;'>Gore-Tex gasket para eliminaci\u00f3n de condensaci\u00f3n<\/li>\n<\/ul><\/div>\n<p> <!-- Secci\u00f3n de caracter\u00edsticas t\u00e9cnicas --> <\/p>\n<div style='flex: 1 1 300px; min-width: 280px;'>\n<h3 style='font-size: 22px; border-bottom: 2px solid currentColor; padding-bottom: 5px; margin-top: 0; color: inherit; opacity: 0.8;'>Caracter\u00edsticas T\u00e9cnicas<\/h3>\n<ul style='padding-left: 20px; font-size: 15px; color: inherit;'>\n<li style='margin-bottom: 5px;'><strong>Alimentaci\u00f3n:<\/strong> 12.8 Vcc<\/li>\n<li style='margin-bottom: 5px;'><strong>Consumo:<\/strong> 4 A (encendido permanente)<\/li>\n<li style='margin-bottom: 5px;'><strong>Temperatura de operaci\u00f3n:<\/strong> -40 a +65 \u00baC<\/li>\n<li style='margin-bottom: 5px;'><strong>Dimensiones:<\/strong> 234 x 183 x 43 mm<\/li>\n<li style='margin-bottom: 5px;'><strong>Peso al embarcar:<\/strong> 2.0 libras (0.9 kg)<\/li>\n<\/ul><\/div>\n<\/p><\/div>\n<p> <!-- Secci\u00f3n de patrones de flash --> <\/p>\n<div style='display: flex; flex-wrap: wrap; gap: 30px; margin-bottom: 30px;'>\n<div style='flex: 1 1 300px; min-width: 280px;'>\n<h3 style='font-size: 22px; border-bottom: 2px solid currentColor; padding-bottom: 5px; margin-top: 0; color: inherit; opacity: 0.8;'>Patrones de Flash<\/h3>\n<ul style='padding-left: 20px; font-size: 15px; color: inherit;'>\n<li style='margin-bottom: 5px;'>&#8216;Steady-on&#8217; &#8211; Para uso con flasher externo<\/li>\n<li style='margin-bottom: 5px;'>Full Flash &#8211; Destello completo (modelos 6&#215;4&comma; 7&#215;3 y 9&#215;7)<\/li>\n<li style='margin-bottom: 5px;'>Vertical flash &#8211; Destello vertical (modelos 6&#215;4 y 9&#215;7)<\/li>\n<li style='margin-bottom: 5px;'>Horizontal flash &#8211; Destello horizontal (modelos 7&#215;3 y 9&#215;7)<\/li>\n<li style='margin-bottom: 5px;'>Quad-X flash &#8211; Patr\u00f3n X-Quad (solo modelo 9&#215;7)<\/li>\n<\/ul><\/div>\n<p> <!-- Secci\u00f3n de componentes internos --> <\/p>\n<div style='flex: 1 1 300px; min-width: 280px;'>\n<h3 style='font-size: 22px; border-bottom: 2px solid currentColor; padding-bottom: 5px; margin-top: 0; color: inherit; opacity: 0.8;'>Componentes Internos<\/h3>\n<ul style='padding-left: 20px; font-size: 15px; color: inherit;'>\n<li style='margin-bottom: 5px;'>Reflector SOLARIS con cuatro cuadrantes para patrones personalizados<\/li>\n<li style='margin-bottom: 5px;'>Dise\u00f1o de tarjeta de circuito con LEDs de superficie para mayor confiabilidad<\/li>\n<li style='margin-bottom: 5px;'>Bot\u00f3n de selecci\u00f3n de patrones en la tarjeta de circuito<\/li>\n<li style='margin-bottom: 5px;'>Dise\u00f1o de disipador de calor para m\u00e1xima salida de LED<\/li>\n<\/ul><\/div>\n<\/p><\/div>\n<p> <!-- Secci\u00f3n de especificaciones adicionales --> <\/p>\n<div style='display: flex; flex-wrap: wrap; gap: 20px; margin-bottom: 30px;'>\n<div style='flex: 1 1 250px; border: 1px solid rgba(150&comma; 150&comma; 150&comma; 0.4); border-radius: 8px; overflow: hidden; display: flex; flex-direction: column;'>\n<div style='padding: 15px; border-bottom: 1px solid rgba(150&comma; 150&comma; 150&comma; 0.2); font-weight: bold; font-size: 18px; color: inherit;'>Aprobaciones<\/div>\n<div style='padding: 15px; color: inherit;'>\n<ul style='padding-left: 20px; margin: 0; font-size: 14px; list-style-type: disc;'>\n<li style='margin-bottom: 5px;'>NFPA 1901<\/li>\n<li style='margin-bottom: 5px;'>GSA K-spec<\/li>\n<\/ul><\/div>\n<\/p><\/div>\n<div style='flex: 1 1 250px; border: 1px solid rgba(150&comma; 150&comma; 150&comma; 0.4); border-radius: 8px; overflow: hidden; display: flex; flex-direction: column;'>\n<div style='padding: 15px; border-bottom: 1px solid rgba(150&comma; 150&comma; 150&comma; 0.2); font-weight: bold; font-size: 18px; color: inherit;'>Garant\u00eda<\/div>\n<div style='padding: 15px; color: inherit;'>\n<ul style='padding-left: 20px; margin: 0; font-size: 14px; list-style-type: disc;'>\n<li style='margin-bottom: 5px;'>5 a\u00f1os de garant\u00eda en LEDs<\/li>\n<\/ul><\/div>\n<\/p><\/div>\n<div style='flex: 1 1 250px; border: 1px solid rgba(150&comma; 150&comma; 150&comma; 0.4); border-radius: 8px; overflow: hidden; display: flex; flex-direction: column;'>\n<div style='padding: 15px; border-bottom: 1px solid rgba(150&comma; 150&comma; 150&comma; 0.2); font-weight: bold; font-size: 18px; color: inherit;'>Opciones de Montaje<\/div>\n<div style='padding: 15px; color: inherit;'>\n<ul style='padding-left: 20px; margin: 0; font-size: 14px; list-style-type: disc;'>\n<li style='margin-bottom: 5px;'>QL97MC &#8211; Bisel cromado<\/li>\n<li style='margin-bottom: 5px;'>QL97MB &#8211; Bisel negro<\/li>\n<\/ul><\/div>\n<\/p><\/div>\n<\/p><\/div>\n<p> <!-- Secci\u00f3n de aplicaciones --> <\/p>\n<div style='margin-bottom: 30px;'>\n<h3 style='font-size: 22px; border-bottom: 2px solid currentColor; padding-bottom: 5px; margin-top: 0; margin-bottom: 15px; color: inherit; opacity: 0.8;'>Aplicaciones<\/h3>\n<p style='font-size: 15px; color: inherit;'>Dise\u00f1adas para aplicaciones en veh\u00edculos de emergencia como camiones de bomberos y ambulancias&comma; cumpliendo con los requisitos de iluminaci\u00f3n para niveles superiores e inferiores seg\u00fan NFPA y GSA.<\/p>\n<\/p><\/div>\n<p> <!-- Separador --> <\/p>\n<hr style='border: 0; border-top: 1px solid rgba(150&comma; 150&comma; 150&comma; 0.3); margin: 30px 0;'> <\/div>\n","protected":false},"excerpt":{"rendered":"<p>Luz de advertencia Quadraflare LED con flasher integrado y mica de color \u00e1mbar<\/p>\n","protected":false},"featured_media":53099,"comment_status":"open","ping_status":"closed","template":"","meta":[],"product_brand":[],"product_cat":[1370],"product_tag":[950,1360,1371],"class_list":{"0":"post-53100","1":"product","2":"type-product","3":"status-publish","4":"has-post-thumbnail","6":"product_cat-ambar-luces-auxiliares-vehiculares","7":"product_tag-ambar","8":"product_tag-federal-signal","9":"product_tag-luces-auxiliares-vehiculares","11":"first","12":"outofstock","13":"sale","14":"shipping-taxable","15":"purchasable","16":"product-type-simple"},"_links":{"self":[{"href":"https:\/\/soydeaqui.ddns.net\/pachuca\/index.php\/wp-json\/wp\/v2\/product\/53100","targetHints":{"allow":["GET"]}}],"collection":[{"href":"https:\/\/soydeaqui.ddns.net\/pachuca\/index.php\/wp-json\/wp\/v2\/product"}],"about":[{"href":"https:\/\/soydeaqui.ddns.net\/pachuca\/index.php\/wp-json\/wp\/v2\/types\/product"}],"replies":[{"embeddable":true,"href":"https:\/\/soydeaqui.ddns.net\/pachuca\/index.php\/wp-json\/wp\/v2\/comments?post=53100"}],"wp:featuredmedia":[{"embeddable":true,"href":"https:\/\/soydeaqui.ddns.net\/pachuca\/index.php\/wp-json\/wp\/v2\/media\/53099"}],"wp:attachment":[{"href":"https:\/\/soydeaqui.ddns.net\/pachuca\/index.php\/wp-json\/wp\/v2\/media?parent=53100"}],"wp:term":[{"taxonomy":"product_brand","embeddable":true,"href":"https:\/\/soydeaqui.ddns.net\/pachuca\/index.php\/wp-json\/wp\/v2\/product_brand?post=53100"},{"taxonomy":"product_cat","embeddable":true,"href":"https:\/\/soydeaqui.ddns.net\/pachuca\/index.php\/wp-json\/wp\/v2\/product_cat?post=53100"},{"taxonomy":"product_tag","embeddable":true,"href":"https:\/\/soydeaqui.ddns.net\/pachuca\/index.php\/wp-json\/wp\/v2\/product_tag?post=53100"}],"curies":[{"name":"wp","href":"https:\/\/api.w.org\/{rel}","templated":true}]}}