{"id":53092,"date":"2026-03-18T23:55:56","date_gmt":"2026-03-18T23:55:56","guid":{"rendered":"https:\/\/soydeaqui.ddns.net\/pachuca\/index.php\/producto\/barra-de-luces-led-jetstream-de-54-ideal-equipar-gruas-equipo-de-uso-rudo\/"},"modified":"2026-03-18T23:55:57","modified_gmt":"2026-03-18T23:55:57","slug":"barra-de-luces-led-jetstream-de-54-ideal-equipar-gruas-equipo-de-uso-rudo","status":"publish","type":"product","link":"https:\/\/soydeaqui.ddns.net\/pachuca\/index.php\/producto\/barra-de-luces-led-jetstream-de-54-ideal-equipar-gruas-equipo-de-uso-rudo\/","title":{"rendered":"Barra de luces LED Jetstream de 54&#8243;, Ideal Equipar Gr\u00faas, Equipo de Uso Rudo"},"content":{"rendered":"<div style='width: 100%; max-width: 1200px; margin: 0 auto; font-family: sans-serif; line-height: 1.6; color: inherit; background-color: transparent;'>\n<div style='display: flex; flex-wrap: wrap; gap: 30px; margin-bottom: 30px;'>\n<div style='flex: 1 1 300px; min-width: 280px;'>\n<h3 style='font-size: 22px; border-bottom: 2px solid currentColor; padding-bottom: 5px; margin-top: 0; color: inherit; opacity: 0.8;'>Descripci\u00f3n<\/h3>\n<p style='font-size: 15px; margin-top: 0; color: inherit;'>Barra de Luces JetStream es una barra de luces aerodin\u00e1mica con los beneficios de la luz LED&comma; brinda la advertencia \u00f3ptica superior con una mayor eficiencia y durabilidad.<\/p>\n<p style='font-size: 15px; margin-top: 0; color: inherit;'>Est\u00e1 compuesta por 12 m\u00f3dulos LED&comma; que proporcionan los beneficios de una larga vida \u00fatil&comma; integridad \u00f3ptica con un m\u00ednimo consumo de corriente. Todos los m\u00f3dulos est\u00e1n clasificados para trabajar m\u00e1s de 100&comma;000 horas.<\/p>\n<p style='font-size: 15px; margin-top: 0; color: inherit;'>JetStream Led emite luz de advertencia 360\u00b0. Cuenta con tecnolog\u00eda Intelli-Flash&comma; que consiste en que el usuario pueda seleccionar un patr\u00f3n de destello de los 7 disponibles.<\/p>\n<p style='font-size: 15px; margin-top: 0; color: inherit;'>JetStream cumple con las normas SAE J845 y J1318.<\/p>\n<\/p><\/div>\n<\/p><\/div>\n<div style='display: flex; flex-wrap: wrap; gap: 20px; margin-bottom: 30px;'>\n<div style='flex: 1 1 250px; border: 1px solid rgba(150&comma; 150&comma; 150&comma; 0.4); border-radius: 8px; overflow: hidden; display: flex; flex-direction: column;'>\n<div style='padding: 15px; border-bottom: 1px solid rgba(150&comma; 150&comma; 150&comma; 0.2); font-weight: bold; font-size: 18px; color: inherit;'>Caracter\u00edsticas<\/div>\n<div style='padding: 15px; color: inherit;'>\n<ul style='padding-left: 20px; margin: 0; font-size: 14px; list-style-type: disc; color: inherit;'>\n<li style='margin-bottom: 5px; color: inherit;'>Larga vida \u00fatil<\/li>\n<li style='margin-bottom: 5px; color: inherit;'>Resistente a vibraciones<\/li>\n<li style='margin-bottom: 5px; color: inherit;'>Uso rudo<\/li>\n<li style='margin-bottom: 5px; color: inherit;'>Cobertura de 360\u00b0<\/li>\n<li style='margin-bottom: 5px; color: inherit;'>Componentes resistentes a la corrosi\u00f3n<\/li>\n<li style='margin-bottom: 5px; color: inherit;'>M\u00e1s de 100&comma;000 horas de uso<\/li>\n<li style='margin-bottom: 5px; font-weight: bold; color: inherit;'>Ideal para veh\u00edculos de construcci\u00f3n&comma; gr\u00faas&comma; veh\u00edculos de mantenimiento&comma; veh\u00edculos para carreteras.<\/li>\n<li style='margin-bottom: 5px; font-weight: bold; color: inherit;'>No incluye montaje<\/li>\n<li style='margin-bottom: 5px; color: inherit;'>5 A\u00f1os de garant\u00eda contra defectos de f\u00e1brica<\/li>\n<\/ul><\/div>\n<\/p><\/div>\n<div style='flex: 1 1 250px; border: 1px solid rgba(150&comma; 150&comma; 150&comma; 0.4); border-radius: 8px; overflow: hidden; display: flex; flex-direction: column;'>\n<div style='padding: 15px; border-bottom: 1px solid rgba(150&comma; 150&comma; 150&comma; 0.2); font-weight: bold; font-size: 18px; color: inherit;'>Especificaciones<\/div>\n<div style='padding: 15px; color: inherit;'>\n<ul style='padding-left: 20px; margin: 0; font-size: 14px; list-style-type: disc; color: inherit;'>\n<li style='margin-bottom: 5px; color: inherit;'><strong>Voltaje:<\/strong> 12 Vcc<\/li>\n<li style='margin-bottom: 5px; color: inherit;'><strong>Consumo:<\/strong> 0.32 Amp por m\u00f3dulo<\/li>\n<li style='margin-bottom: 5px; color: inherit;'><strong>Dimensiones:<\/strong> 134 cm \u00d7 22.9 cm \u00d7 12.7 cm<\/li>\n<\/ul><\/div>\n<\/p><\/div>\n<\/p><\/div>\n<hr style='border: 0; border-top: 1px solid rgba(150&comma; 150&comma; 150&comma; 0.3); margin: 30px 0;'>\n<div style='display: flex; flex-wrap: wrap; gap: 30px;'>\n<div style='flex: 1 1 300px; min-width: 280px;'>\n<h3 style='font-size: 22px; border-bottom: 2px solid currentColor; padding-bottom: 5px; margin-top: 0; color: inherit; opacity: 0.8;'>Observaciones<\/h3>\n<p style='font-size: 15px; margin-top: 0; color: inherit;'><strong>** Pregunte por disponibilidad<\/strong><\/p>\n<\/p><\/div>\n<\/p><\/div>\n<\/p><\/div>\n","protected":false},"excerpt":{"rendered":"<p>Barra de luces LED Jetstream de 54&#8243;, Ideal Equipar Gr\u00faas, Equipo de Uso Rudo<\/p>\n","protected":false},"featured_media":53091,"comment_status":"open","ping_status":"closed","template":"","meta":[],"product_brand":[],"product_cat":[1405],"product_tag":[950,1356,1360],"class_list":{"0":"post-53092","1":"product","2":"type-product","3":"status-publish","4":"has-post-thumbnail","6":"product_cat-ambar-barras-de-luz-torretas-vehiculares","7":"product_tag-ambar","8":"product_tag-barras-de-luz-torretas-vehiculares","9":"product_tag-federal-signal","11":"first","12":"outofstock","13":"sale","14":"shipping-taxable","15":"purchasable","16":"product-type-simple"},"_links":{"self":[{"href":"https:\/\/soydeaqui.ddns.net\/pachuca\/index.php\/wp-json\/wp\/v2\/product\/53092","targetHints":{"allow":["GET"]}}],"collection":[{"href":"https:\/\/soydeaqui.ddns.net\/pachuca\/index.php\/wp-json\/wp\/v2\/product"}],"about":[{"href":"https:\/\/soydeaqui.ddns.net\/pachuca\/index.php\/wp-json\/wp\/v2\/types\/product"}],"replies":[{"embeddable":true,"href":"https:\/\/soydeaqui.ddns.net\/pachuca\/index.php\/wp-json\/wp\/v2\/comments?post=53092"}],"wp:featuredmedia":[{"embeddable":true,"href":"https:\/\/soydeaqui.ddns.net\/pachuca\/index.php\/wp-json\/wp\/v2\/media\/53091"}],"wp:attachment":[{"href":"https:\/\/soydeaqui.ddns.net\/pachuca\/index.php\/wp-json\/wp\/v2\/media?parent=53092"}],"wp:term":[{"taxonomy":"product_brand","embeddable":true,"href":"https:\/\/soydeaqui.ddns.net\/pachuca\/index.php\/wp-json\/wp\/v2\/product_brand?post=53092"},{"taxonomy":"product_cat","embeddable":true,"href":"https:\/\/soydeaqui.ddns.net\/pachuca\/index.php\/wp-json\/wp\/v2\/product_cat?post=53092"},{"taxonomy":"product_tag","embeddable":true,"href":"https:\/\/soydeaqui.ddns.net\/pachuca\/index.php\/wp-json\/wp\/v2\/product_tag?post=53092"}],"curies":[{"name":"wp","href":"https:\/\/api.w.org\/{rel}","templated":true}]}}