{"id":53049,"date":"2026-03-18T23:54:54","date_gmt":"2026-03-18T23:54:54","guid":{"rendered":"https:\/\/soydeaqui.ddns.net\/pachuca\/index.php\/producto\/modulo-de-inteligente-de-destello-para-luces-halogenas-como-modulos-leds\/"},"modified":"2026-03-18T23:54:54","modified_gmt":"2026-03-18T23:54:54","slug":"modulo-de-inteligente-de-destello-para-luces-halogenas-como-modulos-leds","status":"publish","type":"product","link":"https:\/\/soydeaqui.ddns.net\/pachuca\/index.php\/producto\/modulo-de-inteligente-de-destello-para-luces-halogenas-como-modulos-leds\/","title":{"rendered":"M\u00f3dulo de inteligente de destello para luces hal\u00f3genas como m\u00f3dulos LEDs"},"content":{"rendered":"<div style='width: 100%; max-width: 1200px; margin: 0 auto; font-family: sans-serif; line-height: 1.6; color: inherit; background-color: transparent;'> <!-- Secci\u00f3n de descripci\u00f3n principal --> <\/p>\n<div style='margin-bottom: 30px;'>\n<p style='margin: 0 0 15px 0; color: inherit;'>M\u00f3dulo de inteligente Flashig para luces hal\u00f3genas como LEDs M\u00f3dulos.<\/p>\n<p style='margin: 0 0 15px 0; color: inherit;'>Federal Signal ofrece una amplia variedad de luces intermitentes para faros y luces traseras hechas especialmente para aplicaciones de veh\u00edculos oficiales y de trabajo.<\/p>\n<p style='margin: 0 0 15px 0; color: inherit;'>La caracter\u00edstica de nuestras luces intermitentes cuentan con una confiabilidad de estado s\u00f3lido y soportes personalizados para el veh\u00edculo exclusivo de uso oficial&comma; aplicaciones para veh\u00edculo Ford interceptor Policiaco&comma; Utilitario&comma; Sedan&comma; Chevy Tahoe y Dodge Charger. Los patrones de destello son seleccionables en todos los modelos con la excepci\u00f3n del Chevy Impala y Tahoe.<\/p>\n<p style='margin: 0 0 15px 0; color: inherit;'>Otras caracter\u00edsticas incluyen: Plug-n-Play capacidad&comma; protecci\u00f3n de bajo voltaje&comma; protecci\u00f3n de polaridad inversa&comma; desactivaci\u00f3n de luces altas y corte nocturno. El FHL2-SC proporciona una confiabilidad y un valor insuperables en un paquete impulsado por rel\u00e9.<\/p>\n<p style='margin: 0 0 15px 0; color: inherit;'>El FHL2-SC es una soluci\u00f3n econ\u00f3mico para aquellas aplicaciones que no utilizan veh\u00edculos de paquete de polic\u00eda.<\/p>\n<p style='margin: 0 0 15px 0; color: inherit;'>La luz intermitente de Federal Signal es universal para la mayor\u00eda de las aplicaciones.<\/p>\n<p style='margin: 0 0 15px 0; color: inherit;'>El FHL-TAIL puede integrarse en veh\u00edculos que no tengan luces intermitentes integradas.<\/p>\n<\/p><\/div>\n<p> <!-- Secci\u00f3n de caracter\u00edsticas --> <\/p>\n<div style='display: flex; flex-wrap: wrap; gap: 30px; margin-bottom: 30px;'>\n<div style='flex: 1 1 300px; min-width: 280px;'>\n<h3 style='font-size: 22px; border-bottom: 2px solid currentColor; padding-bottom: 5px; margin-top: 0; color: inherit; opacity: 0.8;'>Caracter\u00edsticas<\/h3>\n<ul style='padding-left: 20px; font-size: 15px; color: inherit;'>\n<li style='margin-bottom: 5px;'>M\u00faltiples opciones de patr\u00f3n de flash son seleccionables en la instalaci\u00f3n.<\/li>\n<li style='margin-bottom: 5px;'>Las versiones plug-n-play permiten una instalaci\u00f3n r\u00e1pida sin interrumpir el sistema el\u00e9ctrico del veh\u00edculo.<\/li>\n<li style='margin-bottom: 5px;'>Las luces intermitentes cuentan con desactivaci\u00f3n de luz alta y baja protecci\u00f3n contra tensi\u00f3n \/ polaridad inversa.<\/li>\n<li style='margin-bottom: 5px;'>Los soportes de montaje personalizados simplifican instalaci\u00f3n en veh\u00edculos policiales especializados.<\/li>\n<li style='margin-bottom: 5px;'>Garant\u00eda de tres a\u00f1os.<\/li>\n<li style='margin-bottom: 5px;'>Viene con 8 patrones intermitentes.<\/li>\n<li style='margin-bottom: 5px;'>Acepta 2 cargas de 6 amperios.<\/li>\n<\/ul><\/div>\n<\/p><\/div>\n<p> <!-- Separador --> <\/p>\n<hr style='border: 0; border-top: 1px solid rgba(150&comma; 150&comma; 150&comma; 0.3); margin: 30px 0;'> <\/div>\n","protected":false},"excerpt":{"rendered":"<p>M\u00f3dulo de inteligente de destello para luces hal\u00f3genas como m\u00f3dulos LEDs<\/p>\n","protected":false},"featured_media":53048,"comment_status":"open","ping_status":"closed","template":"","meta":[],"product_brand":[],"product_cat":[1355],"product_tag":[1357,1356,1360],"class_list":{"0":"post-53049","1":"product","2":"type-product","3":"status-publish","4":"has-post-thumbnail","6":"product_cat-accesorios-refacciones","7":"product_tag-accesorios-refacciones","8":"product_tag-barras-de-luz-torretas-vehiculares","9":"product_tag-federal-signal","11":"first","12":"outofstock","13":"sale","14":"shipping-taxable","15":"purchasable","16":"product-type-simple"},"_links":{"self":[{"href":"https:\/\/soydeaqui.ddns.net\/pachuca\/index.php\/wp-json\/wp\/v2\/product\/53049","targetHints":{"allow":["GET"]}}],"collection":[{"href":"https:\/\/soydeaqui.ddns.net\/pachuca\/index.php\/wp-json\/wp\/v2\/product"}],"about":[{"href":"https:\/\/soydeaqui.ddns.net\/pachuca\/index.php\/wp-json\/wp\/v2\/types\/product"}],"replies":[{"embeddable":true,"href":"https:\/\/soydeaqui.ddns.net\/pachuca\/index.php\/wp-json\/wp\/v2\/comments?post=53049"}],"wp:featuredmedia":[{"embeddable":true,"href":"https:\/\/soydeaqui.ddns.net\/pachuca\/index.php\/wp-json\/wp\/v2\/media\/53048"}],"wp:attachment":[{"href":"https:\/\/soydeaqui.ddns.net\/pachuca\/index.php\/wp-json\/wp\/v2\/media?parent=53049"}],"wp:term":[{"taxonomy":"product_brand","embeddable":true,"href":"https:\/\/soydeaqui.ddns.net\/pachuca\/index.php\/wp-json\/wp\/v2\/product_brand?post=53049"},{"taxonomy":"product_cat","embeddable":true,"href":"https:\/\/soydeaqui.ddns.net\/pachuca\/index.php\/wp-json\/wp\/v2\/product_cat?post=53049"},{"taxonomy":"product_tag","embeddable":true,"href":"https:\/\/soydeaqui.ddns.net\/pachuca\/index.php\/wp-json\/wp\/v2\/product_tag?post=53049"}],"curies":[{"name":"wp","href":"https:\/\/api.w.org\/{rel}","templated":true}]}}