{"id":53031,"date":"2026-03-18T23:54:23","date_gmt":"2026-03-18T23:54:23","guid":{"rendered":"https:\/\/soydeaqui.ddns.net\/pachuca\/index.php\/producto\/eficiente-rastreador-vehicular-3g-con-antennas-internas-y-multiples-opciones-avanzadas\/"},"modified":"2026-03-18T23:54:30","modified_gmt":"2026-03-18T23:54:30","slug":"eficiente-rastreador-vehicular-3g-con-antennas-internas-y-multiples-opciones-avanzadas","status":"publish","type":"product","link":"https:\/\/soydeaqui.ddns.net\/pachuca\/index.php\/producto\/eficiente-rastreador-vehicular-3g-con-antennas-internas-y-multiples-opciones-avanzadas\/","title":{"rendered":"Eficiente rastreador vehicular 3G con antennas internas y multiples opciones avanzadas"},"content":{"rendered":"<div style='width: 100%; max-width: 1200px; margin: 0 auto; font-family: sans-serif; line-height: 1.6; color: inherit; background-color: transparent;'>\n<div style='display: flex; flex-wrap: wrap; gap: 30px; margin-bottom: 30px;'>\n<div style='flex: 1 1 300px; min-width: 280px;'>\n<h3 style='font-size: 22px; border-bottom: 2px solid currentColor; padding-bottom: 5px; margin-top: 0; color: inherit; opacity: 0.8;'>Descripci\u00f3n<\/h3>\n<p style='font-size: 15px; color: inherit; text-align: justify;'>El FM3612 es un terminal con conectividad GPS\/GLONASS y GSM\/3G con bater\u00eda de respaldo&comma; capaz de recopilar coordenadas de dispositivos y otros datos \u00fatiles&comma; y transmitirlos a trav\u00e9s de la red GSM\/3G. Este dispositivo es ideal para aplicaciones que requieren la localizaci\u00f3n de objetos remotos. Cabe destacar que el FM3612 cuenta con entradas y salidas adicionales que permiten controlar y monitorizar otros dispositivos en dichos objetos. Asimismo&comma; dispone de un puerto USB para la salida del registro de estado del dispositivo y su configuraci\u00f3n<\/p>\n<\/p><\/div>\n<\/p><\/div>\n<div style='display: flex; flex-wrap: wrap; gap: 20px; margin-bottom: 30px;'>\n<div style='flex: 1 1 250px; border: 1px solid rgba(150&comma; 150&comma; 150&comma; 0.4); border-radius: 8px; overflow: hidden; display: flex; flex-direction: column;'>\n<div style='padding: 15px; border-bottom: 1px solid rgba(150&comma; 150&comma; 150&comma; 0.2); font-weight: bold; font-size: 18px; color: inherit;'>Caracter\u00edsticas b\u00e1sicas<\/div>\n<div style='padding: 15px; color: inherit;'>\n<ul style='padding-left: 20px; margin: 0; font-size: 14px; list-style-type: disc;'>\n<li style='margin-bottom: 5px;'><strong>Funcionalidades GSM \/ GPRS \/ 3G:<\/strong><\/li>\n<li style='margin-bottom: 5px;'>M\u00f3dulo UMTS\/HSPA+&comma; GSM\/GPRS\/EDGE<\/li>\n<li style='margin-bottom: 5px;'>UC20-G Bandas UMTS\/HSPA+ 800\/850\/900\/1900\/2100 MHz<\/li>\n<li style='margin-bottom: 5px;'>UC20-G Bandas GSM\/GPRS\/EDGE 850\/900\/1800\/1900 MHz<\/li>\n<li style='margin-bottom: 5px;'>Velocidad HSUPA de hasta 5&comma;76 Mbps&comma; velocidades HSDPA de hasta 14&comma;4 Mbps<\/li>\n<li style='margin-bottom: 5px;'>Enlace ascendente\/descendente UMTS de hasta 384 kbps<\/li>\n<li style='margin-bottom: 5px;'>Enlace ascendente\/descendente EDGE de hasta 236&comma;8 kbps<\/li>\n<li style='margin-bottom: 5px;'>GPRS y EDGE clase 12<\/li>\n<li style='margin-bottom: 5px;'>SMS (texto&comma; datos)<\/li>\n<\/ul><\/div>\n<\/p><\/div>\n<div style='flex: 1 1 250px; border: 1px solid rgba(150&comma; 150&comma; 150&comma; 0.4); border-radius: 8px; overflow: hidden; display: flex; flex-direction: column;'>\n<div style='padding: 15px; border-bottom: 1px solid rgba(150&comma; 150&comma; 150&comma; 0.2); font-weight: bold; font-size: 18px; color: inherit;'>Caracter\u00edsticas del hardware<\/div>\n<div style='padding: 15px; color: inherit;'>\n<ul style='padding-left: 20px; margin: 0; font-size: 14px; list-style-type: disc;'>\n<li style='margin-bottom: 5px;'>Procesador Cortex\u00ae-M3<\/li>\n<li style='margin-bottom: 5px;'>Memoria Flash interna de 8 Mbit<\/li>\n<li style='margin-bottom: 5px;'>Sensor de aceler\u00f3metro incorporado<\/li>\n<\/ul><\/div>\n<\/p><\/div>\n<div style='flex: 1 1 250px; border: 1px solid rgba(150&comma; 150&comma; 150&comma; 0.4); border-radius: 8px; overflow: hidden; display: flex; flex-direction: column;'>\n<div style='padding: 15px; border-bottom: 1px solid rgba(150&comma; 150&comma; 150&comma; 0.2); font-weight: bold; font-size: 18px; color: inherit;'>Caracter\u00edsticas de la interfaz<\/div>\n<div style='padding: 15px; color: inherit;'>\n<ul style='padding-left: 20px; margin: 0; font-size: 14px; list-style-type: disc;'>\n<li style='margin-bottom: 5px;'>Fuente de alimentaci\u00f3n: 10 \u00f7 30V<\/li>\n<li style='margin-bottom: 5px;'>2 entradas digitales<\/li>\n<li style='margin-bottom: 5px;'>2 entradas anal\u00f3gicas\/digitales<\/li>\n<li style='margin-bottom: 5px;'>Salida digital de colector abierto 2<\/li>\n<li style='margin-bottom: 5px;'>1 interfaz de cable<\/li>\n<li style='margin-bottom: 5px;'>Sensor de temperatura<\/li>\n<li style='margin-bottom: 5px;'>iButton<\/li>\n<li style='margin-bottom: 5px;'>Bater\u00eda de respaldo interna<\/li>\n<li style='margin-bottom: 5px;'>2 LED de estado<\/li>\n<li style='margin-bottom: 5px;'>Puerto USB interno<\/li>\n<li style='margin-bottom: 5px;'>Antena interna GSM\/GPRS\/3G<\/li>\n<li style='margin-bottom: 5px;'>Antena GNSS interna<\/li>\n<li style='margin-bottom: 5px;'>Interfaz para LVCAN<\/li>\n<\/ul><\/div>\n<\/p><\/div>\n<div style='flex: 1 1 250px; border: 1px solid rgba(150&comma; 150&comma; 150&comma; 0.4); border-radius: 8px; overflow: hidden; display: flex; flex-direction: column;'>\n<div style='padding: 15px; border-bottom: 1px solid rgba(150&comma; 150&comma; 150&comma; 0.2); font-weight: bold; font-size: 18px; color: inherit;'>Caracter\u00edsticas GNSS<\/div>\n<div style='padding: 15px; color: inherit;'>\n<ul style='padding-left: 20px; margin: 0; font-size: 14px; list-style-type: disc;'>\n<li style='margin-bottom: 5px;'>Receptor GNSS de 33 canales<\/li>\n<li style='margin-bottom: 5px;'>Sensibilidad de -165 dBm<\/li>\n<li style='margin-bottom: 5px;'>Arranque en caliente <1s<\/li>\n<li style='margin-bottom: 5px;'>Arranque en caliente < 25 s<\/li>\n<li style='margin-bottom: 5px;'>Arranque en fr\u00edo < 35 s<\/li>\n<li style='margin-bottom: 5px;'>Protocolo NMEA-183<\/li>\n<li style='margin-bottom: 5px;'>GPS&comma; GLONASS&comma; GALILEO&comma; BEIDOU&comma; SBAS&comma; QZSS&comma; DGPS<\/li>\n<li style='margin-bottom: 5px;'>Precisi\u00f3n < 3 m<\/li>\n<\/ul><\/div>\n<\/p><\/div>\n<div style='flex: 1 1 250px; border: 1px solid rgba(150&comma; 150&comma; 150&comma; 0.4); border-radius: 8px; overflow: hidden; display: flex; flex-direction: column;'>\n<div style='padding: 15px; border-bottom: 1px solid rgba(150&comma; 150&comma; 150&comma; 0.2); font-weight: bold; font-size: 18px; color: inherit;'>Caracter\u00edsticas especiales<\/div>\n<div style='padding: 15px; color: inherit;'>\n<ul style='padding-left: 20px; margin: 0; font-size: 14px; list-style-type: disc;'>\n<li style='margin-bottom: 5px;'>Se activa cualquier evento relacionado con un elemento (sensor externo&comma; entrada&comma; velocidad&comma; temperatura&comma; etc.)<\/li>\n<li style='margin-bottom: 5px;'>Adquisici\u00f3n y env\u00edo de datos altamente configurables<\/li>\n<li style='margin-bottom: 5px;'>M\u00faltiples \u00e1reas de geocercas<\/li>\n<li style='margin-bottom: 5px;'>Modo de suspensi\u00f3n<\/li>\n<li style='margin-bottom: 5px;'>Modo de sue\u00f1o profundo<\/li>\n<li style='margin-bottom: 5px;'>Escenarios configurables disponibles<\/li>\n<li style='margin-bottom: 5px;'>Monitoreo de procesos en tiempo real<\/li>\n<li style='margin-bottom: 5px;'>Lista de n\u00fameros autorizados para acceso remoto<\/li>\n<li style='margin-bottom: 5px;'>Actualizaci\u00f3n de firmware a trav\u00e9s de GPRS o puerto USB<\/li>\n<li style='margin-bottom: 5px;'>Actualizaci\u00f3n de configuraci\u00f3n a trav\u00e9s de GPRS&comma; SMS o puerto USB<\/li>\n<li style='margin-bottom: 5px;'>Compatibilidad con los protocolos TCP\/IP o UDP\/IP<\/li>\n<li style='margin-bottom: 5px;'>Almacenamiento de hasta 3854 registros<\/li>\n<li style='margin-bottom: 5px;'>Detecci\u00f3n de interferencias de radiofrecuencia<\/li>\n<li style='margin-bottom: 5px;'>Exportaci\u00f3n de registros mediante USB<\/li>\n<li style='margin-bottom: 5px;'>Modo de funcionamiento sin conexi\u00f3n<\/li>\n<\/ul><\/div>\n<\/p><\/div>\n<\/p><\/div>\n<div style='display: flex; flex-wrap: wrap; gap: 30px; margin-bottom: 30px;'>\n<div style='flex: 1 1 300px; min-width: 280px;'>\n<h3 style='font-size: 22px; border-bottom: 2px solid currentColor; padding-bottom: 5px; margin-top: 0; color: inherit; opacity: 0.8;'>Accesorios no incluidos<\/h3>\n<ul style='padding-left: 20px; font-size: 15px; color: inherit; list-style-type: disc;'>\n<li style='margin-bottom: 5px;'>Cable de programaci\u00f3n (60146)<\/li>\n<li style='margin-bottom: 5px;'>Relevador para paro de motor (12vrelay)<\/li>\n<li style='margin-bottom: 5px;'>Bot\u00f3n de p\u00e1nico (GPSSOS)<\/li>\n<\/ul><\/div>\n<div style='flex: 1 1 300px; min-width: 280px;'>\n<h3 style='font-size: 22px; border-bottom: 2px solid currentColor; padding-bottom: 5px; margin-top: 0; color: inherit; opacity: 0.8;'>Requisitos para funcionamiento<\/h3>\n<ul style='padding-left: 20px; font-size: 15px; color: inherit; list-style-type: disc;'>\n<li style='margin-bottom: 5px;'>Plataforma EPCOMGPSCODE o EPCOMGPS<\/li>\n<li style='margin-bottom: 5px;'>SIM500MB2Y&comma; SIM600MB1Y&comma; MICROSIM30M2M y MICSIM25GPS<\/li>\n<\/ul><\/div>\n<\/p><\/div>\n<hr style='border: 0; border-top: 1px solid rgba(150&comma; 150&comma; 150&comma; 0.3); margin: 30px 0;'> <\/div>\n","protected":false},"excerpt":{"rendered":"<p>Eficiente rastreador vehicular 3G con antennas internas y multiples opciones avanzadas<\/p>\n","protected":false},"featured_media":53030,"comment_status":"open","ping_status":"closed","template":"","meta":[],"product_brand":[],"product_cat":[1346,1388],"product_tag":[1350,1349,1430,1389],"class_list":{"0":"post-53031","1":"product","2":"type-product","3":"status-publish","4":"has-post-thumbnail","6":"product_cat-iot","7":"product_cat-trackers-gps","8":"product_tag-gps-y-telematica","9":"product_tag-iot","10":"product_tag-teltonika","11":"product_tag-trackers-gps","13":"first","14":"instock","15":"sale","16":"shipping-taxable","17":"purchasable","18":"product-type-simple"},"_links":{"self":[{"href":"https:\/\/soydeaqui.ddns.net\/pachuca\/index.php\/wp-json\/wp\/v2\/product\/53031","targetHints":{"allow":["GET"]}}],"collection":[{"href":"https:\/\/soydeaqui.ddns.net\/pachuca\/index.php\/wp-json\/wp\/v2\/product"}],"about":[{"href":"https:\/\/soydeaqui.ddns.net\/pachuca\/index.php\/wp-json\/wp\/v2\/types\/product"}],"replies":[{"embeddable":true,"href":"https:\/\/soydeaqui.ddns.net\/pachuca\/index.php\/wp-json\/wp\/v2\/comments?post=53031"}],"wp:featuredmedia":[{"embeddable":true,"href":"https:\/\/soydeaqui.ddns.net\/pachuca\/index.php\/wp-json\/wp\/v2\/media\/53030"}],"wp:attachment":[{"href":"https:\/\/soydeaqui.ddns.net\/pachuca\/index.php\/wp-json\/wp\/v2\/media?parent=53031"}],"wp:term":[{"taxonomy":"product_brand","embeddable":true,"href":"https:\/\/soydeaqui.ddns.net\/pachuca\/index.php\/wp-json\/wp\/v2\/product_brand?post=53031"},{"taxonomy":"product_cat","embeddable":true,"href":"https:\/\/soydeaqui.ddns.net\/pachuca\/index.php\/wp-json\/wp\/v2\/product_cat?post=53031"},{"taxonomy":"product_tag","embeddable":true,"href":"https:\/\/soydeaqui.ddns.net\/pachuca\/index.php\/wp-json\/wp\/v2\/product_tag?post=53031"}],"curies":[{"name":"wp","href":"https:\/\/api.w.org\/{rel}","templated":true}]}}